{"id":8264,"date":"2025-03-20T19:41:56","date_gmt":"2025-03-20T17:41:56","guid":{"rendered":"https:\/\/keluvo.com\/se\/product\/puffiga-markorer\/"},"modified":"2025-03-21T15:47:09","modified_gmt":"2025-03-21T13:47:09","slug":"puffiga-markorpennor","status":"publish","type":"product","link":"https:\/\/keluvo.com\/se\/product\/puffiga-markorpennor\/","title":{"rendered":"Puffiga mark\u00f6rpennor"},"content":{"rendered":"<h2 style=\"text-align: center;\"><strong>Ge liv \u00e5t din 3D-konst<\/strong><\/h2>\n<p style=\"text-align: center;\">Upplev magin i 3D-konst med v\u00e5ra Magiska puffiga mark\u00f6rpennor! Bara rita, l\u00e5t f\u00e4rgen torka och v\u00e4rm med h\u00e5rtork eller i en mikrov\u00e5gsugn i ungef\u00e4r en minut. Se sedan hur ditt konstverk magiskt puffar upp och ger dina skapelser en unik taktil k\u00e4nsla. \u200b<\/p>\n<p data-start=\"88\" data-end=\"283\"><img decoding=\"async\" class=\"alignnone size-medium wp-image-12707 aligncenter\" src=\"https:\/\/keluvo.com\/template\/wp-content\/uploads\/sites\/5\/2025\/03\/puffypensgif-ezgif.com-gif-to-webp-converter.webp\" alt=\"\" \/><\/p>\n<h2 style=\"text-align: center;\"><strong>Livfulla neonf\u00e4rger f\u00f6r i\u00f6gonfallande design<\/strong><\/h2>\n<p style=\"text-align: center;\">V\u00e5r upps\u00e4ttning inneh\u00e5ller sex livfulla neonf\u00e4rger, perfekt f\u00f6r att f\u00e5 din konst att sticka ut. Med de tunna spetsarna kan du forma fina linjer och invecklade detaljer \u2013 och skapa allt fr\u00e5n dj\u00e4rva affischer till fina gratulationskort.<\/p>\n<p data-start=\"335\" data-end=\"492\"><img decoding=\"async\" class=\"alignnone size-medium wp-image-12699 aligncenter\" src=\"https:\/\/keluvo.com\/template\/wp-content\/uploads\/sites\/5\/2025\/03\/main-image-1.jpeg\" alt=\"\" \/><\/p>\n<h2 style=\"text-align: center;\"><strong>S\u00e4kra, giftfria och l\u00e4tta att tv\u00e4tta bort<\/strong><\/h2>\n<p style=\"text-align: center;\">Dessa mark\u00f6rpennor \u00e4r framtagna med s\u00e4kerhet i \u00e5tanke, \u00e4r giftfria och l\u00e4mpliga f\u00f6r konstn\u00e4rer fr\u00e5n 3 \u00e5r och upp\u00e5t. Oavsiktliga m\u00e4rken p\u00e5 hud, v\u00e4ggar eller kl\u00e4der? Inga problem! F\u00e4rgen g\u00e5r enkelt att tv\u00e4tta bort med vatten \u2013 l\u00e4tt som en pl\u00e4tt.<\/p>\n<h2 style=\"text-align: center;\"><strong>M\u00e5ngsidiga redskap f\u00f6r olika projekt<\/strong><\/h2>\n<p style=\"text-align: center;\" data-start=\"821\" data-end=\"986\">Oavsett om du skapar klippb\u00f6cker, personliga affischer eller DIY-kort \u00e4r dessa mark\u00f6rpennor perfekta. De kan anv\u00e4ndas p\u00e5 en m\u00e4ngd olika ytor, s\u00e5som papper, metall, keramik, tr\u00e4, gummi, glas, plast och sten \u2013 med andra ord ett m\u00e5ngsidigt tillskott till dina konstn\u00e4rsmaterial.<\/p>\n<p data-start=\"821\" data-end=\"986\"><img decoding=\"async\" class=\"size-medium wp-image-12700 aligncenter\" src=\"https:\/\/keluvo.com\/template\/wp-content\/uploads\/sites\/5\/2025\/03\/image-2-4.jpeg\" alt=\"\" \/><\/p>\n<h2 style=\"text-align: center;\"><strong>F\u00f6rpackningen inneh\u00e5ller:<\/strong><\/h2>\n<ul data-start=\"1011\" data-end=\"1098\">\n<li style=\"text-align: center;\" data-start=\"1011\" data-end=\"1098\">6 Magiska puffiga mark\u00f6rpennor i olika neonf\u00e4rger<\/li>\n<\/ul>\n<p><img decoding=\"async\" class=\"size-medium wp-image-12701 aligncenter\" src=\"https:\/\/keluvo.com\/template\/wp-content\/uploads\/sites\/5\/2025\/03\/main-image-7.jpeg\" alt=\"\" \/><\/p>\n","protected":false},"excerpt":{"rendered":"<p>Ge liv \u00e5t din 3D-konst Upplev magin i 3D-konst med v\u00e5ra Magiska puffiga mark\u00f6rpennor! Bara rita, l\u00e5t f\u00e4rgen torka och [&hellip;]<\/p>\n","protected":false},"featured_media":8260,"comment_status":"open","ping_status":"closed","template":"","meta":{"site-sidebar-layout":"default","site-content-layout":"","ast-site-content-layout":"default","site-content-style":"default","site-sidebar-style":"default","ast-global-header-display":"","ast-banner-title-visibility":"","ast-main-header-display":"","ast-hfb-above-header-display":"","ast-hfb-below-header-display":"","ast-hfb-mobile-header-display":"","site-post-title":"","ast-breadcrumbs-content":"","ast-featured-img":"","footer-sml-layout":"","theme-transparent-header-meta":"default","adv-header-id-meta":"","stick-header-meta":"","header-above-stick-meta":"","header-main-stick-meta":"","header-below-stick-meta":"","astra-migrate-meta-layouts":"set","ast-page-background-enabled":"default","ast-page-background-meta":{"desktop":{"background-color":"var(--ast-global-color-4)","background-image":"","background-repeat":"repeat","background-position":"center center","background-size":"auto","background-attachment":"scroll","background-type":"","background-media":"","overlay-type":"","overlay-color":"","overlay-opacity":"","overlay-gradient":""},"tablet":{"background-color":"","background-image":"","background-repeat":"repeat","background-position":"center center","background-size":"auto","background-attachment":"scroll","background-type":"","background-media":"","overlay-type":"","overlay-color":"","overlay-opacity":"","overlay-gradient":""},"mobile":{"background-color":"","background-image":"","background-repeat":"repeat","background-position":"center center","background-size":"auto","background-attachment":"scroll","background-type":"","background-media":"","overlay-type":"","overlay-color":"","overlay-opacity":"","overlay-gradient":""}},"ast-content-background-meta":{"desktop":{"background-color":"var(--ast-global-color-5)","background-image":"","background-repeat":"repeat","background-position":"center center","background-size":"auto","background-attachment":"scroll","background-type":"","background-media":"","overlay-type":"","overlay-color":"","overlay-opacity":"","overlay-gradient":""},"tablet":{"background-color":"var(--ast-global-color-5)","background-image":"","background-repeat":"repeat","background-position":"center center","background-size":"auto","background-attachment":"scroll","background-type":"","background-media":"","overlay-type":"","overlay-color":"","overlay-opacity":"","overlay-gradient":""},"mobile":{"background-color":"var(--ast-global-color-5)","background-image":"","background-repeat":"repeat","background-position":"center center","background-size":"auto","background-attachment":"scroll","background-type":"","background-media":"","overlay-type":"","overlay-color":"","overlay-opacity":"","overlay-gradient":""}}},"product_brand":[],"product_cat":[990],"product_tag":[],"class_list":{"0":"post-8264","1":"product","2":"type-product","3":"status-publish","4":"has-post-thumbnail","6":"product_cat-toys-childrens-and-baby-products","7":"desktop-align-left","8":"tablet-align-left","9":"mobile-align-left","11":"first","12":"instock","13":"shipping-taxable","14":"purchasable","15":"product-type-simple"},"_links":{"self":[{"href":"https:\/\/keluvo.com\/se\/wp-json\/wp\/v2\/product\/8264","targetHints":{"allow":["GET"]}}],"collection":[{"href":"https:\/\/keluvo.com\/se\/wp-json\/wp\/v2\/product"}],"about":[{"href":"https:\/\/keluvo.com\/se\/wp-json\/wp\/v2\/types\/product"}],"replies":[{"embeddable":true,"href":"https:\/\/keluvo.com\/se\/wp-json\/wp\/v2\/comments?post=8264"}],"wp:featuredmedia":[{"embeddable":true,"href":"https:\/\/keluvo.com\/se\/wp-json\/wp\/v2\/media\/8260"}],"wp:attachment":[{"href":"https:\/\/keluvo.com\/se\/wp-json\/wp\/v2\/media?parent=8264"}],"wp:term":[{"taxonomy":"product_brand","embeddable":true,"href":"https:\/\/keluvo.com\/se\/wp-json\/wp\/v2\/product_brand?post=8264"},{"taxonomy":"product_cat","embeddable":true,"href":"https:\/\/keluvo.com\/se\/wp-json\/wp\/v2\/product_cat?post=8264"},{"taxonomy":"product_tag","embeddable":true,"href":"https:\/\/keluvo.com\/se\/wp-json\/wp\/v2\/product_tag?post=8264"}],"curies":[{"name":"wp","href":"https:\/\/api.w.org\/{rel}","templated":true}]}}