{"id":8206,"date":"2025-03-17T18:29:28","date_gmt":"2025-03-17T16:29:28","guid":{"rendered":"https:\/\/keluvo.com\/se\/product\/klippmaskin-for-djurvard-2\/"},"modified":"2025-03-19T11:05:12","modified_gmt":"2025-03-19T09:05:12","slug":"klippmaskin-for-djurvard-2","status":"publish","type":"product","link":"https:\/\/keluvo.com\/se\/product\/klippmaskin-for-djurvard-2\/","title":{"rendered":"Klippmaskin f\u00f6r djurv\u00e5rd"},"content":{"rendered":"<h2 data-start=\"68\" data-end=\"113\"><\/h2>\n<h2 style=\"text-align: center;\" data-start=\"68\" data-end=\"113\">L\u00e4tt att anv\u00e4nda, ingen erfarenhet kr\u00e4vs<\/h2>\n<p style=\"text-align: center;\" data-start=\"115\" data-end=\"234\">V\u00e5r husdjurstrimmer har en robust motor som k\u00f6rs p\u00e5 8 200 varv\/minut, vilket garanterar snabba och smidiga trimningar. Den glider enkelt genom tjock och l\u00e5ng p\u00e4ls utan att dra eller rycka, s\u00e5 att trimningen blir snabb och bekv\u00e4m f\u00f6r din p\u00e4lskling.<\/p>\n<p style=\"text-align: center;\" data-start=\"115\" data-end=\"234\"><img decoding=\"async\" class=\"alignnone size-medium wp-image-12501\" src=\"https:\/\/keluvo.com\/template\/wp-content\/uploads\/sites\/5\/2025\/03\/finaltrimmergif-ezgif.com-video-to-gif-converter.gif\" alt=\"\" \/>\u200b<\/p>\n<h2 style=\"text-align: center;\" data-start=\"236\" data-end=\"279\">Skarpa och s\u00e4kra blad f\u00f6r skonsam trimming<\/h2>\n<p style=\"text-align: center;\" data-start=\"281\" data-end=\"400\">Med ett uppgraderat fast blad i rostfritt st\u00e5l kombinerat med ett keramiskt r\u00f6rligt blad erbjuder trimmern utm\u00e4rkt klipprestanda som h\u00e5ller sig skarp under l\u00e5ng tid. Det titanbelagda fasta bladet \u00e4r skonsamt mot djurets hud, vilket minskar risken f\u00f6r irritation och g\u00f6r trimningen s\u00e4ker.<\/p>\n<p style=\"text-align: center;\" data-start=\"281\" data-end=\"400\"><img decoding=\"async\" class=\"alignnone size-medium wp-image-12500\" src=\"https:\/\/keluvo.com\/template\/wp-content\/uploads\/sites\/5\/2025\/03\/dog-grooming-trimmer-10.webp\" alt=\"\" \/>\u200b<\/p>\n<h2 style=\"text-align: center;\" data-start=\"402\" data-end=\"451\">Uppladdningsbart batteri och inga sladdar<\/h2>\n<p style=\"text-align: center;\" data-start=\"453\" data-end=\"610\">V\u00e5r trimmer \u00e4r utformad f\u00f6r maximal flexibilitet och har ett inbyggt uppladdningsbart batteri. Njut av friheten med tr\u00e5dl\u00f6s trimning \u2013 eller anv\u00e4nd den medan den laddas, utan att oroa dig f\u00f6r att den ska stanna mitt under trimningen. En full laddning ger 60\u201390 minuters kontinuerlig anv\u00e4ndning, vilket r\u00e4cker \u00e4ven f\u00f6r de mest noggranna sk\u00f6tselrutinerna.<\/p>\n<p style=\"text-align: center;\" data-start=\"453\" data-end=\"610\"><img decoding=\"async\" class=\"alignnone size-medium wp-image-12502\" src=\"https:\/\/keluvo.com\/template\/wp-content\/uploads\/sites\/5\/2025\/03\/dog-grooming-trimmer-0.webp\" alt=\"\" \/>\u200b<\/p>\n<h2 style=\"text-align: center;\" data-start=\"612\" data-end=\"666\">Tyst motor som inte skr\u00e4mmer ditt husdjur<\/h2>\n<p style=\"text-align: center;\" data-start=\"668\" data-end=\"793\">Med l\u00e5g vibrationsniv\u00e5 och ultratyst design ligger ljudniv\u00e5n p\u00e5 endast cirka 50 dB. Det hj\u00e4lper ditt husdjur att k\u00e4nna sig lugnt och avslappnat under trimningen \u2013 vilket minskar stress och g\u00f6r hela upplevelsen trevligare f\u00f6r er b\u00e5da.\u200b<\/p>\n<h2 style=\"text-align: center;\" data-start=\"795\" data-end=\"846\">Anpassningsbar och M\u00e5ngsidig<\/h2>\n<p style=\"text-align: center;\" data-start=\"848\" data-end=\"973\">Trimmern levereras med sex kammar (3 mm, 6 mm, 9 mm, 12 mm, 15 mm, 18 mm) och en justerbar klippkam, s\u00e5 att du enkelt kan trimma p\u00e4lsh\u00e5ren till \u00f6nskad l\u00e4ngd. De avtagbara kammarna g\u00f6r det smidigt att byta l\u00e4ngd och ger \u00f6kad m\u00e5ngsidighet \u2013 f\u00f6r en perfekt klippning varje g\u00e5ng.\u200b<\/p>\n<h2 style=\"text-align: center;\">Komplett groomingkit f\u00f6r alla dina behov<\/h2>\n<p><img decoding=\"async\" class=\"alignnone size-medium wp-image-12262\" src=\"https:\/\/keluvo.com\/template\/wp-content\/uploads\/sites\/5\/2025\/03\/S5630dfaba9a243a6b64d472aaf41dce7w.jpeg\" alt=\"\" \/><\/p>\n<p style=\"text-align: left;\"><strong>Our package includes:\u200b<\/strong><\/p>\n<ul>\n<li style=\"text-align: left;\">1 x laddningsbart batteri<\/li>\n<li style=\"text-align: left;\">1 x reng\u00f6ringsborste f\u00f6r klippmaskin<\/li>\n<li style=\"text-align: left;\">4 x m\u00e5ngfunktionella klipphuvuden<\/li>\n<li style=\"text-align: left;\">1 x bruksanvisning<\/li>\n<li style=\"text-align: left;\">1 x klippmaskin<\/li>\n<\/ul>\n<p data-start=\"1640\" data-end=\"1659\"><strong data-start=\"1640\" data-end=\"1659\">Specifications:<\/strong><\/p>\n<ul data-start=\"1661\" data-end=\"2371\">\n<li data-start=\"1661\" data-end=\"1748\">\n<p data-start=\"1663\" data-end=\"1748\"><span class=\"relative -mx-px my-[-0.2rem] rounded px-px py-[0.2rem]\">Driftsp\u00e4nning (motor): 3V<\/span>\u200b<\/p>\n<\/li>\n<li data-start=\"1750\" data-end=\"1837\">\n<p data-start=\"1752\" data-end=\"1837\"><span class=\"relative -mx-px my-[-0.2rem] rounded px-px py-[0.2rem]\">Ing\u00e5ende: 100V-240V 50\/60Hz<\/span>\u200b<\/p>\n<\/li>\n<li data-start=\"1839\" data-end=\"1926\">\n<p data-start=\"1841\" data-end=\"1926\"><span class=\"relative -mx-px my-[-0.2rem] rounded px-px py-[0.2rem]\">Utg\u00e5ende: AC 3V 1000mA<\/span>\u200b<\/p>\n<\/li>\n<li data-start=\"1928\" data-end=\"2015\">\n<p data-start=\"1930\" data-end=\"2015\"><span class=\"relative -mx-px my-[-0.2rem] rounded px-px py-[0.2rem]\">Laddningstid: 4-6 timmar<\/span>\u200b<\/p>\n<\/li>\n<li data-start=\"2017\" data-end=\"2104\">\n<p data-start=\"2019\" data-end=\"2104\"><span class=\"relative -mx-px my-[-0.2rem] rounded px-px py-[0.2rem]\">Anv\u00e4ndningstid: 60-90 minuter<\/span>\u200b<\/p>\n<\/li>\n<li data-start=\"2106\" data-end=\"2193\">\n<p data-start=\"2108\" data-end=\"2193\"><span class=\"relative -mx-px my-[-0.2rem] rounded px-px py-[0.2rem]\">L\u00e4mplig f\u00f6r: Alla husdjur<\/span>\u200b<\/p>\n<\/li>\n<li data-start=\"2195\" data-end=\"2282\">\n<p data-start=\"2197\" data-end=\"2282\"><span class=\"relative -mx-px my-[-0.2rem] rounded px-px py-[0.2rem]\">M\u00e5tt: 17,3 x 4,6 x 4,5 cm<\/span>\u200b<\/p>\n<\/li>\n<\/ul>\n","protected":false},"excerpt":{"rendered":"<p>L\u00e4tt att anv\u00e4nda, ingen erfarenhet kr\u00e4vs V\u00e5r husdjurstrimmer har en robust motor som k\u00f6rs p\u00e5 8 200 varv\/minut, vilket garanterar [&hellip;]<\/p>\n","protected":false},"featured_media":8202,"comment_status":"open","ping_status":"closed","template":"","meta":{"site-sidebar-layout":"default","site-content-layout":"","ast-site-content-layout":"default","site-content-style":"default","site-sidebar-style":"default","ast-global-header-display":"","ast-banner-title-visibility":"","ast-main-header-display":"","ast-hfb-above-header-display":"","ast-hfb-below-header-display":"","ast-hfb-mobile-header-display":"","site-post-title":"","ast-breadcrumbs-content":"","ast-featured-img":"","footer-sml-layout":"","theme-transparent-header-meta":"default","adv-header-id-meta":"","stick-header-meta":"","header-above-stick-meta":"","header-main-stick-meta":"","header-below-stick-meta":"","astra-migrate-meta-layouts":"set","ast-page-background-enabled":"default","ast-page-background-meta":{"desktop":{"background-color":"var(--ast-global-color-4)","background-image":"","background-repeat":"repeat","background-position":"center center","background-size":"auto","background-attachment":"scroll","background-type":"","background-media":"","overlay-type":"","overlay-color":"","overlay-opacity":"","overlay-gradient":""},"tablet":{"background-color":"","background-image":"","background-repeat":"repeat","background-position":"center center","background-size":"auto","background-attachment":"scroll","background-type":"","background-media":"","overlay-type":"","overlay-color":"","overlay-opacity":"","overlay-gradient":""},"mobile":{"background-color":"","background-image":"","background-repeat":"repeat","background-position":"center center","background-size":"auto","background-attachment":"scroll","background-type":"","background-media":"","overlay-type":"","overlay-color":"","overlay-opacity":"","overlay-gradient":""}},"ast-content-background-meta":{"desktop":{"background-color":"var(--ast-global-color-5)","background-image":"","background-repeat":"repeat","background-position":"center center","background-size":"auto","background-attachment":"scroll","background-type":"","background-media":"","overlay-type":"","overlay-color":"","overlay-opacity":"","overlay-gradient":""},"tablet":{"background-color":"var(--ast-global-color-5)","background-image":"","background-repeat":"repeat","background-position":"center center","background-size":"auto","background-attachment":"scroll","background-type":"","background-media":"","overlay-type":"","overlay-color":"","overlay-opacity":"","overlay-gradient":""},"mobile":{"background-color":"var(--ast-global-color-5)","background-image":"","background-repeat":"repeat","background-position":"center center","background-size":"auto","background-attachment":"scroll","background-type":"","background-media":"","overlay-type":"","overlay-color":"","overlay-opacity":"","overlay-gradient":""}}},"product_brand":[],"product_cat":[997],"product_tag":[],"class_list":{"0":"post-8206","1":"product","2":"type-product","3":"status-publish","4":"has-post-thumbnail","6":"product_cat-pets-products","7":"desktop-align-left","8":"tablet-align-left","9":"mobile-align-left","11":"first","12":"instock","13":"shipping-taxable","14":"purchasable","15":"product-type-simple"},"_links":{"self":[{"href":"https:\/\/keluvo.com\/se\/wp-json\/wp\/v2\/product\/8206","targetHints":{"allow":["GET"]}}],"collection":[{"href":"https:\/\/keluvo.com\/se\/wp-json\/wp\/v2\/product"}],"about":[{"href":"https:\/\/keluvo.com\/se\/wp-json\/wp\/v2\/types\/product"}],"replies":[{"embeddable":true,"href":"https:\/\/keluvo.com\/se\/wp-json\/wp\/v2\/comments?post=8206"}],"wp:featuredmedia":[{"embeddable":true,"href":"https:\/\/keluvo.com\/se\/wp-json\/wp\/v2\/media\/8202"}],"wp:attachment":[{"href":"https:\/\/keluvo.com\/se\/wp-json\/wp\/v2\/media?parent=8206"}],"wp:term":[{"taxonomy":"product_brand","embeddable":true,"href":"https:\/\/keluvo.com\/se\/wp-json\/wp\/v2\/product_brand?post=8206"},{"taxonomy":"product_cat","embeddable":true,"href":"https:\/\/keluvo.com\/se\/wp-json\/wp\/v2\/product_cat?post=8206"},{"taxonomy":"product_tag","embeddable":true,"href":"https:\/\/keluvo.com\/se\/wp-json\/wp\/v2\/product_tag?post=8206"}],"curies":[{"name":"wp","href":"https:\/\/api.w.org\/{rel}","templated":true}]}}