{"id":8156,"date":"2025-03-15T14:39:03","date_gmt":"2025-03-15T12:39:03","guid":{"rendered":"https:\/\/keluvo.com\/se\/product\/tystbark\/"},"modified":"2025-03-16T11:10:21","modified_gmt":"2025-03-16T09:10:21","slug":"silentbark","status":"publish","type":"product","link":"https:\/\/keluvo.com\/se\/product\/silentbark\/","title":{"rendered":"SilentBark\u2122"},"content":{"rendered":"<h2 style=\"text-align: center;\">Det nya s\u00e4ttet att h\u00e5lla koll p\u00e5 hundens sk\u00e4llande<\/h2>\n<p style=\"text-align: center;\">SilentBark\u2122 \u00e4r en liten apparat som \u00e4r gjord f\u00f6r att din hund ska sk\u00e4lla mindre. Den \u00e4r skonsam och s\u00e4ker f\u00f6r din fyrfota v\u00e4n. Hunden beh\u00f6ver inte b\u00e4ra den, vilket \u00e4r bekv\u00e4mt f\u00f6r den. N\u00e4r din hund sk\u00e4ller f\u00f6r mycket avger enheten ett s\u00e4rskilt ljud som f\u00e5r hunden att sk\u00e4lla mindre.<\/p>\n<p style=\"text-align: center;\"><img decoding=\"async\" class=\"alignnone size-medium wp-image-12330\" src=\"https:\/\/keluvo.com\/template\/wp-content\/uploads\/sites\/5\/2024\/11\/ezgif-42ab5212e48801.webp\" alt=\"\" \/><\/p>\n<h2 style=\"text-align: center;\">Bra f\u00f6r din hunds h\u00e4lsa<\/h2>\n<p style=\"text-align: center;\">V\u00e5r SilentBark\u2122 stoppar \u00f6verdrivet sk\u00e4llande utan att skada eller stressa din hund. Till skillnad fr\u00e5n chockhalsband som kan vara obehagliga och sm\u00e4rtsamma beh\u00f6ver hunden inte vidr\u00f6ras n\u00e4r du anv\u00e4nder ultraljudsenheter mot sk\u00e4llande. Det h\u00f6gfrekventa ljudet \u00e4r framtaget f\u00f6r att stoppa sk\u00e4llandet och f\u00e5 hunden att sk\u00e4lla mindre.<\/p>\n<p><img decoding=\"async\" class=\"size-medium wp-image-12331 aligncenter\" src=\"https:\/\/keluvo.com\/template\/wp-content\/uploads\/sites\/5\/2024\/11\/image_2025-03-15_115432291.png\" alt=\"\" \/><\/p>\n<h2 style=\"text-align: center;\">Hur det fungerar<\/h2>\n<p style=\"text-align: center;\"><strong>Uppfattar sk\u00e4llandet<\/strong>: N\u00e4r din hund sk\u00e4ller i n\u00e4rheten h\u00f6r SilentBark\u2122 skallet.<br \/>\n<strong>Avger ett hundvisselljud<\/strong>: Den avger d\u00e5 ett ljud som bara hundar kan h\u00f6ra, s\u00e5 att hunden f\u00f6rknippar sk\u00e4llandet med ljudet.<br \/>\n<strong>Hunden l\u00e4r sig<\/strong>: Din hund l\u00e4r sig att ljudet h\u00f6rs om den sk\u00e4ller f\u00f6r mycket, vilket leder till att den sk\u00e4ller mindre.<br \/>\n<strong>Sl\u00e5s p\u00e5 och av<\/strong>: SilentBark\u2122 \u00e4r bara ig\u00e5ng n\u00e4r din hund sk\u00e4ller. Den st\u00f6r allts\u00e5 inte n\u00e5gon n\u00e4r det inte beh\u00f6vs.<br \/>\n<strong>B\u00e4rbar<\/strong>: SilentBark\u2122 \u00e4r liten och l\u00e4tt att b\u00e4ra med sig \u00f6verallt.<\/p>\n<p><img decoding=\"async\" class=\"size-medium wp-image-12340 aligncenter\" src=\"https:\/\/keluvo.com\/template\/wp-content\/uploads\/sites\/5\/2024\/11\/Seb7656ae98d643378ecd3ea98061a11az-1.png\" alt=\"\" \/><\/p>\n","protected":false},"excerpt":{"rendered":"<p>Det nya s\u00e4ttet att h\u00e5lla koll p\u00e5 hundens sk\u00e4llande SilentBark\u2122 \u00e4r en liten apparat som \u00e4r gjord f\u00f6r att din [&hellip;]<\/p>\n","protected":false},"featured_media":8152,"comment_status":"open","ping_status":"closed","template":"","meta":{"site-sidebar-layout":"default","site-content-layout":"","ast-site-content-layout":"default","site-content-style":"default","site-sidebar-style":"default","ast-global-header-display":"","ast-banner-title-visibility":"","ast-main-header-display":"","ast-hfb-above-header-display":"","ast-hfb-below-header-display":"","ast-hfb-mobile-header-display":"","site-post-title":"","ast-breadcrumbs-content":"","ast-featured-img":"","footer-sml-layout":"","theme-transparent-header-meta":"default","adv-header-id-meta":"","stick-header-meta":"","header-above-stick-meta":"","header-main-stick-meta":"","header-below-stick-meta":"","astra-migrate-meta-layouts":"set","ast-page-background-enabled":"default","ast-page-background-meta":{"desktop":{"background-color":"var(--ast-global-color-4)","background-image":"","background-repeat":"repeat","background-position":"center center","background-size":"auto","background-attachment":"scroll","background-type":"","background-media":"","overlay-type":"","overlay-color":"","overlay-opacity":"","overlay-gradient":""},"tablet":{"background-color":"","background-image":"","background-repeat":"repeat","background-position":"center center","background-size":"auto","background-attachment":"scroll","background-type":"","background-media":"","overlay-type":"","overlay-color":"","overlay-opacity":"","overlay-gradient":""},"mobile":{"background-color":"","background-image":"","background-repeat":"repeat","background-position":"center center","background-size":"auto","background-attachment":"scroll","background-type":"","background-media":"","overlay-type":"","overlay-color":"","overlay-opacity":"","overlay-gradient":""}},"ast-content-background-meta":{"desktop":{"background-color":"var(--ast-global-color-5)","background-image":"","background-repeat":"repeat","background-position":"center center","background-size":"auto","background-attachment":"scroll","background-type":"","background-media":"","overlay-type":"","overlay-color":"","overlay-opacity":"","overlay-gradient":""},"tablet":{"background-color":"var(--ast-global-color-5)","background-image":"","background-repeat":"repeat","background-position":"center center","background-size":"auto","background-attachment":"scroll","background-type":"","background-media":"","overlay-type":"","overlay-color":"","overlay-opacity":"","overlay-gradient":""},"mobile":{"background-color":"var(--ast-global-color-5)","background-image":"","background-repeat":"repeat","background-position":"center center","background-size":"auto","background-attachment":"scroll","background-type":"","background-media":"","overlay-type":"","overlay-color":"","overlay-opacity":"","overlay-gradient":""}}},"product_brand":[],"product_cat":[997],"product_tag":[],"class_list":{"0":"post-8156","1":"product","2":"type-product","3":"status-publish","4":"has-post-thumbnail","6":"product_cat-pets-products","7":"desktop-align-left","8":"tablet-align-left","9":"mobile-align-left","11":"first","12":"instock","13":"shipping-taxable","14":"purchasable","15":"product-type-simple"},"_links":{"self":[{"href":"https:\/\/keluvo.com\/se\/wp-json\/wp\/v2\/product\/8156","targetHints":{"allow":["GET"]}}],"collection":[{"href":"https:\/\/keluvo.com\/se\/wp-json\/wp\/v2\/product"}],"about":[{"href":"https:\/\/keluvo.com\/se\/wp-json\/wp\/v2\/types\/product"}],"replies":[{"embeddable":true,"href":"https:\/\/keluvo.com\/se\/wp-json\/wp\/v2\/comments?post=8156"}],"wp:featuredmedia":[{"embeddable":true,"href":"https:\/\/keluvo.com\/se\/wp-json\/wp\/v2\/media\/8152"}],"wp:attachment":[{"href":"https:\/\/keluvo.com\/se\/wp-json\/wp\/v2\/media?parent=8156"}],"wp:term":[{"taxonomy":"product_brand","embeddable":true,"href":"https:\/\/keluvo.com\/se\/wp-json\/wp\/v2\/product_brand?post=8156"},{"taxonomy":"product_cat","embeddable":true,"href":"https:\/\/keluvo.com\/se\/wp-json\/wp\/v2\/product_cat?post=8156"},{"taxonomy":"product_tag","embeddable":true,"href":"https:\/\/keluvo.com\/se\/wp-json\/wp\/v2\/product_tag?post=8156"}],"curies":[{"name":"wp","href":"https:\/\/api.w.org\/{rel}","templated":true}]}}