{"id":8140,"date":"2025-03-15T13:56:10","date_gmt":"2025-03-15T11:56:10","guid":{"rendered":"https:\/\/keluvo.com\/se\/product\/racetrace-leksak\/"},"modified":"2025-03-16T11:13:53","modified_gmt":"2025-03-16T09:13:53","slug":"racetrace-leksak","status":"publish","type":"product","link":"https:\/\/keluvo.com\/se\/product\/racetrace-leksak\/","title":{"rendered":"RaceTrace\u2122 leksak"},"content":{"rendered":"<h2 style=\"text-align: center;\">V\u00e4ck intresset f\u00f6r vetenskap, teknik och konst med Racetrace\u2122<\/h2>\n<p style=\"text-align: center;\">V\u00e5r pedagogiskt utformade leksak kombinerar sp\u00e4nningen i lek med grunderna i STEM \u2013 vetenskap, teknik, ingenj\u00f6rskonst och matematik \u2013 p\u00e5 ett roligt och engagerande s\u00e4tt.<\/p>\n<p><img decoding=\"async\" class=\"size-medium wp-image-12325 aligncenter\" src=\"https:\/\/keluvo.com\/template\/wp-content\/uploads\/sites\/5\/2024\/11\/DM_20231104205121_008_480x480.webp\" alt=\"\" \/><\/p>\n<h2><\/h2>\n<h2 style=\"text-align: center;\">F\u00f6ljer linjer som genom magi<\/h2>\n<p style=\"text-align: center;\">RaceTrace\u2122 \u00e4r utrustad med en smart optisk sensor som k\u00e4nner av svarta linjer p\u00e5 vitt papper. Rita en linje och se hur leksaken f\u00f6ljer den som genom magi! En unik funktion som \u00f6ppnar upp f\u00f6r kreativ och fantasifull lek i det o\u00e4ndliga.<\/p>\n<p><img fetchpriority=\"high\" decoding=\"async\" width=\"900\" height=\"900\" class=\"alignnone size-medium wp-image-3364 aligncenter\" src=\"https:\/\/keluvo.com\/template\/wp-content\/uploads\/sites\/5\/2024\/11\/28066577-cb6b-4880-862f-167d9019fad8.png\" alt=\"\" srcset=\"https:\/\/keluvo.com\/se\/wp-content\/uploads\/sites\/12\/2024\/11\/28066577-cb6b-4880-862f-167d9019fad8.png 900w, https:\/\/keluvo.com\/se\/wp-content\/uploads\/sites\/12\/2024\/11\/28066577-cb6b-4880-862f-167d9019fad8-300x300.png 300w, https:\/\/keluvo.com\/se\/wp-content\/uploads\/sites\/12\/2024\/11\/28066577-cb6b-4880-862f-167d9019fad8-150x150.png 150w, https:\/\/keluvo.com\/se\/wp-content\/uploads\/sites\/12\/2024\/11\/28066577-cb6b-4880-862f-167d9019fad8-768x768.png 768w, https:\/\/keluvo.com\/se\/wp-content\/uploads\/sites\/12\/2024\/11\/28066577-cb6b-4880-862f-167d9019fad8-600x600.png 600w, https:\/\/keluvo.com\/se\/wp-content\/uploads\/sites\/12\/2024\/11\/28066577-cb6b-4880-862f-167d9019fad8-100x100.png 100w, https:\/\/keluvo.com\/se\/wp-content\/uploads\/sites\/12\/2024\/11\/28066577-cb6b-4880-862f-167d9019fad8-50x50.png 50w\" sizes=\"(max-width: 900px) 100vw, 900px\" \/><\/p>\n<h2><\/h2>\n<h2 style=\"text-align: center;\">Frig\u00f6r ditt barns potential<\/h2>\n<p style=\"text-align: center;\">N\u00e4r barnen utformar sina egna banor har de inte bara roligt \u2013 de tr\u00e4nar \u00e4ven finmotoriken samtidigt som logiskt t\u00e4nkande, rumsuppfattning och planeringsf\u00f6rm\u00e5ga utvecklas p\u00e5 ett naturligt s\u00e4tt genom leken.<\/p>\n<p><img decoding=\"async\" width=\"1010\" height=\"1010\" class=\"alignnone size-medium wp-image-3359 aligncenter\" src=\"https:\/\/keluvo.com\/template\/wp-content\/uploads\/sites\/5\/2024\/11\/Hf60673fbd42e46aab5e313379ae500e6D.jpg\" alt=\"\" srcset=\"https:\/\/keluvo.com\/se\/wp-content\/uploads\/sites\/12\/2024\/11\/Hf60673fbd42e46aab5e313379ae500e6D.jpg 1010w, https:\/\/keluvo.com\/se\/wp-content\/uploads\/sites\/12\/2024\/11\/Hf60673fbd42e46aab5e313379ae500e6D-300x300.jpg 300w, https:\/\/keluvo.com\/se\/wp-content\/uploads\/sites\/12\/2024\/11\/Hf60673fbd42e46aab5e313379ae500e6D-150x150.jpg 150w, https:\/\/keluvo.com\/se\/wp-content\/uploads\/sites\/12\/2024\/11\/Hf60673fbd42e46aab5e313379ae500e6D-768x768.jpg 768w, https:\/\/keluvo.com\/se\/wp-content\/uploads\/sites\/12\/2024\/11\/Hf60673fbd42e46aab5e313379ae500e6D-600x600.jpg 600w, https:\/\/keluvo.com\/se\/wp-content\/uploads\/sites\/12\/2024\/11\/Hf60673fbd42e46aab5e313379ae500e6D-100x100.jpg 100w, https:\/\/keluvo.com\/se\/wp-content\/uploads\/sites\/12\/2024\/11\/Hf60673fbd42e46aab5e313379ae500e6D-50x50.jpg 50w\" sizes=\"(max-width: 1010px) 100vw, 1010px\" \/><\/p>\n<h2><\/h2>\n<h2 style=\"text-align: center;\">Men det som verkligen utm\u00e4rker Racetrace\u2122 \u00e4r\u2026<\/h2>\n<p style=\"text-align: center;\">RaceTrace\u2122 ger liv \u00e5t barnets teckningar och f\u00f6rvandlar lek till l\u00e4rande. Perfekt f\u00f6r barn fr\u00e5n 4 \u00e5r och upp\u00e5t, men \u00e4ven yngre barn kan ha gl\u00e4dje av den. Den drivs av 4 LR44-knappbatterier (medf\u00f6ljer) som r\u00e4cker i flera veckor. F\u00f6rpackningen inneh\u00e5ller 1 robot, 1 penna, 1 pappersark och 1 manual.<\/p>\n<p><img decoding=\"async\" class=\"size-medium wp-image-12326 aligncenter\" src=\"https:\/\/keluvo.com\/template\/wp-content\/uploads\/sites\/5\/2024\/11\/Screen_Shot_2024-11-30_at_1.46.49_PM.webp\" alt=\"\" \/><\/p>\n","protected":false},"excerpt":{"rendered":"<p>V\u00e4ck intresset f\u00f6r vetenskap, teknik och konst med Racetrace\u2122 V\u00e5r pedagogiskt utformade leksak kombinerar sp\u00e4nningen i lek med grunderna i [&hellip;]<\/p>\n","protected":false},"featured_media":8136,"comment_status":"open","ping_status":"closed","template":"","meta":{"site-sidebar-layout":"default","site-content-layout":"","ast-site-content-layout":"default","site-content-style":"default","site-sidebar-style":"default","ast-global-header-display":"","ast-banner-title-visibility":"","ast-main-header-display":"","ast-hfb-above-header-display":"","ast-hfb-below-header-display":"","ast-hfb-mobile-header-display":"","site-post-title":"","ast-breadcrumbs-content":"","ast-featured-img":"","footer-sml-layout":"","theme-transparent-header-meta":"default","adv-header-id-meta":"","stick-header-meta":"","header-above-stick-meta":"","header-main-stick-meta":"","header-below-stick-meta":"","astra-migrate-meta-layouts":"set","ast-page-background-enabled":"default","ast-page-background-meta":{"desktop":{"background-color":"var(--ast-global-color-4)","background-image":"","background-repeat":"repeat","background-position":"center center","background-size":"auto","background-attachment":"scroll","background-type":"","background-media":"","overlay-type":"","overlay-color":"","overlay-opacity":"","overlay-gradient":""},"tablet":{"background-color":"","background-image":"","background-repeat":"repeat","background-position":"center center","background-size":"auto","background-attachment":"scroll","background-type":"","background-media":"","overlay-type":"","overlay-color":"","overlay-opacity":"","overlay-gradient":""},"mobile":{"background-color":"","background-image":"","background-repeat":"repeat","background-position":"center center","background-size":"auto","background-attachment":"scroll","background-type":"","background-media":"","overlay-type":"","overlay-color":"","overlay-opacity":"","overlay-gradient":""}},"ast-content-background-meta":{"desktop":{"background-color":"var(--ast-global-color-5)","background-image":"","background-repeat":"repeat","background-position":"center center","background-size":"auto","background-attachment":"scroll","background-type":"","background-media":"","overlay-type":"","overlay-color":"","overlay-opacity":"","overlay-gradient":""},"tablet":{"background-color":"var(--ast-global-color-5)","background-image":"","background-repeat":"repeat","background-position":"center center","background-size":"auto","background-attachment":"scroll","background-type":"","background-media":"","overlay-type":"","overlay-color":"","overlay-opacity":"","overlay-gradient":""},"mobile":{"background-color":"var(--ast-global-color-5)","background-image":"","background-repeat":"repeat","background-position":"center center","background-size":"auto","background-attachment":"scroll","background-type":"","background-media":"","overlay-type":"","overlay-color":"","overlay-opacity":"","overlay-gradient":""}}},"product_brand":[],"product_cat":[990],"product_tag":[],"class_list":{"0":"post-8140","1":"product","2":"type-product","3":"status-publish","4":"has-post-thumbnail","6":"product_cat-toys-childrens-and-baby-products","7":"pa_9h2yqepu-bil","8":"pa_9h2yqepu-lastbil","9":"pa_9h2yqepu-robot","10":"pa_9h2yqepu-tag","11":"pa_9h2yqepu-tank","12":"desktop-align-left","13":"tablet-align-left","14":"mobile-align-left","16":"first","17":"instock","18":"shipping-taxable","19":"purchasable","20":"product-type-variable"},"_links":{"self":[{"href":"https:\/\/keluvo.com\/se\/wp-json\/wp\/v2\/product\/8140","targetHints":{"allow":["GET"]}}],"collection":[{"href":"https:\/\/keluvo.com\/se\/wp-json\/wp\/v2\/product"}],"about":[{"href":"https:\/\/keluvo.com\/se\/wp-json\/wp\/v2\/types\/product"}],"replies":[{"embeddable":true,"href":"https:\/\/keluvo.com\/se\/wp-json\/wp\/v2\/comments?post=8140"}],"wp:featuredmedia":[{"embeddable":true,"href":"https:\/\/keluvo.com\/se\/wp-json\/wp\/v2\/media\/8136"}],"wp:attachment":[{"href":"https:\/\/keluvo.com\/se\/wp-json\/wp\/v2\/media?parent=8140"}],"wp:term":[{"taxonomy":"product_brand","embeddable":true,"href":"https:\/\/keluvo.com\/se\/wp-json\/wp\/v2\/product_brand?post=8140"},{"taxonomy":"product_cat","embeddable":true,"href":"https:\/\/keluvo.com\/se\/wp-json\/wp\/v2\/product_cat?post=8140"},{"taxonomy":"product_tag","embeddable":true,"href":"https:\/\/keluvo.com\/se\/wp-json\/wp\/v2\/product_tag?post=8140"}],"curies":[{"name":"wp","href":"https:\/\/api.w.org\/{rel}","templated":true}]}}