{"id":8125,"date":"2025-03-15T13:55:03","date_gmt":"2025-03-15T11:55:03","guid":{"rendered":"https:\/\/keluvo.com\/se\/product\/nageltrimmer-for-barn-2\/"},"modified":"2025-03-16T11:18:14","modified_gmt":"2025-03-16T09:18:14","slug":"nageltrimmer-for-barn-2","status":"publish","type":"product","link":"https:\/\/keluvo.com\/se\/product\/nageltrimmer-for-barn-2\/","title":{"rendered":"Nageltrimmer f\u00f6r barn"},"content":{"rendered":"<h2 style=\"text-align: center;\"><strong>Praktisk Och Ergonomisk<\/strong><\/h2>\n<p style=\"text-align: center;\"><strong>Nageltrimmers f\u00f6r barn<\/strong> \u00e4r speciellt utformade f\u00f6r att klippa ditt barns naglar p\u00e5 ett s\u00e4kert och bekv\u00e4mt s\u00e4tt.<\/p>\n<p style=\"text-align: center;\">Med sin<strong>\u00a0kompakta storlek<\/strong>\u00a0och ergonomiska utformning \u00e4r den enkel att anv\u00e4nda \u2013 \u00e4ven f\u00f6r f\u00f6r\u00e4ldrar p\u00e5 spr\u00e5ng.<\/p>\n<p style=\"text-align: center;\">Tack vare den<strong>\u00a0l\u00e4tta konstruktionen<\/strong>\u00a0kan den tas med \u00f6verallt och anv\u00e4ndas b\u00e5de hemma och p\u00e5 utflykten.<\/p>\n<p style=\"text-align: center;\">Varje detalj har utformats f\u00f6r att g\u00f6ra nagelklippningen enklare, vilket minskar stressen f\u00f6r b\u00e5de dig och ditt barn.<\/p>\n<p><img decoding=\"async\" class=\"alignnone size-medium wp-image-4084 aligncenter\" src=\"https:\/\/keluvo.com\/template\/wp-content\/uploads\/sites\/5\/2024\/11\/Sb1b7b685e2a1434db32659c04657b4e8N.jpg\" alt=\"\" \/><\/p>\n<h2><\/h2>\n<h2 style=\"text-align: center;\">Helt s\u00e4ker och mycket bekv\u00e4m<\/h2>\n<p style=\"text-align: center;\">Nageltrimmern f\u00f6r barn \u00e4r tillverkad av h\u00f6gkvalitativa material och \u00e4r h\u00e5llbar och l\u00e4tt att reng\u00f6ra.<br \/>\nDen kompakta utformningen g\u00f6r den enkel att f\u00f6rvara och ta med sig.<br \/>\nDen har ett skyddsh\u00f6lje s\u00e5 att den alltid \u00e4r ren och klar att anv\u00e4ndas.<br \/>\nTack vare halkskyddet f\u00e5r du b\u00e4ttre kontroll n\u00e4r du klipper barnets naglar, och resultatet blir alltid rent och snyggt.<\/p>\n<h2 style=\"text-align: center;\"><img decoding=\"async\" class=\"alignnone size-medium wp-image-4082 aligncenter\" src=\"https:\/\/keluvo.com\/template\/wp-content\/uploads\/sites\/5\/2024\/11\/S6bd073f9520a4380a2ffea5050f09ba14.jpg\" alt=\"\" \/><br \/>\nTyst med bekv\u00e4m passform<\/h2>\n<p style=\"text-align: center;\">Barnnagelklipparen arbetar tyst s\u00e5 att du kan klippa barnets naglar medan det sover.<br \/>\nDen \u00e4r f\u00f6rsedd med antivibration som ser till att klippningen blir j\u00e4mn utan att st\u00f6ra ditt barn.<br \/>\nL\u00e4tt att hantera s\u00e5 att nagelklippningen g\u00e5r snabbt och enkelt och upplevs roligt av b\u00e5de barn och f\u00f6r\u00e4ldrar.<br \/>\nKlipparen ger en snygg manikyr och \u00e4r helt s\u00e4ker, vilket g\u00f6r den perfekt f\u00f6r daglig anv\u00e4ndning.<\/p>\n<p><img decoding=\"async\" class=\"size-medium wp-image-12328 aligncenter\" src=\"https:\/\/keluvo.com\/template\/wp-content\/uploads\/sites\/5\/2024\/11\/10-3-600x600-1.png\" alt=\"\" \/><\/p>\n","protected":false},"excerpt":{"rendered":"<p>Praktisk Och Ergonomisk Nageltrimmers f\u00f6r barn \u00e4r speciellt utformade f\u00f6r att klippa ditt barns naglar p\u00e5 ett s\u00e4kert och bekv\u00e4mt [&hellip;]<\/p>\n","protected":false},"featured_media":8121,"comment_status":"open","ping_status":"closed","template":"","meta":{"site-sidebar-layout":"default","site-content-layout":"","ast-site-content-layout":"default","site-content-style":"default","site-sidebar-style":"default","ast-global-header-display":"","ast-banner-title-visibility":"","ast-main-header-display":"","ast-hfb-above-header-display":"","ast-hfb-below-header-display":"","ast-hfb-mobile-header-display":"","site-post-title":"","ast-breadcrumbs-content":"","ast-featured-img":"","footer-sml-layout":"","theme-transparent-header-meta":"default","adv-header-id-meta":"","stick-header-meta":"","header-above-stick-meta":"","header-main-stick-meta":"","header-below-stick-meta":"","astra-migrate-meta-layouts":"set","ast-page-background-enabled":"default","ast-page-background-meta":{"desktop":{"background-color":"var(--ast-global-color-4)","background-image":"","background-repeat":"repeat","background-position":"center center","background-size":"auto","background-attachment":"scroll","background-type":"","background-media":"","overlay-type":"","overlay-color":"","overlay-opacity":"","overlay-gradient":""},"tablet":{"background-color":"","background-image":"","background-repeat":"repeat","background-position":"center center","background-size":"auto","background-attachment":"scroll","background-type":"","background-media":"","overlay-type":"","overlay-color":"","overlay-opacity":"","overlay-gradient":""},"mobile":{"background-color":"","background-image":"","background-repeat":"repeat","background-position":"center center","background-size":"auto","background-attachment":"scroll","background-type":"","background-media":"","overlay-type":"","overlay-color":"","overlay-opacity":"","overlay-gradient":""}},"ast-content-background-meta":{"desktop":{"background-color":"var(--ast-global-color-5)","background-image":"","background-repeat":"repeat","background-position":"center center","background-size":"auto","background-attachment":"scroll","background-type":"","background-media":"","overlay-type":"","overlay-color":"","overlay-opacity":"","overlay-gradient":""},"tablet":{"background-color":"var(--ast-global-color-5)","background-image":"","background-repeat":"repeat","background-position":"center center","background-size":"auto","background-attachment":"scroll","background-type":"","background-media":"","overlay-type":"","overlay-color":"","overlay-opacity":"","overlay-gradient":""},"mobile":{"background-color":"var(--ast-global-color-5)","background-image":"","background-repeat":"repeat","background-position":"center center","background-size":"auto","background-attachment":"scroll","background-type":"","background-media":"","overlay-type":"","overlay-color":"","overlay-opacity":"","overlay-gradient":""}}},"product_brand":[],"product_cat":[990],"product_tag":[],"class_list":{"0":"post-8125","1":"product","2":"type-product","3":"status-publish","4":"has-post-thumbnail","6":"product_cat-toys-childrens-and-baby-products","7":"pa_pfrzixd4-bla","8":"pa_pfrzixd4-gul","9":"pa_pfrzixd4-orange","10":"pa_pfrzixd4-rosa","11":"pa_pfrzixd4-vit","12":"desktop-align-left","13":"tablet-align-left","14":"mobile-align-left","16":"first","17":"instock","18":"shipping-taxable","19":"purchasable","20":"product-type-variable"},"_links":{"self":[{"href":"https:\/\/keluvo.com\/se\/wp-json\/wp\/v2\/product\/8125","targetHints":{"allow":["GET"]}}],"collection":[{"href":"https:\/\/keluvo.com\/se\/wp-json\/wp\/v2\/product"}],"about":[{"href":"https:\/\/keluvo.com\/se\/wp-json\/wp\/v2\/types\/product"}],"replies":[{"embeddable":true,"href":"https:\/\/keluvo.com\/se\/wp-json\/wp\/v2\/comments?post=8125"}],"wp:featuredmedia":[{"embeddable":true,"href":"https:\/\/keluvo.com\/se\/wp-json\/wp\/v2\/media\/8121"}],"wp:attachment":[{"href":"https:\/\/keluvo.com\/se\/wp-json\/wp\/v2\/media?parent=8125"}],"wp:term":[{"taxonomy":"product_brand","embeddable":true,"href":"https:\/\/keluvo.com\/se\/wp-json\/wp\/v2\/product_brand?post=8125"},{"taxonomy":"product_cat","embeddable":true,"href":"https:\/\/keluvo.com\/se\/wp-json\/wp\/v2\/product_cat?post=8125"},{"taxonomy":"product_tag","embeddable":true,"href":"https:\/\/keluvo.com\/se\/wp-json\/wp\/v2\/product_tag?post=8125"}],"curies":[{"name":"wp","href":"https:\/\/api.w.org\/{rel}","templated":true}]}}