{"id":8103,"date":"2025-03-15T13:47:22","date_gmt":"2025-03-15T11:47:22","guid":{"rendered":"https:\/\/keluvo.com\/se\/product\/sjalvlasande-gangjarn-2\/"},"modified":"2025-06-20T10:16:19","modified_gmt":"2025-06-20T08:16:19","slug":"sjalvlasande-gangjarn-2","status":"publish","type":"product","link":"https:\/\/keluvo.com\/se\/product\/sjalvlasande-gangjarn-2\/","title":{"rendered":"Sj\u00e4lvl\u00e5sande g\u00e5ngj\u00e4rn"},"content":{"rendered":"<h2 style=\"text-align: center;\">S\u00e4ker sj\u00e4lvl\u00e5sande konstruktion<\/h2>\n<p style=\"text-align: center;\">F\u00f6r att \u00f6ka s\u00e4kerheten har dessa f\u00e4sten en fj\u00e4deraktiverad sj\u00e4lvst\u00e4ngande funktion som kan l\u00e5sas i \u00f6ppet l\u00e4ge. N\u00e4r det inte anv\u00e4nds klickar du bara p\u00e5 l\u00e5set och f\u00e4ller ner det f\u00f6r att spara utrymme.<\/p>\n<p><img decoding=\"async\" class=\"alignnone size-medium wp-image-4608 aligncenter\" src=\"https:\/\/keluvo.com\/template\/wp-content\/uploads\/sites\/5\/2024\/12\/0e0df975-a829-4e92-8507-d85b10809958.webp\" alt=\"\" \/><\/p>\n<h2><\/h2>\n<h2 style=\"text-align: center;\"><strong>Justerbara Och M\u00e5ngsidiga<\/strong><\/h2>\n<p style=\"text-align: center;\">Med ett rotationsintervall p\u00e5 90 grader kan de sj\u00e4lvl\u00e5sande g\u00e5ngj\u00e4rnen enkel justeras f\u00f6r olika m\u00f6beltyper. De \u00e4r perfekta f\u00f6r f\u00e4llbara bord och b\u00e4ddsoffor och f\u00f6r att f\u00f6rl\u00e4nga m\u00f6belben. Tack vare sin flexibilitet l\u00e4mpar de sig f\u00f6r anv\u00e4ndning b\u00e5de i hemmet och inom industrin.<\/p>\n<h2 style=\"text-align: center;\"><img decoding=\"async\" class=\"alignnone size-medium wp-image-4609 aligncenter\" src=\"https:\/\/keluvo.com\/template\/wp-content\/uploads\/sites\/5\/2024\/12\/1229ffa8-ef6b-499e-b00c-2df64d92a25b.webp\" alt=\"\" \/><br \/>\n<strong>Osynlig<\/strong><\/h2>\n<p style=\"text-align: center;\">G\u00e5ngj\u00e4rnet \u00e4r litet i storlek och \u00e4r syns i regel inte.<\/p>\n<h2 style=\"text-align: center;\"><img decoding=\"async\" class=\"size-medium wp-image-12333 aligncenter\" src=\"https:\/\/keluvo.com\/template\/wp-content\/uploads\/sites\/5\/2024\/12\/30-8_39780437-b318-493a-9660-e6f707f09e3b_480x480.webp\" alt=\"\" \/><br \/>\nRobust<\/h2>\n<p style=\"text-align: center;\">F\u00e4llbar, sj\u00e4lvl\u00e5sande och robust stomme.<\/p>\n<h2 style=\"text-align: center;\"><img decoding=\"async\" class=\"size-medium wp-image-12335 aligncenter\" src=\"https:\/\/keluvo.com\/template\/wp-content\/uploads\/sites\/5\/2024\/12\/7_2bf83b0d-f9f0-46f6-9e15-dab5ba2ed190_480x480.webp\" alt=\"\" \/><br \/>\nBred till\u00e4mpning<\/h2>\n<p style=\"text-align: center;\">Det f\u00e4llbara g\u00e5ngj\u00e4rnet \u00e4r perfekt f\u00f6r k\u00f6k, tv\u00e4ttstuga, detaljhandel, stormarknad, f\u00f6rvaring, industriellt underh\u00e5ll, kontor och f\u00f6rvaring i hemmet.<\/p>\n<p><img decoding=\"async\" class=\"size-medium wp-image-12336 aligncenter\" src=\"https:\/\/keluvo.com\/template\/wp-content\/uploads\/sites\/5\/2024\/12\/30-6_43724804-725c-463f-ba58-c1725c3bb34f_480x480.webp\" alt=\"\" \/><\/p>\n","protected":false},"excerpt":{"rendered":"<p>S\u00e4ker sj\u00e4lvl\u00e5sande konstruktion F\u00f6r att \u00f6ka s\u00e4kerheten har dessa f\u00e4sten en fj\u00e4deraktiverad sj\u00e4lvst\u00e4ngande funktion som kan l\u00e5sas i \u00f6ppet l\u00e4ge. [&hellip;]<\/p>\n","protected":false},"featured_media":8099,"comment_status":"open","ping_status":"closed","template":"","meta":{"site-sidebar-layout":"default","site-content-layout":"","ast-site-content-layout":"default","site-content-style":"default","site-sidebar-style":"default","ast-global-header-display":"","ast-banner-title-visibility":"","ast-main-header-display":"","ast-hfb-above-header-display":"","ast-hfb-below-header-display":"","ast-hfb-mobile-header-display":"","site-post-title":"","ast-breadcrumbs-content":"","ast-featured-img":"","footer-sml-layout":"","theme-transparent-header-meta":"default","adv-header-id-meta":"","stick-header-meta":"","header-above-stick-meta":"","header-main-stick-meta":"","header-below-stick-meta":"","astra-migrate-meta-layouts":"set","ast-page-background-enabled":"default","ast-page-background-meta":{"desktop":{"background-color":"var(--ast-global-color-4)","background-image":"","background-repeat":"repeat","background-position":"center center","background-size":"auto","background-attachment":"scroll","background-type":"","background-media":"","overlay-type":"","overlay-color":"","overlay-opacity":"","overlay-gradient":""},"tablet":{"background-color":"","background-image":"","background-repeat":"repeat","background-position":"center center","background-size":"auto","background-attachment":"scroll","background-type":"","background-media":"","overlay-type":"","overlay-color":"","overlay-opacity":"","overlay-gradient":""},"mobile":{"background-color":"","background-image":"","background-repeat":"repeat","background-position":"center center","background-size":"auto","background-attachment":"scroll","background-type":"","background-media":"","overlay-type":"","overlay-color":"","overlay-opacity":"","overlay-gradient":""}},"ast-content-background-meta":{"desktop":{"background-color":"var(--ast-global-color-5)","background-image":"","background-repeat":"repeat","background-position":"center center","background-size":"auto","background-attachment":"scroll","background-type":"","background-media":"","overlay-type":"","overlay-color":"","overlay-opacity":"","overlay-gradient":""},"tablet":{"background-color":"var(--ast-global-color-5)","background-image":"","background-repeat":"repeat","background-position":"center center","background-size":"auto","background-attachment":"scroll","background-type":"","background-media":"","overlay-type":"","overlay-color":"","overlay-opacity":"","overlay-gradient":""},"mobile":{"background-color":"var(--ast-global-color-5)","background-image":"","background-repeat":"repeat","background-position":"center center","background-size":"auto","background-attachment":"scroll","background-type":"","background-media":"","overlay-type":"","overlay-color":"","overlay-opacity":"","overlay-gradient":""}}},"product_brand":[],"product_cat":[1001],"product_tag":[],"class_list":{"0":"post-8103","1":"product","2":"type-product","3":"status-publish","4":"has-post-thumbnail","6":"product_cat-household-goods","7":"pa_iu795ygn-guld","8":"pa_iu795ygn-svart","9":"pa_iu795ygn-vit","10":"desktop-align-left","11":"tablet-align-left","12":"mobile-align-left","14":"first","15":"instock","16":"shipping-taxable","17":"purchasable","18":"product-type-variable"},"_links":{"self":[{"href":"https:\/\/keluvo.com\/se\/wp-json\/wp\/v2\/product\/8103","targetHints":{"allow":["GET"]}}],"collection":[{"href":"https:\/\/keluvo.com\/se\/wp-json\/wp\/v2\/product"}],"about":[{"href":"https:\/\/keluvo.com\/se\/wp-json\/wp\/v2\/types\/product"}],"replies":[{"embeddable":true,"href":"https:\/\/keluvo.com\/se\/wp-json\/wp\/v2\/comments?post=8103"}],"wp:featuredmedia":[{"embeddable":true,"href":"https:\/\/keluvo.com\/se\/wp-json\/wp\/v2\/media\/8099"}],"wp:attachment":[{"href":"https:\/\/keluvo.com\/se\/wp-json\/wp\/v2\/media?parent=8103"}],"wp:term":[{"taxonomy":"product_brand","embeddable":true,"href":"https:\/\/keluvo.com\/se\/wp-json\/wp\/v2\/product_brand?post=8103"},{"taxonomy":"product_cat","embeddable":true,"href":"https:\/\/keluvo.com\/se\/wp-json\/wp\/v2\/product_cat?post=8103"},{"taxonomy":"product_tag","embeddable":true,"href":"https:\/\/keluvo.com\/se\/wp-json\/wp\/v2\/product_tag?post=8103"}],"curies":[{"name":"wp","href":"https:\/\/api.w.org\/{rel}","templated":true}]}}