{"id":8060,"date":"2025-03-14T14:15:01","date_gmt":"2025-03-14T12:15:01","guid":{"rendered":"https:\/\/keluvo.com\/se\/product\/led-lampor\/"},"modified":"2025-03-14T17:49:48","modified_gmt":"2025-03-14T15:49:48","slug":"led-lampor","status":"publish","type":"product","link":"https:\/\/keluvo.com\/se\/product\/led-lampor\/","title":{"rendered":"LED-lampor"},"content":{"rendered":"<h2 style=\"text-align: center;\">Ljusare V\u00e4gar, S\u00e4krare K\u00f6rning<\/h2>\n<p style=\"text-align: center;\">L\u00e5t inte de svaga fabriksljusen begr\u00e4nsa din synlighet. Denna kraftfulla extra ljusk\u00e4gla lyser upp v\u00e4gen framf\u00f6r dig, minskar belastningen p\u00e5 \u00f6gonen och g\u00f6r m\u00f6rkerk\u00f6rning mindre stressande. Oavsett om du k\u00f6r p\u00e5 motorv\u00e4gar eller i ol\u00e4ndig terr\u00e4ng kan du k\u00f6ra tryggt med vetskapen om att du har extra ljus d\u00e4r du beh\u00f6ver det mest.<\/p>\n<p><img decoding=\"async\" class=\"size-medium wp-image-12304 aligncenter\" src=\"https:\/\/keluvo.com\/template\/wp-content\/uploads\/sites\/5\/2024\/12\/desc1_ledlights.webp\" alt=\"\" \/><\/p>\n<h2 style=\"text-align: center;\">Tv\u00e5 Belysningsl\u00e4gen F\u00f6r Alla Situationer<\/h2>\n<p style=\"text-align: center;\">Den h\u00e4r LED-lampupps\u00e4ttningen ger dig flexibiliteten att v\u00e4xla mellan tv\u00e5 l\u00e4gen:<\/p>\n<ul>\n<li style=\"text-align: center;\">Kraftfull vit mittstr\u00e5le f\u00f6r tydlig sikt p\u00e5 v\u00e4gen<\/li>\n<li style=\"text-align: center;\">Blinkande gula sidoljus f\u00f6r n\u00f6dsignalering.<\/li>\n<\/ul>\n<p style=\"text-align: center;\">Oavsett om du beh\u00f6ver extra ljusstyrka f\u00f6r v\u00e4gen framf\u00f6r dig eller en varningssignal f\u00f6r \u00f6kad s\u00e4kerhet kan du enkelt v\u00e4xla mellan l\u00e4gena f\u00f6r att matcha dina behov.<\/p>\n<p><img decoding=\"async\" class=\"size-medium wp-image-12305 aligncenter\" src=\"https:\/\/keluvo.com\/template\/wp-content\/uploads\/sites\/5\/2024\/12\/desc2_ledlights.webp\" alt=\"\" \/><\/p>\n<h2 style=\"text-align: center;\">Passar Alla Bilar \u2013 Installera Dem Var Som Helst<\/h2>\n<p style=\"text-align: center;\">Installera dessa LED-lampor exakt d\u00e4r du beh\u00f6ver dem! Installera dem enkelt p\u00e5 din frontgrill, takr\u00e4cke, ovanf\u00f6r speglarna eller n\u00e5gon annanstans som du kan t\u00e4nka dig. Anv\u00e4nd en eller flera LED-lampor f\u00f6r att matcha dina behov.<\/p>\n<p><img decoding=\"async\" class=\"size-medium wp-image-12306 aligncenter\" src=\"https:\/\/keluvo.com\/template\/wp-content\/uploads\/sites\/5\/2024\/12\/desc3_ledlights_alternavtive.webp\" alt=\"\" \/><\/p>\n<h2 style=\"text-align: center;\">Enkel Kabeldragning \u2013 Problemfri Installation<\/h2>\n<p style=\"text-align: center;\">Varje enhet levereras med ett enkelt treledarsystem:<\/p>\n<p style=\"text-align: center;\">Svart ledning \u2192 Ansluts till bilens jord<br \/>\nR\u00f6d ledning \u2192 Aktiverar det vita helljuset n\u00e4r det ansluts till 12 V positiv sp\u00e4nning<br \/>\nGul ledning \u2192 Aktiverar de blinkande gula sidoljusen n\u00e4r de ansluts till 12 V positiv sp\u00e4nning<\/p>\n<p style=\"text-align: center;\">Installationen \u00e4r snabb och enkel &#8211; perfekt f\u00f6r g\u00f6r-det-sj\u00e4lv-entusiaster. Montera bara, anslut kablarna och njut av en ljusare och s\u00e4krare k\u00f6rning!<\/p>\n<p><img decoding=\"async\" class=\"size-medium wp-image-12303 aligncenter\" src=\"https:\/\/keluvo.com\/template\/wp-content\/uploads\/sites\/5\/2024\/12\/desc4_ledlights.webp\" alt=\"\" \/><\/p>\n","protected":false},"excerpt":{"rendered":"<p>Ljusare V\u00e4gar, S\u00e4krare K\u00f6rning L\u00e5t inte de svaga fabriksljusen begr\u00e4nsa din synlighet. Denna kraftfulla extra ljusk\u00e4gla lyser upp v\u00e4gen framf\u00f6r [&hellip;]<\/p>\n","protected":false},"featured_media":8058,"comment_status":"open","ping_status":"closed","template":"","meta":{"site-sidebar-layout":"default","site-content-layout":"","ast-site-content-layout":"default","site-content-style":"default","site-sidebar-style":"default","ast-global-header-display":"","ast-banner-title-visibility":"","ast-main-header-display":"","ast-hfb-above-header-display":"","ast-hfb-below-header-display":"","ast-hfb-mobile-header-display":"","site-post-title":"","ast-breadcrumbs-content":"","ast-featured-img":"","footer-sml-layout":"","theme-transparent-header-meta":"default","adv-header-id-meta":"","stick-header-meta":"","header-above-stick-meta":"","header-main-stick-meta":"","header-below-stick-meta":"","astra-migrate-meta-layouts":"set","ast-page-background-enabled":"default","ast-page-background-meta":{"desktop":{"background-color":"var(--ast-global-color-4)","background-image":"","background-repeat":"repeat","background-position":"center center","background-size":"auto","background-attachment":"scroll","background-type":"","background-media":"","overlay-type":"","overlay-color":"","overlay-opacity":"","overlay-gradient":""},"tablet":{"background-color":"","background-image":"","background-repeat":"repeat","background-position":"center center","background-size":"auto","background-attachment":"scroll","background-type":"","background-media":"","overlay-type":"","overlay-color":"","overlay-opacity":"","overlay-gradient":""},"mobile":{"background-color":"","background-image":"","background-repeat":"repeat","background-position":"center center","background-size":"auto","background-attachment":"scroll","background-type":"","background-media":"","overlay-type":"","overlay-color":"","overlay-opacity":"","overlay-gradient":""}},"ast-content-background-meta":{"desktop":{"background-color":"var(--ast-global-color-5)","background-image":"","background-repeat":"repeat","background-position":"center center","background-size":"auto","background-attachment":"scroll","background-type":"","background-media":"","overlay-type":"","overlay-color":"","overlay-opacity":"","overlay-gradient":""},"tablet":{"background-color":"var(--ast-global-color-5)","background-image":"","background-repeat":"repeat","background-position":"center center","background-size":"auto","background-attachment":"scroll","background-type":"","background-media":"","overlay-type":"","overlay-color":"","overlay-opacity":"","overlay-gradient":""},"mobile":{"background-color":"var(--ast-global-color-5)","background-image":"","background-repeat":"repeat","background-position":"center center","background-size":"auto","background-attachment":"scroll","background-type":"","background-media":"","overlay-type":"","overlay-color":"","overlay-opacity":"","overlay-gradient":""}}},"product_brand":[],"product_cat":[1001],"product_tag":[],"class_list":{"0":"post-8060","1":"product","2":"type-product","3":"status-publish","4":"has-post-thumbnail","6":"product_cat-household-goods","7":"pa_craqd029-1-st","8":"pa_craqd029-2-st","9":"pa_craqd029-4-st","10":"desktop-align-left","11":"tablet-align-left","12":"mobile-align-left","14":"first","15":"instock","16":"shipping-taxable","17":"purchasable","18":"product-type-variable","19":"has-default-attributes"},"_links":{"self":[{"href":"https:\/\/keluvo.com\/se\/wp-json\/wp\/v2\/product\/8060","targetHints":{"allow":["GET"]}}],"collection":[{"href":"https:\/\/keluvo.com\/se\/wp-json\/wp\/v2\/product"}],"about":[{"href":"https:\/\/keluvo.com\/se\/wp-json\/wp\/v2\/types\/product"}],"replies":[{"embeddable":true,"href":"https:\/\/keluvo.com\/se\/wp-json\/wp\/v2\/comments?post=8060"}],"wp:featuredmedia":[{"embeddable":true,"href":"https:\/\/keluvo.com\/se\/wp-json\/wp\/v2\/media\/8058"}],"wp:attachment":[{"href":"https:\/\/keluvo.com\/se\/wp-json\/wp\/v2\/media?parent=8060"}],"wp:term":[{"taxonomy":"product_brand","embeddable":true,"href":"https:\/\/keluvo.com\/se\/wp-json\/wp\/v2\/product_brand?post=8060"},{"taxonomy":"product_cat","embeddable":true,"href":"https:\/\/keluvo.com\/se\/wp-json\/wp\/v2\/product_cat?post=8060"},{"taxonomy":"product_tag","embeddable":true,"href":"https:\/\/keluvo.com\/se\/wp-json\/wp\/v2\/product_tag?post=8060"}],"curies":[{"name":"wp","href":"https:\/\/api.w.org\/{rel}","templated":true}]}}