{"id":7996,"date":"2025-03-13T19:23:44","date_gmt":"2025-03-13T17:23:44","guid":{"rendered":"https:\/\/keluvo.com\/se\/product\/led-hundhalsband\/"},"modified":"2025-03-13T19:25:04","modified_gmt":"2025-03-13T17:25:04","slug":"led-hundhalsband","status":"publish","type":"product","link":"https:\/\/keluvo.com\/se\/product\/led-hundhalsband\/","title":{"rendered":"LED-hundhalsband"},"content":{"rendered":"<h2 style=\"text-align: center\"><strong>F\u00f6rb\u00e4ttrad S\u00e4kerhet Nattetid<\/strong><\/h2>\n<p style=\"text-align: center\">LED-hundhalsbandet ser till att ditt husdjur f\u00f6rblir synligt under nattliga promenader eller i svagt ljus. De starka LED-lamporna g\u00f6r det enkelt f\u00f6r dig och andra att uppt\u00e4cka din hund och h\u00e5ller den s\u00e4ker fr\u00e5n potentiella faror.<\/p>\n<p><img decoding=\"async\" class=\"alignnone size-medium wp-image-7683 aligncenter\" src=\"https:\/\/keluvo.com\/template\/wp-content\/uploads\/sites\/5\/2025\/01\/S0f440a6815c44bbf8bc0ac730ef7c9f7Z.jpg_960x960q75.jpg_.webp\" alt=\"\" \/><\/p>\n<h2 style=\"text-align: center\"><strong>H\u00e5llbar Och Vattent\u00e4t Design<\/strong><\/h2>\n<p style=\"text-align: center\">Hundhalsbandet med LED-lampor \u00e4r tillverkat av h\u00e5llbara material och \u00e4r vattent\u00e4tt och l\u00e4mpligt f\u00f6r olika v\u00e4derf\u00f6rh\u00e5llanden. Oavsett om det regnar eller ditt husdjur \u00e4r aktivt, \u00e4r detta halsband utformat f\u00f6r att h\u00e5lla och h\u00e5lla din hund s\u00e4ker.<\/p>\n<p><img decoding=\"async\" class=\"alignnone size-medium wp-image-7675 aligncenter\" src=\"https:\/\/keluvo.com\/template\/wp-content\/uploads\/sites\/5\/2025\/01\/00aee9d2-4bff-4ae6-9051-adfa8c237592.webp\" alt=\"\" \/><\/p>\n","protected":false},"excerpt":{"rendered":"<p>F\u00f6rb\u00e4ttrad S\u00e4kerhet Nattetid LED-hundhalsbandet ser till att ditt husdjur f\u00f6rblir synligt under nattliga promenader eller i svagt ljus. De starka [&hellip;]<\/p>\n","protected":false},"featured_media":7992,"comment_status":"open","ping_status":"closed","template":"","meta":{"site-sidebar-layout":"default","site-content-layout":"","ast-site-content-layout":"default","site-content-style":"default","site-sidebar-style":"default","ast-global-header-display":"","ast-banner-title-visibility":"","ast-main-header-display":"","ast-hfb-above-header-display":"","ast-hfb-below-header-display":"","ast-hfb-mobile-header-display":"","site-post-title":"","ast-breadcrumbs-content":"","ast-featured-img":"","footer-sml-layout":"","theme-transparent-header-meta":"default","adv-header-id-meta":"","stick-header-meta":"","header-above-stick-meta":"","header-main-stick-meta":"","header-below-stick-meta":"","astra-migrate-meta-layouts":"set","ast-page-background-enabled":"default","ast-page-background-meta":{"desktop":{"background-color":"var(--ast-global-color-4)","background-image":"","background-repeat":"repeat","background-position":"center center","background-size":"auto","background-attachment":"scroll","background-type":"","background-media":"","overlay-type":"","overlay-color":"","overlay-opacity":"","overlay-gradient":""},"tablet":{"background-color":"","background-image":"","background-repeat":"repeat","background-position":"center center","background-size":"auto","background-attachment":"scroll","background-type":"","background-media":"","overlay-type":"","overlay-color":"","overlay-opacity":"","overlay-gradient":""},"mobile":{"background-color":"","background-image":"","background-repeat":"repeat","background-position":"center center","background-size":"auto","background-attachment":"scroll","background-type":"","background-media":"","overlay-type":"","overlay-color":"","overlay-opacity":"","overlay-gradient":""}},"ast-content-background-meta":{"desktop":{"background-color":"var(--ast-global-color-5)","background-image":"","background-repeat":"repeat","background-position":"center center","background-size":"auto","background-attachment":"scroll","background-type":"","background-media":"","overlay-type":"","overlay-color":"","overlay-opacity":"","overlay-gradient":""},"tablet":{"background-color":"var(--ast-global-color-5)","background-image":"","background-repeat":"repeat","background-position":"center center","background-size":"auto","background-attachment":"scroll","background-type":"","background-media":"","overlay-type":"","overlay-color":"","overlay-opacity":"","overlay-gradient":""},"mobile":{"background-color":"var(--ast-global-color-5)","background-image":"","background-repeat":"repeat","background-position":"center center","background-size":"auto","background-attachment":"scroll","background-type":"","background-media":"","overlay-type":"","overlay-color":"","overlay-opacity":"","overlay-gradient":""}}},"product_brand":[],"product_cat":[997],"product_tag":[],"class_list":{"0":"post-7996","1":"product","2":"type-product","3":"status-publish","4":"has-post-thumbnail","6":"product_cat-pets-products","7":"pa_pxr6fh7t-s","8":"pa_pxr6fh7t-m","9":"pa_pxr6fh7t-l","10":"pa_pxr6fh7t-xl","11":"pa_sv6g5xz3-bla","12":"pa_sv6g5xz3-gron","13":"pa_sv6g5xz3-orange","14":"pa_sv6g5xz3-rod","15":"pa_sv6g5xz3-rose","16":"pa_sv6g5xz3-svart","17":"desktop-align-left","18":"tablet-align-left","19":"mobile-align-left","21":"first","22":"instock","23":"shipping-taxable","24":"purchasable","25":"product-type-variable"},"_links":{"self":[{"href":"https:\/\/keluvo.com\/se\/wp-json\/wp\/v2\/product\/7996","targetHints":{"allow":["GET"]}}],"collection":[{"href":"https:\/\/keluvo.com\/se\/wp-json\/wp\/v2\/product"}],"about":[{"href":"https:\/\/keluvo.com\/se\/wp-json\/wp\/v2\/types\/product"}],"replies":[{"embeddable":true,"href":"https:\/\/keluvo.com\/se\/wp-json\/wp\/v2\/comments?post=7996"}],"wp:featuredmedia":[{"embeddable":true,"href":"https:\/\/keluvo.com\/se\/wp-json\/wp\/v2\/media\/7992"}],"wp:attachment":[{"href":"https:\/\/keluvo.com\/se\/wp-json\/wp\/v2\/media?parent=7996"}],"wp:term":[{"taxonomy":"product_brand","embeddable":true,"href":"https:\/\/keluvo.com\/se\/wp-json\/wp\/v2\/product_brand?post=7996"},{"taxonomy":"product_cat","embeddable":true,"href":"https:\/\/keluvo.com\/se\/wp-json\/wp\/v2\/product_cat?post=7996"},{"taxonomy":"product_tag","embeddable":true,"href":"https:\/\/keluvo.com\/se\/wp-json\/wp\/v2\/product_tag?post=7996"}],"curies":[{"name":"wp","href":"https:\/\/api.w.org\/{rel}","templated":true}]}}