{"id":7991,"date":"2025-03-13T19:22:24","date_gmt":"2025-03-13T17:22:24","guid":{"rendered":"https:\/\/keluvo.com\/se\/product\/burkoppnare\/"},"modified":"2025-03-13T19:22:24","modified_gmt":"2025-03-13T17:22:24","slug":"burkoppnare","status":"publish","type":"product","link":"https:\/\/keluvo.com\/se\/product\/burkoppnare\/","title":{"rendered":"Burk\u00f6ppnare"},"content":{"rendered":"<h2 style=\"text-align: center\" data-start=\"0\" data-end=\"26\"><strong>\u00d6ppnar Burk Med L\u00e4tthet<\/strong><\/h2>\n<p style=\"text-align: center\" data-start=\"27\" data-end=\"246\">Burk\u00f6ppnaren \u00e4r utformad f\u00f6r att \u00f6ppna burkar snabbt och enkelt. Dess vassa sk\u00e4rhjul sk\u00e4r smidigt genom locken utan att l\u00e4mna vassa kanter. Den \u00e4r perfekt f\u00f6r daglig anv\u00e4ndning i k\u00f6ket och g\u00f6r det enkelt och s\u00e4kert att \u00f6ppna burkar.<\/p>\n<p data-start=\"27\" data-end=\"246\"><img decoding=\"async\" class=\"alignnone size-medium wp-image-12215 aligncenter\" src=\"https:\/\/keluvo.com\/template\/wp-content\/uploads\/sites\/5\/2025\/03\/WhatsApp-Image-2025-03-11-at-23.40.28_1017cef9.jpg\" alt=\"\" \/><\/p>\n<h2 style=\"text-align: center\" data-start=\"248\" data-end=\"281\"><strong>Bekv\u00e4m Och L\u00e4tt Att Anv\u00e4nda<\/strong><\/h2>\n<p style=\"text-align: center\" data-start=\"282\" data-end=\"496\">Burk\u00f6ppnaren har ett ergonomiskt handtag som ger ett fast och bekv\u00e4mt grepp. Den kr\u00e4ver minimal anstr\u00e4ngning, vilket g\u00f6r den idealisk f\u00f6r personer med svaga h\u00e4nder. Njut av en problemfri matlagningsupplevelse med detta praktiska verktyg.<\/p>\n<p data-start=\"282\" data-end=\"496\"><img decoding=\"async\" class=\"alignnone size-medium wp-image-12213 aligncenter\" src=\"https:\/\/keluvo.com\/template\/wp-content\/uploads\/sites\/5\/2025\/03\/S113a2d364f334fdc87d7be2f1b1548b1h.jpeg\" alt=\"\" \/><\/p>\n","protected":false},"excerpt":{"rendered":"<p>\u00d6ppnar Burk Med L\u00e4tthet Burk\u00f6ppnaren \u00e4r utformad f\u00f6r att \u00f6ppna burkar snabbt och enkelt. Dess vassa sk\u00e4rhjul sk\u00e4r smidigt genom [&hellip;]<\/p>\n","protected":false},"featured_media":7987,"comment_status":"open","ping_status":"closed","template":"","meta":{"site-sidebar-layout":"default","site-content-layout":"","ast-site-content-layout":"default","site-content-style":"default","site-sidebar-style":"default","ast-global-header-display":"","ast-banner-title-visibility":"","ast-main-header-display":"","ast-hfb-above-header-display":"","ast-hfb-below-header-display":"","ast-hfb-mobile-header-display":"","site-post-title":"","ast-breadcrumbs-content":"","ast-featured-img":"","footer-sml-layout":"","theme-transparent-header-meta":"default","adv-header-id-meta":"","stick-header-meta":"","header-above-stick-meta":"","header-main-stick-meta":"","header-below-stick-meta":"","astra-migrate-meta-layouts":"set","ast-page-background-enabled":"default","ast-page-background-meta":{"desktop":{"background-color":"var(--ast-global-color-4)","background-image":"","background-repeat":"repeat","background-position":"center center","background-size":"auto","background-attachment":"scroll","background-type":"","background-media":"","overlay-type":"","overlay-color":"","overlay-opacity":"","overlay-gradient":""},"tablet":{"background-color":"","background-image":"","background-repeat":"repeat","background-position":"center center","background-size":"auto","background-attachment":"scroll","background-type":"","background-media":"","overlay-type":"","overlay-color":"","overlay-opacity":"","overlay-gradient":""},"mobile":{"background-color":"","background-image":"","background-repeat":"repeat","background-position":"center center","background-size":"auto","background-attachment":"scroll","background-type":"","background-media":"","overlay-type":"","overlay-color":"","overlay-opacity":"","overlay-gradient":""}},"ast-content-background-meta":{"desktop":{"background-color":"var(--ast-global-color-5)","background-image":"","background-repeat":"repeat","background-position":"center center","background-size":"auto","background-attachment":"scroll","background-type":"","background-media":"","overlay-type":"","overlay-color":"","overlay-opacity":"","overlay-gradient":""},"tablet":{"background-color":"var(--ast-global-color-5)","background-image":"","background-repeat":"repeat","background-position":"center center","background-size":"auto","background-attachment":"scroll","background-type":"","background-media":"","overlay-type":"","overlay-color":"","overlay-opacity":"","overlay-gradient":""},"mobile":{"background-color":"var(--ast-global-color-5)","background-image":"","background-repeat":"repeat","background-position":"center center","background-size":"auto","background-attachment":"scroll","background-type":"","background-media":"","overlay-type":"","overlay-color":"","overlay-opacity":"","overlay-gradient":""}}},"product_brand":[],"product_cat":[993],"product_tag":[],"class_list":{"0":"post-7991","1":"product","2":"type-product","3":"status-publish","4":"has-post-thumbnail","6":"product_cat-footwear-accessories","7":"desktop-align-left","8":"tablet-align-left","9":"mobile-align-left","11":"first","12":"instock","13":"shipping-taxable","14":"purchasable","15":"product-type-simple"},"_links":{"self":[{"href":"https:\/\/keluvo.com\/se\/wp-json\/wp\/v2\/product\/7991","targetHints":{"allow":["GET"]}}],"collection":[{"href":"https:\/\/keluvo.com\/se\/wp-json\/wp\/v2\/product"}],"about":[{"href":"https:\/\/keluvo.com\/se\/wp-json\/wp\/v2\/types\/product"}],"replies":[{"embeddable":true,"href":"https:\/\/keluvo.com\/se\/wp-json\/wp\/v2\/comments?post=7991"}],"wp:featuredmedia":[{"embeddable":true,"href":"https:\/\/keluvo.com\/se\/wp-json\/wp\/v2\/media\/7987"}],"wp:attachment":[{"href":"https:\/\/keluvo.com\/se\/wp-json\/wp\/v2\/media?parent=7991"}],"wp:term":[{"taxonomy":"product_brand","embeddable":true,"href":"https:\/\/keluvo.com\/se\/wp-json\/wp\/v2\/product_brand?post=7991"},{"taxonomy":"product_cat","embeddable":true,"href":"https:\/\/keluvo.com\/se\/wp-json\/wp\/v2\/product_cat?post=7991"},{"taxonomy":"product_tag","embeddable":true,"href":"https:\/\/keluvo.com\/se\/wp-json\/wp\/v2\/product_tag?post=7991"}],"curies":[{"name":"wp","href":"https:\/\/api.w.org\/{rel}","templated":true}]}}