{"id":7986,"date":"2025-03-13T19:20:55","date_gmt":"2025-03-13T17:20:55","guid":{"rendered":"https:\/\/keluvo.com\/se\/product\/klippmaskin-for-djurvard\/"},"modified":"2025-03-17T18:18:04","modified_gmt":"2025-03-17T16:18:04","slug":"klippmaskin-for-djurvard","status":"publish","type":"product","link":"https:\/\/keluvo.com\/se\/product\/klippmaskin-for-djurvard\/","title":{"rendered":"Klippmaskin f\u00f6r djurv\u00e5rd"},"content":{"rendered":"<h2 style=\"text-align: center\" data-start=\"0\" data-end=\"35\"><strong>Kraftfull Och Exakt Trimning<\/strong><\/h2>\n<p style=\"text-align: center\" data-start=\"36\" data-end=\"276\">Djurklipparen har en stark motor med 8200 varv per minut, vilket garanterar snabb och smidig trimning. Den sk\u00e4r enkelt genom tjock och l\u00e5ng p\u00e4ls utan att dra eller rycka. Detta g\u00f6r trimningen snabb och bekv\u00e4m f\u00f6r ditt husdjur.<\/p>\n<p style=\"text-align: center\" data-start=\"36\" data-end=\"276\"><img decoding=\"async\" class=\"alignnone size-medium wp-image-12258\" src=\"https:\/\/keluvo.com\/template\/wp-content\/uploads\/sites\/5\/2025\/03\/901b151d-87ae-4c8a-b697-6af6f07bfa42.webp\" alt=\"\" \/><\/p>\n<h2 style=\"text-align: center\" data-start=\"278\" data-end=\"305\"><strong>Vassa Och S\u00e4kra Blad<\/strong><\/h2>\n<p style=\"text-align: center\" data-start=\"306\" data-end=\"547\">Djurklipparen har ett keramiskt blad som h\u00e5ller sig vasst under l\u00e5ng tid. Det titanbelagda fasta bladet \u00e4r skonsamt mot huden, vilket minskar risken f\u00f6r irritation. Detta garanterar en s\u00e4ker och effektiv trimning f\u00f6r alla husdjur.<\/p>\n<p data-start=\"306\" data-end=\"547\"><img decoding=\"async\" class=\"alignnone size-medium wp-image-12254 aligncenter\" src=\"https:\/\/keluvo.com\/template\/wp-content\/uploads\/sites\/5\/2025\/03\/1c0129d7-9992-4e06-8f3e-334c48fbda0a.webp\" alt=\"\" \/><\/p>\n","protected":false},"excerpt":{"rendered":"<p>Kraftfull Och Exakt Trimning Djurklipparen har en stark motor med 8200 varv per minut, vilket garanterar snabb och smidig trimning. [&hellip;]<\/p>\n","protected":false},"featured_media":7982,"comment_status":"open","ping_status":"closed","template":"","meta":{"site-sidebar-layout":"default","site-content-layout":"","ast-site-content-layout":"default","site-content-style":"default","site-sidebar-style":"default","ast-global-header-display":"","ast-banner-title-visibility":"","ast-main-header-display":"","ast-hfb-above-header-display":"","ast-hfb-below-header-display":"","ast-hfb-mobile-header-display":"","site-post-title":"","ast-breadcrumbs-content":"","ast-featured-img":"","footer-sml-layout":"","theme-transparent-header-meta":"default","adv-header-id-meta":"","stick-header-meta":"","header-above-stick-meta":"","header-main-stick-meta":"","header-below-stick-meta":"","astra-migrate-meta-layouts":"set","ast-page-background-enabled":"default","ast-page-background-meta":{"desktop":{"background-color":"var(--ast-global-color-4)","background-image":"","background-repeat":"repeat","background-position":"center center","background-size":"auto","background-attachment":"scroll","background-type":"","background-media":"","overlay-type":"","overlay-color":"","overlay-opacity":"","overlay-gradient":""},"tablet":{"background-color":"","background-image":"","background-repeat":"repeat","background-position":"center center","background-size":"auto","background-attachment":"scroll","background-type":"","background-media":"","overlay-type":"","overlay-color":"","overlay-opacity":"","overlay-gradient":""},"mobile":{"background-color":"","background-image":"","background-repeat":"repeat","background-position":"center center","background-size":"auto","background-attachment":"scroll","background-type":"","background-media":"","overlay-type":"","overlay-color":"","overlay-opacity":"","overlay-gradient":""}},"ast-content-background-meta":{"desktop":{"background-color":"var(--ast-global-color-5)","background-image":"","background-repeat":"repeat","background-position":"center center","background-size":"auto","background-attachment":"scroll","background-type":"","background-media":"","overlay-type":"","overlay-color":"","overlay-opacity":"","overlay-gradient":""},"tablet":{"background-color":"var(--ast-global-color-5)","background-image":"","background-repeat":"repeat","background-position":"center center","background-size":"auto","background-attachment":"scroll","background-type":"","background-media":"","overlay-type":"","overlay-color":"","overlay-opacity":"","overlay-gradient":""},"mobile":{"background-color":"var(--ast-global-color-5)","background-image":"","background-repeat":"repeat","background-position":"center center","background-size":"auto","background-attachment":"scroll","background-type":"","background-media":"","overlay-type":"","overlay-color":"","overlay-opacity":"","overlay-gradient":""}}},"product_brand":[],"product_cat":[997],"product_tag":[],"class_list":{"0":"post-7986","1":"product","2":"type-product","3":"status-publish","4":"has-post-thumbnail","6":"product_cat-pets-products","7":"desktop-align-left","8":"tablet-align-left","9":"mobile-align-left","11":"first","12":"instock","13":"shipping-taxable","14":"purchasable","15":"product-type-simple"},"_links":{"self":[{"href":"https:\/\/keluvo.com\/se\/wp-json\/wp\/v2\/product\/7986","targetHints":{"allow":["GET"]}}],"collection":[{"href":"https:\/\/keluvo.com\/se\/wp-json\/wp\/v2\/product"}],"about":[{"href":"https:\/\/keluvo.com\/se\/wp-json\/wp\/v2\/types\/product"}],"replies":[{"embeddable":true,"href":"https:\/\/keluvo.com\/se\/wp-json\/wp\/v2\/comments?post=7986"}],"wp:featuredmedia":[{"embeddable":true,"href":"https:\/\/keluvo.com\/se\/wp-json\/wp\/v2\/media\/7982"}],"wp:attachment":[{"href":"https:\/\/keluvo.com\/se\/wp-json\/wp\/v2\/media?parent=7986"}],"wp:term":[{"taxonomy":"product_brand","embeddable":true,"href":"https:\/\/keluvo.com\/se\/wp-json\/wp\/v2\/product_brand?post=7986"},{"taxonomy":"product_cat","embeddable":true,"href":"https:\/\/keluvo.com\/se\/wp-json\/wp\/v2\/product_cat?post=7986"},{"taxonomy":"product_tag","embeddable":true,"href":"https:\/\/keluvo.com\/se\/wp-json\/wp\/v2\/product_tag?post=7986"}],"curies":[{"name":"wp","href":"https:\/\/api.w.org\/{rel}","templated":true}]}}