{"id":7977,"date":"2025-03-13T19:19:44","date_gmt":"2025-03-13T17:19:44","guid":{"rendered":"https:\/\/keluvo.com\/se\/product\/led-lampa-for-solenergi\/"},"modified":"2025-03-13T19:19:54","modified_gmt":"2025-03-13T17:19:54","slug":"led-lampa-for-solenergi","status":"publish","type":"product","link":"https:\/\/keluvo.com\/se\/product\/led-lampa-for-solenergi\/","title":{"rendered":"LED-lampa f\u00f6r solenergi"},"content":{"rendered":"<h2 style=\"text-align: center\" data-start=\"0\" data-end=\"33\"><strong>Ljusstark Och R\u00f6relseaktiverad<\/strong><\/h2>\n<p style=\"text-align: center\" data-start=\"34\" data-end=\"339\">Den solcellsdrivna LED-lampan t\u00e4nds automatiskt n\u00e4r r\u00f6relse uppt\u00e4cks. Den k\u00e4nner av r\u00f6relser inom 3 meter och 120 grader, vilket g\u00f6r den perfekt f\u00f6r utomhusomr\u00e5den som tr\u00e4dg\u00e5rdar, uppfarter och uteplatser. Lampan sl\u00e4cks efter 25 sekunder om ingen r\u00f6relse uppt\u00e4cks, vilket sparar energi samtidigt som ditt utrymme h\u00e5lls s\u00e4kert.<\/p>\n<p style=\"text-align: center\" data-start=\"366\" data-end=\"638\"><img decoding=\"async\" class=\"alignnone size-medium wp-image-12245\" src=\"https:\/\/keluvo.com\/template\/wp-content\/uploads\/sites\/5\/2025\/03\/HTB1r3TfnDdYBeNkSmLyq6xfnVXah.jpg_960x960q75.jpg_.jpeg\" alt=\"\" \/><\/p>\n<h2 style=\"text-align: center\" data-start=\"640\" data-end=\"668\"><strong>Vattent\u00e4t Och H\u00e5llbar<\/strong><\/h2>\n<p style=\"text-align: center\" data-start=\"669\" data-end=\"921\" data-is-last-node=\"\" data-is-only-node=\"\">Byggd med stark plast \u00e4r LED-solcellslampan vattent\u00e4t och utformad f\u00f6r att h\u00e5lla. Den st\u00e5r emot olika v\u00e4derf\u00f6rh\u00e5llanden och garanterar tillf\u00f6rlitlig prestanda under hela \u00e5ret. Oavsett om det \u00e4r regn eller solsken forts\u00e4tter denna lampa att lysa upp utomhusutrymmen.<\/p>\n<p data-start=\"669\" data-end=\"921\" data-is-last-node=\"\" data-is-only-node=\"\"><img decoding=\"async\" class=\"alignnone size-medium wp-image-12244 aligncenter\" src=\"https:\/\/keluvo.com\/template\/wp-content\/uploads\/sites\/5\/2025\/03\/5fac8cc0-0a9f-4722-8587-64f84e1a21cf.webp\" alt=\"\" \/><\/p>\n","protected":false},"excerpt":{"rendered":"<p>Ljusstark Och R\u00f6relseaktiverad Den solcellsdrivna LED-lampan t\u00e4nds automatiskt n\u00e4r r\u00f6relse uppt\u00e4cks. Den k\u00e4nner av r\u00f6relser inom 3 meter och 120 [&hellip;]<\/p>\n","protected":false},"featured_media":7973,"comment_status":"open","ping_status":"closed","template":"","meta":{"site-sidebar-layout":"default","site-content-layout":"","ast-site-content-layout":"default","site-content-style":"default","site-sidebar-style":"default","ast-global-header-display":"","ast-banner-title-visibility":"","ast-main-header-display":"","ast-hfb-above-header-display":"","ast-hfb-below-header-display":"","ast-hfb-mobile-header-display":"","site-post-title":"","ast-breadcrumbs-content":"","ast-featured-img":"","footer-sml-layout":"","theme-transparent-header-meta":"default","adv-header-id-meta":"","stick-header-meta":"","header-above-stick-meta":"","header-main-stick-meta":"","header-below-stick-meta":"","astra-migrate-meta-layouts":"set","ast-page-background-enabled":"default","ast-page-background-meta":{"desktop":{"background-color":"var(--ast-global-color-4)","background-image":"","background-repeat":"repeat","background-position":"center center","background-size":"auto","background-attachment":"scroll","background-type":"","background-media":"","overlay-type":"","overlay-color":"","overlay-opacity":"","overlay-gradient":""},"tablet":{"background-color":"","background-image":"","background-repeat":"repeat","background-position":"center center","background-size":"auto","background-attachment":"scroll","background-type":"","background-media":"","overlay-type":"","overlay-color":"","overlay-opacity":"","overlay-gradient":""},"mobile":{"background-color":"","background-image":"","background-repeat":"repeat","background-position":"center center","background-size":"auto","background-attachment":"scroll","background-type":"","background-media":"","overlay-type":"","overlay-color":"","overlay-opacity":"","overlay-gradient":""}},"ast-content-background-meta":{"desktop":{"background-color":"var(--ast-global-color-5)","background-image":"","background-repeat":"repeat","background-position":"center center","background-size":"auto","background-attachment":"scroll","background-type":"","background-media":"","overlay-type":"","overlay-color":"","overlay-opacity":"","overlay-gradient":""},"tablet":{"background-color":"var(--ast-global-color-5)","background-image":"","background-repeat":"repeat","background-position":"center center","background-size":"auto","background-attachment":"scroll","background-type":"","background-media":"","overlay-type":"","overlay-color":"","overlay-opacity":"","overlay-gradient":""},"mobile":{"background-color":"var(--ast-global-color-5)","background-image":"","background-repeat":"repeat","background-position":"center center","background-size":"auto","background-attachment":"scroll","background-type":"","background-media":"","overlay-type":"","overlay-color":"","overlay-opacity":"","overlay-gradient":""}}},"product_brand":[],"product_cat":[1001],"product_tag":[],"class_list":{"0":"post-7977","1":"product","2":"type-product","3":"status-publish","4":"has-post-thumbnail","6":"product_cat-household-goods","7":"pa_xzc0hkdi-20-lysdioder","8":"pa_xzc0hkdi-30-lysdioder","9":"desktop-align-left","10":"tablet-align-left","11":"mobile-align-left","13":"first","14":"instock","15":"shipping-taxable","16":"purchasable","17":"product-type-variable"},"_links":{"self":[{"href":"https:\/\/keluvo.com\/se\/wp-json\/wp\/v2\/product\/7977","targetHints":{"allow":["GET"]}}],"collection":[{"href":"https:\/\/keluvo.com\/se\/wp-json\/wp\/v2\/product"}],"about":[{"href":"https:\/\/keluvo.com\/se\/wp-json\/wp\/v2\/types\/product"}],"replies":[{"embeddable":true,"href":"https:\/\/keluvo.com\/se\/wp-json\/wp\/v2\/comments?post=7977"}],"wp:featuredmedia":[{"embeddable":true,"href":"https:\/\/keluvo.com\/se\/wp-json\/wp\/v2\/media\/7973"}],"wp:attachment":[{"href":"https:\/\/keluvo.com\/se\/wp-json\/wp\/v2\/media?parent=7977"}],"wp:term":[{"taxonomy":"product_brand","embeddable":true,"href":"https:\/\/keluvo.com\/se\/wp-json\/wp\/v2\/product_brand?post=7977"},{"taxonomy":"product_cat","embeddable":true,"href":"https:\/\/keluvo.com\/se\/wp-json\/wp\/v2\/product_cat?post=7977"},{"taxonomy":"product_tag","embeddable":true,"href":"https:\/\/keluvo.com\/se\/wp-json\/wp\/v2\/product_tag?post=7977"}],"curies":[{"name":"wp","href":"https:\/\/api.w.org\/{rel}","templated":true}]}}