{"id":7914,"date":"2025-03-13T11:04:24","date_gmt":"2025-03-13T09:04:24","guid":{"rendered":"https:\/\/keluvo.com\/se\/product\/magneticsupport-knaskydd\/"},"modified":"2025-09-13T13:33:34","modified_gmt":"2025-09-13T10:33:34","slug":"magneticsupport-knaskydd","status":"publish","type":"product","link":"https:\/\/keluvo.com\/se\/product\/magneticsupport-knaskydd\/","title":{"rendered":"MagneticSupport\u2122 kn\u00e4skydd"},"content":{"rendered":"<h2 style=\"text-align: center;\"><strong>Lindra dina sm\u00e4rtor med MagneticSupport\u2122 kn\u00e4skydd<\/strong><\/h2>\n<p style=\"text-align: center;\">Kn\u00e4skyddet MagneticSupport\u2122 \u00e4r utformat f\u00f6r att ge naturlig sm\u00e4rtlindring och f\u00f6rb\u00e4ttra r\u00f6rligheten med hj\u00e4lp av 10 kraftfulla magneter med en styrka p\u00e5 580 gauss vardera. Dessa magneter skapar ett terapeutiskt magnetf\u00e4lt som hj\u00e4lper till att f\u00f6rb\u00e4ttra blodcirkulationen, minska inflammation och lindra obehag i kn\u00e4leden.<\/p>\n<p style=\"text-align: center;\">\ud83d\udd39 Sm\u00e4rtlindring &#8211; Magnetterapi har anv\u00e4nts i flera \u00e5r f\u00f6r att lindra led- och muskelsm\u00e4rta.<br \/>\n\ud83d\udd39 F\u00f6rb\u00e4ttrad blodcirkulation &#8211; B\u00e4ttre cirkulation hj\u00e4lper till att tillf\u00f6ra syre och n\u00e4rings\u00e4mnen till det drabbade omr\u00e5det, vilket fr\u00e4mjar l\u00e4kning.<br \/>\n\ud83d\udd39 \u00d6kad r\u00f6rlighet &#8211; Genom att minska obehaget g\u00f6r ortosen att du kan r\u00f6ra dig fritt och \u00e5terf\u00e5 sj\u00e4lvf\u00f6rtroendet i vardagliga aktiviteter.<\/p>\n<p style=\"text-align: center;\">Denna kn\u00e4ortos \u00e4r idealisk f\u00f6r personer med artrit, ledstelhet, idrottsskador eller generell kn\u00e4sm\u00e4rta.<\/p>\n<p><img decoding=\"async\" class=\"size-medium wp-image-12285 aligncenter\" src=\"https:\/\/keluvo.com\/template\/wp-content\/uploads\/sites\/5\/2024\/12\/O1CN01NmBI2j1awVARqbqDE_2486123394-0-cib.png\" alt=\"\" \/><\/p>\n<p>&nbsp;<\/p>\n<h2 style=\"text-align: center;\">L\u00e4tt att anv\u00e4nda och bekv\u00e4m att b\u00e4ra<\/h2>\n<p style=\"text-align: center;\">Kn\u00e4ortosen MagneticSupport\u2122 \u00e4r utformad f\u00f6r maximal komfort och anv\u00e4ndarv\u00e4nlighet. Tack vare sin universella storlek och justerbara passform anpassar den sig perfekt till ditt kn\u00e4, vilket ger optimalt st\u00f6d utan att begr\u00e4nsa r\u00f6rligheten.<\/p>\n<p style=\"text-align: center;\">\u2705 Enkel applicering &#8211; S\u00e4tt bara p\u00e5 den som en \u00e4rm; inga komplicerade remmar eller sp\u00e4nnen beh\u00f6vs.<br \/>\n\u2705 L\u00e4mplig f\u00f6r b\u00e5da kn\u00e4na &#8211; Kan b\u00e4ras p\u00e5 antingen v\u00e4nster eller h\u00f6ger kn\u00e4.<br \/>\n\u2705 Diskret och l\u00e4tt &#8211; Den tunna, andningsbara designen g\u00f6r att du kan b\u00e4ra den under kl\u00e4derna, \u00e4ven under fysiska aktiviteter.<br \/>\n\u2705 Vattent\u00e5lig och h\u00e5llbar &#8211; Tillverkad av h\u00f6gkvalitativa material f\u00f6r att s\u00e4kerst\u00e4lla l\u00e5ngvarig prestanda i alla situationer.<\/p>\n<p style=\"text-align: center;\">Oavsett om du beh\u00f6ver st\u00f6d under tr\u00e4ning, dagliga aktiviteter eller vila, ger detta kn\u00e4skydd tillf\u00f6rlitlig sm\u00e4rtlindring.<\/p>\n<p><img decoding=\"async\" class=\"size-medium wp-image-12286 aligncenter\" src=\"https:\/\/keluvo.com\/template\/wp-content\/uploads\/sites\/5\/2024\/12\/WhatsApp-Image-2025-03-12-at-13.29.02_11449eb3.jpg\" alt=\"\" \/><\/p>\n","protected":false},"excerpt":{"rendered":"<p>Lindra dina sm\u00e4rtor med MagneticSupport\u2122 kn\u00e4skydd Kn\u00e4skyddet MagneticSupport\u2122 \u00e4r utformat f\u00f6r att ge naturlig sm\u00e4rtlindring och f\u00f6rb\u00e4ttra r\u00f6rligheten med hj\u00e4lp [&hellip;]<\/p>\n","protected":false},"featured_media":7910,"comment_status":"open","ping_status":"closed","template":"","meta":{"site-sidebar-layout":"default","site-content-layout":"","ast-site-content-layout":"default","site-content-style":"default","site-sidebar-style":"default","ast-global-header-display":"","ast-banner-title-visibility":"","ast-main-header-display":"","ast-hfb-above-header-display":"","ast-hfb-below-header-display":"","ast-hfb-mobile-header-display":"","site-post-title":"","ast-breadcrumbs-content":"","ast-featured-img":"","footer-sml-layout":"","theme-transparent-header-meta":"default","adv-header-id-meta":"","stick-header-meta":"","header-above-stick-meta":"","header-main-stick-meta":"","header-below-stick-meta":"","astra-migrate-meta-layouts":"set","ast-page-background-enabled":"default","ast-page-background-meta":{"desktop":{"background-color":"var(--ast-global-color-4)","background-image":"","background-repeat":"repeat","background-position":"center center","background-size":"auto","background-attachment":"scroll","background-type":"","background-media":"","overlay-type":"","overlay-color":"","overlay-opacity":"","overlay-gradient":""},"tablet":{"background-color":"","background-image":"","background-repeat":"repeat","background-position":"center center","background-size":"auto","background-attachment":"scroll","background-type":"","background-media":"","overlay-type":"","overlay-color":"","overlay-opacity":"","overlay-gradient":""},"mobile":{"background-color":"","background-image":"","background-repeat":"repeat","background-position":"center center","background-size":"auto","background-attachment":"scroll","background-type":"","background-media":"","overlay-type":"","overlay-color":"","overlay-opacity":"","overlay-gradient":""}},"ast-content-background-meta":{"desktop":{"background-color":"var(--ast-global-color-5)","background-image":"","background-repeat":"repeat","background-position":"center center","background-size":"auto","background-attachment":"scroll","background-type":"","background-media":"","overlay-type":"","overlay-color":"","overlay-opacity":"","overlay-gradient":""},"tablet":{"background-color":"var(--ast-global-color-5)","background-image":"","background-repeat":"repeat","background-position":"center center","background-size":"auto","background-attachment":"scroll","background-type":"","background-media":"","overlay-type":"","overlay-color":"","overlay-opacity":"","overlay-gradient":""},"mobile":{"background-color":"var(--ast-global-color-5)","background-image":"","background-repeat":"repeat","background-position":"center center","background-size":"auto","background-attachment":"scroll","background-type":"","background-media":"","overlay-type":"","overlay-color":"","overlay-opacity":"","overlay-gradient":""}}},"product_brand":[],"product_cat":[991],"product_tag":[],"class_list":{"0":"post-7914","1":"product","2":"type-product","3":"status-publish","4":"has-post-thumbnail","6":"product_cat-health-care-supplies","7":"pa_e53coyyw-arm","8":"pa_e53coyyw-fotter","9":"pa_e53coyyw-kna","10":"desktop-align-left","11":"tablet-align-left","12":"mobile-align-left","14":"first","15":"instock","16":"shipping-taxable","17":"purchasable","18":"product-type-variable"},"_links":{"self":[{"href":"https:\/\/keluvo.com\/se\/wp-json\/wp\/v2\/product\/7914","targetHints":{"allow":["GET"]}}],"collection":[{"href":"https:\/\/keluvo.com\/se\/wp-json\/wp\/v2\/product"}],"about":[{"href":"https:\/\/keluvo.com\/se\/wp-json\/wp\/v2\/types\/product"}],"replies":[{"embeddable":true,"href":"https:\/\/keluvo.com\/se\/wp-json\/wp\/v2\/comments?post=7914"}],"wp:featuredmedia":[{"embeddable":true,"href":"https:\/\/keluvo.com\/se\/wp-json\/wp\/v2\/media\/7910"}],"wp:attachment":[{"href":"https:\/\/keluvo.com\/se\/wp-json\/wp\/v2\/media?parent=7914"}],"wp:term":[{"taxonomy":"product_brand","embeddable":true,"href":"https:\/\/keluvo.com\/se\/wp-json\/wp\/v2\/product_brand?post=7914"},{"taxonomy":"product_cat","embeddable":true,"href":"https:\/\/keluvo.com\/se\/wp-json\/wp\/v2\/product_cat?post=7914"},{"taxonomy":"product_tag","embeddable":true,"href":"https:\/\/keluvo.com\/se\/wp-json\/wp\/v2\/product_tag?post=7914"}],"curies":[{"name":"wp","href":"https:\/\/api.w.org\/{rel}","templated":true}]}}