{"id":7881,"date":"2025-03-12T18:36:34","date_gmt":"2025-03-12T16:36:34","guid":{"rendered":"https:\/\/keluvo.com\/se\/product\/telefonfodral\/"},"modified":"2025-03-12T18:37:34","modified_gmt":"2025-03-12T16:37:34","slug":"telefonfodral","status":"publish","type":"product","link":"https:\/\/keluvo.com\/se\/product\/telefonfodral\/","title":{"rendered":"Telefonfodral"},"content":{"rendered":"<h2 style=\"text-align: center\" data-start=\"0\" data-end=\"35\"><strong>Slitstark Och St\u00f6ts\u00e4ker Design<\/strong><\/h2>\n<p style=\"text-align: center\" data-start=\"36\" data-end=\"272\">Detta mobilskal ger ett starkt skydd mot droppar, st\u00f6tar och repor. Tillverkat av h\u00f6gkvalitativa material h\u00e5ller det din telefon s\u00e4ker samtidigt som det bibeh\u00e5ller en tunn profil. De f\u00f6rst\u00e4rkta kanterna ger extra h\u00e5llbarhet f\u00f6r daglig anv\u00e4ndning.<\/p>\n<p data-start=\"36\" data-end=\"272\"><img decoding=\"async\" class=\"alignnone size-medium wp-image-12118 aligncenter\" src=\"https:\/\/keluvo.com\/template\/wp-content\/uploads\/sites\/5\/2025\/03\/Sf504d15b11cb43838c9595fad311e0a2l.jpg_960x960q75.jpg_.jpeg\" alt=\"\" \/><\/p>\n<h2 style=\"text-align: center\" data-start=\"274\" data-end=\"310\"><strong>Inbyggt Stativ F\u00f6r Bekv\u00e4mlighet<\/strong><\/h2>\n<p style=\"text-align: center\" data-start=\"311\" data-end=\"506\">Telefonfodralet har ett robust inbyggt stativ, s\u00e5 att du kan titta p\u00e5 videor eller ringa videosamtal handsfree. Stativet \u00e4r l\u00e4tt att justera, vilket ger dig den perfekta betraktningsvinkeln f\u00f6r alla aktiviteter.<\/p>\n<p data-start=\"311\" data-end=\"506\"><img decoding=\"async\" class=\"alignnone size-medium wp-image-12116 aligncenter\" src=\"https:\/\/keluvo.com\/template\/wp-content\/uploads\/sites\/5\/2025\/03\/S1846ad10dea248899ea41782b279aba2o.jpg_960x960q75.jpg_.jpeg\" alt=\"\" \/><\/p>\n","protected":false},"excerpt":{"rendered":"<p>Slitstark Och St\u00f6ts\u00e4ker Design Detta mobilskal ger ett starkt skydd mot droppar, st\u00f6tar och repor. Tillverkat av h\u00f6gkvalitativa material h\u00e5ller [&hellip;]<\/p>\n","protected":false},"featured_media":7877,"comment_status":"open","ping_status":"closed","template":"","meta":{"site-sidebar-layout":"default","site-content-layout":"","ast-site-content-layout":"default","site-content-style":"default","site-sidebar-style":"default","ast-global-header-display":"","ast-banner-title-visibility":"","ast-main-header-display":"","ast-hfb-above-header-display":"","ast-hfb-below-header-display":"","ast-hfb-mobile-header-display":"","site-post-title":"","ast-breadcrumbs-content":"","ast-featured-img":"","footer-sml-layout":"","theme-transparent-header-meta":"default","adv-header-id-meta":"","stick-header-meta":"","header-above-stick-meta":"","header-main-stick-meta":"","header-below-stick-meta":"","astra-migrate-meta-layouts":"set","ast-page-background-enabled":"default","ast-page-background-meta":{"desktop":{"background-color":"var(--ast-global-color-4)","background-image":"","background-repeat":"repeat","background-position":"center center","background-size":"auto","background-attachment":"scroll","background-type":"","background-media":"","overlay-type":"","overlay-color":"","overlay-opacity":"","overlay-gradient":""},"tablet":{"background-color":"","background-image":"","background-repeat":"repeat","background-position":"center center","background-size":"auto","background-attachment":"scroll","background-type":"","background-media":"","overlay-type":"","overlay-color":"","overlay-opacity":"","overlay-gradient":""},"mobile":{"background-color":"","background-image":"","background-repeat":"repeat","background-position":"center center","background-size":"auto","background-attachment":"scroll","background-type":"","background-media":"","overlay-type":"","overlay-color":"","overlay-opacity":"","overlay-gradient":""}},"ast-content-background-meta":{"desktop":{"background-color":"var(--ast-global-color-5)","background-image":"","background-repeat":"repeat","background-position":"center center","background-size":"auto","background-attachment":"scroll","background-type":"","background-media":"","overlay-type":"","overlay-color":"","overlay-opacity":"","overlay-gradient":""},"tablet":{"background-color":"var(--ast-global-color-5)","background-image":"","background-repeat":"repeat","background-position":"center center","background-size":"auto","background-attachment":"scroll","background-type":"","background-media":"","overlay-type":"","overlay-color":"","overlay-opacity":"","overlay-gradient":""},"mobile":{"background-color":"var(--ast-global-color-5)","background-image":"","background-repeat":"repeat","background-position":"center center","background-size":"auto","background-attachment":"scroll","background-type":"","background-media":"","overlay-type":"","overlay-color":"","overlay-opacity":"","overlay-gradient":""}}},"product_brand":[],"product_cat":[993],"product_tag":[],"class_list":{"0":"post-7881","1":"product","2":"type-product","3":"status-publish","4":"has-post-thumbnail","6":"product_cat-footwear-accessories","7":"pa_349zg29z-s23-ultra","8":"pa_349zg29z-s24-ultra","9":"pa_349zg29z-s25-ultra","10":"pa_h3wks0t8-gron","11":"pa_h3wks0t8-rod","12":"pa_h3wks0t8-svart","13":"pa_h3wks0t8-vit","14":"desktop-align-left","15":"tablet-align-left","16":"mobile-align-left","18":"first","19":"instock","20":"shipping-taxable","21":"purchasable","22":"product-type-variable"},"_links":{"self":[{"href":"https:\/\/keluvo.com\/se\/wp-json\/wp\/v2\/product\/7881","targetHints":{"allow":["GET"]}}],"collection":[{"href":"https:\/\/keluvo.com\/se\/wp-json\/wp\/v2\/product"}],"about":[{"href":"https:\/\/keluvo.com\/se\/wp-json\/wp\/v2\/types\/product"}],"replies":[{"embeddable":true,"href":"https:\/\/keluvo.com\/se\/wp-json\/wp\/v2\/comments?post=7881"}],"wp:featuredmedia":[{"embeddable":true,"href":"https:\/\/keluvo.com\/se\/wp-json\/wp\/v2\/media\/7877"}],"wp:attachment":[{"href":"https:\/\/keluvo.com\/se\/wp-json\/wp\/v2\/media?parent=7881"}],"wp:term":[{"taxonomy":"product_brand","embeddable":true,"href":"https:\/\/keluvo.com\/se\/wp-json\/wp\/v2\/product_brand?post=7881"},{"taxonomy":"product_cat","embeddable":true,"href":"https:\/\/keluvo.com\/se\/wp-json\/wp\/v2\/product_cat?post=7881"},{"taxonomy":"product_tag","embeddable":true,"href":"https:\/\/keluvo.com\/se\/wp-json\/wp\/v2\/product_tag?post=7881"}],"curies":[{"name":"wp","href":"https:\/\/api.w.org\/{rel}","templated":true}]}}