{"id":7870,"date":"2025-03-12T18:34:52","date_gmt":"2025-03-12T16:34:52","guid":{"rendered":"https:\/\/keluvo.com\/se\/product\/karaoke-maskin\/"},"modified":"2025-03-12T18:35:07","modified_gmt":"2025-03-12T16:35:07","slug":"karaoke-maskin","status":"publish","type":"product","link":"https:\/\/keluvo.com\/se\/product\/karaoke-maskin\/","title":{"rendered":"Karaoke-maskin"},"content":{"rendered":"<h2 style=\"text-align: center\"><strong>H\u00f6gkvalitativ Ljudprestanda<\/strong><\/h2>\n<p style=\"text-align: center\">Den b\u00e4rbara Bluetooth-karaokemaskinen K12 levererar professionellt ljud p\u00e5 KTV-niv\u00e5 med avancerad brusreducering och MP3-ljudavkodningsteknik. Utrustad med ett 4-k\u00e4rnigt AR-chip ger den kristallklar s\u00e5ng, eliminerar distorsion och f\u00f6rb\u00e4ttrar ljudets klarhet f\u00f6r en uppslukande s\u00e5ngupplevelse.<\/p>\n<p style=\"text-align: center\"><img decoding=\"async\" class=\"alignnone size-medium wp-image-8556\" src=\"https:\/\/keluvo.com\/template\/wp-content\/uploads\/sites\/5\/2025\/01\/S14f27eb9c5bb4a6d9d9b3d904d586d8be.jpeg\" alt=\"\" \/><\/p>\n<h2 style=\"text-align: center\"><strong>Dynamisk RGB-St\u00e4mningsbelysning<\/strong><\/h2>\n<p style=\"text-align: center\">H\u00f6j dina karaokesessioner med 5 justerbara LED-ljuseffekter som synkroniseras med din musik. Oavsett om det \u00e4r p\u00e5 en fest eller ett mysigt familjeevenemang skapar den f\u00e4rgglada belysningen en rolig och livlig atmosf\u00e4r. Ljuset kan enkelt justeras eller st\u00e4ngas av efter \u00f6nskem\u00e5l.<\/p>\n<p><img decoding=\"async\" class=\"alignnone size-medium wp-image-8552 aligncenter\" src=\"https:\/\/keluvo.com\/template\/wp-content\/uploads\/sites\/5\/2025\/01\/S1de8bf56c1e24eb4bd5d00208c3e4753Q.jpg_960x960q75.jpg_.jpeg\" alt=\"\" \/><\/p>\n","protected":false},"excerpt":{"rendered":"<p>H\u00f6gkvalitativ Ljudprestanda Den b\u00e4rbara Bluetooth-karaokemaskinen K12 levererar professionellt ljud p\u00e5 KTV-niv\u00e5 med avancerad brusreducering och MP3-ljudavkodningsteknik. Utrustad med ett 4-k\u00e4rnigt [&hellip;]<\/p>\n","protected":false},"featured_media":7866,"comment_status":"open","ping_status":"closed","template":"","meta":{"site-sidebar-layout":"default","site-content-layout":"","ast-site-content-layout":"default","site-content-style":"default","site-sidebar-style":"default","ast-global-header-display":"","ast-banner-title-visibility":"","ast-main-header-display":"","ast-hfb-above-header-display":"","ast-hfb-below-header-display":"","ast-hfb-mobile-header-display":"","site-post-title":"","ast-breadcrumbs-content":"","ast-featured-img":"","footer-sml-layout":"","theme-transparent-header-meta":"default","adv-header-id-meta":"","stick-header-meta":"","header-above-stick-meta":"","header-main-stick-meta":"","header-below-stick-meta":"","astra-migrate-meta-layouts":"set","ast-page-background-enabled":"default","ast-page-background-meta":{"desktop":{"background-color":"var(--ast-global-color-4)","background-image":"","background-repeat":"repeat","background-position":"center center","background-size":"auto","background-attachment":"scroll","background-type":"","background-media":"","overlay-type":"","overlay-color":"","overlay-opacity":"","overlay-gradient":""},"tablet":{"background-color":"","background-image":"","background-repeat":"repeat","background-position":"center center","background-size":"auto","background-attachment":"scroll","background-type":"","background-media":"","overlay-type":"","overlay-color":"","overlay-opacity":"","overlay-gradient":""},"mobile":{"background-color":"","background-image":"","background-repeat":"repeat","background-position":"center center","background-size":"auto","background-attachment":"scroll","background-type":"","background-media":"","overlay-type":"","overlay-color":"","overlay-opacity":"","overlay-gradient":""}},"ast-content-background-meta":{"desktop":{"background-color":"var(--ast-global-color-5)","background-image":"","background-repeat":"repeat","background-position":"center center","background-size":"auto","background-attachment":"scroll","background-type":"","background-media":"","overlay-type":"","overlay-color":"","overlay-opacity":"","overlay-gradient":""},"tablet":{"background-color":"var(--ast-global-color-5)","background-image":"","background-repeat":"repeat","background-position":"center center","background-size":"auto","background-attachment":"scroll","background-type":"","background-media":"","overlay-type":"","overlay-color":"","overlay-opacity":"","overlay-gradient":""},"mobile":{"background-color":"var(--ast-global-color-5)","background-image":"","background-repeat":"repeat","background-position":"center center","background-size":"auto","background-attachment":"scroll","background-type":"","background-media":"","overlay-type":"","overlay-color":"","overlay-opacity":"","overlay-gradient":""}}},"product_brand":[],"product_cat":[998],"product_tag":[],"class_list":{"0":"post-7870","1":"product","2":"type-product","3":"status-publish","4":"has-post-thumbnail","6":"product_cat-automotive-products","7":"pa_i4jz5od6-bla","8":"pa_i4jz5od6-rosa","9":"pa_i4jz5od6-vit","10":"desktop-align-left","11":"tablet-align-left","12":"mobile-align-left","14":"first","15":"instock","16":"shipping-taxable","17":"purchasable","18":"product-type-variable"},"_links":{"self":[{"href":"https:\/\/keluvo.com\/se\/wp-json\/wp\/v2\/product\/7870","targetHints":{"allow":["GET"]}}],"collection":[{"href":"https:\/\/keluvo.com\/se\/wp-json\/wp\/v2\/product"}],"about":[{"href":"https:\/\/keluvo.com\/se\/wp-json\/wp\/v2\/types\/product"}],"replies":[{"embeddable":true,"href":"https:\/\/keluvo.com\/se\/wp-json\/wp\/v2\/comments?post=7870"}],"wp:featuredmedia":[{"embeddable":true,"href":"https:\/\/keluvo.com\/se\/wp-json\/wp\/v2\/media\/7866"}],"wp:attachment":[{"href":"https:\/\/keluvo.com\/se\/wp-json\/wp\/v2\/media?parent=7870"}],"wp:term":[{"taxonomy":"product_brand","embeddable":true,"href":"https:\/\/keluvo.com\/se\/wp-json\/wp\/v2\/product_brand?post=7870"},{"taxonomy":"product_cat","embeddable":true,"href":"https:\/\/keluvo.com\/se\/wp-json\/wp\/v2\/product_cat?post=7870"},{"taxonomy":"product_tag","embeddable":true,"href":"https:\/\/keluvo.com\/se\/wp-json\/wp\/v2\/product_tag?post=7870"}],"curies":[{"name":"wp","href":"https:\/\/api.w.org\/{rel}","templated":true}]}}