{"id":7850,"date":"2025-03-12T18:32:10","date_gmt":"2025-03-12T16:32:10","guid":{"rendered":"https:\/\/keluvo.com\/se\/product\/fiskedrag\/"},"modified":"2025-03-12T18:32:32","modified_gmt":"2025-03-12T16:32:32","slug":"fiskedrag","status":"publish","type":"product","link":"https:\/\/keluvo.com\/se\/product\/fiskedrag\/","title":{"rendered":"Fiskedrag"},"content":{"rendered":"<h2 style=\"text-align: center\" data-start=\"0\" data-end=\"39\"><strong>Realistisk Design F\u00f6r B\u00e4ttre F\u00e5ngst<\/strong><\/h2>\n<p style=\"text-align: center\" data-start=\"40\" data-end=\"240\">Fiskedraget har en verklighetstrogen ankungeform med 3D-\u00f6gon. Detta realistiska utseende lockar fisk genom att efterlikna naturliga byten. Det \u00f6kar dina chanser till en lyckad f\u00e5ngst i b\u00e5de s\u00f6t- och saltvatten.<\/p>\n<p data-start=\"40\" data-end=\"240\"><img decoding=\"async\" class=\"alignnone size-medium wp-image-12180 aligncenter\" src=\"https:\/\/keluvo.com\/template\/wp-content\/uploads\/sites\/5\/2025\/03\/WhatsApp-Image-2025-03-11-at-22.27.05_4a27d17e.jpg\" alt=\"\" \/><\/p>\n<h2 style=\"text-align: center\" data-start=\"242\" data-end=\"274\"><strong>Smidig Och Livlig R\u00f6relse<\/strong><\/h2>\n<p style=\"text-align: center\" data-start=\"275\" data-end=\"486\">Designad med en propellersvans r\u00f6r sig fiskedraget naturligt i vattnet. Det skapar st\u00e4nk och vibrationer och f\u00e5ngar uppm\u00e4rksamheten hos fiskar i n\u00e4rheten. Detta g\u00f6r det till ett effektivt val f\u00f6r toppvattenfiske.<\/p>\n<p data-start=\"275\" data-end=\"486\"><img decoding=\"async\" class=\"alignnone size-medium wp-image-12181 aligncenter\" src=\"https:\/\/keluvo.com\/template\/wp-content\/uploads\/sites\/5\/2025\/03\/WhatsApp-Image-2025-03-11-at-22.27.05_a87045fd.jpg\" alt=\"\" \/><\/p>\n","protected":false},"excerpt":{"rendered":"<p>Realistisk Design F\u00f6r B\u00e4ttre F\u00e5ngst Fiskedraget har en verklighetstrogen ankungeform med 3D-\u00f6gon. Detta realistiska utseende lockar fisk genom att efterlikna [&hellip;]<\/p>\n","protected":false},"featured_media":7846,"comment_status":"open","ping_status":"closed","template":"","meta":{"site-sidebar-layout":"default","site-content-layout":"","ast-site-content-layout":"default","site-content-style":"default","site-sidebar-style":"default","ast-global-header-display":"","ast-banner-title-visibility":"","ast-main-header-display":"","ast-hfb-above-header-display":"","ast-hfb-below-header-display":"","ast-hfb-mobile-header-display":"","site-post-title":"","ast-breadcrumbs-content":"","ast-featured-img":"","footer-sml-layout":"","theme-transparent-header-meta":"default","adv-header-id-meta":"","stick-header-meta":"","header-above-stick-meta":"","header-main-stick-meta":"","header-below-stick-meta":"","astra-migrate-meta-layouts":"set","ast-page-background-enabled":"default","ast-page-background-meta":{"desktop":{"background-color":"var(--ast-global-color-4)","background-image":"","background-repeat":"repeat","background-position":"center center","background-size":"auto","background-attachment":"scroll","background-type":"","background-media":"","overlay-type":"","overlay-color":"","overlay-opacity":"","overlay-gradient":""},"tablet":{"background-color":"","background-image":"","background-repeat":"repeat","background-position":"center center","background-size":"auto","background-attachment":"scroll","background-type":"","background-media":"","overlay-type":"","overlay-color":"","overlay-opacity":"","overlay-gradient":""},"mobile":{"background-color":"","background-image":"","background-repeat":"repeat","background-position":"center center","background-size":"auto","background-attachment":"scroll","background-type":"","background-media":"","overlay-type":"","overlay-color":"","overlay-opacity":"","overlay-gradient":""}},"ast-content-background-meta":{"desktop":{"background-color":"var(--ast-global-color-5)","background-image":"","background-repeat":"repeat","background-position":"center center","background-size":"auto","background-attachment":"scroll","background-type":"","background-media":"","overlay-type":"","overlay-color":"","overlay-opacity":"","overlay-gradient":""},"tablet":{"background-color":"var(--ast-global-color-5)","background-image":"","background-repeat":"repeat","background-position":"center center","background-size":"auto","background-attachment":"scroll","background-type":"","background-media":"","overlay-type":"","overlay-color":"","overlay-opacity":"","overlay-gradient":""},"mobile":{"background-color":"var(--ast-global-color-5)","background-image":"","background-repeat":"repeat","background-position":"center center","background-size":"auto","background-attachment":"scroll","background-type":"","background-media":"","overlay-type":"","overlay-color":"","overlay-opacity":"","overlay-gradient":""}}},"product_brand":[],"product_cat":[993],"product_tag":[],"class_list":{"0":"post-7850","1":"product","2":"type-product","3":"status-publish","4":"has-post-thumbnail","6":"product_cat-footwear-accessories","7":"pa_kumug5ed-gra","8":"pa_kumug5ed-gron","9":"pa_kumug5ed-gul","10":"pa_kumug5ed-svart","11":"pa_kumug5ed-vit","12":"desktop-align-left","13":"tablet-align-left","14":"mobile-align-left","16":"first","17":"instock","18":"shipping-taxable","19":"purchasable","20":"product-type-variable"},"_links":{"self":[{"href":"https:\/\/keluvo.com\/se\/wp-json\/wp\/v2\/product\/7850","targetHints":{"allow":["GET"]}}],"collection":[{"href":"https:\/\/keluvo.com\/se\/wp-json\/wp\/v2\/product"}],"about":[{"href":"https:\/\/keluvo.com\/se\/wp-json\/wp\/v2\/types\/product"}],"replies":[{"embeddable":true,"href":"https:\/\/keluvo.com\/se\/wp-json\/wp\/v2\/comments?post=7850"}],"wp:featuredmedia":[{"embeddable":true,"href":"https:\/\/keluvo.com\/se\/wp-json\/wp\/v2\/media\/7846"}],"wp:attachment":[{"href":"https:\/\/keluvo.com\/se\/wp-json\/wp\/v2\/media?parent=7850"}],"wp:term":[{"taxonomy":"product_brand","embeddable":true,"href":"https:\/\/keluvo.com\/se\/wp-json\/wp\/v2\/product_brand?post=7850"},{"taxonomy":"product_cat","embeddable":true,"href":"https:\/\/keluvo.com\/se\/wp-json\/wp\/v2\/product_cat?post=7850"},{"taxonomy":"product_tag","embeddable":true,"href":"https:\/\/keluvo.com\/se\/wp-json\/wp\/v2\/product_tag?post=7850"}],"curies":[{"name":"wp","href":"https:\/\/api.w.org\/{rel}","templated":true}]}}