{"id":7829,"date":"2025-03-12T18:30:08","date_gmt":"2025-03-12T16:30:08","guid":{"rendered":"https:\/\/keluvo.com\/se\/product\/avloppsstall-for-diskbank\/"},"modified":"2025-03-12T18:30:58","modified_gmt":"2025-03-12T16:30:58","slug":"avloppsstall-for-diskbank","status":"publish","type":"product","link":"https:\/\/keluvo.com\/se\/product\/avloppsstall-for-diskbank\/","title":{"rendered":"Avloppsst\u00e4ll f\u00f6r diskb\u00e4nk"},"content":{"rendered":"<h2 style=\"text-align: center\" data-start=\"0\" data-end=\"31\"><strong>Starkt Och Rostbest\u00e4ndigt<\/strong><\/h2>\n<p style=\"text-align: center\" data-start=\"32\" data-end=\"218\">Diskb\u00e4nksavrinningsst\u00e4llet \u00e4r tillverkat av rostfritt st\u00e5l, vilket g\u00f6r det starkt och l\u00e5ngvarigt. Det motst\u00e5r rost, \u00e4ven i v\u00e5ta k\u00f6ksf\u00f6rh\u00e5llanden. Detta s\u00e4kerst\u00e4ller en p\u00e5litlig och h\u00e5llbar torkningsl\u00f6sning.<\/p>\n<p data-start=\"32\" data-end=\"218\"><img decoding=\"async\" class=\"alignnone size-medium wp-image-12169 aligncenter\" src=\"https:\/\/keluvo.com\/template\/wp-content\/uploads\/sites\/5\/2025\/03\/Se229d8b4f0cc41bea1280818bfea52c2C.jpeg\" alt=\"\" \/><\/p>\n<h2 style=\"text-align: center\" data-start=\"220\" data-end=\"251\"><strong>Vikbar F\u00f6r Enkel F\u00f6rvaring<\/strong><\/h2>\n<p style=\"text-align: center\" data-start=\"252\" data-end=\"425\">Detta diskb\u00e4nksavloppsstativ kan vikas n\u00e4r det inte anv\u00e4nds. Det tar upp lite utrymme, vilket g\u00f6r det perfekt f\u00f6r sm\u00e5 k\u00f6k. Rulla helt enkelt ihop det och f\u00f6rvara det i en l\u00e5da n\u00e4r det beh\u00f6vs.<\/p>\n<p data-start=\"252\" data-end=\"425\"><img decoding=\"async\" class=\"alignnone size-medium wp-image-12163 aligncenter\" src=\"https:\/\/keluvo.com\/template\/wp-content\/uploads\/sites\/5\/2025\/03\/S1d1ce5d9812e46b88d33436fb12327084.jpeg\" alt=\"\" \/><\/p>\n","protected":false},"excerpt":{"rendered":"<p>Starkt Och Rostbest\u00e4ndigt Diskb\u00e4nksavrinningsst\u00e4llet \u00e4r tillverkat av rostfritt st\u00e5l, vilket g\u00f6r det starkt och l\u00e5ngvarigt. Det motst\u00e5r rost, \u00e4ven i [&hellip;]<\/p>\n","protected":false},"featured_media":7825,"comment_status":"open","ping_status":"closed","template":"","meta":{"site-sidebar-layout":"default","site-content-layout":"","ast-site-content-layout":"default","site-content-style":"default","site-sidebar-style":"default","ast-global-header-display":"","ast-banner-title-visibility":"","ast-main-header-display":"","ast-hfb-above-header-display":"","ast-hfb-below-header-display":"","ast-hfb-mobile-header-display":"","site-post-title":"","ast-breadcrumbs-content":"","ast-featured-img":"","footer-sml-layout":"","theme-transparent-header-meta":"default","adv-header-id-meta":"","stick-header-meta":"","header-above-stick-meta":"","header-main-stick-meta":"","header-below-stick-meta":"","astra-migrate-meta-layouts":"set","ast-page-background-enabled":"default","ast-page-background-meta":{"desktop":{"background-color":"var(--ast-global-color-4)","background-image":"","background-repeat":"repeat","background-position":"center center","background-size":"auto","background-attachment":"scroll","background-type":"","background-media":"","overlay-type":"","overlay-color":"","overlay-opacity":"","overlay-gradient":""},"tablet":{"background-color":"","background-image":"","background-repeat":"repeat","background-position":"center center","background-size":"auto","background-attachment":"scroll","background-type":"","background-media":"","overlay-type":"","overlay-color":"","overlay-opacity":"","overlay-gradient":""},"mobile":{"background-color":"","background-image":"","background-repeat":"repeat","background-position":"center center","background-size":"auto","background-attachment":"scroll","background-type":"","background-media":"","overlay-type":"","overlay-color":"","overlay-opacity":"","overlay-gradient":""}},"ast-content-background-meta":{"desktop":{"background-color":"var(--ast-global-color-5)","background-image":"","background-repeat":"repeat","background-position":"center center","background-size":"auto","background-attachment":"scroll","background-type":"","background-media":"","overlay-type":"","overlay-color":"","overlay-opacity":"","overlay-gradient":""},"tablet":{"background-color":"var(--ast-global-color-5)","background-image":"","background-repeat":"repeat","background-position":"center center","background-size":"auto","background-attachment":"scroll","background-type":"","background-media":"","overlay-type":"","overlay-color":"","overlay-opacity":"","overlay-gradient":""},"mobile":{"background-color":"var(--ast-global-color-5)","background-image":"","background-repeat":"repeat","background-position":"center center","background-size":"auto","background-attachment":"scroll","background-type":"","background-media":"","overlay-type":"","overlay-color":"","overlay-opacity":"","overlay-gradient":""}}},"product_brand":[],"product_cat":[993],"product_tag":[],"class_list":{"0":"post-7829","1":"product","2":"type-product","3":"status-publish","4":"has-post-thumbnail","6":"product_cat-footwear-accessories","7":"pa_gr9lhu6t-22x37cm","8":"pa_gr9lhu6t-22x47cm","9":"pa_gr9lhu6t-28x37cm","10":"pa_gr9lhu6t-28x47cm","11":"pa_w69eigrb-gron","12":"pa_w69eigrb-svart","13":"desktop-align-left","14":"tablet-align-left","15":"mobile-align-left","17":"first","18":"instock","19":"shipping-taxable","20":"purchasable","21":"product-type-variable"},"_links":{"self":[{"href":"https:\/\/keluvo.com\/se\/wp-json\/wp\/v2\/product\/7829","targetHints":{"allow":["GET"]}}],"collection":[{"href":"https:\/\/keluvo.com\/se\/wp-json\/wp\/v2\/product"}],"about":[{"href":"https:\/\/keluvo.com\/se\/wp-json\/wp\/v2\/types\/product"}],"replies":[{"embeddable":true,"href":"https:\/\/keluvo.com\/se\/wp-json\/wp\/v2\/comments?post=7829"}],"wp:featuredmedia":[{"embeddable":true,"href":"https:\/\/keluvo.com\/se\/wp-json\/wp\/v2\/media\/7825"}],"wp:attachment":[{"href":"https:\/\/keluvo.com\/se\/wp-json\/wp\/v2\/media?parent=7829"}],"wp:term":[{"taxonomy":"product_brand","embeddable":true,"href":"https:\/\/keluvo.com\/se\/wp-json\/wp\/v2\/product_brand?post=7829"},{"taxonomy":"product_cat","embeddable":true,"href":"https:\/\/keluvo.com\/se\/wp-json\/wp\/v2\/product_cat?post=7829"},{"taxonomy":"product_tag","embeddable":true,"href":"https:\/\/keluvo.com\/se\/wp-json\/wp\/v2\/product_tag?post=7829"}],"curies":[{"name":"wp","href":"https:\/\/api.w.org\/{rel}","templated":true}]}}