{"id":7807,"date":"2025-03-12T18:26:38","date_gmt":"2025-03-12T16:26:38","guid":{"rendered":"https:\/\/keluvo.com\/se\/product\/form-for-isbitar\/"},"modified":"2025-03-12T18:27:09","modified_gmt":"2025-03-12T16:27:09","slug":"form-for-isbitar","status":"publish","type":"product","link":"https:\/\/keluvo.com\/se\/product\/form-for-isbitar\/","title":{"rendered":"Form f\u00f6r isbitar"},"content":{"rendered":"<h2 style=\"text-align: center\" data-start=\"0\" data-end=\"26\"><strong>G\u00f6r Unika Isb\u00e4gare<\/strong><\/h2>\n<p style=\"text-align: center\" data-start=\"27\" data-end=\"239\">Iskubsformen skapar roliga och kreativa isb\u00e4gare som h\u00e5ller dina drycker kalla l\u00e4ngre. Dessa isb\u00e4gare \u00e4r perfekta f\u00f6r whisky, cocktails och andra kalla drycker och ger en speciell touch till alla fester och sammankomster.<\/p>\n<p data-start=\"27\" data-end=\"239\"><img decoding=\"async\" class=\"alignnone size-medium wp-image-12100 aligncenter\" src=\"https:\/\/keluvo.com\/template\/wp-content\/uploads\/sites\/5\/2025\/03\/Saeff77bea97d41e3a007e082d8af644bW.jpeg\" alt=\"\" \/><\/p>\n<h2 style=\"text-align: center\" data-start=\"241\" data-end=\"271\"><strong>Flexibel Och Enkel Att Anv\u00e4nda<\/strong><\/h2>\n<p style=\"text-align: center\" data-start=\"272\" data-end=\"486\">Iskubsformen \u00e4r tillverkad av mjuk silikon och \u00e4r l\u00e4tt att fylla och ta bort. Det flexibla materialet s\u00e4kerst\u00e4ller att iskopparna smidigt kommer ut utan att g\u00e5 s\u00f6nder, vilket g\u00f6r det enkelt att skapa perfekta frysta koppar varje g\u00e5ng.<\/p>\n<p data-start=\"272\" data-end=\"486\"><img decoding=\"async\" class=\"alignnone size-medium wp-image-12096 aligncenter\" src=\"https:\/\/keluvo.com\/template\/wp-content\/uploads\/sites\/5\/2025\/03\/bbc5715f-71da-4955-a498-67dd8e3afa6a.webp\" alt=\"\" \/><\/p>\n","protected":false},"excerpt":{"rendered":"<p>G\u00f6r Unika Isb\u00e4gare Iskubsformen skapar roliga och kreativa isb\u00e4gare som h\u00e5ller dina drycker kalla l\u00e4ngre. Dessa isb\u00e4gare \u00e4r perfekta f\u00f6r [&hellip;]<\/p>\n","protected":false},"featured_media":7803,"comment_status":"open","ping_status":"closed","template":"","meta":{"site-sidebar-layout":"default","site-content-layout":"","ast-site-content-layout":"default","site-content-style":"default","site-sidebar-style":"default","ast-global-header-display":"","ast-banner-title-visibility":"","ast-main-header-display":"","ast-hfb-above-header-display":"","ast-hfb-below-header-display":"","ast-hfb-mobile-header-display":"","site-post-title":"","ast-breadcrumbs-content":"","ast-featured-img":"","footer-sml-layout":"","theme-transparent-header-meta":"default","adv-header-id-meta":"","stick-header-meta":"","header-above-stick-meta":"","header-main-stick-meta":"","header-below-stick-meta":"","astra-migrate-meta-layouts":"set","ast-page-background-enabled":"default","ast-page-background-meta":{"desktop":{"background-color":"var(--ast-global-color-4)","background-image":"","background-repeat":"repeat","background-position":"center center","background-size":"auto","background-attachment":"scroll","background-type":"","background-media":"","overlay-type":"","overlay-color":"","overlay-opacity":"","overlay-gradient":""},"tablet":{"background-color":"","background-image":"","background-repeat":"repeat","background-position":"center center","background-size":"auto","background-attachment":"scroll","background-type":"","background-media":"","overlay-type":"","overlay-color":"","overlay-opacity":"","overlay-gradient":""},"mobile":{"background-color":"","background-image":"","background-repeat":"repeat","background-position":"center center","background-size":"auto","background-attachment":"scroll","background-type":"","background-media":"","overlay-type":"","overlay-color":"","overlay-opacity":"","overlay-gradient":""}},"ast-content-background-meta":{"desktop":{"background-color":"var(--ast-global-color-5)","background-image":"","background-repeat":"repeat","background-position":"center center","background-size":"auto","background-attachment":"scroll","background-type":"","background-media":"","overlay-type":"","overlay-color":"","overlay-opacity":"","overlay-gradient":""},"tablet":{"background-color":"var(--ast-global-color-5)","background-image":"","background-repeat":"repeat","background-position":"center center","background-size":"auto","background-attachment":"scroll","background-type":"","background-media":"","overlay-type":"","overlay-color":"","overlay-opacity":"","overlay-gradient":""},"mobile":{"background-color":"var(--ast-global-color-5)","background-image":"","background-repeat":"repeat","background-position":"center center","background-size":"auto","background-attachment":"scroll","background-type":"","background-media":"","overlay-type":"","overlay-color":"","overlay-opacity":"","overlay-gradient":""}}},"product_brand":[],"product_cat":[993],"product_tag":[],"class_list":{"0":"post-7807","1":"product","2":"type-product","3":"status-publish","4":"has-post-thumbnail","6":"product_cat-footwear-accessories","7":"pa_vo5yorbf-bla","8":"pa_vo5yorbf-elfenben","9":"pa_vo5yorbf-rod","10":"pa_vo5yorbf-svart","11":"desktop-align-left","12":"tablet-align-left","13":"mobile-align-left","15":"first","16":"instock","17":"shipping-taxable","18":"purchasable","19":"product-type-variable"},"_links":{"self":[{"href":"https:\/\/keluvo.com\/se\/wp-json\/wp\/v2\/product\/7807","targetHints":{"allow":["GET"]}}],"collection":[{"href":"https:\/\/keluvo.com\/se\/wp-json\/wp\/v2\/product"}],"about":[{"href":"https:\/\/keluvo.com\/se\/wp-json\/wp\/v2\/types\/product"}],"replies":[{"embeddable":true,"href":"https:\/\/keluvo.com\/se\/wp-json\/wp\/v2\/comments?post=7807"}],"wp:featuredmedia":[{"embeddable":true,"href":"https:\/\/keluvo.com\/se\/wp-json\/wp\/v2\/media\/7803"}],"wp:attachment":[{"href":"https:\/\/keluvo.com\/se\/wp-json\/wp\/v2\/media?parent=7807"}],"wp:term":[{"taxonomy":"product_brand","embeddable":true,"href":"https:\/\/keluvo.com\/se\/wp-json\/wp\/v2\/product_brand?post=7807"},{"taxonomy":"product_cat","embeddable":true,"href":"https:\/\/keluvo.com\/se\/wp-json\/wp\/v2\/product_cat?post=7807"},{"taxonomy":"product_tag","embeddable":true,"href":"https:\/\/keluvo.com\/se\/wp-json\/wp\/v2\/product_tag?post=7807"}],"curies":[{"name":"wp","href":"https:\/\/api.w.org\/{rel}","templated":true}]}}