{"id":7758,"date":"2025-03-11T21:02:14","date_gmt":"2025-03-11T19:02:14","guid":{"rendered":"https:\/\/keluvo.com\/se\/product\/babyflotte\/"},"modified":"2025-03-11T21:02:25","modified_gmt":"2025-03-11T19:02:25","slug":"babyflotte","status":"publish","type":"product","link":"https:\/\/keluvo.com\/se\/product\/babyflotte\/","title":{"rendered":"Babyflotte"},"content":{"rendered":"<h2 style=\"text-align: center\" data-start=\"226\" data-end=\"263\"><strong>Mjukt Och Hudv\u00e4nligt Material<\/strong><\/h2>\n<p style=\"text-align: center\" data-start=\"264\" data-end=\"468\">Tillverkad med premium PU- och TPU-tyg \u00e4r babyflott\u00f6ren mjuk, andas och skonsam mot ditt barns hud. Materialet torkar snabbt och motst\u00e5r bakterier, vilket h\u00e5ller den ren och bekv\u00e4m f\u00f6r varje simtur.<\/p>\n<p data-start=\"264\" data-end=\"468\"><img decoding=\"async\" class=\"alignnone size-medium wp-image-12078 aligncenter\" src=\"https:\/\/keluvo.com\/template\/wp-content\/uploads\/sites\/5\/2025\/03\/Sefd7ed40af564e6f9ffeb2a46446dee7n.jpg_960x960q75.jpg_.jpeg\" alt=\"\" \/><\/p>\n<h2 style=\"text-align: center\" data-start=\"470\" data-end=\"501\"><strong>S\u00e4ker Och Justerbar Passform<\/strong><\/h2>\n<p style=\"text-align: center\" data-start=\"502\" data-end=\"723\" data-is-last-node=\"\" data-is-only-node=\"\">Babyflotten har ett uppgraderat s\u00e4kerhetssp\u00e4nne med fem st\u00f6dpunkter f\u00f6r att h\u00e5lla ditt barn balanserat. De justerbara remmarna ger en t\u00e4t och s\u00e4ker passform, s\u00e5 att ditt barn kan r\u00f6ra sig fritt samtidigt som det \u00e4r s\u00e4kert i vattnet.<\/p>\n<p data-start=\"502\" data-end=\"723\" data-is-last-node=\"\" data-is-only-node=\"\"><img decoding=\"async\" class=\"alignnone size-medium wp-image-12080 aligncenter\" src=\"https:\/\/keluvo.com\/template\/wp-content\/uploads\/sites\/5\/2025\/03\/Sfa4b6390e56041188f90804eaf3bdae2J.jpeg\" alt=\"\" \/><\/p>\n","protected":false},"excerpt":{"rendered":"<p>Mjukt Och Hudv\u00e4nligt Material Tillverkad med premium PU- och TPU-tyg \u00e4r babyflott\u00f6ren mjuk, andas och skonsam mot ditt barns hud. [&hellip;]<\/p>\n","protected":false},"featured_media":7754,"comment_status":"open","ping_status":"closed","template":"","meta":{"site-sidebar-layout":"default","site-content-layout":"","ast-site-content-layout":"default","site-content-style":"default","site-sidebar-style":"default","ast-global-header-display":"","ast-banner-title-visibility":"","ast-main-header-display":"","ast-hfb-above-header-display":"","ast-hfb-below-header-display":"","ast-hfb-mobile-header-display":"","site-post-title":"","ast-breadcrumbs-content":"","ast-featured-img":"","footer-sml-layout":"","theme-transparent-header-meta":"default","adv-header-id-meta":"","stick-header-meta":"","header-above-stick-meta":"","header-main-stick-meta":"","header-below-stick-meta":"","astra-migrate-meta-layouts":"set","ast-page-background-enabled":"default","ast-page-background-meta":{"desktop":{"background-color":"var(--ast-global-color-4)","background-image":"","background-repeat":"repeat","background-position":"center center","background-size":"auto","background-attachment":"scroll","background-type":"","background-media":"","overlay-type":"","overlay-color":"","overlay-opacity":"","overlay-gradient":""},"tablet":{"background-color":"","background-image":"","background-repeat":"repeat","background-position":"center center","background-size":"auto","background-attachment":"scroll","background-type":"","background-media":"","overlay-type":"","overlay-color":"","overlay-opacity":"","overlay-gradient":""},"mobile":{"background-color":"","background-image":"","background-repeat":"repeat","background-position":"center center","background-size":"auto","background-attachment":"scroll","background-type":"","background-media":"","overlay-type":"","overlay-color":"","overlay-opacity":"","overlay-gradient":""}},"ast-content-background-meta":{"desktop":{"background-color":"var(--ast-global-color-5)","background-image":"","background-repeat":"repeat","background-position":"center center","background-size":"auto","background-attachment":"scroll","background-type":"","background-media":"","overlay-type":"","overlay-color":"","overlay-opacity":"","overlay-gradient":""},"tablet":{"background-color":"var(--ast-global-color-5)","background-image":"","background-repeat":"repeat","background-position":"center center","background-size":"auto","background-attachment":"scroll","background-type":"","background-media":"","overlay-type":"","overlay-color":"","overlay-opacity":"","overlay-gradient":""},"mobile":{"background-color":"var(--ast-global-color-5)","background-image":"","background-repeat":"repeat","background-position":"center center","background-size":"auto","background-attachment":"scroll","background-type":"","background-media":"","overlay-type":"","overlay-color":"","overlay-opacity":"","overlay-gradient":""}}},"product_brand":[],"product_cat":[990],"product_tag":[],"class_list":{"0":"post-7758","1":"product","2":"type-product","3":"status-publish","4":"has-post-thumbnail","6":"product_cat-toys-childrens-and-baby-products","7":"pa_q50humr7-bla","8":"pa_q50humr7-gron","9":"pa_q50humr7-rosa","10":"desktop-align-left","11":"tablet-align-left","12":"mobile-align-left","14":"first","15":"instock","16":"shipping-taxable","17":"purchasable","18":"product-type-variable"},"_links":{"self":[{"href":"https:\/\/keluvo.com\/se\/wp-json\/wp\/v2\/product\/7758","targetHints":{"allow":["GET"]}}],"collection":[{"href":"https:\/\/keluvo.com\/se\/wp-json\/wp\/v2\/product"}],"about":[{"href":"https:\/\/keluvo.com\/se\/wp-json\/wp\/v2\/types\/product"}],"replies":[{"embeddable":true,"href":"https:\/\/keluvo.com\/se\/wp-json\/wp\/v2\/comments?post=7758"}],"wp:featuredmedia":[{"embeddable":true,"href":"https:\/\/keluvo.com\/se\/wp-json\/wp\/v2\/media\/7754"}],"wp:attachment":[{"href":"https:\/\/keluvo.com\/se\/wp-json\/wp\/v2\/media?parent=7758"}],"wp:term":[{"taxonomy":"product_brand","embeddable":true,"href":"https:\/\/keluvo.com\/se\/wp-json\/wp\/v2\/product_brand?post=7758"},{"taxonomy":"product_cat","embeddable":true,"href":"https:\/\/keluvo.com\/se\/wp-json\/wp\/v2\/product_cat?post=7758"},{"taxonomy":"product_tag","embeddable":true,"href":"https:\/\/keluvo.com\/se\/wp-json\/wp\/v2\/product_tag?post=7758"}],"curies":[{"name":"wp","href":"https:\/\/api.w.org\/{rel}","templated":true}]}}