{"id":7735,"date":"2025-03-11T20:57:24","date_gmt":"2025-03-11T18:57:24","guid":{"rendered":"https:\/\/keluvo.com\/se\/product\/bestickset\/"},"modified":"2025-03-11T20:57:40","modified_gmt":"2025-03-11T18:57:40","slug":"bestickset","status":"publish","type":"product","link":"https:\/\/keluvo.com\/se\/product\/bestickset\/","title":{"rendered":"Bestickset"},"content":{"rendered":"<h2 style=\"text-align: center\" data-start=\"0\" data-end=\"33\"><strong>Starkt Och H\u00e5llbart Material<\/strong><\/h2>\n<p style=\"text-align: center\" data-start=\"34\" data-end=\"205\">Bestickssatsen \u00e4r tillverkad av h\u00f6gkvalitativt rostfritt st\u00e5l. Det \u00e4r starkt, rostbest\u00e4ndigt och h\u00e5ller l\u00e4nge. Du kan anv\u00e4nda det dagligen utan att oroa dig f\u00f6r skador eller slitage.<\/p>\n<p data-start=\"34\" data-end=\"205\"><img decoding=\"async\" class=\"alignnone size-medium wp-image-12050 aligncenter\" src=\"https:\/\/keluvo.com\/template\/wp-content\/uploads\/sites\/5\/2025\/03\/79cd3634-d5cb-4747-bdee-90195f4ef473.webp\" alt=\"\" \/><\/p>\n<h2 style=\"text-align: center\" data-start=\"207\" data-end=\"234\"><strong>L\u00e4tt Att Reng\u00f6ra Och Anv\u00e4nda<\/strong><\/h2>\n<p style=\"text-align: center\" data-start=\"235\" data-end=\"415\">Detta set \u00e4r enkelt att reng\u00f6ra och f\u00f6rblir gl\u00e4nsande efter tv\u00e4tt. Den sl\u00e4ta designen g\u00f6r den bekv\u00e4m att h\u00e5lla och l\u00e4tt att anv\u00e4nda. Det \u00e4r perfekt f\u00f6r vardagliga m\u00e5ltider och speciella tillf\u00e4llen.<\/p>\n<p data-start=\"235\" data-end=\"415\"><img decoding=\"async\" class=\"alignnone size-medium wp-image-12061 aligncenter\" src=\"https:\/\/keluvo.com\/template\/wp-content\/uploads\/sites\/5\/2025\/03\/Hfdda3c635f7049bc9cf4d18afb2c90d2J.jpg_960x960q75.jpg_.jpeg\" alt=\"\" \/><\/p>\n","protected":false},"excerpt":{"rendered":"<p>Starkt Och H\u00e5llbart Material Bestickssatsen \u00e4r tillverkad av h\u00f6gkvalitativt rostfritt st\u00e5l. Det \u00e4r starkt, rostbest\u00e4ndigt och h\u00e5ller l\u00e4nge. Du kan [&hellip;]<\/p>\n","protected":false},"featured_media":7731,"comment_status":"open","ping_status":"closed","template":"","meta":{"site-sidebar-layout":"default","site-content-layout":"","ast-site-content-layout":"default","site-content-style":"default","site-sidebar-style":"default","ast-global-header-display":"","ast-banner-title-visibility":"","ast-main-header-display":"","ast-hfb-above-header-display":"","ast-hfb-below-header-display":"","ast-hfb-mobile-header-display":"","site-post-title":"","ast-breadcrumbs-content":"","ast-featured-img":"","footer-sml-layout":"","theme-transparent-header-meta":"default","adv-header-id-meta":"","stick-header-meta":"","header-above-stick-meta":"","header-main-stick-meta":"","header-below-stick-meta":"","astra-migrate-meta-layouts":"set","ast-page-background-enabled":"default","ast-page-background-meta":{"desktop":{"background-color":"var(--ast-global-color-4)","background-image":"","background-repeat":"repeat","background-position":"center center","background-size":"auto","background-attachment":"scroll","background-type":"","background-media":"","overlay-type":"","overlay-color":"","overlay-opacity":"","overlay-gradient":""},"tablet":{"background-color":"","background-image":"","background-repeat":"repeat","background-position":"center center","background-size":"auto","background-attachment":"scroll","background-type":"","background-media":"","overlay-type":"","overlay-color":"","overlay-opacity":"","overlay-gradient":""},"mobile":{"background-color":"","background-image":"","background-repeat":"repeat","background-position":"center center","background-size":"auto","background-attachment":"scroll","background-type":"","background-media":"","overlay-type":"","overlay-color":"","overlay-opacity":"","overlay-gradient":""}},"ast-content-background-meta":{"desktop":{"background-color":"var(--ast-global-color-5)","background-image":"","background-repeat":"repeat","background-position":"center center","background-size":"auto","background-attachment":"scroll","background-type":"","background-media":"","overlay-type":"","overlay-color":"","overlay-opacity":"","overlay-gradient":""},"tablet":{"background-color":"var(--ast-global-color-5)","background-image":"","background-repeat":"repeat","background-position":"center center","background-size":"auto","background-attachment":"scroll","background-type":"","background-media":"","overlay-type":"","overlay-color":"","overlay-opacity":"","overlay-gradient":""},"mobile":{"background-color":"var(--ast-global-color-5)","background-image":"","background-repeat":"repeat","background-position":"center center","background-size":"auto","background-attachment":"scroll","background-type":"","background-media":"","overlay-type":"","overlay-color":"","overlay-opacity":"","overlay-gradient":""}}},"product_brand":[],"product_cat":[1001],"product_tag":[],"class_list":{"0":"post-7735","1":"product","2":"type-product","3":"status-publish","4":"has-post-thumbnail","6":"product_cat-household-goods","7":"pa_hgo7yrgp-guld","8":"pa_hgo7yrgp-silver","9":"desktop-align-left","10":"tablet-align-left","11":"mobile-align-left","13":"first","14":"instock","15":"shipping-taxable","16":"purchasable","17":"product-type-variable"},"_links":{"self":[{"href":"https:\/\/keluvo.com\/se\/wp-json\/wp\/v2\/product\/7735","targetHints":{"allow":["GET"]}}],"collection":[{"href":"https:\/\/keluvo.com\/se\/wp-json\/wp\/v2\/product"}],"about":[{"href":"https:\/\/keluvo.com\/se\/wp-json\/wp\/v2\/types\/product"}],"replies":[{"embeddable":true,"href":"https:\/\/keluvo.com\/se\/wp-json\/wp\/v2\/comments?post=7735"}],"wp:featuredmedia":[{"embeddable":true,"href":"https:\/\/keluvo.com\/se\/wp-json\/wp\/v2\/media\/7731"}],"wp:attachment":[{"href":"https:\/\/keluvo.com\/se\/wp-json\/wp\/v2\/media?parent=7735"}],"wp:term":[{"taxonomy":"product_brand","embeddable":true,"href":"https:\/\/keluvo.com\/se\/wp-json\/wp\/v2\/product_brand?post=7735"},{"taxonomy":"product_cat","embeddable":true,"href":"https:\/\/keluvo.com\/se\/wp-json\/wp\/v2\/product_cat?post=7735"},{"taxonomy":"product_tag","embeddable":true,"href":"https:\/\/keluvo.com\/se\/wp-json\/wp\/v2\/product_tag?post=7735"}],"curies":[{"name":"wp","href":"https:\/\/api.w.org\/{rel}","templated":true}]}}