{"id":7726,"date":"2025-03-11T20:55:52","date_gmt":"2025-03-11T18:55:52","guid":{"rendered":"https:\/\/keluvo.com\/se\/product\/skarpare-for-motorsag\/"},"modified":"2025-03-11T20:55:59","modified_gmt":"2025-03-11T18:55:59","slug":"skarpare-for-motorsag","status":"publish","type":"product","link":"https:\/\/keluvo.com\/se\/product\/skarpare-for-motorsag\/","title":{"rendered":"Sk\u00e4rpare f\u00f6r motors\u00e5g"},"content":{"rendered":"<h2 style=\"text-align: center\" data-start=\"0\" data-end=\"33\"><strong>Sk\u00e4rper Din Motors\u00e5g Snabbt<\/strong><\/h2>\n<p style=\"text-align: center\" data-start=\"34\" data-end=\"227\">Kedjes\u00e5gsslipen hj\u00e4lper dig att g\u00f6ra din motors\u00e5g vass igen p\u00e5 nolltid. Det g\u00f6r ditt arbete enklare och sparar tid. Med bara n\u00e5gra enkla steg kan du f\u00e5 din motors\u00e5g redo att anv\u00e4ndas.<\/p>\n<p style=\"text-align: center\" data-start=\"34\" data-end=\"227\"><img decoding=\"async\" class=\"alignnone size-medium wp-image-11997\" src=\"https:\/\/keluvo.com\/template\/wp-content\/uploads\/sites\/5\/2025\/03\/12de5ce4-f362-4fb7-bc62-ea6a28c81a33.webp\" alt=\"\" \/><\/p>\n<h2 style=\"text-align: center\" data-start=\"444\" data-end=\"473\"><strong>Stark Och L\u00e5ngvarig<\/strong><\/h2>\n<p style=\"text-align: center\" data-start=\"474\" data-end=\"667\" data-is-last-node=\"\" data-is-only-node=\"\">Tillverkad av starkt rostfritt st\u00e5l och legering \u00e4r motors\u00e5gsv\u00e4ssaren byggd f\u00f6r att h\u00e5lla. Den h\u00e5ller sig i gott skick \u00e4ven efter m\u00e5nga anv\u00e4ndningar. Du kan lita p\u00e5 att den h\u00e5ller din motors\u00e5g skarp under l\u00e5ng tid.<\/p>\n<p style=\"text-align: center\" data-start=\"474\" data-end=\"667\" data-is-last-node=\"\" data-is-only-node=\"\"><img decoding=\"async\" class=\"alignnone size-medium wp-image-11999\" src=\"https:\/\/keluvo.com\/template\/wp-content\/uploads\/sites\/5\/2025\/03\/S71817c9f5d7749558a16e96ebaf897a0l.jpg_960x960q75.jpg_.jpeg\" alt=\"\" \/><\/p>\n","protected":false},"excerpt":{"rendered":"<p>Sk\u00e4rper Din Motors\u00e5g Snabbt Kedjes\u00e5gsslipen hj\u00e4lper dig att g\u00f6ra din motors\u00e5g vass igen p\u00e5 nolltid. Det g\u00f6r ditt arbete enklare [&hellip;]<\/p>\n","protected":false},"featured_media":7722,"comment_status":"open","ping_status":"closed","template":"","meta":{"site-sidebar-layout":"default","site-content-layout":"","ast-site-content-layout":"default","site-content-style":"default","site-sidebar-style":"default","ast-global-header-display":"","ast-banner-title-visibility":"","ast-main-header-display":"","ast-hfb-above-header-display":"","ast-hfb-below-header-display":"","ast-hfb-mobile-header-display":"","site-post-title":"","ast-breadcrumbs-content":"","ast-featured-img":"","footer-sml-layout":"","theme-transparent-header-meta":"default","adv-header-id-meta":"","stick-header-meta":"","header-above-stick-meta":"","header-main-stick-meta":"","header-below-stick-meta":"","astra-migrate-meta-layouts":"set","ast-page-background-enabled":"default","ast-page-background-meta":{"desktop":{"background-color":"var(--ast-global-color-4)","background-image":"","background-repeat":"repeat","background-position":"center center","background-size":"auto","background-attachment":"scroll","background-type":"","background-media":"","overlay-type":"","overlay-color":"","overlay-opacity":"","overlay-gradient":""},"tablet":{"background-color":"","background-image":"","background-repeat":"repeat","background-position":"center center","background-size":"auto","background-attachment":"scroll","background-type":"","background-media":"","overlay-type":"","overlay-color":"","overlay-opacity":"","overlay-gradient":""},"mobile":{"background-color":"","background-image":"","background-repeat":"repeat","background-position":"center center","background-size":"auto","background-attachment":"scroll","background-type":"","background-media":"","overlay-type":"","overlay-color":"","overlay-opacity":"","overlay-gradient":""}},"ast-content-background-meta":{"desktop":{"background-color":"var(--ast-global-color-5)","background-image":"","background-repeat":"repeat","background-position":"center center","background-size":"auto","background-attachment":"scroll","background-type":"","background-media":"","overlay-type":"","overlay-color":"","overlay-opacity":"","overlay-gradient":""},"tablet":{"background-color":"var(--ast-global-color-5)","background-image":"","background-repeat":"repeat","background-position":"center center","background-size":"auto","background-attachment":"scroll","background-type":"","background-media":"","overlay-type":"","overlay-color":"","overlay-opacity":"","overlay-gradient":""},"mobile":{"background-color":"var(--ast-global-color-5)","background-image":"","background-repeat":"repeat","background-position":"center center","background-size":"auto","background-attachment":"scroll","background-type":"","background-media":"","overlay-type":"","overlay-color":"","overlay-opacity":"","overlay-gradient":""}}},"product_brand":[],"product_cat":[996],"product_tag":[],"class_list":{"0":"post-7726","1":"product","2":"type-product","3":"status-publish","4":"has-post-thumbnail","6":"product_cat-tools","7":"pa_q9hydxfl-bla","8":"pa_q9hydxfl-gul","9":"desktop-align-left","10":"tablet-align-left","11":"mobile-align-left","13":"first","14":"instock","15":"shipping-taxable","16":"purchasable","17":"product-type-variable"},"_links":{"self":[{"href":"https:\/\/keluvo.com\/se\/wp-json\/wp\/v2\/product\/7726","targetHints":{"allow":["GET"]}}],"collection":[{"href":"https:\/\/keluvo.com\/se\/wp-json\/wp\/v2\/product"}],"about":[{"href":"https:\/\/keluvo.com\/se\/wp-json\/wp\/v2\/types\/product"}],"replies":[{"embeddable":true,"href":"https:\/\/keluvo.com\/se\/wp-json\/wp\/v2\/comments?post=7726"}],"wp:featuredmedia":[{"embeddable":true,"href":"https:\/\/keluvo.com\/se\/wp-json\/wp\/v2\/media\/7722"}],"wp:attachment":[{"href":"https:\/\/keluvo.com\/se\/wp-json\/wp\/v2\/media?parent=7726"}],"wp:term":[{"taxonomy":"product_brand","embeddable":true,"href":"https:\/\/keluvo.com\/se\/wp-json\/wp\/v2\/product_brand?post=7726"},{"taxonomy":"product_cat","embeddable":true,"href":"https:\/\/keluvo.com\/se\/wp-json\/wp\/v2\/product_cat?post=7726"},{"taxonomy":"product_tag","embeddable":true,"href":"https:\/\/keluvo.com\/se\/wp-json\/wp\/v2\/product_tag?post=7726"}],"curies":[{"name":"wp","href":"https:\/\/api.w.org\/{rel}","templated":true}]}}