{"id":7656,"date":"2025-03-09T19:19:47","date_gmt":"2025-03-09T17:19:47","guid":{"rendered":"https:\/\/keluvo.com\/se\/product\/forlangande-mascara\/"},"modified":"2025-03-09T19:20:57","modified_gmt":"2025-03-09T17:20:57","slug":"forlangande-mascara","status":"publish","type":"product","link":"https:\/\/keluvo.com\/se\/product\/forlangande-mascara\/","title":{"rendered":"F\u00f6rl\u00e4ngande mascara"},"content":{"rendered":"<h2 style=\"text-align: center\"><strong>F\u00f6rl\u00e4nger Fransarna Utan Anstr\u00e4ngning<\/strong><\/h2>\n<p style=\"text-align: center\">Den f\u00f6rl\u00e4ngande mascaran \u00e4r speciellt framtagen f\u00f6r att ge dina fransar l\u00e4ngd och elegans. Med sin silkesfiberformula f\u00f6rl\u00e4nger den varje frans f\u00f6r en f\u00e4ngslande, naturlig look. Perfekt f\u00f6r vardagsbruk eller speciella tillf\u00e4llen, den f\u00f6rh\u00f6jer dina \u00f6gon utan anstr\u00e4ngning.<\/p>\n<p><img fetchpriority=\"high\" decoding=\"async\" width=\"676\" height=\"488\" class=\"alignnone size-medium wp-image-3810 aligncenter\" src=\"https:\/\/keluvo.com\/template\/wp-content\/uploads\/sites\/5\/2024\/11\/630f679d-da48-4a2c-b78c-560ed8c15a47.webp\" alt=\"\" srcset=\"https:\/\/keluvo.com\/se\/wp-content\/uploads\/sites\/12\/2024\/11\/630f679d-da48-4a2c-b78c-560ed8c15a47.webp 676w, https:\/\/keluvo.com\/se\/wp-content\/uploads\/sites\/12\/2024\/11\/630f679d-da48-4a2c-b78c-560ed8c15a47-300x217.webp 300w, https:\/\/keluvo.com\/se\/wp-content\/uploads\/sites\/12\/2024\/11\/630f679d-da48-4a2c-b78c-560ed8c15a47-600x433.webp 600w\" sizes=\"(max-width: 676px) 100vw, 676px\" \/><\/p>\n<h2 style=\"text-align: center\"><strong>Kladdfri Och Vattenfast<\/strong><\/h2>\n<p style=\"text-align: center\">Designade f\u00f6r att klara en hektisk dag, den f\u00f6rl\u00e4ngande mascaran erbjuder vattenfast och svettbest\u00e4ndig prestanda. Den ser till att dina fransar f\u00f6rblir felfria och definierade, \u00e4ven under fuktiga f\u00f6rh\u00e5llanden, utan att kladda eller blekna.<\/p>\n<p><img decoding=\"async\" width=\"800\" height=\"800\" class=\"alignnone size-medium wp-image-3815 aligncenter\" src=\"https:\/\/keluvo.com\/template\/wp-content\/uploads\/sites\/5\/2024\/11\/8d7987cd-b6dd-440c-82f5-935312966a2e.webp\" alt=\"\" srcset=\"https:\/\/keluvo.com\/se\/wp-content\/uploads\/sites\/12\/2024\/11\/8d7987cd-b6dd-440c-82f5-935312966a2e.webp 800w, https:\/\/keluvo.com\/se\/wp-content\/uploads\/sites\/12\/2024\/11\/8d7987cd-b6dd-440c-82f5-935312966a2e-300x300.webp 300w, https:\/\/keluvo.com\/se\/wp-content\/uploads\/sites\/12\/2024\/11\/8d7987cd-b6dd-440c-82f5-935312966a2e-150x150.webp 150w, https:\/\/keluvo.com\/se\/wp-content\/uploads\/sites\/12\/2024\/11\/8d7987cd-b6dd-440c-82f5-935312966a2e-768x768.webp 768w, https:\/\/keluvo.com\/se\/wp-content\/uploads\/sites\/12\/2024\/11\/8d7987cd-b6dd-440c-82f5-935312966a2e-600x600.webp 600w, https:\/\/keluvo.com\/se\/wp-content\/uploads\/sites\/12\/2024\/11\/8d7987cd-b6dd-440c-82f5-935312966a2e-100x100.webp 100w, https:\/\/keluvo.com\/se\/wp-content\/uploads\/sites\/12\/2024\/11\/8d7987cd-b6dd-440c-82f5-935312966a2e-50x50.webp 50w\" sizes=\"(max-width: 800px) 100vw, 800px\" \/><\/p>\n","protected":false},"excerpt":{"rendered":"<p>F\u00f6rl\u00e4nger Fransarna Utan Anstr\u00e4ngning Den f\u00f6rl\u00e4ngande mascaran \u00e4r speciellt framtagen f\u00f6r att ge dina fransar l\u00e4ngd och elegans. Med sin [&hellip;]<\/p>\n","protected":false},"featured_media":7652,"comment_status":"open","ping_status":"closed","template":"","meta":{"site-sidebar-layout":"default","site-content-layout":"","ast-site-content-layout":"default","site-content-style":"default","site-sidebar-style":"default","ast-global-header-display":"","ast-banner-title-visibility":"","ast-main-header-display":"","ast-hfb-above-header-display":"","ast-hfb-below-header-display":"","ast-hfb-mobile-header-display":"","site-post-title":"","ast-breadcrumbs-content":"","ast-featured-img":"","footer-sml-layout":"","theme-transparent-header-meta":"default","adv-header-id-meta":"","stick-header-meta":"","header-above-stick-meta":"","header-main-stick-meta":"","header-below-stick-meta":"","astra-migrate-meta-layouts":"set","ast-page-background-enabled":"default","ast-page-background-meta":{"desktop":{"background-color":"var(--ast-global-color-4)","background-image":"","background-repeat":"repeat","background-position":"center center","background-size":"auto","background-attachment":"scroll","background-type":"","background-media":"","overlay-type":"","overlay-color":"","overlay-opacity":"","overlay-gradient":""},"tablet":{"background-color":"","background-image":"","background-repeat":"repeat","background-position":"center center","background-size":"auto","background-attachment":"scroll","background-type":"","background-media":"","overlay-type":"","overlay-color":"","overlay-opacity":"","overlay-gradient":""},"mobile":{"background-color":"","background-image":"","background-repeat":"repeat","background-position":"center center","background-size":"auto","background-attachment":"scroll","background-type":"","background-media":"","overlay-type":"","overlay-color":"","overlay-opacity":"","overlay-gradient":""}},"ast-content-background-meta":{"desktop":{"background-color":"var(--ast-global-color-5)","background-image":"","background-repeat":"repeat","background-position":"center center","background-size":"auto","background-attachment":"scroll","background-type":"","background-media":"","overlay-type":"","overlay-color":"","overlay-opacity":"","overlay-gradient":""},"tablet":{"background-color":"var(--ast-global-color-5)","background-image":"","background-repeat":"repeat","background-position":"center center","background-size":"auto","background-attachment":"scroll","background-type":"","background-media":"","overlay-type":"","overlay-color":"","overlay-opacity":"","overlay-gradient":""},"mobile":{"background-color":"var(--ast-global-color-5)","background-image":"","background-repeat":"repeat","background-position":"center center","background-size":"auto","background-attachment":"scroll","background-type":"","background-media":"","overlay-type":"","overlay-color":"","overlay-opacity":"","overlay-gradient":""}}},"product_brand":[],"product_cat":[992],"product_tag":[],"class_list":{"0":"post-7656","1":"product","2":"type-product","3":"status-publish","4":"has-post-thumbnail","6":"product_cat-beauty-and-hygiene-products","7":"pa_27u2cgkw-brun","8":"pa_27u2cgkw-svart","9":"desktop-align-left","10":"tablet-align-left","11":"mobile-align-left","13":"first","14":"instock","15":"shipping-taxable","16":"purchasable","17":"product-type-variable"},"_links":{"self":[{"href":"https:\/\/keluvo.com\/se\/wp-json\/wp\/v2\/product\/7656","targetHints":{"allow":["GET"]}}],"collection":[{"href":"https:\/\/keluvo.com\/se\/wp-json\/wp\/v2\/product"}],"about":[{"href":"https:\/\/keluvo.com\/se\/wp-json\/wp\/v2\/types\/product"}],"replies":[{"embeddable":true,"href":"https:\/\/keluvo.com\/se\/wp-json\/wp\/v2\/comments?post=7656"}],"wp:featuredmedia":[{"embeddable":true,"href":"https:\/\/keluvo.com\/se\/wp-json\/wp\/v2\/media\/7652"}],"wp:attachment":[{"href":"https:\/\/keluvo.com\/se\/wp-json\/wp\/v2\/media?parent=7656"}],"wp:term":[{"taxonomy":"product_brand","embeddable":true,"href":"https:\/\/keluvo.com\/se\/wp-json\/wp\/v2\/product_brand?post=7656"},{"taxonomy":"product_cat","embeddable":true,"href":"https:\/\/keluvo.com\/se\/wp-json\/wp\/v2\/product_cat?post=7656"},{"taxonomy":"product_tag","embeddable":true,"href":"https:\/\/keluvo.com\/se\/wp-json\/wp\/v2\/product_tag?post=7656"}],"curies":[{"name":"wp","href":"https:\/\/api.w.org\/{rel}","templated":true}]}}