{"id":7619,"date":"2025-03-09T19:17:15","date_gmt":"2025-03-09T17:17:15","guid":{"rendered":"https:\/\/keluvo.com\/se\/product\/mjukt-underlakan\/"},"modified":"2025-08-19T16:26:59","modified_gmt":"2025-08-19T13:26:59","slug":"mjukt-underlakan","status":"publish","type":"product","link":"https:\/\/keluvo.com\/se\/product\/mjukt-underlakan\/","title":{"rendered":"Mjukt underlakan"},"content":{"rendered":"<h2 style=\"text-align: center\"><strong>Mjuk Och Mysig Komfort<\/strong><\/h2>\n<p style=\"text-align: center\">Det plyschiga underlakanet \u00e4r tillverkat av mjukt, tjockt tyg som h\u00e5ller dig varm och bekv\u00e4m. Dess sl\u00e4ta yta k\u00e4nns skonsam mot huden och g\u00f6r det perfekt f\u00f6r en god natts s\u00f6mn. Njut av extra v\u00e4rme under de kalla vinterm\u00e5naderna med detta mysiga s\u00e4ngtillbeh\u00f6r.<\/p>\n<p><img decoding=\"async\" class=\"alignnone size-medium wp-image-5176 aligncenter\" src=\"https:\/\/keluvo.com\/template\/wp-content\/uploads\/sites\/5\/2024\/12\/S44f25376ffff4d8481e365c1a2f7a302C.webp\" alt=\"\" \/><\/p>\n<h2 style=\"text-align: center\"><strong>Perfekt Passform F\u00f6r Din S\u00e4ng<\/strong><\/h2>\n<p style=\"text-align: center\">Det mjuka underlakanet \u00e4r utformat f\u00f6r att h\u00e5lla sig p\u00e5 plats. Dess elastiska kanter s\u00e4kerst\u00e4ller en t\u00e4t passform runt din madrass, vilket f\u00f6rhindrar att den glider eller bunker. Det fungerar perfekt p\u00e5 de flesta s\u00e4ngstorlekar och ger ett snyggt och smidigt utseende.<\/p>\n<p style=\"text-align: center\"><img decoding=\"async\" class=\"alignnone size-medium wp-image-5181\" src=\"https:\/\/keluvo.com\/template\/wp-content\/uploads\/sites\/5\/2024\/12\/S09603679ae1f4424a7f3fab696b16b7eW.webp\" alt=\"\" \/><\/p>\n","protected":false},"excerpt":{"rendered":"<p>Mjuk Och Mysig Komfort Det plyschiga underlakanet \u00e4r tillverkat av mjukt, tjockt tyg som h\u00e5ller dig varm och bekv\u00e4m. Dess [&hellip;]<\/p>\n","protected":false},"featured_media":7615,"comment_status":"open","ping_status":"closed","template":"","meta":{"site-sidebar-layout":"default","site-content-layout":"","ast-site-content-layout":"default","site-content-style":"default","site-sidebar-style":"default","ast-global-header-display":"","ast-banner-title-visibility":"","ast-main-header-display":"","ast-hfb-above-header-display":"","ast-hfb-below-header-display":"","ast-hfb-mobile-header-display":"","site-post-title":"","ast-breadcrumbs-content":"","ast-featured-img":"","footer-sml-layout":"","theme-transparent-header-meta":"default","adv-header-id-meta":"","stick-header-meta":"","header-above-stick-meta":"","header-main-stick-meta":"","header-below-stick-meta":"","astra-migrate-meta-layouts":"set","ast-page-background-enabled":"default","ast-page-background-meta":{"desktop":{"background-color":"var(--ast-global-color-4)","background-image":"","background-repeat":"repeat","background-position":"center center","background-size":"auto","background-attachment":"scroll","background-type":"","background-media":"","overlay-type":"","overlay-color":"","overlay-opacity":"","overlay-gradient":""},"tablet":{"background-color":"","background-image":"","background-repeat":"repeat","background-position":"center center","background-size":"auto","background-attachment":"scroll","background-type":"","background-media":"","overlay-type":"","overlay-color":"","overlay-opacity":"","overlay-gradient":""},"mobile":{"background-color":"","background-image":"","background-repeat":"repeat","background-position":"center center","background-size":"auto","background-attachment":"scroll","background-type":"","background-media":"","overlay-type":"","overlay-color":"","overlay-opacity":"","overlay-gradient":""}},"ast-content-background-meta":{"desktop":{"background-color":"var(--ast-global-color-5)","background-image":"","background-repeat":"repeat","background-position":"center center","background-size":"auto","background-attachment":"scroll","background-type":"","background-media":"","overlay-type":"","overlay-color":"","overlay-opacity":"","overlay-gradient":""},"tablet":{"background-color":"var(--ast-global-color-5)","background-image":"","background-repeat":"repeat","background-position":"center center","background-size":"auto","background-attachment":"scroll","background-type":"","background-media":"","overlay-type":"","overlay-color":"","overlay-opacity":"","overlay-gradient":""},"mobile":{"background-color":"var(--ast-global-color-5)","background-image":"","background-repeat":"repeat","background-position":"center center","background-size":"auto","background-attachment":"scroll","background-type":"","background-media":"","overlay-type":"","overlay-color":"","overlay-opacity":"","overlay-gradient":""}}},"product_brand":[],"product_cat":[1001],"product_tag":[],"class_list":{"0":"post-7619","1":"product","2":"type-product","3":"status-publish","4":"has-post-thumbnail","6":"product_cat-household-goods","7":"pa_1c7cjpor-120x200cm","8":"pa_1c7cjpor-150x200cm","9":"pa_1c7cjpor-200x220cm","10":"pa_1c7cjpor-90x200cm","11":"pa_yv5imyzy-bla","12":"pa_yv5imyzy-gron","13":"pa_yv5imyzy-svart","14":"pa_yv5imyzy-vit","15":"desktop-align-left","16":"tablet-align-left","17":"mobile-align-left","19":"first","20":"instock","21":"shipping-taxable","22":"purchasable","23":"product-type-variable"},"_links":{"self":[{"href":"https:\/\/keluvo.com\/se\/wp-json\/wp\/v2\/product\/7619","targetHints":{"allow":["GET"]}}],"collection":[{"href":"https:\/\/keluvo.com\/se\/wp-json\/wp\/v2\/product"}],"about":[{"href":"https:\/\/keluvo.com\/se\/wp-json\/wp\/v2\/types\/product"}],"replies":[{"embeddable":true,"href":"https:\/\/keluvo.com\/se\/wp-json\/wp\/v2\/comments?post=7619"}],"wp:featuredmedia":[{"embeddable":true,"href":"https:\/\/keluvo.com\/se\/wp-json\/wp\/v2\/media\/7615"}],"wp:attachment":[{"href":"https:\/\/keluvo.com\/se\/wp-json\/wp\/v2\/media?parent=7619"}],"wp:term":[{"taxonomy":"product_brand","embeddable":true,"href":"https:\/\/keluvo.com\/se\/wp-json\/wp\/v2\/product_brand?post=7619"},{"taxonomy":"product_cat","embeddable":true,"href":"https:\/\/keluvo.com\/se\/wp-json\/wp\/v2\/product_cat?post=7619"},{"taxonomy":"product_tag","embeddable":true,"href":"https:\/\/keluvo.com\/se\/wp-json\/wp\/v2\/product_tag?post=7619"}],"curies":[{"name":"wp","href":"https:\/\/api.w.org\/{rel}","templated":true}]}}