{"id":7609,"date":"2025-03-09T19:12:33","date_gmt":"2025-03-09T17:12:33","guid":{"rendered":"https:\/\/keluvo.com\/se\/product\/nagellacksborttagningsmedel\/"},"modified":"2025-03-22T20:47:53","modified_gmt":"2025-03-22T18:47:53","slug":"nagellacksborttagningsmedel-1","status":"publish","type":"product","link":"https:\/\/keluvo.com\/se\/product\/nagellacksborttagningsmedel-1\/","title":{"rendered":"Nagellacksborttagningsmedel"},"content":{"rendered":"<h2 style=\"text-align: center\" data-start=\"0\" data-end=\"35\"><strong data-start=\"3\" data-end=\"33\">Snabb Och Effektiv Borttagning<\/strong><\/h2>\n<p style=\"text-align: center\" data-start=\"36\" data-end=\"299\">Nagellacksborttagaren avl\u00e4gsnar snabbt och effektivt gellack, UV-gelpolish och semipermanenta lack. Dess snabbverkande formula hj\u00e4lper dig att spara tid och anstr\u00e4ngning, vilket g\u00f6r nagelv\u00e5rd enklare och bekv\u00e4mare. Applicera bara och se ditt nagellack f\u00f6rsvinna p\u00e5 ett \u00f6gonblick.<\/p>\n<p data-start=\"36\" data-end=\"299\"><img decoding=\"async\" class=\"alignnone size-medium wp-image-11968 aligncenter\" src=\"https:\/\/keluvo.com\/template\/wp-content\/uploads\/sites\/5\/2025\/02\/Sda58da7685ec4bdb91254e19eec3aef0A.jpg_960x960q75.jpg_.jpeg\" alt=\"\" \/><\/p>\n<h2 style=\"text-align: center\" data-start=\"301\" data-end=\"325\"><strong data-start=\"304\" data-end=\"323\">Skonsam Mot Naglarna<\/strong><\/h2>\n<p style=\"text-align: center\" data-start=\"326\" data-end=\"535\">Trots sin kraftfulla formula \u00e4r nagellacksborttagaren skonsam mot dina naglar. Den l\u00f6ser effektivt upp lim och tar bort lack utan att orsaka skada eller torrhet. H\u00e5ll dina naglar friska och lena efter varje anv\u00e4ndning.<\/p>\n<p style=\"text-align: center\" data-start=\"326\" data-end=\"535\"><img decoding=\"async\" class=\"alignnone size-medium wp-image-11972\" src=\"https:\/\/keluvo.com\/template\/wp-content\/uploads\/sites\/5\/2025\/02\/Sf539ac5277a84c78af5bfee8e1a525dfQ.jpeg\" alt=\"\" \/><\/p>\n","protected":false},"excerpt":{"rendered":"<p>Snabb Och Effektiv Borttagning Nagellacksborttagaren avl\u00e4gsnar snabbt och effektivt gellack, UV-gelpolish och semipermanenta lack. Dess snabbverkande formula hj\u00e4lper dig att [&hellip;]<\/p>\n","protected":false},"featured_media":7605,"comment_status":"open","ping_status":"closed","template":"","meta":{"site-sidebar-layout":"default","site-content-layout":"","ast-site-content-layout":"default","site-content-style":"default","site-sidebar-style":"default","ast-global-header-display":"","ast-banner-title-visibility":"","ast-main-header-display":"","ast-hfb-above-header-display":"","ast-hfb-below-header-display":"","ast-hfb-mobile-header-display":"","site-post-title":"","ast-breadcrumbs-content":"","ast-featured-img":"","footer-sml-layout":"","theme-transparent-header-meta":"default","adv-header-id-meta":"","stick-header-meta":"","header-above-stick-meta":"","header-main-stick-meta":"","header-below-stick-meta":"","astra-migrate-meta-layouts":"set","ast-page-background-enabled":"default","ast-page-background-meta":{"desktop":{"background-color":"var(--ast-global-color-4)","background-image":"","background-repeat":"repeat","background-position":"center center","background-size":"auto","background-attachment":"scroll","background-type":"","background-media":"","overlay-type":"","overlay-color":"","overlay-opacity":"","overlay-gradient":""},"tablet":{"background-color":"","background-image":"","background-repeat":"repeat","background-position":"center center","background-size":"auto","background-attachment":"scroll","background-type":"","background-media":"","overlay-type":"","overlay-color":"","overlay-opacity":"","overlay-gradient":""},"mobile":{"background-color":"","background-image":"","background-repeat":"repeat","background-position":"center center","background-size":"auto","background-attachment":"scroll","background-type":"","background-media":"","overlay-type":"","overlay-color":"","overlay-opacity":"","overlay-gradient":""}},"ast-content-background-meta":{"desktop":{"background-color":"var(--ast-global-color-5)","background-image":"","background-repeat":"repeat","background-position":"center center","background-size":"auto","background-attachment":"scroll","background-type":"","background-media":"","overlay-type":"","overlay-color":"","overlay-opacity":"","overlay-gradient":""},"tablet":{"background-color":"var(--ast-global-color-5)","background-image":"","background-repeat":"repeat","background-position":"center center","background-size":"auto","background-attachment":"scroll","background-type":"","background-media":"","overlay-type":"","overlay-color":"","overlay-opacity":"","overlay-gradient":""},"mobile":{"background-color":"var(--ast-global-color-5)","background-image":"","background-repeat":"repeat","background-position":"center center","background-size":"auto","background-attachment":"scroll","background-type":"","background-media":"","overlay-type":"","overlay-color":"","overlay-opacity":"","overlay-gradient":""}}},"product_brand":[],"product_cat":[992],"product_tag":[],"class_list":{"0":"post-7609","1":"product","2":"type-product","3":"status-publish","4":"has-post-thumbnail","6":"product_cat-beauty-and-hygiene-products","7":"desktop-align-left","8":"tablet-align-left","9":"mobile-align-left","11":"first","12":"instock","13":"shipping-taxable","14":"purchasable","15":"product-type-simple"},"_links":{"self":[{"href":"https:\/\/keluvo.com\/se\/wp-json\/wp\/v2\/product\/7609","targetHints":{"allow":["GET"]}}],"collection":[{"href":"https:\/\/keluvo.com\/se\/wp-json\/wp\/v2\/product"}],"about":[{"href":"https:\/\/keluvo.com\/se\/wp-json\/wp\/v2\/types\/product"}],"replies":[{"embeddable":true,"href":"https:\/\/keluvo.com\/se\/wp-json\/wp\/v2\/comments?post=7609"}],"wp:featuredmedia":[{"embeddable":true,"href":"https:\/\/keluvo.com\/se\/wp-json\/wp\/v2\/media\/7605"}],"wp:attachment":[{"href":"https:\/\/keluvo.com\/se\/wp-json\/wp\/v2\/media?parent=7609"}],"wp:term":[{"taxonomy":"product_brand","embeddable":true,"href":"https:\/\/keluvo.com\/se\/wp-json\/wp\/v2\/product_brand?post=7609"},{"taxonomy":"product_cat","embeddable":true,"href":"https:\/\/keluvo.com\/se\/wp-json\/wp\/v2\/product_cat?post=7609"},{"taxonomy":"product_tag","embeddable":true,"href":"https:\/\/keluvo.com\/se\/wp-json\/wp\/v2\/product_tag?post=7609"}],"curies":[{"name":"wp","href":"https:\/\/api.w.org\/{rel}","templated":true}]}}