{"id":7481,"date":"2025-02-25T21:06:03","date_gmt":"2025-02-25T19:06:03","guid":{"rendered":"https:\/\/keluvo.com\/se\/product\/serveringsbricka-for-snacks\/"},"modified":"2025-02-25T21:06:03","modified_gmt":"2025-02-25T19:06:03","slug":"serveringsbricka-for-snacks","status":"publish","type":"product","link":"https:\/\/keluvo.com\/se\/product\/serveringsbricka-for-snacks\/","title":{"rendered":"Serveringsbricka f\u00f6r snacks"},"content":{"rendered":"<h2 style=\"text-align: center\" data-start=\"0\" data-end=\"36\"><strong>Stor Kapacitet F\u00f6r M\u00e5nga Snacks<\/strong><\/h2>\n<p style=\"text-align: center\" data-start=\"37\" data-end=\"243\">Snackserveringsbrickan har flera fack f\u00f6r att h\u00e5lla olika snacks \u00e5tskilda. Den \u00e4r perfekt f\u00f6r servering av n\u00f6tter, torkad frukt, godis, chips och mycket mer. Perfekt f\u00f6r familjesammankomster, fester eller daglig anv\u00e4ndning.<\/p>\n<p data-start=\"37\" data-end=\"243\"><img decoding=\"async\" class=\"alignnone size-medium wp-image-11774 aligncenter\" src=\"https:\/\/keluvo.com\/template\/wp-content\/uploads\/sites\/5\/2025\/02\/S8bbe3211e9c84cf09e5e0d86849527c0N.jpg_960x960q75.jpg_.jpeg\" alt=\"\" \/><\/p>\n<h2 style=\"text-align: center\" data-start=\"245\" data-end=\"276\"><strong>Elegant Och Unik Design<\/strong><\/h2>\n<p style=\"text-align: center\" data-start=\"277\" data-end=\"492\">Med en vacker blomform ger denna snacksserveringsbricka en elegant touch till alla bord. Den konstn\u00e4rliga designen g\u00f6r den till en fantastisk dekorationsdetalj f\u00f6r ditt hem. Finns i tv\u00e5 olika modeller f\u00f6r att matcha din stil.<\/p>\n<p data-start=\"277\" data-end=\"492\"><img decoding=\"async\" class=\"alignnone size-medium wp-image-11777 aligncenter\" src=\"https:\/\/keluvo.com\/template\/wp-content\/uploads\/sites\/5\/2025\/02\/S65668d4f201c4a67985583595f66b1a4Z.jpg_960x960q75.jpg_.jpeg\" alt=\"\" \/><\/p>\n","protected":false},"excerpt":{"rendered":"<p>Stor Kapacitet F\u00f6r M\u00e5nga Snacks Snackserveringsbrickan har flera fack f\u00f6r att h\u00e5lla olika snacks \u00e5tskilda. Den \u00e4r perfekt f\u00f6r servering [&hellip;]<\/p>\n","protected":false},"featured_media":7477,"comment_status":"open","ping_status":"closed","template":"","meta":{"site-sidebar-layout":"default","site-content-layout":"","ast-site-content-layout":"default","site-content-style":"default","site-sidebar-style":"default","ast-global-header-display":"","ast-banner-title-visibility":"","ast-main-header-display":"","ast-hfb-above-header-display":"","ast-hfb-below-header-display":"","ast-hfb-mobile-header-display":"","site-post-title":"","ast-breadcrumbs-content":"","ast-featured-img":"","footer-sml-layout":"","theme-transparent-header-meta":"default","adv-header-id-meta":"","stick-header-meta":"","header-above-stick-meta":"","header-main-stick-meta":"","header-below-stick-meta":"","astra-migrate-meta-layouts":"set","ast-page-background-enabled":"default","ast-page-background-meta":{"desktop":{"background-color":"var(--ast-global-color-4)","background-image":"","background-repeat":"repeat","background-position":"center center","background-size":"auto","background-attachment":"scroll","background-type":"","background-media":"","overlay-type":"","overlay-color":"","overlay-opacity":"","overlay-gradient":""},"tablet":{"background-color":"","background-image":"","background-repeat":"repeat","background-position":"center center","background-size":"auto","background-attachment":"scroll","background-type":"","background-media":"","overlay-type":"","overlay-color":"","overlay-opacity":"","overlay-gradient":""},"mobile":{"background-color":"","background-image":"","background-repeat":"repeat","background-position":"center center","background-size":"auto","background-attachment":"scroll","background-type":"","background-media":"","overlay-type":"","overlay-color":"","overlay-opacity":"","overlay-gradient":""}},"ast-content-background-meta":{"desktop":{"background-color":"var(--ast-global-color-5)","background-image":"","background-repeat":"repeat","background-position":"center center","background-size":"auto","background-attachment":"scroll","background-type":"","background-media":"","overlay-type":"","overlay-color":"","overlay-opacity":"","overlay-gradient":""},"tablet":{"background-color":"var(--ast-global-color-5)","background-image":"","background-repeat":"repeat","background-position":"center center","background-size":"auto","background-attachment":"scroll","background-type":"","background-media":"","overlay-type":"","overlay-color":"","overlay-opacity":"","overlay-gradient":""},"mobile":{"background-color":"var(--ast-global-color-5)","background-image":"","background-repeat":"repeat","background-position":"center center","background-size":"auto","background-attachment":"scroll","background-type":"","background-media":"","overlay-type":"","overlay-color":"","overlay-opacity":"","overlay-gradient":""}}},"product_brand":[],"product_cat":[1001],"product_tag":[],"class_list":{"0":"post-7481","1":"product","2":"type-product","3":"status-publish","4":"has-post-thumbnail","6":"product_cat-household-goods","7":"desktop-align-left","8":"tablet-align-left","9":"mobile-align-left","11":"first","12":"instock","13":"shipping-taxable","14":"purchasable","15":"product-type-simple"},"_links":{"self":[{"href":"https:\/\/keluvo.com\/se\/wp-json\/wp\/v2\/product\/7481","targetHints":{"allow":["GET"]}}],"collection":[{"href":"https:\/\/keluvo.com\/se\/wp-json\/wp\/v2\/product"}],"about":[{"href":"https:\/\/keluvo.com\/se\/wp-json\/wp\/v2\/types\/product"}],"replies":[{"embeddable":true,"href":"https:\/\/keluvo.com\/se\/wp-json\/wp\/v2\/comments?post=7481"}],"wp:featuredmedia":[{"embeddable":true,"href":"https:\/\/keluvo.com\/se\/wp-json\/wp\/v2\/media\/7477"}],"wp:attachment":[{"href":"https:\/\/keluvo.com\/se\/wp-json\/wp\/v2\/media?parent=7481"}],"wp:term":[{"taxonomy":"product_brand","embeddable":true,"href":"https:\/\/keluvo.com\/se\/wp-json\/wp\/v2\/product_brand?post=7481"},{"taxonomy":"product_cat","embeddable":true,"href":"https:\/\/keluvo.com\/se\/wp-json\/wp\/v2\/product_cat?post=7481"},{"taxonomy":"product_tag","embeddable":true,"href":"https:\/\/keluvo.com\/se\/wp-json\/wp\/v2\/product_tag?post=7481"}],"curies":[{"name":"wp","href":"https:\/\/api.w.org\/{rel}","templated":true}]}}