{"id":7466,"date":"2025-02-25T21:04:18","date_gmt":"2025-02-25T19:04:18","guid":{"rendered":"https:\/\/keluvo.com\/se\/product\/armband-med-zirkoner\/"},"modified":"2025-02-25T21:04:43","modified_gmt":"2025-02-25T19:04:43","slug":"armband-med-zirkoner","status":"publish","type":"product","link":"https:\/\/keluvo.com\/se\/product\/armband-med-zirkoner\/","title":{"rendered":"Armband med zirkoner"},"content":{"rendered":"<h2 style=\"text-align: center\" data-start=\"0\" data-end=\"26\"><strong>Elegant Zirkonsten<\/strong><\/h2>\n<p style=\"text-align: center\" data-start=\"27\" data-end=\"225\">Zirkonarmbandet har en gnistrande zirkonsten som skiner vackert i ljuset. Dess raffinerade design ger en touch av elegans till varje outfit. Perfekt f\u00f6r b\u00e5de avslappnade och formella tillf\u00e4llen.<\/p>\n<p data-start=\"27\" data-end=\"225\"><img decoding=\"async\" class=\"alignnone size-medium wp-image-11866 aligncenter\" src=\"https:\/\/keluvo.com\/template\/wp-content\/uploads\/sites\/5\/2025\/02\/Sf55347eae83e4d8280ba974dd9a5278ft.jpg_960x960q75.jpg_.jpeg\" alt=\"\" \/><\/p>\n<h2 style=\"text-align: center\" data-start=\"227\" data-end=\"256\"><strong>Bekv\u00e4mt Och Snyggt<\/strong><\/h2>\n<p style=\"text-align: center\" data-start=\"257\" data-end=\"474\">Designat f\u00f6r att anv\u00e4ndas hela dagen, zirkonarmbandet \u00e4r l\u00e4tt och smidigt p\u00e5 handleden. Det s\u00e4kra sp\u00e4nnet garanterar en bekv\u00e4m passform, vilket g\u00f6r det enkelt att b\u00e4ra under l\u00e5nga timmar. Ett snyggt tillskott till alla smyckessamlingar.<\/p>\n<p data-start=\"257\" data-end=\"474\"><img decoding=\"async\" class=\"alignnone size-medium wp-image-11862 aligncenter\" src=\"https:\/\/keluvo.com\/template\/wp-content\/uploads\/sites\/5\/2025\/02\/S24bf55a071084dce9eee46531a32d78e8.jpg_960x960q75.jpg_.jpeg\" alt=\"\" \/><\/p>\n","protected":false},"excerpt":{"rendered":"<p>Elegant Zirkonsten Zirkonarmbandet har en gnistrande zirkonsten som skiner vackert i ljuset. Dess raffinerade design ger en touch av elegans [&hellip;]<\/p>\n","protected":false},"featured_media":7462,"comment_status":"open","ping_status":"closed","template":"","meta":{"site-sidebar-layout":"default","site-content-layout":"","ast-site-content-layout":"default","site-content-style":"default","site-sidebar-style":"default","ast-global-header-display":"","ast-banner-title-visibility":"","ast-main-header-display":"","ast-hfb-above-header-display":"","ast-hfb-below-header-display":"","ast-hfb-mobile-header-display":"","site-post-title":"","ast-breadcrumbs-content":"","ast-featured-img":"","footer-sml-layout":"","theme-transparent-header-meta":"default","adv-header-id-meta":"","stick-header-meta":"","header-above-stick-meta":"","header-main-stick-meta":"","header-below-stick-meta":"","astra-migrate-meta-layouts":"set","ast-page-background-enabled":"default","ast-page-background-meta":{"desktop":{"background-color":"var(--ast-global-color-4)","background-image":"","background-repeat":"repeat","background-position":"center center","background-size":"auto","background-attachment":"scroll","background-type":"","background-media":"","overlay-type":"","overlay-color":"","overlay-opacity":"","overlay-gradient":""},"tablet":{"background-color":"","background-image":"","background-repeat":"repeat","background-position":"center center","background-size":"auto","background-attachment":"scroll","background-type":"","background-media":"","overlay-type":"","overlay-color":"","overlay-opacity":"","overlay-gradient":""},"mobile":{"background-color":"","background-image":"","background-repeat":"repeat","background-position":"center center","background-size":"auto","background-attachment":"scroll","background-type":"","background-media":"","overlay-type":"","overlay-color":"","overlay-opacity":"","overlay-gradient":""}},"ast-content-background-meta":{"desktop":{"background-color":"var(--ast-global-color-5)","background-image":"","background-repeat":"repeat","background-position":"center center","background-size":"auto","background-attachment":"scroll","background-type":"","background-media":"","overlay-type":"","overlay-color":"","overlay-opacity":"","overlay-gradient":""},"tablet":{"background-color":"var(--ast-global-color-5)","background-image":"","background-repeat":"repeat","background-position":"center center","background-size":"auto","background-attachment":"scroll","background-type":"","background-media":"","overlay-type":"","overlay-color":"","overlay-opacity":"","overlay-gradient":""},"mobile":{"background-color":"var(--ast-global-color-5)","background-image":"","background-repeat":"repeat","background-position":"center center","background-size":"auto","background-attachment":"scroll","background-type":"","background-media":"","overlay-type":"","overlay-color":"","overlay-opacity":"","overlay-gradient":""}}},"product_brand":[],"product_cat":[993],"product_tag":[],"class_list":{"0":"post-7466","1":"product","2":"type-product","3":"status-publish","4":"has-post-thumbnail","6":"product_cat-footwear-accessories","7":"pa_7jewn74c-1666","8":"pa_7jewn74c-1667","9":"pa_7jewn74c-1668","10":"pa_7jewn74c-1669","11":"pa_7jewn74c-1670","12":"desktop-align-left","13":"tablet-align-left","14":"mobile-align-left","16":"first","17":"instock","18":"shipping-taxable","19":"purchasable","20":"product-type-variable"},"_links":{"self":[{"href":"https:\/\/keluvo.com\/se\/wp-json\/wp\/v2\/product\/7466","targetHints":{"allow":["GET"]}}],"collection":[{"href":"https:\/\/keluvo.com\/se\/wp-json\/wp\/v2\/product"}],"about":[{"href":"https:\/\/keluvo.com\/se\/wp-json\/wp\/v2\/types\/product"}],"replies":[{"embeddable":true,"href":"https:\/\/keluvo.com\/se\/wp-json\/wp\/v2\/comments?post=7466"}],"wp:featuredmedia":[{"embeddable":true,"href":"https:\/\/keluvo.com\/se\/wp-json\/wp\/v2\/media\/7462"}],"wp:attachment":[{"href":"https:\/\/keluvo.com\/se\/wp-json\/wp\/v2\/media?parent=7466"}],"wp:term":[{"taxonomy":"product_brand","embeddable":true,"href":"https:\/\/keluvo.com\/se\/wp-json\/wp\/v2\/product_brand?post=7466"},{"taxonomy":"product_cat","embeddable":true,"href":"https:\/\/keluvo.com\/se\/wp-json\/wp\/v2\/product_cat?post=7466"},{"taxonomy":"product_tag","embeddable":true,"href":"https:\/\/keluvo.com\/se\/wp-json\/wp\/v2\/product_tag?post=7466"}],"curies":[{"name":"wp","href":"https:\/\/api.w.org\/{rel}","templated":true}]}}