{"id":7437,"date":"2025-02-25T21:01:44","date_gmt":"2025-02-25T19:01:44","guid":{"rendered":"https:\/\/keluvo.com\/se\/product\/knaskydd\/"},"modified":"2025-02-25T21:03:03","modified_gmt":"2025-02-25T19:03:03","slug":"knaskydd","status":"publish","type":"product","link":"https:\/\/keluvo.com\/se\/product\/knaskydd\/","title":{"rendered":"Kn\u00e4skydd"},"content":{"rendered":"<h2 style=\"text-align: center\"><strong>Bekv\u00e4m Ergonomisk Design<\/strong><\/h2>\n<p style=\"text-align: center\">Kn\u00e4st\u00f6det \u00e4r utformat med en ergonomisk form f\u00f6r att passa dina kn\u00e4n perfekt, vilket garanterar \u00f6verl\u00e4gsen komfort och st\u00f6d. Oavsett om du springer, tr\u00e4nar eller r\u00f6r dig genom dagen ger det ett tillf\u00f6rlitligt skydd f\u00f6r dina leder.<\/p>\n<p><img decoding=\"async\" class=\"alignnone size-medium wp-image-8447 aligncenter\" src=\"https:\/\/keluvo.com\/template\/wp-content\/uploads\/sites\/5\/2025\/01\/S06f44c96650343669d16dfe84ad05227u.jpg_960x960q75.jpg_.jpeg\" \/><\/p>\n<h2 style=\"text-align: center\"><strong>S\u00e4ker Halkskydd<\/strong><\/h2>\n<p style=\"text-align: center\">Detta kn\u00e4skydd h\u00e5ller sig p\u00e5 plats \u00e4ven under intensiva aktiviteter tack vare sin halkskyddande design. Det f\u00f6rb\u00e4ttrar din stabilitet och s\u00e4kerhet, s\u00e5 att du kan fokusera p\u00e5 din prestation utan st\u00e4ndiga justeringar.<\/p>\n<p><img decoding=\"async\" class=\"alignnone size-medium wp-image-8448 aligncenter\" src=\"https:\/\/keluvo.com\/template\/wp-content\/uploads\/sites\/5\/2025\/01\/80699c3a-c3e1-40c0-ab3c-9779fd7f7b12.webp\" alt=\"\" \/><\/p>\n","protected":false},"excerpt":{"rendered":"<p>Bekv\u00e4m Ergonomisk Design Kn\u00e4st\u00f6det \u00e4r utformat med en ergonomisk form f\u00f6r att passa dina kn\u00e4n perfekt, vilket garanterar \u00f6verl\u00e4gsen komfort [&hellip;]<\/p>\n","protected":false},"featured_media":7433,"comment_status":"open","ping_status":"closed","template":"","meta":{"site-sidebar-layout":"default","site-content-layout":"","ast-site-content-layout":"default","site-content-style":"default","site-sidebar-style":"default","ast-global-header-display":"","ast-banner-title-visibility":"","ast-main-header-display":"","ast-hfb-above-header-display":"","ast-hfb-below-header-display":"","ast-hfb-mobile-header-display":"","site-post-title":"","ast-breadcrumbs-content":"","ast-featured-img":"","footer-sml-layout":"","theme-transparent-header-meta":"default","adv-header-id-meta":"","stick-header-meta":"","header-above-stick-meta":"","header-main-stick-meta":"","header-below-stick-meta":"","astra-migrate-meta-layouts":"set","ast-page-background-enabled":"default","ast-page-background-meta":{"desktop":{"background-color":"var(--ast-global-color-4)","background-image":"","background-repeat":"repeat","background-position":"center center","background-size":"auto","background-attachment":"scroll","background-type":"","background-media":"","overlay-type":"","overlay-color":"","overlay-opacity":"","overlay-gradient":""},"tablet":{"background-color":"","background-image":"","background-repeat":"repeat","background-position":"center center","background-size":"auto","background-attachment":"scroll","background-type":"","background-media":"","overlay-type":"","overlay-color":"","overlay-opacity":"","overlay-gradient":""},"mobile":{"background-color":"","background-image":"","background-repeat":"repeat","background-position":"center center","background-size":"auto","background-attachment":"scroll","background-type":"","background-media":"","overlay-type":"","overlay-color":"","overlay-opacity":"","overlay-gradient":""}},"ast-content-background-meta":{"desktop":{"background-color":"var(--ast-global-color-5)","background-image":"","background-repeat":"repeat","background-position":"center center","background-size":"auto","background-attachment":"scroll","background-type":"","background-media":"","overlay-type":"","overlay-color":"","overlay-opacity":"","overlay-gradient":""},"tablet":{"background-color":"var(--ast-global-color-5)","background-image":"","background-repeat":"repeat","background-position":"center center","background-size":"auto","background-attachment":"scroll","background-type":"","background-media":"","overlay-type":"","overlay-color":"","overlay-opacity":"","overlay-gradient":""},"mobile":{"background-color":"var(--ast-global-color-5)","background-image":"","background-repeat":"repeat","background-position":"center center","background-size":"auto","background-attachment":"scroll","background-type":"","background-media":"","overlay-type":"","overlay-color":"","overlay-opacity":"","overlay-gradient":""}}},"product_brand":[],"product_cat":[991],"product_tag":[],"class_list":{"0":"post-7437","1":"product","2":"type-product","3":"status-publish","4":"has-post-thumbnail","6":"product_cat-health-care-supplies","7":"pa_ac8pno8f-bla","8":"pa_ac8pno8f-gra","9":"pa_ac8pno8f-rod","10":"pa_ac8pno8f-svart","11":"pa_uzr2qj9w-l","12":"pa_uzr2qj9w-m","13":"pa_uzr2qj9w-xl","14":"desktop-align-left","15":"tablet-align-left","16":"mobile-align-left","18":"first","19":"instock","20":"shipping-taxable","21":"purchasable","22":"product-type-variable"},"_links":{"self":[{"href":"https:\/\/keluvo.com\/se\/wp-json\/wp\/v2\/product\/7437","targetHints":{"allow":["GET"]}}],"collection":[{"href":"https:\/\/keluvo.com\/se\/wp-json\/wp\/v2\/product"}],"about":[{"href":"https:\/\/keluvo.com\/se\/wp-json\/wp\/v2\/types\/product"}],"replies":[{"embeddable":true,"href":"https:\/\/keluvo.com\/se\/wp-json\/wp\/v2\/comments?post=7437"}],"wp:featuredmedia":[{"embeddable":true,"href":"https:\/\/keluvo.com\/se\/wp-json\/wp\/v2\/media\/7433"}],"wp:attachment":[{"href":"https:\/\/keluvo.com\/se\/wp-json\/wp\/v2\/media?parent=7437"}],"wp:term":[{"taxonomy":"product_brand","embeddable":true,"href":"https:\/\/keluvo.com\/se\/wp-json\/wp\/v2\/product_brand?post=7437"},{"taxonomy":"product_cat","embeddable":true,"href":"https:\/\/keluvo.com\/se\/wp-json\/wp\/v2\/product_cat?post=7437"},{"taxonomy":"product_tag","embeddable":true,"href":"https:\/\/keluvo.com\/se\/wp-json\/wp\/v2\/product_tag?post=7437"}],"curies":[{"name":"wp","href":"https:\/\/api.w.org\/{rel}","templated":true}]}}