{"id":7411,"date":"2025-02-25T20:52:34","date_gmt":"2025-02-25T18:52:34","guid":{"rendered":"https:\/\/keluvo.com\/se\/product\/axelremsvaska-i-pu\/"},"modified":"2025-02-25T20:52:34","modified_gmt":"2025-02-25T18:52:34","slug":"axelremsvaska-i-pu","status":"publish","type":"product","link":"https:\/\/keluvo.com\/se\/product\/axelremsvaska-i-pu\/","title":{"rendered":"Axelremsv\u00e4ska i PU"},"content":{"rendered":"<h2 style=\"text-align: center\" data-start=\"0\" data-end=\"37\"><strong data-start=\"3\" data-end=\"35\">Snygg Och M\u00e5ngsidig Design<\/strong><\/h2>\n<p style=\"text-align: center\" data-start=\"38\" data-end=\"323\">PU axelremsv\u00e4skan har en modern och elegant f\u00e4rgkombination som kompletterar olika outfits. Den trendiga designen g\u00f6r den till en perfekt accessoar f\u00f6r b\u00e5de avslappnade och formella tillf\u00e4llen. Oavsett om du \u00e4r p\u00e5 v\u00e4g till jobbet eller ute p\u00e5 en dagsutflykt ger v\u00e4skan en elegant touch till alla looks.<\/p>\n<p data-start=\"38\" data-end=\"323\"><img decoding=\"async\" class=\"alignnone size-medium wp-image-11933 aligncenter\" src=\"https:\/\/keluvo.com\/template\/wp-content\/uploads\/sites\/5\/2025\/02\/Scdf47ddcab984410b248f49a2487c77f8.jpeg\" alt=\"\" \/><\/p>\n<h2 style=\"text-align: center\" data-start=\"325\" data-end=\"359\"><strong data-start=\"328\" data-end=\"357\">Slitstarkt Och Mjukt Material<\/strong><\/h2>\n<p style=\"text-align: center\" data-start=\"360\" data-end=\"630\">Den h\u00e4r axelremsv\u00e4skan \u00e4r tillverkad av h\u00f6gkvalitativt PU-l\u00e4der och \u00e4r b\u00e5de slitstark och mjuk att ta p\u00e5. Materialet ger en lyxig k\u00e4nsla samtidigt som det \u00e4r l\u00e4tt att underh\u00e5lla, vilket g\u00f6r det till ett praktiskt val f\u00f6r daglig anv\u00e4ndning. Du kan r\u00e4kna med dess robusthet utan att kompromissa med komforten.<\/p>\n<p data-start=\"360\" data-end=\"630\"><img decoding=\"async\" class=\"alignnone size-medium wp-image-11928 aligncenter\" src=\"https:\/\/keluvo.com\/template\/wp-content\/uploads\/sites\/5\/2025\/02\/S8e99c187fb904097808b339752609916A.jpg_960x960q75.jpg_.jpeg\" alt=\"\" \/><\/p>\n","protected":false},"excerpt":{"rendered":"<p>Snygg Och M\u00e5ngsidig Design PU axelremsv\u00e4skan har en modern och elegant f\u00e4rgkombination som kompletterar olika outfits. Den trendiga designen g\u00f6r [&hellip;]<\/p>\n","protected":false},"featured_media":7407,"comment_status":"open","ping_status":"closed","template":"","meta":{"site-sidebar-layout":"default","site-content-layout":"","ast-site-content-layout":"default","site-content-style":"default","site-sidebar-style":"default","ast-global-header-display":"","ast-banner-title-visibility":"","ast-main-header-display":"","ast-hfb-above-header-display":"","ast-hfb-below-header-display":"","ast-hfb-mobile-header-display":"","site-post-title":"","ast-breadcrumbs-content":"","ast-featured-img":"","footer-sml-layout":"","theme-transparent-header-meta":"default","adv-header-id-meta":"","stick-header-meta":"","header-above-stick-meta":"","header-main-stick-meta":"","header-below-stick-meta":"","astra-migrate-meta-layouts":"set","ast-page-background-enabled":"default","ast-page-background-meta":{"desktop":{"background-color":"var(--ast-global-color-4)","background-image":"","background-repeat":"repeat","background-position":"center center","background-size":"auto","background-attachment":"scroll","background-type":"","background-media":"","overlay-type":"","overlay-color":"","overlay-opacity":"","overlay-gradient":""},"tablet":{"background-color":"","background-image":"","background-repeat":"repeat","background-position":"center center","background-size":"auto","background-attachment":"scroll","background-type":"","background-media":"","overlay-type":"","overlay-color":"","overlay-opacity":"","overlay-gradient":""},"mobile":{"background-color":"","background-image":"","background-repeat":"repeat","background-position":"center center","background-size":"auto","background-attachment":"scroll","background-type":"","background-media":"","overlay-type":"","overlay-color":"","overlay-opacity":"","overlay-gradient":""}},"ast-content-background-meta":{"desktop":{"background-color":"var(--ast-global-color-5)","background-image":"","background-repeat":"repeat","background-position":"center center","background-size":"auto","background-attachment":"scroll","background-type":"","background-media":"","overlay-type":"","overlay-color":"","overlay-opacity":"","overlay-gradient":""},"tablet":{"background-color":"var(--ast-global-color-5)","background-image":"","background-repeat":"repeat","background-position":"center center","background-size":"auto","background-attachment":"scroll","background-type":"","background-media":"","overlay-type":"","overlay-color":"","overlay-opacity":"","overlay-gradient":""},"mobile":{"background-color":"var(--ast-global-color-5)","background-image":"","background-repeat":"repeat","background-position":"center center","background-size":"auto","background-attachment":"scroll","background-type":"","background-media":"","overlay-type":"","overlay-color":"","overlay-opacity":"","overlay-gradient":""}}},"product_brand":[],"product_cat":[993],"product_tag":[],"class_list":{"0":"post-7411","1":"product","2":"type-product","3":"status-publish","4":"has-post-thumbnail","6":"product_cat-footwear-accessories","7":"desktop-align-left","8":"tablet-align-left","9":"mobile-align-left","11":"first","12":"instock","13":"shipping-taxable","14":"purchasable","15":"product-type-simple"},"_links":{"self":[{"href":"https:\/\/keluvo.com\/se\/wp-json\/wp\/v2\/product\/7411","targetHints":{"allow":["GET"]}}],"collection":[{"href":"https:\/\/keluvo.com\/se\/wp-json\/wp\/v2\/product"}],"about":[{"href":"https:\/\/keluvo.com\/se\/wp-json\/wp\/v2\/types\/product"}],"replies":[{"embeddable":true,"href":"https:\/\/keluvo.com\/se\/wp-json\/wp\/v2\/comments?post=7411"}],"wp:featuredmedia":[{"embeddable":true,"href":"https:\/\/keluvo.com\/se\/wp-json\/wp\/v2\/media\/7407"}],"wp:attachment":[{"href":"https:\/\/keluvo.com\/se\/wp-json\/wp\/v2\/media?parent=7411"}],"wp:term":[{"taxonomy":"product_brand","embeddable":true,"href":"https:\/\/keluvo.com\/se\/wp-json\/wp\/v2\/product_brand?post=7411"},{"taxonomy":"product_cat","embeddable":true,"href":"https:\/\/keluvo.com\/se\/wp-json\/wp\/v2\/product_cat?post=7411"},{"taxonomy":"product_tag","embeddable":true,"href":"https:\/\/keluvo.com\/se\/wp-json\/wp\/v2\/product_tag?post=7411"}],"curies":[{"name":"wp","href":"https:\/\/api.w.org\/{rel}","templated":true}]}}