{"id":7397,"date":"2025-02-25T20:49:14","date_gmt":"2025-02-25T18:49:14","guid":{"rendered":"https:\/\/keluvo.com\/se\/product\/skarpare-for-borrkronor\/"},"modified":"2025-02-25T20:49:23","modified_gmt":"2025-02-25T18:49:23","slug":"skarpare-for-borrkronor","status":"publish","type":"product","link":"https:\/\/keluvo.com\/se\/product\/skarpare-for-borrkronor\/","title":{"rendered":"Sk\u00e4rpare f\u00f6r borrkronor"},"content":{"rendered":"<h2 style=\"text-align: center\" data-start=\"0\" data-end=\"30\"><strong>Slipar Borrkronor Snabbt<\/strong><\/h2>\n<p style=\"text-align: center\" data-start=\"31\" data-end=\"236\">Borrkronesliparen hj\u00e4lper till att \u00e5terst\u00e4lla sl\u00f6a borrkronor p\u00e5 bara n\u00e5gra sekunder. Dess manuella design ger dig full kontroll f\u00f6r exakt slipning. Detta verktyg sparar tid och h\u00e5ller dina borrkronor redo f\u00f6r anv\u00e4ndning.<\/p>\n<p data-start=\"31\" data-end=\"236\"><img decoding=\"async\" class=\"alignnone size-medium wp-image-11853 aligncenter\" src=\"https:\/\/keluvo.com\/template\/wp-content\/uploads\/sites\/5\/2025\/02\/Se6f823ee97c64df5bfab2e12efebe9a3h.jpeg\" alt=\"\" \/><\/p>\n<h2 style=\"text-align: center\" data-start=\"238\" data-end=\"270\"><strong>Fungerar Med M\u00e5nga Borrkronor<\/strong><\/h2>\n<p style=\"text-align: center\" data-start=\"271\" data-end=\"496\">Den h\u00e4r borrkroneslipmaskinen \u00e4r l\u00e4mplig f\u00f6r slipning av borrkronor av h\u00e5rdmetall, kobolt och snabbst\u00e5l. Den kan enkelt hantera spiralborrkronor och andra vanliga typer. Du beh\u00f6ver inte byta ut gamla borrkronor &#8211; bara slipa och \u00e5teranv\u00e4nd dem.<\/p>\n<p data-start=\"271\" data-end=\"496\"><img decoding=\"async\" class=\"alignnone size-medium wp-image-11851 aligncenter\" src=\"https:\/\/keluvo.com\/template\/wp-content\/uploads\/sites\/5\/2025\/02\/S8703710e076b48cfa9e408173a979f009.jpg_960x960q75.jpg_.jpeg\" alt=\"\" \/><\/p>\n","protected":false},"excerpt":{"rendered":"<p>Slipar Borrkronor Snabbt Borrkronesliparen hj\u00e4lper till att \u00e5terst\u00e4lla sl\u00f6a borrkronor p\u00e5 bara n\u00e5gra sekunder. Dess manuella design ger dig full [&hellip;]<\/p>\n","protected":false},"featured_media":7393,"comment_status":"open","ping_status":"closed","template":"","meta":{"site-sidebar-layout":"default","site-content-layout":"","ast-site-content-layout":"default","site-content-style":"default","site-sidebar-style":"default","ast-global-header-display":"","ast-banner-title-visibility":"","ast-main-header-display":"","ast-hfb-above-header-display":"","ast-hfb-below-header-display":"","ast-hfb-mobile-header-display":"","site-post-title":"","ast-breadcrumbs-content":"","ast-featured-img":"","footer-sml-layout":"","theme-transparent-header-meta":"default","adv-header-id-meta":"","stick-header-meta":"","header-above-stick-meta":"","header-main-stick-meta":"","header-below-stick-meta":"","astra-migrate-meta-layouts":"set","ast-page-background-enabled":"default","ast-page-background-meta":{"desktop":{"background-color":"var(--ast-global-color-4)","background-image":"","background-repeat":"repeat","background-position":"center center","background-size":"auto","background-attachment":"scroll","background-type":"","background-media":"","overlay-type":"","overlay-color":"","overlay-opacity":"","overlay-gradient":""},"tablet":{"background-color":"","background-image":"","background-repeat":"repeat","background-position":"center center","background-size":"auto","background-attachment":"scroll","background-type":"","background-media":"","overlay-type":"","overlay-color":"","overlay-opacity":"","overlay-gradient":""},"mobile":{"background-color":"","background-image":"","background-repeat":"repeat","background-position":"center center","background-size":"auto","background-attachment":"scroll","background-type":"","background-media":"","overlay-type":"","overlay-color":"","overlay-opacity":"","overlay-gradient":""}},"ast-content-background-meta":{"desktop":{"background-color":"var(--ast-global-color-5)","background-image":"","background-repeat":"repeat","background-position":"center center","background-size":"auto","background-attachment":"scroll","background-type":"","background-media":"","overlay-type":"","overlay-color":"","overlay-opacity":"","overlay-gradient":""},"tablet":{"background-color":"var(--ast-global-color-5)","background-image":"","background-repeat":"repeat","background-position":"center center","background-size":"auto","background-attachment":"scroll","background-type":"","background-media":"","overlay-type":"","overlay-color":"","overlay-opacity":"","overlay-gradient":""},"mobile":{"background-color":"var(--ast-global-color-5)","background-image":"","background-repeat":"repeat","background-position":"center center","background-size":"auto","background-attachment":"scroll","background-type":"","background-media":"","overlay-type":"","overlay-color":"","overlay-opacity":"","overlay-gradient":""}}},"product_brand":[],"product_cat":[996],"product_tag":[],"class_list":{"0":"post-7397","1":"product","2":"type-product","3":"status-publish","4":"has-post-thumbnail","6":"product_cat-tools","7":"pa_7h9xz43v-orange","8":"pa_7h9xz43v-svart","9":"desktop-align-left","10":"tablet-align-left","11":"mobile-align-left","13":"first","14":"instock","15":"shipping-taxable","16":"purchasable","17":"product-type-variable"},"_links":{"self":[{"href":"https:\/\/keluvo.com\/se\/wp-json\/wp\/v2\/product\/7397","targetHints":{"allow":["GET"]}}],"collection":[{"href":"https:\/\/keluvo.com\/se\/wp-json\/wp\/v2\/product"}],"about":[{"href":"https:\/\/keluvo.com\/se\/wp-json\/wp\/v2\/types\/product"}],"replies":[{"embeddable":true,"href":"https:\/\/keluvo.com\/se\/wp-json\/wp\/v2\/comments?post=7397"}],"wp:featuredmedia":[{"embeddable":true,"href":"https:\/\/keluvo.com\/se\/wp-json\/wp\/v2\/media\/7393"}],"wp:attachment":[{"href":"https:\/\/keluvo.com\/se\/wp-json\/wp\/v2\/media?parent=7397"}],"wp:term":[{"taxonomy":"product_brand","embeddable":true,"href":"https:\/\/keluvo.com\/se\/wp-json\/wp\/v2\/product_brand?post=7397"},{"taxonomy":"product_cat","embeddable":true,"href":"https:\/\/keluvo.com\/se\/wp-json\/wp\/v2\/product_cat?post=7397"},{"taxonomy":"product_tag","embeddable":true,"href":"https:\/\/keluvo.com\/se\/wp-json\/wp\/v2\/product_tag?post=7397"}],"curies":[{"name":"wp","href":"https:\/\/api.w.org\/{rel}","templated":true}]}}