{"id":7161,"date":"2025-02-18T19:54:09","date_gmt":"2025-02-18T17:54:09","guid":{"rendered":"https:\/\/keluvo.com\/se\/product\/runda-sangar-for-husdjur\/"},"modified":"2025-02-18T19:55:59","modified_gmt":"2025-02-18T17:55:59","slug":"runda-sangar-for-husdjur","status":"publish","type":"product","link":"https:\/\/keluvo.com\/se\/product\/runda-sangar-for-husdjur\/","title":{"rendered":"Runda s\u00e4ngar f\u00f6r husdjur"},"content":{"rendered":"<h2 style=\"text-align: center\"><strong>Mjukt Och Mysigt Plyschmaterial<\/strong><\/h2>\n<p style=\"text-align: center\">De runda djurs\u00e4ngarna \u00e4r tillverkade av ett l\u00e5ngt plyschmaterial som k\u00e4nns otroligt mjukt och varmt, vilket ger ultimat komfort f\u00f6r dina husdjur. Det 4 cm tjocka plyschlagret skapar en lugnande yta som katter och hundar \u00e4lskar att gosa p\u00e5, vilket g\u00f6r det till deras favoritplats att koppla av.<\/p>\n<p><img fetchpriority=\"high\" decoding=\"async\" width=\"768\" height=\"768\" class=\"alignnone size-medium wp-image-3694 aligncenter\" src=\"https:\/\/keluvo.com\/template\/wp-content\/uploads\/sites\/5\/2024\/11\/1d9c2447-6a45-4986-ba23-0323adf420e8.webp\" alt=\"\" srcset=\"https:\/\/keluvo.com\/se\/wp-content\/uploads\/sites\/12\/2024\/11\/1d9c2447-6a45-4986-ba23-0323adf420e8.webp 768w, https:\/\/keluvo.com\/se\/wp-content\/uploads\/sites\/12\/2024\/11\/1d9c2447-6a45-4986-ba23-0323adf420e8-300x300.webp 300w, https:\/\/keluvo.com\/se\/wp-content\/uploads\/sites\/12\/2024\/11\/1d9c2447-6a45-4986-ba23-0323adf420e8-150x150.webp 150w, https:\/\/keluvo.com\/se\/wp-content\/uploads\/sites\/12\/2024\/11\/1d9c2447-6a45-4986-ba23-0323adf420e8-600x600.webp 600w, https:\/\/keluvo.com\/se\/wp-content\/uploads\/sites\/12\/2024\/11\/1d9c2447-6a45-4986-ba23-0323adf420e8-100x100.webp 100w, https:\/\/keluvo.com\/se\/wp-content\/uploads\/sites\/12\/2024\/11\/1d9c2447-6a45-4986-ba23-0323adf420e8-50x50.webp 50w\" sizes=\"(max-width: 768px) 100vw, 768px\" \/><\/p>\n<h2 style=\"text-align: center\"><strong>Perfekt F\u00f6r Vilsam S\u00f6mn<\/strong><\/h2>\n<p style=\"text-align: center\">Designade med en rund form erbjuder dessa s\u00e4ngar en s\u00e4ker och lugnande plats f\u00f6r husdjur att krypa upp p\u00e5. Den mjuka stoppningen ger en vilsam s\u00f6mn och hj\u00e4lper dina fyrbenta v\u00e4nner att k\u00e4nna sig trygga och bekv\u00e4ma, s\u00e4rskilt under de kallare m\u00e5naderna.<\/p>\n<p><img decoding=\"async\" width=\"800\" height=\"800\" class=\"alignnone size-medium wp-image-3699 aligncenter\" src=\"https:\/\/keluvo.com\/template\/wp-content\/uploads\/sites\/5\/2024\/11\/S8fe1c2d10e204e6d993512c7039ba3f3x.jpg\" alt=\"\" srcset=\"https:\/\/keluvo.com\/se\/wp-content\/uploads\/sites\/12\/2024\/11\/S8fe1c2d10e204e6d993512c7039ba3f3x.jpg 800w, https:\/\/keluvo.com\/se\/wp-content\/uploads\/sites\/12\/2024\/11\/S8fe1c2d10e204e6d993512c7039ba3f3x-300x300.jpg 300w, https:\/\/keluvo.com\/se\/wp-content\/uploads\/sites\/12\/2024\/11\/S8fe1c2d10e204e6d993512c7039ba3f3x-150x150.jpg 150w, https:\/\/keluvo.com\/se\/wp-content\/uploads\/sites\/12\/2024\/11\/S8fe1c2d10e204e6d993512c7039ba3f3x-768x768.jpg 768w, https:\/\/keluvo.com\/se\/wp-content\/uploads\/sites\/12\/2024\/11\/S8fe1c2d10e204e6d993512c7039ba3f3x-600x600.jpg 600w, https:\/\/keluvo.com\/se\/wp-content\/uploads\/sites\/12\/2024\/11\/S8fe1c2d10e204e6d993512c7039ba3f3x-100x100.jpg 100w, https:\/\/keluvo.com\/se\/wp-content\/uploads\/sites\/12\/2024\/11\/S8fe1c2d10e204e6d993512c7039ba3f3x-50x50.jpg 50w\" sizes=\"(max-width: 800px) 100vw, 800px\" \/><\/p>\n","protected":false},"excerpt":{"rendered":"<p>Mjukt Och Mysigt Plyschmaterial De runda djurs\u00e4ngarna \u00e4r tillverkade av ett l\u00e5ngt plyschmaterial som k\u00e4nns otroligt mjukt och varmt, vilket [&hellip;]<\/p>\n","protected":false},"featured_media":7157,"comment_status":"open","ping_status":"closed","template":"","meta":{"site-sidebar-layout":"default","site-content-layout":"","ast-site-content-layout":"default","site-content-style":"default","site-sidebar-style":"default","ast-global-header-display":"","ast-banner-title-visibility":"","ast-main-header-display":"","ast-hfb-above-header-display":"","ast-hfb-below-header-display":"","ast-hfb-mobile-header-display":"","site-post-title":"","ast-breadcrumbs-content":"","ast-featured-img":"","footer-sml-layout":"","theme-transparent-header-meta":"default","adv-header-id-meta":"","stick-header-meta":"","header-above-stick-meta":"","header-main-stick-meta":"","header-below-stick-meta":"","astra-migrate-meta-layouts":"set","ast-page-background-enabled":"default","ast-page-background-meta":{"desktop":{"background-color":"var(--ast-global-color-4)","background-image":"","background-repeat":"repeat","background-position":"center center","background-size":"auto","background-attachment":"scroll","background-type":"","background-media":"","overlay-type":"","overlay-color":"","overlay-opacity":"","overlay-gradient":""},"tablet":{"background-color":"","background-image":"","background-repeat":"repeat","background-position":"center center","background-size":"auto","background-attachment":"scroll","background-type":"","background-media":"","overlay-type":"","overlay-color":"","overlay-opacity":"","overlay-gradient":""},"mobile":{"background-color":"","background-image":"","background-repeat":"repeat","background-position":"center center","background-size":"auto","background-attachment":"scroll","background-type":"","background-media":"","overlay-type":"","overlay-color":"","overlay-opacity":"","overlay-gradient":""}},"ast-content-background-meta":{"desktop":{"background-color":"var(--ast-global-color-5)","background-image":"","background-repeat":"repeat","background-position":"center center","background-size":"auto","background-attachment":"scroll","background-type":"","background-media":"","overlay-type":"","overlay-color":"","overlay-opacity":"","overlay-gradient":""},"tablet":{"background-color":"var(--ast-global-color-5)","background-image":"","background-repeat":"repeat","background-position":"center center","background-size":"auto","background-attachment":"scroll","background-type":"","background-media":"","overlay-type":"","overlay-color":"","overlay-opacity":"","overlay-gradient":""},"mobile":{"background-color":"var(--ast-global-color-5)","background-image":"","background-repeat":"repeat","background-position":"center center","background-size":"auto","background-attachment":"scroll","background-type":"","background-media":"","overlay-type":"","overlay-color":"","overlay-opacity":"","overlay-gradient":""}}},"product_brand":[],"product_cat":[997],"product_tag":[],"class_list":{"0":"post-7161","1":"product","2":"type-product","3":"status-publish","4":"has-post-thumbnail","6":"product_cat-pets-products","7":"pa_oz99b3b3-kaffe","8":"pa_oz99b3b3-khaki","9":"pa_oz99b3b3-lader-rosa","10":"pa_oz99b3b3-lila","11":"pa_oz99b3b3-ljusgra","12":"pa_oz99b3b3-ljusrosa","13":"pa_oz99b3b3-morkgra","14":"pa_oz99b3b3-rosa","15":"pa_oz99b3b3-svart","16":"pa_oz99b3b3-vit","17":"pa_q9a4ysgy-40-cm","18":"pa_q9a4ysgy-50-cm","19":"pa_q9a4ysgy-60-cm","20":"pa_q9a4ysgy-70-cm","21":"desktop-align-left","22":"tablet-align-left","23":"mobile-align-left","25":"first","26":"instock","27":"shipping-taxable","28":"purchasable","29":"product-type-variable"},"_links":{"self":[{"href":"https:\/\/keluvo.com\/se\/wp-json\/wp\/v2\/product\/7161","targetHints":{"allow":["GET"]}}],"collection":[{"href":"https:\/\/keluvo.com\/se\/wp-json\/wp\/v2\/product"}],"about":[{"href":"https:\/\/keluvo.com\/se\/wp-json\/wp\/v2\/types\/product"}],"replies":[{"embeddable":true,"href":"https:\/\/keluvo.com\/se\/wp-json\/wp\/v2\/comments?post=7161"}],"wp:featuredmedia":[{"embeddable":true,"href":"https:\/\/keluvo.com\/se\/wp-json\/wp\/v2\/media\/7157"}],"wp:attachment":[{"href":"https:\/\/keluvo.com\/se\/wp-json\/wp\/v2\/media?parent=7161"}],"wp:term":[{"taxonomy":"product_brand","embeddable":true,"href":"https:\/\/keluvo.com\/se\/wp-json\/wp\/v2\/product_brand?post=7161"},{"taxonomy":"product_cat","embeddable":true,"href":"https:\/\/keluvo.com\/se\/wp-json\/wp\/v2\/product_cat?post=7161"},{"taxonomy":"product_tag","embeddable":true,"href":"https:\/\/keluvo.com\/se\/wp-json\/wp\/v2\/product_tag?post=7161"}],"curies":[{"name":"wp","href":"https:\/\/api.w.org\/{rel}","templated":true}]}}