{"id":7123,"date":"2025-02-18T19:48:33","date_gmt":"2025-02-18T17:48:33","guid":{"rendered":"https:\/\/keluvo.com\/se\/product\/lyxig-kvartsklocka\/"},"modified":"2025-02-18T19:48:43","modified_gmt":"2025-02-18T17:48:43","slug":"lyxig-kvartsklocka","status":"publish","type":"product","link":"https:\/\/keluvo.com\/se\/product\/lyxig-kvartsklocka\/","title":{"rendered":"Lyxig kvartsklocka"},"content":{"rendered":"<h2 style=\"text-align: center\" data-start=\"0\" data-end=\"35\"><strong data-start=\"4\" data-end=\"33\">Elegant Och Modern Design<\/strong><\/h2>\n<p style=\"text-align: center\" data-start=\"36\" data-end=\"264\">Den lyxiga kvartsklockan kombinerar stil och funktion med en elegant, modern design. Den dj\u00e4rva urtavlan och den detaljerade kronografen ger den ett avancerat utseende. Den \u00e4r perfekt f\u00f6r alla tillf\u00e4llen och ger en sofistikerad touch till din outfit.<\/p>\n<p data-start=\"36\" data-end=\"264\"><img decoding=\"async\" class=\"alignnone size-medium wp-image-11919 aligncenter\" src=\"https:\/\/keluvo.com\/template\/wp-content\/uploads\/sites\/5\/2025\/02\/S04ce59437f194f958f2f98f8940cf9991.jpg_960x960q75.jpg_.jpeg\" alt=\"\" \/><\/p>\n<h2 style=\"text-align: center\" data-start=\"266\" data-end=\"305\"><strong data-start=\"270\" data-end=\"303\">H\u00e5llbart Och Bekv\u00e4mt Armband<\/strong><\/h2>\n<p style=\"text-align: center\" data-start=\"306\" data-end=\"530\">Lyxkvartsklockan \u00e4r tillverkad av ett h\u00f6gkvalitativt silikonarmband och \u00e4r b\u00e5de stark och bekv\u00e4m. Det flexibla materialet ger en s\u00e4ker passform samtidigt som det \u00e4r mjukt p\u00e5 handleden. Det \u00e4r utformat f\u00f6r att kunna b\u00e4ras hela dagen utan obehag.<\/p>\n<p data-start=\"306\" data-end=\"530\"><img decoding=\"async\" class=\"alignnone size-medium wp-image-11909 aligncenter\" src=\"https:\/\/keluvo.com\/template\/wp-content\/uploads\/sites\/5\/2025\/02\/Seadc7a85392e4d9d92785f4a9e8f5fe2v.jpg_960x960q75.jpg_.jpeg\" alt=\"\" \/><\/p>\n","protected":false},"excerpt":{"rendered":"<p>Elegant Och Modern Design Den lyxiga kvartsklockan kombinerar stil och funktion med en elegant, modern design. Den dj\u00e4rva urtavlan och [&hellip;]<\/p>\n","protected":false},"featured_media":7119,"comment_status":"open","ping_status":"closed","template":"","meta":{"site-sidebar-layout":"default","site-content-layout":"","ast-site-content-layout":"default","site-content-style":"default","site-sidebar-style":"default","ast-global-header-display":"","ast-banner-title-visibility":"","ast-main-header-display":"","ast-hfb-above-header-display":"","ast-hfb-below-header-display":"","ast-hfb-mobile-header-display":"","site-post-title":"","ast-breadcrumbs-content":"","ast-featured-img":"","footer-sml-layout":"","theme-transparent-header-meta":"default","adv-header-id-meta":"","stick-header-meta":"","header-above-stick-meta":"","header-main-stick-meta":"","header-below-stick-meta":"","astra-migrate-meta-layouts":"set","ast-page-background-enabled":"default","ast-page-background-meta":{"desktop":{"background-color":"var(--ast-global-color-4)","background-image":"","background-repeat":"repeat","background-position":"center center","background-size":"auto","background-attachment":"scroll","background-type":"","background-media":"","overlay-type":"","overlay-color":"","overlay-opacity":"","overlay-gradient":""},"tablet":{"background-color":"","background-image":"","background-repeat":"repeat","background-position":"center center","background-size":"auto","background-attachment":"scroll","background-type":"","background-media":"","overlay-type":"","overlay-color":"","overlay-opacity":"","overlay-gradient":""},"mobile":{"background-color":"","background-image":"","background-repeat":"repeat","background-position":"center center","background-size":"auto","background-attachment":"scroll","background-type":"","background-media":"","overlay-type":"","overlay-color":"","overlay-opacity":"","overlay-gradient":""}},"ast-content-background-meta":{"desktop":{"background-color":"var(--ast-global-color-5)","background-image":"","background-repeat":"repeat","background-position":"center center","background-size":"auto","background-attachment":"scroll","background-type":"","background-media":"","overlay-type":"","overlay-color":"","overlay-opacity":"","overlay-gradient":""},"tablet":{"background-color":"var(--ast-global-color-5)","background-image":"","background-repeat":"repeat","background-position":"center center","background-size":"auto","background-attachment":"scroll","background-type":"","background-media":"","overlay-type":"","overlay-color":"","overlay-opacity":"","overlay-gradient":""},"mobile":{"background-color":"var(--ast-global-color-5)","background-image":"","background-repeat":"repeat","background-position":"center center","background-size":"auto","background-attachment":"scroll","background-type":"","background-media":"","overlay-type":"","overlay-color":"","overlay-opacity":"","overlay-gradient":""}}},"product_brand":[],"product_cat":[993],"product_tag":[],"class_list":{"0":"post-7123","1":"product","2":"type-product","3":"status-publish","4":"has-post-thumbnail","6":"product_cat-footwear-accessories","7":"pa_4bkybogd-bla","8":"pa_4bkybogd-bla-guld","9":"pa_4bkybogd-motley","10":"pa_4bkybogd-rod","11":"pa_4bkybogd-svart","12":"pa_4bkybogd-svart-guld","13":"desktop-align-left","14":"tablet-align-left","15":"mobile-align-left","17":"first","18":"instock","19":"shipping-taxable","20":"purchasable","21":"product-type-variable"},"_links":{"self":[{"href":"https:\/\/keluvo.com\/se\/wp-json\/wp\/v2\/product\/7123","targetHints":{"allow":["GET"]}}],"collection":[{"href":"https:\/\/keluvo.com\/se\/wp-json\/wp\/v2\/product"}],"about":[{"href":"https:\/\/keluvo.com\/se\/wp-json\/wp\/v2\/types\/product"}],"replies":[{"embeddable":true,"href":"https:\/\/keluvo.com\/se\/wp-json\/wp\/v2\/comments?post=7123"}],"wp:featuredmedia":[{"embeddable":true,"href":"https:\/\/keluvo.com\/se\/wp-json\/wp\/v2\/media\/7119"}],"wp:attachment":[{"href":"https:\/\/keluvo.com\/se\/wp-json\/wp\/v2\/media?parent=7123"}],"wp:term":[{"taxonomy":"product_brand","embeddable":true,"href":"https:\/\/keluvo.com\/se\/wp-json\/wp\/v2\/product_brand?post=7123"},{"taxonomy":"product_cat","embeddable":true,"href":"https:\/\/keluvo.com\/se\/wp-json\/wp\/v2\/product_cat?post=7123"},{"taxonomy":"product_tag","embeddable":true,"href":"https:\/\/keluvo.com\/se\/wp-json\/wp\/v2\/product_tag?post=7123"}],"curies":[{"name":"wp","href":"https:\/\/api.w.org\/{rel}","templated":true}]}}