{"id":7118,"date":"2025-02-18T19:47:23","date_gmt":"2025-02-18T17:47:23","guid":{"rendered":"https:\/\/keluvo.com\/se\/product\/dammsugare-for-pool\/"},"modified":"2025-02-18T19:47:23","modified_gmt":"2025-02-18T17:47:23","slug":"dammsugare-for-pool","status":"publish","type":"product","link":"https:\/\/keluvo.com\/se\/product\/dammsugare-for-pool\/","title":{"rendered":"Dammsugare f\u00f6r pool"},"content":{"rendered":"<h2 style=\"text-align: center\" data-start=\"0\" data-end=\"30\"><strong data-start=\"4\" data-end=\"28\">Enkel Och Snabb Installation<\/strong><\/h2>\n<p style=\"text-align: center\" data-start=\"31\" data-end=\"257\">Pooldammsugaren \u00e4r utformad f\u00f6r enkel installation. Med en enkel anslutning till en vanlig tr\u00e4dg\u00e5rdsslang kan du b\u00f6rja reng\u00f6ra din pool p\u00e5 n\u00e5gra minuter. Inga extra verktyg beh\u00f6vs, vilket g\u00f6r den enkel f\u00f6r alla att anv\u00e4nda.<\/p>\n<p data-start=\"31\" data-end=\"257\"><img decoding=\"async\" class=\"alignnone size-medium wp-image-11895 aligncenter\" src=\"https:\/\/keluvo.com\/template\/wp-content\/uploads\/sites\/5\/2025\/02\/S17e564955d5b4be388d73eeb5812ed5fV.jpg_960x960q75.jpg_.jpeg\" alt=\"\" \/><\/p>\n<h2 style=\"text-align: center\" data-start=\"525\" data-end=\"558\"><strong data-start=\"529\" data-end=\"556\">Effektiv Poolreng\u00f6ring<\/strong><\/h2>\n<p style=\"text-align: center\" data-start=\"559\" data-end=\"781\" data-is-last-node=\"\">Den h\u00e4r pooldammsugaren hj\u00e4lper till att h\u00e5lla poolvattnet klart och friskt. Den avl\u00e4gsnar snabbt smuts, l\u00f6v och skr\u00e4p fr\u00e5n botten av din pool. Perfekt f\u00f6r b\u00e5de ovanjordiska och nedgr\u00e4vda pooler, liksom f\u00f6r spa och dammar.<\/p>\n<p data-start=\"559\" data-end=\"781\" data-is-last-node=\"\"><img decoding=\"async\" class=\"alignnone size-medium wp-image-11896 aligncenter\" src=\"https:\/\/keluvo.com\/template\/wp-content\/uploads\/sites\/5\/2025\/02\/Se8996ac044c1454192382cc4dc1aaf01a.jpg_960x960q75.jpg_.jpeg\" alt=\"\" \/><\/p>\n","protected":false},"excerpt":{"rendered":"<p>Enkel Och Snabb Installation Pooldammsugaren \u00e4r utformad f\u00f6r enkel installation. Med en enkel anslutning till en vanlig tr\u00e4dg\u00e5rdsslang kan du [&hellip;]<\/p>\n","protected":false},"featured_media":7114,"comment_status":"open","ping_status":"closed","template":"","meta":{"site-sidebar-layout":"default","site-content-layout":"","ast-site-content-layout":"default","site-content-style":"default","site-sidebar-style":"default","ast-global-header-display":"","ast-banner-title-visibility":"","ast-main-header-display":"","ast-hfb-above-header-display":"","ast-hfb-below-header-display":"","ast-hfb-mobile-header-display":"","site-post-title":"","ast-breadcrumbs-content":"","ast-featured-img":"","footer-sml-layout":"","theme-transparent-header-meta":"default","adv-header-id-meta":"","stick-header-meta":"","header-above-stick-meta":"","header-main-stick-meta":"","header-below-stick-meta":"","astra-migrate-meta-layouts":"set","ast-page-background-enabled":"default","ast-page-background-meta":{"desktop":{"background-color":"var(--ast-global-color-4)","background-image":"","background-repeat":"repeat","background-position":"center center","background-size":"auto","background-attachment":"scroll","background-type":"","background-media":"","overlay-type":"","overlay-color":"","overlay-opacity":"","overlay-gradient":""},"tablet":{"background-color":"","background-image":"","background-repeat":"repeat","background-position":"center center","background-size":"auto","background-attachment":"scroll","background-type":"","background-media":"","overlay-type":"","overlay-color":"","overlay-opacity":"","overlay-gradient":""},"mobile":{"background-color":"","background-image":"","background-repeat":"repeat","background-position":"center center","background-size":"auto","background-attachment":"scroll","background-type":"","background-media":"","overlay-type":"","overlay-color":"","overlay-opacity":"","overlay-gradient":""}},"ast-content-background-meta":{"desktop":{"background-color":"var(--ast-global-color-5)","background-image":"","background-repeat":"repeat","background-position":"center center","background-size":"auto","background-attachment":"scroll","background-type":"","background-media":"","overlay-type":"","overlay-color":"","overlay-opacity":"","overlay-gradient":""},"tablet":{"background-color":"var(--ast-global-color-5)","background-image":"","background-repeat":"repeat","background-position":"center center","background-size":"auto","background-attachment":"scroll","background-type":"","background-media":"","overlay-type":"","overlay-color":"","overlay-opacity":"","overlay-gradient":""},"mobile":{"background-color":"var(--ast-global-color-5)","background-image":"","background-repeat":"repeat","background-position":"center center","background-size":"auto","background-attachment":"scroll","background-type":"","background-media":"","overlay-type":"","overlay-color":"","overlay-opacity":"","overlay-gradient":""}}},"product_brand":[],"product_cat":[993],"product_tag":[],"class_list":{"0":"post-7118","1":"product","2":"type-product","3":"status-publish","4":"has-post-thumbnail","6":"product_cat-footwear-accessories","7":"desktop-align-left","8":"tablet-align-left","9":"mobile-align-left","11":"first","12":"instock","13":"shipping-taxable","14":"purchasable","15":"product-type-simple"},"_links":{"self":[{"href":"https:\/\/keluvo.com\/se\/wp-json\/wp\/v2\/product\/7118","targetHints":{"allow":["GET"]}}],"collection":[{"href":"https:\/\/keluvo.com\/se\/wp-json\/wp\/v2\/product"}],"about":[{"href":"https:\/\/keluvo.com\/se\/wp-json\/wp\/v2\/types\/product"}],"replies":[{"embeddable":true,"href":"https:\/\/keluvo.com\/se\/wp-json\/wp\/v2\/comments?post=7118"}],"wp:featuredmedia":[{"embeddable":true,"href":"https:\/\/keluvo.com\/se\/wp-json\/wp\/v2\/media\/7114"}],"wp:attachment":[{"href":"https:\/\/keluvo.com\/se\/wp-json\/wp\/v2\/media?parent=7118"}],"wp:term":[{"taxonomy":"product_brand","embeddable":true,"href":"https:\/\/keluvo.com\/se\/wp-json\/wp\/v2\/product_brand?post=7118"},{"taxonomy":"product_cat","embeddable":true,"href":"https:\/\/keluvo.com\/se\/wp-json\/wp\/v2\/product_cat?post=7118"},{"taxonomy":"product_tag","embeddable":true,"href":"https:\/\/keluvo.com\/se\/wp-json\/wp\/v2\/product_tag?post=7118"}],"curies":[{"name":"wp","href":"https:\/\/api.w.org\/{rel}","templated":true}]}}