{"id":7111,"date":"2025-02-18T19:46:12","date_gmt":"2025-02-18T17:46:12","guid":{"rendered":"https:\/\/keluvo.com\/se\/product\/sybehor-for-djur\/"},"modified":"2025-08-18T12:53:31","modified_gmt":"2025-08-18T09:53:31","slug":"sybehor-for-djur","status":"publish","type":"product","link":"https:\/\/keluvo.com\/se\/product\/sybehor-for-djur\/","title":{"rendered":"Sybeh\u00f6r f\u00f6r djur"},"content":{"rendered":"<h2 style=\"text-align: center\"><strong>Roligt Och L\u00e4rorikt Pyssel<\/strong><\/h2>\n<p style=\"text-align: center\">Djursysslet \u00e4r perfekt f\u00f6r barn som vill l\u00e4ra sig nya f\u00e4rdigheter samtidigt som de har roligt. Det hj\u00e4lper till att f\u00f6rb\u00e4ttra hand-\u00f6ga-koordinationen, t\u00e5lamodet och kreativiteten. Barn kommer att tycka om att skapa sina egna djurleksaker samtidigt som de utvecklar viktiga s\u00f6mnadsf\u00e4rdigheter p\u00e5 ett lekfullt s\u00e4tt.<\/p>\n<p><img decoding=\"async\" class=\"alignnone size-medium wp-image-4994 aligncenter\" src=\"https:\/\/keluvo.com\/template\/wp-content\/uploads\/sites\/5\/2024\/12\/Sa4fde1fe1ca74e9197c348afb2389a61U.jpeg\" alt=\"\" \/><\/p>\n<p><img decoding=\"async\" class=\"alignnone size-medium wp-image-4994 aligncenter\" src=\"https:\/\/keluvo.com\/template\/wp-content\/uploads\/sites\/5\/2024\/12\/Sa4fde1fe1ca74e9197c348afb2389a61U-.jpeg\" alt=\"\" \/><\/p>\n<h2 style=\"text-align: center\"><strong>Perfekt F\u00f6r Unga Nyb\u00f6rjare<\/strong><\/h2>\n<p style=\"text-align: center\">Detta syset med djur \u00e4r utformat f\u00f6r sm\u00e5 h\u00e4nder och nyb\u00f6rjare. Det inneh\u00e5ller enkla instruktioner och s\u00e4kra verktyg, t.ex. trubbiga n\u00e5lar, som g\u00f6r det enkelt f\u00f6r barn att slutf\u00f6ra sitt f\u00f6rsta s\u00f6mnadsprojekt. Det \u00e4r ett bra s\u00e4tt att introducera s\u00f6mnad p\u00e5 ett s\u00e4kert och roligt s\u00e4tt.<\/p>\n<p><img decoding=\"async\" class=\"alignnone size-medium wp-image-4993 aligncenter\" src=\"https:\/\/keluvo.com\/template\/wp-content\/uploads\/sites\/5\/2024\/12\/S670a99cdfa354830a7a949d91dee02c2w.jpeg\" alt=\"\" \/><\/p>\n<p><img decoding=\"async\" class=\"alignnone size-medium wp-image-4997 aligncenter\" src=\"https:\/\/keluvo.com\/template\/wp-content\/uploads\/sites\/5\/2024\/12\/Se9933c3a7e6245b0897fdcb02f4e56861-.jpeg\" alt=\"\" \/><\/p>\n","protected":false},"excerpt":{"rendered":"<p>Roligt Och L\u00e4rorikt Pyssel Djursysslet \u00e4r perfekt f\u00f6r barn som vill l\u00e4ra sig nya f\u00e4rdigheter samtidigt som de har roligt. [&hellip;]<\/p>\n","protected":false},"featured_media":7107,"comment_status":"open","ping_status":"closed","template":"","meta":{"site-sidebar-layout":"default","site-content-layout":"","ast-site-content-layout":"default","site-content-style":"default","site-sidebar-style":"default","ast-global-header-display":"","ast-banner-title-visibility":"","ast-main-header-display":"","ast-hfb-above-header-display":"","ast-hfb-below-header-display":"","ast-hfb-mobile-header-display":"","site-post-title":"","ast-breadcrumbs-content":"","ast-featured-img":"","footer-sml-layout":"","theme-transparent-header-meta":"default","adv-header-id-meta":"","stick-header-meta":"","header-above-stick-meta":"","header-main-stick-meta":"","header-below-stick-meta":"","astra-migrate-meta-layouts":"set","ast-page-background-enabled":"default","ast-page-background-meta":{"desktop":{"background-color":"var(--ast-global-color-4)","background-image":"","background-repeat":"repeat","background-position":"center center","background-size":"auto","background-attachment":"scroll","background-type":"","background-media":"","overlay-type":"","overlay-color":"","overlay-opacity":"","overlay-gradient":""},"tablet":{"background-color":"","background-image":"","background-repeat":"repeat","background-position":"center center","background-size":"auto","background-attachment":"scroll","background-type":"","background-media":"","overlay-type":"","overlay-color":"","overlay-opacity":"","overlay-gradient":""},"mobile":{"background-color":"","background-image":"","background-repeat":"repeat","background-position":"center center","background-size":"auto","background-attachment":"scroll","background-type":"","background-media":"","overlay-type":"","overlay-color":"","overlay-opacity":"","overlay-gradient":""}},"ast-content-background-meta":{"desktop":{"background-color":"var(--ast-global-color-5)","background-image":"","background-repeat":"repeat","background-position":"center center","background-size":"auto","background-attachment":"scroll","background-type":"","background-media":"","overlay-type":"","overlay-color":"","overlay-opacity":"","overlay-gradient":""},"tablet":{"background-color":"var(--ast-global-color-5)","background-image":"","background-repeat":"repeat","background-position":"center center","background-size":"auto","background-attachment":"scroll","background-type":"","background-media":"","overlay-type":"","overlay-color":"","overlay-opacity":"","overlay-gradient":""},"mobile":{"background-color":"var(--ast-global-color-5)","background-image":"","background-repeat":"repeat","background-position":"center center","background-size":"auto","background-attachment":"scroll","background-type":"","background-media":"","overlay-type":"","overlay-color":"","overlay-opacity":"","overlay-gradient":""}}},"product_brand":[],"product_cat":[990],"product_tag":[],"class_list":{"0":"post-7111","1":"product","2":"type-product","3":"status-publish","4":"has-post-thumbnail","6":"product_cat-toys-childrens-and-baby-products","7":"desktop-align-left","8":"tablet-align-left","9":"mobile-align-left","11":"first","12":"instock","13":"shipping-taxable","14":"purchasable","15":"product-type-simple"},"_links":{"self":[{"href":"https:\/\/keluvo.com\/se\/wp-json\/wp\/v2\/product\/7111","targetHints":{"allow":["GET"]}}],"collection":[{"href":"https:\/\/keluvo.com\/se\/wp-json\/wp\/v2\/product"}],"about":[{"href":"https:\/\/keluvo.com\/se\/wp-json\/wp\/v2\/types\/product"}],"replies":[{"embeddable":true,"href":"https:\/\/keluvo.com\/se\/wp-json\/wp\/v2\/comments?post=7111"}],"wp:featuredmedia":[{"embeddable":true,"href":"https:\/\/keluvo.com\/se\/wp-json\/wp\/v2\/media\/7107"}],"wp:attachment":[{"href":"https:\/\/keluvo.com\/se\/wp-json\/wp\/v2\/media?parent=7111"}],"wp:term":[{"taxonomy":"product_brand","embeddable":true,"href":"https:\/\/keluvo.com\/se\/wp-json\/wp\/v2\/product_brand?post=7111"},{"taxonomy":"product_cat","embeddable":true,"href":"https:\/\/keluvo.com\/se\/wp-json\/wp\/v2\/product_cat?post=7111"},{"taxonomy":"product_tag","embeddable":true,"href":"https:\/\/keluvo.com\/se\/wp-json\/wp\/v2\/product_tag?post=7111"}],"curies":[{"name":"wp","href":"https:\/\/api.w.org\/{rel}","templated":true}]}}