{"id":7096,"date":"2025-02-18T19:44:29","date_gmt":"2025-02-18T17:44:29","guid":{"rendered":"https:\/\/keluvo.com\/se\/product\/led-ljus-i-glas\/"},"modified":"2025-09-05T10:48:42","modified_gmt":"2025-09-05T07:48:42","slug":"led-ljus-i-glas","status":"publish","type":"product","link":"https:\/\/keluvo.com\/se\/product\/led-ljus-i-glas\/","title":{"rendered":"LED-ljus i glas"},"content":{"rendered":"<h2 style=\"text-align: center\"><strong>S\u00e4ker Och H\u00e5llbar Design<\/strong><\/h2>\n<p style=\"text-align: center\">LED-glasljuset \u00e4r tillverkat med ett robust h\u00f6lje av glasimitation, vilket g\u00f6r det s\u00e4kert \u00e4ven om det tappas av misstag. Dess flaml\u00f6sa design s\u00e4kerst\u00e4ller att det inte finns n\u00e5gra risker f\u00f6r brand eller br\u00e4nnskador, vilket g\u00f6r den idealisk f\u00f6r hem med barn och husdjur. Njut av ljusets sk\u00f6nhet utan att beh\u00f6va oroa dig f\u00f6r \u00f6ppna l\u00e5gor.<\/p>\n<p><img fetchpriority=\"high\" decoding=\"async\" width=\"1000\" height=\"1000\" class=\"alignnone size-medium wp-image-3308 aligncenter\" src=\"https:\/\/keluvo.com\/template\/wp-content\/uploads\/sites\/5\/2024\/11\/d74f1271-fb02-49b5-8ec3-8b418c5af664.webp\" alt=\"\" srcset=\"https:\/\/keluvo.com\/se\/wp-content\/uploads\/sites\/12\/2024\/11\/d74f1271-fb02-49b5-8ec3-8b418c5af664.webp 1000w, https:\/\/keluvo.com\/se\/wp-content\/uploads\/sites\/12\/2024\/11\/d74f1271-fb02-49b5-8ec3-8b418c5af664-300x300.webp 300w, https:\/\/keluvo.com\/se\/wp-content\/uploads\/sites\/12\/2024\/11\/d74f1271-fb02-49b5-8ec3-8b418c5af664-150x150.webp 150w, https:\/\/keluvo.com\/se\/wp-content\/uploads\/sites\/12\/2024\/11\/d74f1271-fb02-49b5-8ec3-8b418c5af664-768x768.webp 768w, https:\/\/keluvo.com\/se\/wp-content\/uploads\/sites\/12\/2024\/11\/d74f1271-fb02-49b5-8ec3-8b418c5af664-600x600.webp 600w, https:\/\/keluvo.com\/se\/wp-content\/uploads\/sites\/12\/2024\/11\/d74f1271-fb02-49b5-8ec3-8b418c5af664-100x100.webp 100w, https:\/\/keluvo.com\/se\/wp-content\/uploads\/sites\/12\/2024\/11\/d74f1271-fb02-49b5-8ec3-8b418c5af664-50x50.webp 50w\" sizes=\"(max-width: 1000px) 100vw, 1000px\" \/><\/p>\n<h2 style=\"text-align: center\"><strong>Bekv\u00e4m Fj\u00e4rrkontroll<\/strong><\/h2>\n<p style=\"text-align: center\">Styr enkelt LED-glasljuset med den medf\u00f6ljande fj\u00e4rrkontrollen med 10 knappar. Justera ljusstyrkan, t\u00e4nd\/sl\u00e4ck ljuset eller st\u00e4ll in en timer f\u00f6r 2, 4, 6 eller 8 timmar, vilket garanterar bekv\u00e4mlighet och energieffektivitet. Dess 24-timmarscykelfunktion hj\u00e4lper till att spara batteristr\u00f6m, vilket g\u00f6r det enkelt att njuta av l\u00e5ngvarig belysning.<\/p>\n<p style=\"text-align: center\"><img decoding=\"async\" width=\"1248\" height=\"1248\" class=\"alignnone size-medium wp-image-3312\" src=\"https:\/\/keluvo.com\/template\/wp-content\/uploads\/sites\/5\/2024\/11\/LED-Lights-for-Home-Electronic-Candle-LED-Candle-Decoration-LED-Glass-Candle-Full-Set-Remote-Control.png_.png\" alt=\"\" srcset=\"https:\/\/keluvo.com\/se\/wp-content\/uploads\/sites\/12\/2024\/11\/LED-Lights-for-Home-Electronic-Candle-LED-Candle-Decoration-LED-Glass-Candle-Full-Set-Remote-Control.png_.png 1248w, https:\/\/keluvo.com\/se\/wp-content\/uploads\/sites\/12\/2024\/11\/LED-Lights-for-Home-Electronic-Candle-LED-Candle-Decoration-LED-Glass-Candle-Full-Set-Remote-Control.png_-300x300.png 300w, https:\/\/keluvo.com\/se\/wp-content\/uploads\/sites\/12\/2024\/11\/LED-Lights-for-Home-Electronic-Candle-LED-Candle-Decoration-LED-Glass-Candle-Full-Set-Remote-Control.png_-1024x1024.png 1024w, https:\/\/keluvo.com\/se\/wp-content\/uploads\/sites\/12\/2024\/11\/LED-Lights-for-Home-Electronic-Candle-LED-Candle-Decoration-LED-Glass-Candle-Full-Set-Remote-Control.png_-150x150.png 150w, https:\/\/keluvo.com\/se\/wp-content\/uploads\/sites\/12\/2024\/11\/LED-Lights-for-Home-Electronic-Candle-LED-Candle-Decoration-LED-Glass-Candle-Full-Set-Remote-Control.png_-768x768.png 768w, https:\/\/keluvo.com\/se\/wp-content\/uploads\/sites\/12\/2024\/11\/LED-Lights-for-Home-Electronic-Candle-LED-Candle-Decoration-LED-Glass-Candle-Full-Set-Remote-Control.png_-600x600.png 600w, https:\/\/keluvo.com\/se\/wp-content\/uploads\/sites\/12\/2024\/11\/LED-Lights-for-Home-Electronic-Candle-LED-Candle-Decoration-LED-Glass-Candle-Full-Set-Remote-Control.png_-100x100.png 100w, https:\/\/keluvo.com\/se\/wp-content\/uploads\/sites\/12\/2024\/11\/LED-Lights-for-Home-Electronic-Candle-LED-Candle-Decoration-LED-Glass-Candle-Full-Set-Remote-Control.png_-50x50.png 50w\" sizes=\"(max-width: 1248px) 100vw, 1248px\" \/><\/p>\n","protected":false},"excerpt":{"rendered":"<p>S\u00e4ker Och H\u00e5llbar Design LED-glasljuset \u00e4r tillverkat med ett robust h\u00f6lje av glasimitation, vilket g\u00f6r det s\u00e4kert \u00e4ven om det [&hellip;]<\/p>\n","protected":false},"featured_media":7092,"comment_status":"open","ping_status":"closed","template":"","meta":{"site-sidebar-layout":"default","site-content-layout":"","ast-site-content-layout":"default","site-content-style":"default","site-sidebar-style":"default","ast-global-header-display":"","ast-banner-title-visibility":"","ast-main-header-display":"","ast-hfb-above-header-display":"","ast-hfb-below-header-display":"","ast-hfb-mobile-header-display":"","site-post-title":"","ast-breadcrumbs-content":"","ast-featured-img":"","footer-sml-layout":"","theme-transparent-header-meta":"default","adv-header-id-meta":"","stick-header-meta":"","header-above-stick-meta":"","header-main-stick-meta":"","header-below-stick-meta":"","astra-migrate-meta-layouts":"set","ast-page-background-enabled":"default","ast-page-background-meta":{"desktop":{"background-color":"var(--ast-global-color-4)","background-image":"","background-repeat":"repeat","background-position":"center center","background-size":"auto","background-attachment":"scroll","background-type":"","background-media":"","overlay-type":"","overlay-color":"","overlay-opacity":"","overlay-gradient":""},"tablet":{"background-color":"","background-image":"","background-repeat":"repeat","background-position":"center center","background-size":"auto","background-attachment":"scroll","background-type":"","background-media":"","overlay-type":"","overlay-color":"","overlay-opacity":"","overlay-gradient":""},"mobile":{"background-color":"","background-image":"","background-repeat":"repeat","background-position":"center center","background-size":"auto","background-attachment":"scroll","background-type":"","background-media":"","overlay-type":"","overlay-color":"","overlay-opacity":"","overlay-gradient":""}},"ast-content-background-meta":{"desktop":{"background-color":"var(--ast-global-color-5)","background-image":"","background-repeat":"repeat","background-position":"center center","background-size":"auto","background-attachment":"scroll","background-type":"","background-media":"","overlay-type":"","overlay-color":"","overlay-opacity":"","overlay-gradient":""},"tablet":{"background-color":"var(--ast-global-color-5)","background-image":"","background-repeat":"repeat","background-position":"center center","background-size":"auto","background-attachment":"scroll","background-type":"","background-media":"","overlay-type":"","overlay-color":"","overlay-opacity":"","overlay-gradient":""},"mobile":{"background-color":"var(--ast-global-color-5)","background-image":"","background-repeat":"repeat","background-position":"center center","background-size":"auto","background-attachment":"scroll","background-type":"","background-media":"","overlay-type":"","overlay-color":"","overlay-opacity":"","overlay-gradient":""}}},"product_brand":[],"product_cat":[1001],"product_tag":[],"class_list":{"0":"post-7096","1":"product","2":"type-product","3":"status-publish","4":"has-post-thumbnail","6":"product_cat-household-goods","7":"pa_f6g50q7a-gra","8":"pa_f6g50q7a-guld","9":"pa_f6g50q7a-vit","10":"desktop-align-left","11":"tablet-align-left","12":"mobile-align-left","14":"first","15":"instock","16":"shipping-taxable","17":"purchasable","18":"product-type-variable"},"_links":{"self":[{"href":"https:\/\/keluvo.com\/se\/wp-json\/wp\/v2\/product\/7096","targetHints":{"allow":["GET"]}}],"collection":[{"href":"https:\/\/keluvo.com\/se\/wp-json\/wp\/v2\/product"}],"about":[{"href":"https:\/\/keluvo.com\/se\/wp-json\/wp\/v2\/types\/product"}],"replies":[{"embeddable":true,"href":"https:\/\/keluvo.com\/se\/wp-json\/wp\/v2\/comments?post=7096"}],"wp:featuredmedia":[{"embeddable":true,"href":"https:\/\/keluvo.com\/se\/wp-json\/wp\/v2\/media\/7092"}],"wp:attachment":[{"href":"https:\/\/keluvo.com\/se\/wp-json\/wp\/v2\/media?parent=7096"}],"wp:term":[{"taxonomy":"product_brand","embeddable":true,"href":"https:\/\/keluvo.com\/se\/wp-json\/wp\/v2\/product_brand?post=7096"},{"taxonomy":"product_cat","embeddable":true,"href":"https:\/\/keluvo.com\/se\/wp-json\/wp\/v2\/product_cat?post=7096"},{"taxonomy":"product_tag","embeddable":true,"href":"https:\/\/keluvo.com\/se\/wp-json\/wp\/v2\/product_tag?post=7096"}],"curies":[{"name":"wp","href":"https:\/\/api.w.org\/{rel}","templated":true}]}}