{"id":7074,"date":"2025-02-17T22:47:41","date_gmt":"2025-02-17T20:47:41","guid":{"rendered":"https:\/\/keluvo.com\/se\/product\/led-magnetisk-snurra\/"},"modified":"2025-02-17T22:47:48","modified_gmt":"2025-02-17T20:47:48","slug":"led-magnetisk-snurra","status":"publish","type":"product","link":"https:\/\/keluvo.com\/se\/product\/led-magnetisk-snurra\/","title":{"rendered":"LED-magnetisk snurra"},"content":{"rendered":"<h2 style=\"text-align: center\"><strong>Starka LED-Ljuseffekter<\/strong><\/h2>\n<p style=\"text-align: center\">Den magnetiska LED-snurran lyser upp med f\u00e4rgglada LED-effekter och skapar en gl\u00f6dande regnb\u00e5ge n\u00e4r den snurrar. Oavsett om det \u00e4r dagsljus eller natt, g\u00f6r de starka lamporna den sp\u00e4nnande att leka med. Barnen kommer att njuta av de gl\u00f6dande m\u00f6nstren och den magiska snurrande r\u00f6relsen.<\/p>\n<p><img decoding=\"async\" class=\"alignnone size-medium wp-image-4916 aligncenter\" src=\"https:\/\/keluvo.com\/template\/wp-content\/uploads\/sites\/5\/2024\/12\/S3fe9c17c2faf465688da081937d8b504Y.jpg_960x960q75.jpg_.jpeg\" alt=\"\" \/><\/p>\n<h2 style=\"text-align: center\"><strong>L\u00e4tt Att Anv\u00e4nda Och Handvevad<\/strong><\/h2>\n<p style=\"text-align: center\">Den h\u00e4r snurran har en handvevad design, s\u00e5 att barnen enkelt kan s\u00e4tta den i r\u00f6relse. Med ett enkelt snurr h\u00e5ller den magnetiska banan snurran i en j\u00e4mn och stadig rotation. Det \u00e4r en bra leksak f\u00f6r att f\u00f6rb\u00e4ttra handkoordination och fokus.<\/p>\n<p><img decoding=\"async\" class=\"alignnone size-medium wp-image-4919 aligncenter\" src=\"https:\/\/keluvo.com\/template\/wp-content\/uploads\/sites\/5\/2024\/12\/S2314528f1656451da8f656ff6dba38d02.jpg_960x960q75.jpg_.jpeg\" alt=\"\" \/><\/p>\n","protected":false},"excerpt":{"rendered":"<p>Starka LED-Ljuseffekter Den magnetiska LED-snurran lyser upp med f\u00e4rgglada LED-effekter och skapar en gl\u00f6dande regnb\u00e5ge n\u00e4r den snurrar. Oavsett om [&hellip;]<\/p>\n","protected":false},"featured_media":7070,"comment_status":"open","ping_status":"closed","template":"","meta":{"site-sidebar-layout":"default","site-content-layout":"","ast-site-content-layout":"default","site-content-style":"default","site-sidebar-style":"default","ast-global-header-display":"","ast-banner-title-visibility":"","ast-main-header-display":"","ast-hfb-above-header-display":"","ast-hfb-below-header-display":"","ast-hfb-mobile-header-display":"","site-post-title":"","ast-breadcrumbs-content":"","ast-featured-img":"","footer-sml-layout":"","theme-transparent-header-meta":"default","adv-header-id-meta":"","stick-header-meta":"","header-above-stick-meta":"","header-main-stick-meta":"","header-below-stick-meta":"","astra-migrate-meta-layouts":"set","ast-page-background-enabled":"default","ast-page-background-meta":{"desktop":{"background-color":"var(--ast-global-color-4)","background-image":"","background-repeat":"repeat","background-position":"center center","background-size":"auto","background-attachment":"scroll","background-type":"","background-media":"","overlay-type":"","overlay-color":"","overlay-opacity":"","overlay-gradient":""},"tablet":{"background-color":"","background-image":"","background-repeat":"repeat","background-position":"center center","background-size":"auto","background-attachment":"scroll","background-type":"","background-media":"","overlay-type":"","overlay-color":"","overlay-opacity":"","overlay-gradient":""},"mobile":{"background-color":"","background-image":"","background-repeat":"repeat","background-position":"center center","background-size":"auto","background-attachment":"scroll","background-type":"","background-media":"","overlay-type":"","overlay-color":"","overlay-opacity":"","overlay-gradient":""}},"ast-content-background-meta":{"desktop":{"background-color":"var(--ast-global-color-5)","background-image":"","background-repeat":"repeat","background-position":"center center","background-size":"auto","background-attachment":"scroll","background-type":"","background-media":"","overlay-type":"","overlay-color":"","overlay-opacity":"","overlay-gradient":""},"tablet":{"background-color":"var(--ast-global-color-5)","background-image":"","background-repeat":"repeat","background-position":"center center","background-size":"auto","background-attachment":"scroll","background-type":"","background-media":"","overlay-type":"","overlay-color":"","overlay-opacity":"","overlay-gradient":""},"mobile":{"background-color":"var(--ast-global-color-5)","background-image":"","background-repeat":"repeat","background-position":"center center","background-size":"auto","background-attachment":"scroll","background-type":"","background-media":"","overlay-type":"","overlay-color":"","overlay-opacity":"","overlay-gradient":""}}},"product_brand":[],"product_cat":[990],"product_tag":[],"class_list":{"0":"post-7074","1":"product","2":"type-product","3":"status-publish","4":"has-post-thumbnail","6":"product_cat-toys-childrens-and-baby-products","7":"desktop-align-left","8":"tablet-align-left","9":"mobile-align-left","11":"first","12":"instock","13":"shipping-taxable","14":"purchasable","15":"product-type-simple"},"_links":{"self":[{"href":"https:\/\/keluvo.com\/se\/wp-json\/wp\/v2\/product\/7074","targetHints":{"allow":["GET"]}}],"collection":[{"href":"https:\/\/keluvo.com\/se\/wp-json\/wp\/v2\/product"}],"about":[{"href":"https:\/\/keluvo.com\/se\/wp-json\/wp\/v2\/types\/product"}],"replies":[{"embeddable":true,"href":"https:\/\/keluvo.com\/se\/wp-json\/wp\/v2\/comments?post=7074"}],"wp:featuredmedia":[{"embeddable":true,"href":"https:\/\/keluvo.com\/se\/wp-json\/wp\/v2\/media\/7070"}],"wp:attachment":[{"href":"https:\/\/keluvo.com\/se\/wp-json\/wp\/v2\/media?parent=7074"}],"wp:term":[{"taxonomy":"product_brand","embeddable":true,"href":"https:\/\/keluvo.com\/se\/wp-json\/wp\/v2\/product_brand?post=7074"},{"taxonomy":"product_cat","embeddable":true,"href":"https:\/\/keluvo.com\/se\/wp-json\/wp\/v2\/product_cat?post=7074"},{"taxonomy":"product_tag","embeddable":true,"href":"https:\/\/keluvo.com\/se\/wp-json\/wp\/v2\/product_tag?post=7074"}],"curies":[{"name":"wp","href":"https:\/\/api.w.org\/{rel}","templated":true}]}}