{"id":7057,"date":"2025-02-17T22:46:26","date_gmt":"2025-02-17T20:46:26","guid":{"rendered":"https:\/\/keluvo.com\/se\/product\/sked-for-matning-av-barn\/"},"modified":"2025-02-17T22:46:46","modified_gmt":"2025-02-17T20:46:46","slug":"sked-for-matning-av-barn","status":"publish","type":"product","link":"https:\/\/keluvo.com\/se\/product\/sked-for-matning-av-barn\/","title":{"rendered":"Sked f\u00f6r matning av barn"},"content":{"rendered":"<h2 style=\"text-align: center\"><strong>Mjukt Och Barns\u00e4kert Material<\/strong><\/h2>\n<p style=\"text-align: center\">Babymatningsskeden \u00e4r tillverkad av 100% livsmedelsgodk\u00e4nd silikon, vilket garanterar att den \u00e4r s\u00e4ker f\u00f6r ditt barns k\u00e4nsliga mun. Det mjuka och flexibla materialet \u00e4r skonsamt mot tandk\u00f6ttet, vilket g\u00f6r den idealisk f\u00f6r de f\u00f6rsta matupplevelserna. Den \u00e4r helt fri fr\u00e5n skadliga \u00e4mnen, vilket ger dig sinnesfrid under m\u00e5ltiderna.<\/p>\n<p><img decoding=\"async\" class=\"alignnone size-medium wp-image-4059 aligncenter\" src=\"https:\/\/keluvo.com\/template\/wp-content\/uploads\/sites\/5\/2024\/11\/444bd866-c488-4115-b6b3-ab986f022b2d.webp\" alt=\"\" \/><\/p>\n<h2 style=\"text-align: center\"><strong>Praktisk Kl\u00e4mdesign<\/strong><\/h2>\n<p style=\"text-align: center\">Barnmatningsskeden har en kl\u00e4mflaskdesign f\u00f6r enkel och kladdfri matning. Fyll den helt enkelt med flingor, pur\u00e9er eller annan halvflytande mat och kl\u00e4m f\u00f6rsiktigt f\u00f6r att f\u00e5 ut r\u00e4tt m\u00e4ngd. Denna praktiska design f\u00f6renklar matningen f\u00f6r f\u00f6r\u00e4ldrar och minskar avfallet.<\/p>\n<p><img decoding=\"async\" class=\"alignnone size-medium wp-image-4064 aligncenter\" src=\"https:\/\/keluvo.com\/template\/wp-content\/uploads\/sites\/5\/2024\/11\/Squeezed-Milk-Bottle-Food-Grade-Silicone-Newborn-Training-Spoon-Baby-Grain-Food-Supplement-Feeder-Safe-and.jpg_-1.png\" alt=\"\" \/><\/p>\n","protected":false},"excerpt":{"rendered":"<p>Mjukt Och Barns\u00e4kert Material Babymatningsskeden \u00e4r tillverkad av 100% livsmedelsgodk\u00e4nd silikon, vilket garanterar att den \u00e4r s\u00e4ker f\u00f6r ditt barns [&hellip;]<\/p>\n","protected":false},"featured_media":7053,"comment_status":"open","ping_status":"closed","template":"","meta":{"site-sidebar-layout":"default","site-content-layout":"","ast-site-content-layout":"default","site-content-style":"default","site-sidebar-style":"default","ast-global-header-display":"","ast-banner-title-visibility":"","ast-main-header-display":"","ast-hfb-above-header-display":"","ast-hfb-below-header-display":"","ast-hfb-mobile-header-display":"","site-post-title":"","ast-breadcrumbs-content":"","ast-featured-img":"","footer-sml-layout":"","theme-transparent-header-meta":"default","adv-header-id-meta":"","stick-header-meta":"","header-above-stick-meta":"","header-main-stick-meta":"","header-below-stick-meta":"","astra-migrate-meta-layouts":"set","ast-page-background-enabled":"default","ast-page-background-meta":{"desktop":{"background-color":"var(--ast-global-color-4)","background-image":"","background-repeat":"repeat","background-position":"center center","background-size":"auto","background-attachment":"scroll","background-type":"","background-media":"","overlay-type":"","overlay-color":"","overlay-opacity":"","overlay-gradient":""},"tablet":{"background-color":"","background-image":"","background-repeat":"repeat","background-position":"center center","background-size":"auto","background-attachment":"scroll","background-type":"","background-media":"","overlay-type":"","overlay-color":"","overlay-opacity":"","overlay-gradient":""},"mobile":{"background-color":"","background-image":"","background-repeat":"repeat","background-position":"center center","background-size":"auto","background-attachment":"scroll","background-type":"","background-media":"","overlay-type":"","overlay-color":"","overlay-opacity":"","overlay-gradient":""}},"ast-content-background-meta":{"desktop":{"background-color":"var(--ast-global-color-5)","background-image":"","background-repeat":"repeat","background-position":"center center","background-size":"auto","background-attachment":"scroll","background-type":"","background-media":"","overlay-type":"","overlay-color":"","overlay-opacity":"","overlay-gradient":""},"tablet":{"background-color":"var(--ast-global-color-5)","background-image":"","background-repeat":"repeat","background-position":"center center","background-size":"auto","background-attachment":"scroll","background-type":"","background-media":"","overlay-type":"","overlay-color":"","overlay-opacity":"","overlay-gradient":""},"mobile":{"background-color":"var(--ast-global-color-5)","background-image":"","background-repeat":"repeat","background-position":"center center","background-size":"auto","background-attachment":"scroll","background-type":"","background-media":"","overlay-type":"","overlay-color":"","overlay-opacity":"","overlay-gradient":""}}},"product_brand":[],"product_cat":[990],"product_tag":[],"class_list":{"0":"post-7057","1":"product","2":"type-product","3":"status-publish","4":"has-post-thumbnail","6":"product_cat-toys-childrens-and-baby-products","7":"pa_j3mi9qgh-bla","8":"pa_j3mi9qgh-gron","9":"pa_j3mi9qgh-gul","10":"pa_j3mi9qgh-rosa","11":"desktop-align-left","12":"tablet-align-left","13":"mobile-align-left","15":"first","16":"instock","17":"shipping-taxable","18":"purchasable","19":"product-type-variable"},"_links":{"self":[{"href":"https:\/\/keluvo.com\/se\/wp-json\/wp\/v2\/product\/7057","targetHints":{"allow":["GET"]}}],"collection":[{"href":"https:\/\/keluvo.com\/se\/wp-json\/wp\/v2\/product"}],"about":[{"href":"https:\/\/keluvo.com\/se\/wp-json\/wp\/v2\/types\/product"}],"replies":[{"embeddable":true,"href":"https:\/\/keluvo.com\/se\/wp-json\/wp\/v2\/comments?post=7057"}],"wp:featuredmedia":[{"embeddable":true,"href":"https:\/\/keluvo.com\/se\/wp-json\/wp\/v2\/media\/7053"}],"wp:attachment":[{"href":"https:\/\/keluvo.com\/se\/wp-json\/wp\/v2\/media?parent=7057"}],"wp:term":[{"taxonomy":"product_brand","embeddable":true,"href":"https:\/\/keluvo.com\/se\/wp-json\/wp\/v2\/product_brand?post=7057"},{"taxonomy":"product_cat","embeddable":true,"href":"https:\/\/keluvo.com\/se\/wp-json\/wp\/v2\/product_cat?post=7057"},{"taxonomy":"product_tag","embeddable":true,"href":"https:\/\/keluvo.com\/se\/wp-json\/wp\/v2\/product_tag?post=7057"}],"curies":[{"name":"wp","href":"https:\/\/api.w.org\/{rel}","templated":true}]}}