{"id":7048,"date":"2025-02-17T22:45:10","date_gmt":"2025-02-17T20:45:10","guid":{"rendered":"https:\/\/keluvo.com\/se\/product\/led-ficklampa-for-camping\/"},"modified":"2025-02-17T22:45:15","modified_gmt":"2025-02-17T20:45:15","slug":"led-ficklampa-for-camping","status":"publish","type":"product","link":"https:\/\/keluvo.com\/se\/product\/led-ficklampa-for-camping\/","title":{"rendered":"LED-ficklampa f\u00f6r camping"},"content":{"rendered":"<h2 style=\"text-align: center\">Starkt Och L\u00e5ngvarigt Ljus<\/h2>\n<p style=\"text-align: center\">LED-ficklampan f\u00f6r camping \u00e4r utrustad med 4 lampkulor f\u00f6r kraftfull och l\u00e5ngvarig belysning. Den \u00e4r perfekt f\u00f6r utomhus\u00e4ventyr och ger tillf\u00f6rlitligt ljus under camping, vandring och n\u00f6dsituationer. Den h\u00f6ga ljusstyrkan ger utm\u00e4rkt synlighet i m\u00f6rka milj\u00f6er.<\/p>\n<p><img decoding=\"async\" class=\"alignnone size-medium wp-image-5861 aligncenter\" src=\"https:\/\/keluvo.com\/template\/wp-content\/uploads\/sites\/5\/2024\/12\/Se5b012958d2f4bafa90f8206dfc717ffS.jpeg\" alt=\"\" \/><\/p>\n<h2 style=\"text-align: center\">M\u00e5ngsidig COB-Sidolampa<\/h2>\n<p style=\"text-align: center\">Den h\u00e4r ficklampan har en COB-sidolampa som ger ett bredare och starkare ljusomr\u00e5de. Sidoljuset \u00e4r perfekt f\u00f6r att utforska m\u00f6rka utrymmen eller utf\u00f6ra uppgifter i svagt ljus och f\u00f6rb\u00e4ttrar din synlighet. Den \u00e4r perfekt f\u00f6r praktiskt arbete eller f\u00f6r att lysa upp stora omr\u00e5den.<\/p>\n<p><img decoding=\"async\" class=\"alignnone size-medium wp-image-5860 aligncenter\" src=\"https:\/\/keluvo.com\/template\/wp-content\/uploads\/sites\/5\/2024\/12\/Saf21f8f6dc4e4f6589ace21877da1187a.jpg_960x960q75.jpg_.jpeg\" alt=\"\" \/><\/p>\n","protected":false},"excerpt":{"rendered":"<p>Starkt Och L\u00e5ngvarigt Ljus LED-ficklampan f\u00f6r camping \u00e4r utrustad med 4 lampkulor f\u00f6r kraftfull och l\u00e5ngvarig belysning. Den \u00e4r perfekt [&hellip;]<\/p>\n","protected":false},"featured_media":7044,"comment_status":"open","ping_status":"closed","template":"","meta":{"site-sidebar-layout":"default","site-content-layout":"","ast-site-content-layout":"default","site-content-style":"default","site-sidebar-style":"default","ast-global-header-display":"","ast-banner-title-visibility":"","ast-main-header-display":"","ast-hfb-above-header-display":"","ast-hfb-below-header-display":"","ast-hfb-mobile-header-display":"","site-post-title":"","ast-breadcrumbs-content":"","ast-featured-img":"","footer-sml-layout":"","theme-transparent-header-meta":"default","adv-header-id-meta":"","stick-header-meta":"","header-above-stick-meta":"","header-main-stick-meta":"","header-below-stick-meta":"","astra-migrate-meta-layouts":"set","ast-page-background-enabled":"default","ast-page-background-meta":{"desktop":{"background-color":"var(--ast-global-color-4)","background-image":"","background-repeat":"repeat","background-position":"center center","background-size":"auto","background-attachment":"scroll","background-type":"","background-media":"","overlay-type":"","overlay-color":"","overlay-opacity":"","overlay-gradient":""},"tablet":{"background-color":"","background-image":"","background-repeat":"repeat","background-position":"center center","background-size":"auto","background-attachment":"scroll","background-type":"","background-media":"","overlay-type":"","overlay-color":"","overlay-opacity":"","overlay-gradient":""},"mobile":{"background-color":"","background-image":"","background-repeat":"repeat","background-position":"center center","background-size":"auto","background-attachment":"scroll","background-type":"","background-media":"","overlay-type":"","overlay-color":"","overlay-opacity":"","overlay-gradient":""}},"ast-content-background-meta":{"desktop":{"background-color":"var(--ast-global-color-5)","background-image":"","background-repeat":"repeat","background-position":"center center","background-size":"auto","background-attachment":"scroll","background-type":"","background-media":"","overlay-type":"","overlay-color":"","overlay-opacity":"","overlay-gradient":""},"tablet":{"background-color":"var(--ast-global-color-5)","background-image":"","background-repeat":"repeat","background-position":"center center","background-size":"auto","background-attachment":"scroll","background-type":"","background-media":"","overlay-type":"","overlay-color":"","overlay-opacity":"","overlay-gradient":""},"mobile":{"background-color":"var(--ast-global-color-5)","background-image":"","background-repeat":"repeat","background-position":"center center","background-size":"auto","background-attachment":"scroll","background-type":"","background-media":"","overlay-type":"","overlay-color":"","overlay-opacity":"","overlay-gradient":""}}},"product_brand":[],"product_cat":[1000],"product_tag":[],"class_list":{"0":"post-7048","1":"product","2":"type-product","3":"status-publish","4":"has-post-thumbnail","6":"product_cat-hiking-camping-and-leisure-goods","7":"desktop-align-left","8":"tablet-align-left","9":"mobile-align-left","11":"first","12":"instock","13":"shipping-taxable","14":"purchasable","15":"product-type-simple"},"_links":{"self":[{"href":"https:\/\/keluvo.com\/se\/wp-json\/wp\/v2\/product\/7048","targetHints":{"allow":["GET"]}}],"collection":[{"href":"https:\/\/keluvo.com\/se\/wp-json\/wp\/v2\/product"}],"about":[{"href":"https:\/\/keluvo.com\/se\/wp-json\/wp\/v2\/types\/product"}],"replies":[{"embeddable":true,"href":"https:\/\/keluvo.com\/se\/wp-json\/wp\/v2\/comments?post=7048"}],"wp:featuredmedia":[{"embeddable":true,"href":"https:\/\/keluvo.com\/se\/wp-json\/wp\/v2\/media\/7044"}],"wp:attachment":[{"href":"https:\/\/keluvo.com\/se\/wp-json\/wp\/v2\/media?parent=7048"}],"wp:term":[{"taxonomy":"product_brand","embeddable":true,"href":"https:\/\/keluvo.com\/se\/wp-json\/wp\/v2\/product_brand?post=7048"},{"taxonomy":"product_cat","embeddable":true,"href":"https:\/\/keluvo.com\/se\/wp-json\/wp\/v2\/product_cat?post=7048"},{"taxonomy":"product_tag","embeddable":true,"href":"https:\/\/keluvo.com\/se\/wp-json\/wp\/v2\/product_tag?post=7048"}],"curies":[{"name":"wp","href":"https:\/\/api.w.org\/{rel}","templated":true}]}}