{"id":7023,"date":"2025-02-17T22:03:56","date_gmt":"2025-02-17T20:03:56","guid":{"rendered":"https:\/\/keluvo.com\/se\/product\/hallare-for-biltelefon\/"},"modified":"2025-02-17T22:04:01","modified_gmt":"2025-02-17T20:04:01","slug":"hallare-for-biltelefon","status":"publish","type":"product","link":"https:\/\/keluvo.com\/se\/product\/hallare-for-biltelefon\/","title":{"rendered":"H\u00e5llare f\u00f6r biltelefon"},"content":{"rendered":"<h2 style=\"text-align: center\"><strong>S\u00e4krare Navigering Under K\u00f6rning<\/strong><\/h2>\n<p style=\"text-align: center\">Biltelefonh\u00e5llaren monteras direkt p\u00e5 backspegeln och h\u00e5ller telefonen i \u00f6gonh\u00f6jd. Denna design s\u00e4kerst\u00e4ller att du kan f\u00f6lja navigeringen utan att titta ner, vilket ger en s\u00e4krare och bekv\u00e4mare k\u00f6rupplevelse.<\/p>\n<p><img decoding=\"async\" class=\"alignnone size-medium wp-image-5341 aligncenter\" src=\"https:\/\/keluvo.com\/template\/wp-content\/uploads\/sites\/5\/2024\/12\/S8b93351741ed4496beca7763563e46e89.jpg_960x960q75.jpg_.webp\" \/><\/p>\n<h2 style=\"text-align: center\"><strong>Justerbar F\u00f6r Perfekt Visning<\/strong><\/h2>\n<p style=\"text-align: center\">Med en 360-graders rotation och inf\u00e4llbar arm kan biltelefonh\u00e5llaren justera vinkeln och positionen f\u00f6r b\u00e4sta visning. Oavsett om du k\u00f6r eller anv\u00e4nder den som passagerare anpassar den sig till dina behov utan att blockera din sikt.<\/p>\n<p><img decoding=\"async\" class=\"alignnone size-medium wp-image-5337 aligncenter\" src=\"https:\/\/keluvo.com\/template\/wp-content\/uploads\/sites\/5\/2024\/12\/S6cd90e085c7f4a678ab31939d680bef6s.jpg_960x960q75.jpg_.webp\" \/><\/p>\n","protected":false},"excerpt":{"rendered":"<p>S\u00e4krare Navigering Under K\u00f6rning Biltelefonh\u00e5llaren monteras direkt p\u00e5 backspegeln och h\u00e5ller telefonen i \u00f6gonh\u00f6jd. Denna design s\u00e4kerst\u00e4ller att du kan [&hellip;]<\/p>\n","protected":false},"featured_media":7019,"comment_status":"open","ping_status":"closed","template":"","meta":{"site-sidebar-layout":"default","site-content-layout":"","ast-site-content-layout":"default","site-content-style":"default","site-sidebar-style":"default","ast-global-header-display":"","ast-banner-title-visibility":"","ast-main-header-display":"","ast-hfb-above-header-display":"","ast-hfb-below-header-display":"","ast-hfb-mobile-header-display":"","site-post-title":"","ast-breadcrumbs-content":"","ast-featured-img":"","footer-sml-layout":"","theme-transparent-header-meta":"default","adv-header-id-meta":"","stick-header-meta":"","header-above-stick-meta":"","header-main-stick-meta":"","header-below-stick-meta":"","astra-migrate-meta-layouts":"set","ast-page-background-enabled":"default","ast-page-background-meta":{"desktop":{"background-color":"var(--ast-global-color-4)","background-image":"","background-repeat":"repeat","background-position":"center center","background-size":"auto","background-attachment":"scroll","background-type":"","background-media":"","overlay-type":"","overlay-color":"","overlay-opacity":"","overlay-gradient":""},"tablet":{"background-color":"","background-image":"","background-repeat":"repeat","background-position":"center center","background-size":"auto","background-attachment":"scroll","background-type":"","background-media":"","overlay-type":"","overlay-color":"","overlay-opacity":"","overlay-gradient":""},"mobile":{"background-color":"","background-image":"","background-repeat":"repeat","background-position":"center center","background-size":"auto","background-attachment":"scroll","background-type":"","background-media":"","overlay-type":"","overlay-color":"","overlay-opacity":"","overlay-gradient":""}},"ast-content-background-meta":{"desktop":{"background-color":"var(--ast-global-color-5)","background-image":"","background-repeat":"repeat","background-position":"center center","background-size":"auto","background-attachment":"scroll","background-type":"","background-media":"","overlay-type":"","overlay-color":"","overlay-opacity":"","overlay-gradient":""},"tablet":{"background-color":"var(--ast-global-color-5)","background-image":"","background-repeat":"repeat","background-position":"center center","background-size":"auto","background-attachment":"scroll","background-type":"","background-media":"","overlay-type":"","overlay-color":"","overlay-opacity":"","overlay-gradient":""},"mobile":{"background-color":"var(--ast-global-color-5)","background-image":"","background-repeat":"repeat","background-position":"center center","background-size":"auto","background-attachment":"scroll","background-type":"","background-media":"","overlay-type":"","overlay-color":"","overlay-opacity":"","overlay-gradient":""}}},"product_brand":[],"product_cat":[998],"product_tag":[],"class_list":{"0":"post-7023","1":"product","2":"type-product","3":"status-publish","4":"has-post-thumbnail","6":"product_cat-automotive-products","7":"desktop-align-left","8":"tablet-align-left","9":"mobile-align-left","11":"first","12":"instock","13":"shipping-taxable","14":"purchasable","15":"product-type-simple"},"_links":{"self":[{"href":"https:\/\/keluvo.com\/se\/wp-json\/wp\/v2\/product\/7023","targetHints":{"allow":["GET"]}}],"collection":[{"href":"https:\/\/keluvo.com\/se\/wp-json\/wp\/v2\/product"}],"about":[{"href":"https:\/\/keluvo.com\/se\/wp-json\/wp\/v2\/types\/product"}],"replies":[{"embeddable":true,"href":"https:\/\/keluvo.com\/se\/wp-json\/wp\/v2\/comments?post=7023"}],"wp:featuredmedia":[{"embeddable":true,"href":"https:\/\/keluvo.com\/se\/wp-json\/wp\/v2\/media\/7019"}],"wp:attachment":[{"href":"https:\/\/keluvo.com\/se\/wp-json\/wp\/v2\/media?parent=7023"}],"wp:term":[{"taxonomy":"product_brand","embeddable":true,"href":"https:\/\/keluvo.com\/se\/wp-json\/wp\/v2\/product_brand?post=7023"},{"taxonomy":"product_cat","embeddable":true,"href":"https:\/\/keluvo.com\/se\/wp-json\/wp\/v2\/product_cat?post=7023"},{"taxonomy":"product_tag","embeddable":true,"href":"https:\/\/keluvo.com\/se\/wp-json\/wp\/v2\/product_tag?post=7023"}],"curies":[{"name":"wp","href":"https:\/\/api.w.org\/{rel}","templated":true}]}}