{"id":7014,"date":"2025-02-17T22:02:42","date_gmt":"2025-02-17T20:02:42","guid":{"rendered":"https:\/\/keluvo.com\/se\/product\/nagelsvamp-laser\/"},"modified":"2025-02-17T22:02:47","modified_gmt":"2025-02-17T20:02:47","slug":"nagelsvamp-laser","status":"publish","type":"product","link":"https:\/\/keluvo.com\/se\/product\/nagelsvamp-laser\/","title":{"rendered":"Nagelsvamp laser"},"content":{"rendered":"<h2 style=\"text-align: center\"><strong>Effektiv Nagelsvampbehandling<\/strong><\/h2>\n<p style=\"text-align: center\">Nagelsvamplaserbehandlingsenheten anv\u00e4nder 910nm infrar\u00f6tt ljus och 407nm bl\u00e5tt ljus f\u00f6r att rikta svampceller direkt. Denna teknik hj\u00e4lper till att skada svampens cellv\u00e4gg, fr\u00e4mjar l\u00e4kning och minskar symtom som nageldeformation och sm\u00e4rta.<\/p>\n<p><img fetchpriority=\"high\" decoding=\"async\" width=\"1000\" height=\"1000\" class=\"alignnone size-medium wp-image-3458 aligncenter\" src=\"https:\/\/keluvo.com\/template\/wp-content\/uploads\/sites\/5\/2024\/11\/Sc355767584b5401fa626ebe224e7221eU.webp\" alt=\"\" srcset=\"https:\/\/keluvo.com\/se\/wp-content\/uploads\/sites\/12\/2024\/11\/Sc355767584b5401fa626ebe224e7221eU.webp 1000w, https:\/\/keluvo.com\/se\/wp-content\/uploads\/sites\/12\/2024\/11\/Sc355767584b5401fa626ebe224e7221eU-300x300.webp 300w, https:\/\/keluvo.com\/se\/wp-content\/uploads\/sites\/12\/2024\/11\/Sc355767584b5401fa626ebe224e7221eU-150x150.webp 150w, https:\/\/keluvo.com\/se\/wp-content\/uploads\/sites\/12\/2024\/11\/Sc355767584b5401fa626ebe224e7221eU-768x768.webp 768w, https:\/\/keluvo.com\/se\/wp-content\/uploads\/sites\/12\/2024\/11\/Sc355767584b5401fa626ebe224e7221eU-600x600.webp 600w, https:\/\/keluvo.com\/se\/wp-content\/uploads\/sites\/12\/2024\/11\/Sc355767584b5401fa626ebe224e7221eU-100x100.webp 100w, https:\/\/keluvo.com\/se\/wp-content\/uploads\/sites\/12\/2024\/11\/Sc355767584b5401fa626ebe224e7221eU-50x50.webp 50w\" sizes=\"(max-width: 1000px) 100vw, 1000px\" \/><\/p>\n<h2 style=\"text-align: center\"><strong>Enkel Och Bekv\u00e4m Anv\u00e4ndning<\/strong><\/h2>\n<p style=\"text-align: center\">F\u00f6r att uppn\u00e5 b\u00e4sta resultat, anv\u00e4nd nagelsvamplasern i 7 minuter, tv\u00e5 g\u00e5nger dagligen, i 3 m\u00e5nader. Konsekvent anv\u00e4ndning kommer att visa m\u00e4rkbar f\u00f6rb\u00e4ttring, \u00e5terst\u00e4lla nagelh\u00e4lsan och minska svampinfektionen \u00f6ver tid.<\/p>\n<p><img decoding=\"async\" width=\"1000\" height=\"1000\" class=\"alignnone size-medium wp-image-3462 aligncenter\" src=\"https:\/\/keluvo.com\/template\/wp-content\/uploads\/sites\/5\/2024\/11\/Nail-Fungus-Treatment-LED-Laser-Device-for-Cleaning-Onychomycosis-USB-Charge-905nm-Infrared-Light-470nm-Blue.jpg_.png\" alt=\"\" srcset=\"https:\/\/keluvo.com\/se\/wp-content\/uploads\/sites\/12\/2024\/11\/Nail-Fungus-Treatment-LED-Laser-Device-for-Cleaning-Onychomycosis-USB-Charge-905nm-Infrared-Light-470nm-Blue.jpg_.png 1000w, https:\/\/keluvo.com\/se\/wp-content\/uploads\/sites\/12\/2024\/11\/Nail-Fungus-Treatment-LED-Laser-Device-for-Cleaning-Onychomycosis-USB-Charge-905nm-Infrared-Light-470nm-Blue.jpg_-300x300.png 300w, https:\/\/keluvo.com\/se\/wp-content\/uploads\/sites\/12\/2024\/11\/Nail-Fungus-Treatment-LED-Laser-Device-for-Cleaning-Onychomycosis-USB-Charge-905nm-Infrared-Light-470nm-Blue.jpg_-150x150.png 150w, https:\/\/keluvo.com\/se\/wp-content\/uploads\/sites\/12\/2024\/11\/Nail-Fungus-Treatment-LED-Laser-Device-for-Cleaning-Onychomycosis-USB-Charge-905nm-Infrared-Light-470nm-Blue.jpg_-768x768.png 768w, https:\/\/keluvo.com\/se\/wp-content\/uploads\/sites\/12\/2024\/11\/Nail-Fungus-Treatment-LED-Laser-Device-for-Cleaning-Onychomycosis-USB-Charge-905nm-Infrared-Light-470nm-Blue.jpg_-600x600.png 600w, https:\/\/keluvo.com\/se\/wp-content\/uploads\/sites\/12\/2024\/11\/Nail-Fungus-Treatment-LED-Laser-Device-for-Cleaning-Onychomycosis-USB-Charge-905nm-Infrared-Light-470nm-Blue.jpg_-100x100.png 100w, https:\/\/keluvo.com\/se\/wp-content\/uploads\/sites\/12\/2024\/11\/Nail-Fungus-Treatment-LED-Laser-Device-for-Cleaning-Onychomycosis-USB-Charge-905nm-Infrared-Light-470nm-Blue.jpg_-50x50.png 50w\" sizes=\"(max-width: 1000px) 100vw, 1000px\" \/><\/p>\n<h2 style=\"text-align: center\"><strong>St\u00f6der H\u00e4lsosam Nageltillv\u00e4xt<\/strong><\/h2>\n<p style=\"text-align: center\">Den h\u00e4r enheten hj\u00e4lper till vid behandling av onykomykos och hj\u00e4lper till att uppr\u00e4tth\u00e5lla friska naglar. Vid regelbunden anv\u00e4ndning stimuleras tillv\u00e4xten av klara, svampfria naglar, vilket f\u00f6rb\u00e4ttrar b\u00e5de utseende och komfort.<\/p>\n<p><img decoding=\"async\" width=\"1001\" height=\"1001\" class=\"alignnone size-medium wp-image-3461 aligncenter\" src=\"https:\/\/keluvo.com\/template\/wp-content\/uploads\/sites\/5\/2024\/11\/S46b3538e31924646899ce540e2e03854S.webp\" alt=\"\" srcset=\"https:\/\/keluvo.com\/se\/wp-content\/uploads\/sites\/12\/2024\/11\/S46b3538e31924646899ce540e2e03854S.webp 1001w, https:\/\/keluvo.com\/se\/wp-content\/uploads\/sites\/12\/2024\/11\/S46b3538e31924646899ce540e2e03854S-300x300.webp 300w, https:\/\/keluvo.com\/se\/wp-content\/uploads\/sites\/12\/2024\/11\/S46b3538e31924646899ce540e2e03854S-150x150.webp 150w, https:\/\/keluvo.com\/se\/wp-content\/uploads\/sites\/12\/2024\/11\/S46b3538e31924646899ce540e2e03854S-768x768.webp 768w, https:\/\/keluvo.com\/se\/wp-content\/uploads\/sites\/12\/2024\/11\/S46b3538e31924646899ce540e2e03854S-600x600.webp 600w, https:\/\/keluvo.com\/se\/wp-content\/uploads\/sites\/12\/2024\/11\/S46b3538e31924646899ce540e2e03854S-100x100.webp 100w, https:\/\/keluvo.com\/se\/wp-content\/uploads\/sites\/12\/2024\/11\/S46b3538e31924646899ce540e2e03854S-50x50.webp 50w\" sizes=\"(max-width: 1001px) 100vw, 1001px\" \/><\/p>\n","protected":false},"excerpt":{"rendered":"<p>Effektiv Nagelsvampbehandling Nagelsvamplaserbehandlingsenheten anv\u00e4nder 910nm infrar\u00f6tt ljus och 407nm bl\u00e5tt ljus f\u00f6r att rikta svampceller direkt. Denna teknik hj\u00e4lper till [&hellip;]<\/p>\n","protected":false},"featured_media":7010,"comment_status":"open","ping_status":"closed","template":"","meta":{"site-sidebar-layout":"default","site-content-layout":"","ast-site-content-layout":"default","site-content-style":"default","site-sidebar-style":"default","ast-global-header-display":"","ast-banner-title-visibility":"","ast-main-header-display":"","ast-hfb-above-header-display":"","ast-hfb-below-header-display":"","ast-hfb-mobile-header-display":"","site-post-title":"","ast-breadcrumbs-content":"","ast-featured-img":"","footer-sml-layout":"","theme-transparent-header-meta":"default","adv-header-id-meta":"","stick-header-meta":"","header-above-stick-meta":"","header-main-stick-meta":"","header-below-stick-meta":"","astra-migrate-meta-layouts":"set","ast-page-background-enabled":"default","ast-page-background-meta":{"desktop":{"background-color":"var(--ast-global-color-4)","background-image":"","background-repeat":"repeat","background-position":"center center","background-size":"auto","background-attachment":"scroll","background-type":"","background-media":"","overlay-type":"","overlay-color":"","overlay-opacity":"","overlay-gradient":""},"tablet":{"background-color":"","background-image":"","background-repeat":"repeat","background-position":"center center","background-size":"auto","background-attachment":"scroll","background-type":"","background-media":"","overlay-type":"","overlay-color":"","overlay-opacity":"","overlay-gradient":""},"mobile":{"background-color":"","background-image":"","background-repeat":"repeat","background-position":"center center","background-size":"auto","background-attachment":"scroll","background-type":"","background-media":"","overlay-type":"","overlay-color":"","overlay-opacity":"","overlay-gradient":""}},"ast-content-background-meta":{"desktop":{"background-color":"var(--ast-global-color-5)","background-image":"","background-repeat":"repeat","background-position":"center center","background-size":"auto","background-attachment":"scroll","background-type":"","background-media":"","overlay-type":"","overlay-color":"","overlay-opacity":"","overlay-gradient":""},"tablet":{"background-color":"var(--ast-global-color-5)","background-image":"","background-repeat":"repeat","background-position":"center center","background-size":"auto","background-attachment":"scroll","background-type":"","background-media":"","overlay-type":"","overlay-color":"","overlay-opacity":"","overlay-gradient":""},"mobile":{"background-color":"var(--ast-global-color-5)","background-image":"","background-repeat":"repeat","background-position":"center center","background-size":"auto","background-attachment":"scroll","background-type":"","background-media":"","overlay-type":"","overlay-color":"","overlay-opacity":"","overlay-gradient":""}}},"product_brand":[],"product_cat":[993],"product_tag":[],"class_list":{"0":"post-7014","1":"product","2":"type-product","3":"status-publish","4":"has-post-thumbnail","6":"product_cat-footwear-accessories","7":"desktop-align-left","8":"tablet-align-left","9":"mobile-align-left","11":"first","12":"instock","13":"shipping-taxable","14":"purchasable","15":"product-type-simple"},"_links":{"self":[{"href":"https:\/\/keluvo.com\/se\/wp-json\/wp\/v2\/product\/7014","targetHints":{"allow":["GET"]}}],"collection":[{"href":"https:\/\/keluvo.com\/se\/wp-json\/wp\/v2\/product"}],"about":[{"href":"https:\/\/keluvo.com\/se\/wp-json\/wp\/v2\/types\/product"}],"replies":[{"embeddable":true,"href":"https:\/\/keluvo.com\/se\/wp-json\/wp\/v2\/comments?post=7014"}],"wp:featuredmedia":[{"embeddable":true,"href":"https:\/\/keluvo.com\/se\/wp-json\/wp\/v2\/media\/7010"}],"wp:attachment":[{"href":"https:\/\/keluvo.com\/se\/wp-json\/wp\/v2\/media?parent=7014"}],"wp:term":[{"taxonomy":"product_brand","embeddable":true,"href":"https:\/\/keluvo.com\/se\/wp-json\/wp\/v2\/product_brand?post=7014"},{"taxonomy":"product_cat","embeddable":true,"href":"https:\/\/keluvo.com\/se\/wp-json\/wp\/v2\/product_cat?post=7014"},{"taxonomy":"product_tag","embeddable":true,"href":"https:\/\/keluvo.com\/se\/wp-json\/wp\/v2\/product_tag?post=7014"}],"curies":[{"name":"wp","href":"https:\/\/api.w.org\/{rel}","templated":true}]}}