{"id":7005,"date":"2025-02-17T22:01:04","date_gmt":"2025-02-17T20:01:04","guid":{"rendered":"https:\/\/keluvo.com\/se\/product\/carplay-skarm\/"},"modified":"2025-02-17T22:01:11","modified_gmt":"2025-02-17T20:01:11","slug":"carplay-skarm","status":"publish","type":"product","link":"https:\/\/keluvo.com\/se\/product\/carplay-skarm\/","title":{"rendered":"CarPlay-sk\u00e4rm"},"content":{"rendered":"<h2 style=\"text-align: center\"><strong>H\u00f6guppl\u00f6st Sk\u00e4rm<\/strong><\/h2>\n<p style=\"text-align: center\">Njut av en skarp och tydlig vy p\u00e5 den 10,26-tums CarPlay-sk\u00e4rmen, med UHD 4K-uppl\u00f6sning f\u00f6r den fr\u00e4mre sk\u00e4rmen och 1080P AHD f\u00f6r den bakre kameravyn. Den h\u00e4r h\u00f6guppl\u00f6sta sk\u00e4rmen s\u00e4kerst\u00e4ller att navigering, videor och backningshj\u00e4lp visas skarpt och levande, vilket f\u00f6rb\u00e4ttrar din k\u00f6rupplevelse.<\/p>\n<p><img fetchpriority=\"high\" decoding=\"async\" width=\"908\" height=\"856\" class=\"alignnone size-medium wp-image-3246 aligncenter\" src=\"https:\/\/keluvo.com\/template\/wp-content\/uploads\/sites\/5\/2024\/11\/S945540f91f54442baf2c3c2ca4271342Y.jpg\" alt=\"\" srcset=\"https:\/\/keluvo.com\/se\/wp-content\/uploads\/sites\/12\/2024\/11\/S945540f91f54442baf2c3c2ca4271342Y.jpg 908w, https:\/\/keluvo.com\/se\/wp-content\/uploads\/sites\/12\/2024\/11\/S945540f91f54442baf2c3c2ca4271342Y-300x283.jpg 300w, https:\/\/keluvo.com\/se\/wp-content\/uploads\/sites\/12\/2024\/11\/S945540f91f54442baf2c3c2ca4271342Y-768x724.jpg 768w, https:\/\/keluvo.com\/se\/wp-content\/uploads\/sites\/12\/2024\/11\/S945540f91f54442baf2c3c2ca4271342Y-600x566.jpg 600w\" sizes=\"(max-width: 908px) 100vw, 908px\" \/><\/p>\n<h2><\/h2>\n<h2 style=\"text-align: center\"><strong>Inbyggd GPS Och WiFi-Funktioner<\/strong><\/h2>\n<p style=\"text-align: center\">Den h\u00e4r CarPlay-sk\u00e4rmen inneh\u00e5ller ocks\u00e5 GPS-sp\u00e5rning och WiFi-anslutning f\u00f6r ett komplett utbud av smarta funktioner. Anv\u00e4nd GPS:en f\u00f6r att spela in k\u00f6rrutter och spela upp dem p\u00e5 din dator, och anslut via WiFi f\u00f6r att enkelt komma \u00e5t appar och uppdateringar. F\u00f6r \u00e4nnu mer kontroll, anv\u00e4nd appen &#8221;Viidure&#8221; f\u00f6r att hantera funktioner direkt fr\u00e5n din telefon.<\/p>\n<p><img decoding=\"async\" width=\"1000\" height=\"800\" class=\"alignnone size-medium wp-image-3240 aligncenter\" src=\"https:\/\/keluvo.com\/template\/wp-content\/uploads\/sites\/5\/2024\/11\/8c7a18ee-97d1-4300-b82e-6436a3fbb6ca.webp\" alt=\"\" srcset=\"https:\/\/keluvo.com\/se\/wp-content\/uploads\/sites\/12\/2024\/11\/8c7a18ee-97d1-4300-b82e-6436a3fbb6ca.webp 1000w, https:\/\/keluvo.com\/se\/wp-content\/uploads\/sites\/12\/2024\/11\/8c7a18ee-97d1-4300-b82e-6436a3fbb6ca-300x240.webp 300w, https:\/\/keluvo.com\/se\/wp-content\/uploads\/sites\/12\/2024\/11\/8c7a18ee-97d1-4300-b82e-6436a3fbb6ca-768x614.webp 768w, https:\/\/keluvo.com\/se\/wp-content\/uploads\/sites\/12\/2024\/11\/8c7a18ee-97d1-4300-b82e-6436a3fbb6ca-600x480.webp 600w\" sizes=\"(max-width: 1000px) 100vw, 1000px\" \/><\/p>\n<h2><\/h2>\n<h2 style=\"text-align: center\"><strong>St\u00f6ldskydd Och Olycks\u00f6vervakning<\/strong><\/h2>\n<p style=\"text-align: center\">CarPlay-sk\u00e4rmen ger 24\/7 \u00f6vervakning av din bils omgivning och skyddar mot tjuvar eller f\u00e5ngar upp eventuella incidenter.<\/p>\n<p><img decoding=\"async\" width=\"950\" height=\"801\" class=\"size-medium wp-image-3791 aligncenter\" src=\"https:\/\/keluvo.com\/template\/wp-content\/uploads\/sites\/5\/2024\/11\/1088312893-358223761.png\" alt=\"\" srcset=\"https:\/\/keluvo.com\/se\/wp-content\/uploads\/sites\/12\/2024\/11\/1088312893-358223761.png 950w, https:\/\/keluvo.com\/se\/wp-content\/uploads\/sites\/12\/2024\/11\/1088312893-358223761-300x253.png 300w, https:\/\/keluvo.com\/se\/wp-content\/uploads\/sites\/12\/2024\/11\/1088312893-358223761-768x648.png 768w, https:\/\/keluvo.com\/se\/wp-content\/uploads\/sites\/12\/2024\/11\/1088312893-358223761-600x506.png 600w\" sizes=\"(max-width: 950px) 100vw, 950px\" \/><\/p>\n<h2><\/h2>\n<h2 style=\"text-align: center\"><strong>Bak\u00e5triktad Kamera<\/strong><\/h2>\n<p style=\"text-align: center\">CarPlay-sk\u00e4rmen har en bak\u00e5triktad kamera som g\u00f6r det enklare att k\u00f6ra bak\u00e5t och parkera.<\/p>\n<p><img loading=\"lazy\" decoding=\"async\" width=\"950\" height=\"930\" class=\"size-medium wp-image-3808 aligncenter\" src=\"https:\/\/keluvo.com\/template\/wp-content\/uploads\/sites\/5\/2024\/11\/1089757743-1859531250.jpg\" alt=\"\" srcset=\"https:\/\/keluvo.com\/se\/wp-content\/uploads\/sites\/12\/2024\/11\/1089757743-1859531250.jpg 950w, https:\/\/keluvo.com\/se\/wp-content\/uploads\/sites\/12\/2024\/11\/1089757743-1859531250-300x294.jpg 300w, https:\/\/keluvo.com\/se\/wp-content\/uploads\/sites\/12\/2024\/11\/1089757743-1859531250-768x752.jpg 768w, https:\/\/keluvo.com\/se\/wp-content\/uploads\/sites\/12\/2024\/11\/1089757743-1859531250-600x587.jpg 600w, https:\/\/keluvo.com\/se\/wp-content\/uploads\/sites\/12\/2024\/11\/1089757743-1859531250-50x50.jpg 50w\" sizes=\"(max-width: 950px) 100vw, 950px\" \/><\/p>\n","protected":false},"excerpt":{"rendered":"<p>H\u00f6guppl\u00f6st Sk\u00e4rm Njut av en skarp och tydlig vy p\u00e5 den 10,26-tums CarPlay-sk\u00e4rmen, med UHD 4K-uppl\u00f6sning f\u00f6r den fr\u00e4mre sk\u00e4rmen [&hellip;]<\/p>\n","protected":false},"featured_media":7001,"comment_status":"open","ping_status":"closed","template":"","meta":{"site-sidebar-layout":"default","site-content-layout":"","ast-site-content-layout":"default","site-content-style":"default","site-sidebar-style":"default","ast-global-header-display":"","ast-banner-title-visibility":"","ast-main-header-display":"","ast-hfb-above-header-display":"","ast-hfb-below-header-display":"","ast-hfb-mobile-header-display":"","site-post-title":"","ast-breadcrumbs-content":"","ast-featured-img":"","footer-sml-layout":"","theme-transparent-header-meta":"default","adv-header-id-meta":"","stick-header-meta":"","header-above-stick-meta":"","header-main-stick-meta":"","header-below-stick-meta":"","astra-migrate-meta-layouts":"set","ast-page-background-enabled":"default","ast-page-background-meta":{"desktop":{"background-color":"var(--ast-global-color-4)","background-image":"","background-repeat":"repeat","background-position":"center center","background-size":"auto","background-attachment":"scroll","background-type":"","background-media":"","overlay-type":"","overlay-color":"","overlay-opacity":"","overlay-gradient":""},"tablet":{"background-color":"","background-image":"","background-repeat":"repeat","background-position":"center center","background-size":"auto","background-attachment":"scroll","background-type":"","background-media":"","overlay-type":"","overlay-color":"","overlay-opacity":"","overlay-gradient":""},"mobile":{"background-color":"","background-image":"","background-repeat":"repeat","background-position":"center center","background-size":"auto","background-attachment":"scroll","background-type":"","background-media":"","overlay-type":"","overlay-color":"","overlay-opacity":"","overlay-gradient":""}},"ast-content-background-meta":{"desktop":{"background-color":"var(--ast-global-color-5)","background-image":"","background-repeat":"repeat","background-position":"center center","background-size":"auto","background-attachment":"scroll","background-type":"","background-media":"","overlay-type":"","overlay-color":"","overlay-opacity":"","overlay-gradient":""},"tablet":{"background-color":"var(--ast-global-color-5)","background-image":"","background-repeat":"repeat","background-position":"center center","background-size":"auto","background-attachment":"scroll","background-type":"","background-media":"","overlay-type":"","overlay-color":"","overlay-opacity":"","overlay-gradient":""},"mobile":{"background-color":"var(--ast-global-color-5)","background-image":"","background-repeat":"repeat","background-position":"center center","background-size":"auto","background-attachment":"scroll","background-type":"","background-media":"","overlay-type":"","overlay-color":"","overlay-opacity":"","overlay-gradient":""}}},"product_brand":[],"product_cat":[998],"product_tag":[],"class_list":{"0":"post-7005","1":"product","2":"type-product","3":"status-publish","4":"has-post-thumbnail","6":"product_cat-automotive-products","7":"desktop-align-left","8":"tablet-align-left","9":"mobile-align-left","11":"first","12":"instock","13":"shipping-taxable","14":"purchasable","15":"product-type-simple"},"_links":{"self":[{"href":"https:\/\/keluvo.com\/se\/wp-json\/wp\/v2\/product\/7005","targetHints":{"allow":["GET"]}}],"collection":[{"href":"https:\/\/keluvo.com\/se\/wp-json\/wp\/v2\/product"}],"about":[{"href":"https:\/\/keluvo.com\/se\/wp-json\/wp\/v2\/types\/product"}],"replies":[{"embeddable":true,"href":"https:\/\/keluvo.com\/se\/wp-json\/wp\/v2\/comments?post=7005"}],"wp:featuredmedia":[{"embeddable":true,"href":"https:\/\/keluvo.com\/se\/wp-json\/wp\/v2\/media\/7001"}],"wp:attachment":[{"href":"https:\/\/keluvo.com\/se\/wp-json\/wp\/v2\/media?parent=7005"}],"wp:term":[{"taxonomy":"product_brand","embeddable":true,"href":"https:\/\/keluvo.com\/se\/wp-json\/wp\/v2\/product_brand?post=7005"},{"taxonomy":"product_cat","embeddable":true,"href":"https:\/\/keluvo.com\/se\/wp-json\/wp\/v2\/product_cat?post=7005"},{"taxonomy":"product_tag","embeddable":true,"href":"https:\/\/keluvo.com\/se\/wp-json\/wp\/v2\/product_tag?post=7005"}],"curies":[{"name":"wp","href":"https:\/\/api.w.org\/{rel}","templated":true}]}}