{"id":6976,"date":"2025-02-17T21:58:48","date_gmt":"2025-02-17T19:58:48","guid":{"rendered":"https:\/\/keluvo.com\/se\/product\/vattenfast-ogonskugga\/"},"modified":"2025-02-17T21:59:08","modified_gmt":"2025-02-17T19:59:08","slug":"vattenfast-ogonskugga","status":"publish","type":"product","link":"https:\/\/keluvo.com\/se\/product\/vattenfast-ogonskugga\/","title":{"rendered":"Vattenfast \u00f6gonskugga"},"content":{"rendered":"<h2 style=\"text-align: center\" data-start=\"0\" data-end=\"33\"><strong>L\u00e5ngvarig Och Vattenfast<\/strong><\/h2>\n<p style=\"text-align: center\" data-start=\"34\" data-end=\"263\">Den vattenfasta \u00f6gonskuggan \u00e4r utformad f\u00f6r att sitta p\u00e5 plats i upp till 12 timmar. Dess vattenfasta formula f\u00f6rhindrar kladd och blekning och h\u00e5ller din \u00f6gonmakeup fr\u00e4sch hela dagen. Perfekt f\u00f6r alla tillf\u00e4llen, fr\u00e5n vardagsbruk till speciella evenemang.<\/p>\n<p data-start=\"34\" data-end=\"263\"><img decoding=\"async\" class=\"alignnone size-medium wp-image-11809 aligncenter\" src=\"https:\/\/keluvo.com\/template\/wp-content\/uploads\/sites\/5\/2025\/02\/S553079971064441795f0859dc76c239f9.jpeg\" alt=\"\" \/><\/p>\n<h2 style=\"text-align: center\" data-start=\"265\" data-end=\"298\"><strong>Enkel Och Smidig Applicering<\/strong><\/h2>\n<p style=\"text-align: center\" data-start=\"299\" data-end=\"521\">Den vattenfasta \u00f6gonskuggan glider l\u00e4tt p\u00e5 med en silkeslen konsistens. Den blandas smidigt utan att klumpa ihop sig, vilket g\u00f6r det enkelt att skapa naturliga eller dj\u00e4rva looker. Den inbyggda borsten hj\u00e4lper till att blanda f\u00e4rgerna f\u00f6r en felfri finish.<\/p>\n<p data-start=\"299\" data-end=\"521\"><img decoding=\"async\" class=\"alignnone size-medium wp-image-11805 aligncenter\" src=\"https:\/\/keluvo.com\/template\/wp-content\/uploads\/sites\/5\/2025\/02\/S0540cac48db44803846f7f98b592fbbdA.jpeg\" alt=\"\" \/><\/p>\n","protected":false},"excerpt":{"rendered":"<p>L\u00e5ngvarig Och Vattenfast Den vattenfasta \u00f6gonskuggan \u00e4r utformad f\u00f6r att sitta p\u00e5 plats i upp till 12 timmar. Dess vattenfasta [&hellip;]<\/p>\n","protected":false},"featured_media":6972,"comment_status":"open","ping_status":"closed","template":"","meta":{"site-sidebar-layout":"default","site-content-layout":"","ast-site-content-layout":"default","site-content-style":"default","site-sidebar-style":"default","ast-global-header-display":"","ast-banner-title-visibility":"","ast-main-header-display":"","ast-hfb-above-header-display":"","ast-hfb-below-header-display":"","ast-hfb-mobile-header-display":"","site-post-title":"","ast-breadcrumbs-content":"","ast-featured-img":"","footer-sml-layout":"","theme-transparent-header-meta":"default","adv-header-id-meta":"","stick-header-meta":"","header-above-stick-meta":"","header-main-stick-meta":"","header-below-stick-meta":"","astra-migrate-meta-layouts":"set","ast-page-background-enabled":"default","ast-page-background-meta":{"desktop":{"background-color":"var(--ast-global-color-4)","background-image":"","background-repeat":"repeat","background-position":"center center","background-size":"auto","background-attachment":"scroll","background-type":"","background-media":"","overlay-type":"","overlay-color":"","overlay-opacity":"","overlay-gradient":""},"tablet":{"background-color":"","background-image":"","background-repeat":"repeat","background-position":"center center","background-size":"auto","background-attachment":"scroll","background-type":"","background-media":"","overlay-type":"","overlay-color":"","overlay-opacity":"","overlay-gradient":""},"mobile":{"background-color":"","background-image":"","background-repeat":"repeat","background-position":"center center","background-size":"auto","background-attachment":"scroll","background-type":"","background-media":"","overlay-type":"","overlay-color":"","overlay-opacity":"","overlay-gradient":""}},"ast-content-background-meta":{"desktop":{"background-color":"var(--ast-global-color-5)","background-image":"","background-repeat":"repeat","background-position":"center center","background-size":"auto","background-attachment":"scroll","background-type":"","background-media":"","overlay-type":"","overlay-color":"","overlay-opacity":"","overlay-gradient":""},"tablet":{"background-color":"var(--ast-global-color-5)","background-image":"","background-repeat":"repeat","background-position":"center center","background-size":"auto","background-attachment":"scroll","background-type":"","background-media":"","overlay-type":"","overlay-color":"","overlay-opacity":"","overlay-gradient":""},"mobile":{"background-color":"var(--ast-global-color-5)","background-image":"","background-repeat":"repeat","background-position":"center center","background-size":"auto","background-attachment":"scroll","background-type":"","background-media":"","overlay-type":"","overlay-color":"","overlay-opacity":"","overlay-gradient":""}}},"product_brand":[],"product_cat":[992],"product_tag":[],"class_list":{"0":"post-6976","1":"product","2":"type-product","3":"status-publish","4":"has-post-thumbnail","6":"product_cat-beauty-and-hygiene-products","7":"pa_mcjxhi9h-1590","8":"pa_mcjxhi9h-1591","9":"pa_mcjxhi9h-1592","10":"pa_mcjxhi9h-1593","11":"pa_mcjxhi9h-1594","12":"pa_mcjxhi9h-1595","13":"pa_mcjxhi9h-1596","14":"pa_mcjxhi9h-1597","15":"pa_mcjxhi9h-1598","16":"pa_mcjxhi9h-1599","17":"pa_mcjxhi9h-1600","18":"pa_mcjxhi9h-1601","19":"desktop-align-left","20":"tablet-align-left","21":"mobile-align-left","23":"first","24":"instock","25":"shipping-taxable","26":"purchasable","27":"product-type-variable"},"_links":{"self":[{"href":"https:\/\/keluvo.com\/se\/wp-json\/wp\/v2\/product\/6976","targetHints":{"allow":["GET"]}}],"collection":[{"href":"https:\/\/keluvo.com\/se\/wp-json\/wp\/v2\/product"}],"about":[{"href":"https:\/\/keluvo.com\/se\/wp-json\/wp\/v2\/types\/product"}],"replies":[{"embeddable":true,"href":"https:\/\/keluvo.com\/se\/wp-json\/wp\/v2\/comments?post=6976"}],"wp:featuredmedia":[{"embeddable":true,"href":"https:\/\/keluvo.com\/se\/wp-json\/wp\/v2\/media\/6972"}],"wp:attachment":[{"href":"https:\/\/keluvo.com\/se\/wp-json\/wp\/v2\/media?parent=6976"}],"wp:term":[{"taxonomy":"product_brand","embeddable":true,"href":"https:\/\/keluvo.com\/se\/wp-json\/wp\/v2\/product_brand?post=6976"},{"taxonomy":"product_cat","embeddable":true,"href":"https:\/\/keluvo.com\/se\/wp-json\/wp\/v2\/product_cat?post=6976"},{"taxonomy":"product_tag","embeddable":true,"href":"https:\/\/keluvo.com\/se\/wp-json\/wp\/v2\/product_tag?post=6976"}],"curies":[{"name":"wp","href":"https:\/\/api.w.org\/{rel}","templated":true}]}}