{"id":6963,"date":"2025-02-17T20:31:31","date_gmt":"2025-02-17T18:31:31","guid":{"rendered":"https:\/\/keluvo.com\/se\/product\/foundationkram\/"},"modified":"2025-02-17T20:31:49","modified_gmt":"2025-02-17T18:31:49","slug":"foundationkram","status":"publish","type":"product","link":"https:\/\/keluvo.com\/se\/product\/foundationkram\/","title":{"rendered":"Foundationkr\u00e4m"},"content":{"rendered":"<h2 style=\"text-align: center\"><strong>Smidig Och J\u00e4mn Applicering<\/strong><\/h2>\n<p style=\"text-align: center\">Foundationcremen inneh\u00e5ller en mjuk puderpuff med svamphuvud som expanderar n\u00e4r den \u00e4r fuktig, vilket ger en smidig och j\u00e4mn applicering p\u00e5 huden. Dess mjuka konsistens g\u00f6r det enkelt att blanda utan att l\u00e4mna r\u00e4nder, vilket ger en felfri finish varje g\u00e5ng.<\/p>\n<p><img fetchpriority=\"high\" decoding=\"async\" width=\"1001\" height=\"1001\" class=\"alignnone size-medium wp-image-3892 aligncenter\" src=\"https:\/\/keluvo.com\/template\/wp-content\/uploads\/sites\/5\/2024\/11\/Magic-Foundation-Mushroom-Head-Air-Cushion-CC-Cream-Waterproof-Brighten-Foundation-Cream-Women-Base-Makeup-Face.jpg_-2.png\" alt=\"\" srcset=\"https:\/\/keluvo.com\/se\/wp-content\/uploads\/sites\/12\/2024\/11\/Magic-Foundation-Mushroom-Head-Air-Cushion-CC-Cream-Waterproof-Brighten-Foundation-Cream-Women-Base-Makeup-Face.jpg_-2.png 1001w, https:\/\/keluvo.com\/se\/wp-content\/uploads\/sites\/12\/2024\/11\/Magic-Foundation-Mushroom-Head-Air-Cushion-CC-Cream-Waterproof-Brighten-Foundation-Cream-Women-Base-Makeup-Face.jpg_-2-300x300.png 300w, https:\/\/keluvo.com\/se\/wp-content\/uploads\/sites\/12\/2024\/11\/Magic-Foundation-Mushroom-Head-Air-Cushion-CC-Cream-Waterproof-Brighten-Foundation-Cream-Women-Base-Makeup-Face.jpg_-2-150x150.png 150w, https:\/\/keluvo.com\/se\/wp-content\/uploads\/sites\/12\/2024\/11\/Magic-Foundation-Mushroom-Head-Air-Cushion-CC-Cream-Waterproof-Brighten-Foundation-Cream-Women-Base-Makeup-Face.jpg_-2-768x768.png 768w, https:\/\/keluvo.com\/se\/wp-content\/uploads\/sites\/12\/2024\/11\/Magic-Foundation-Mushroom-Head-Air-Cushion-CC-Cream-Waterproof-Brighten-Foundation-Cream-Women-Base-Makeup-Face.jpg_-2-600x600.png 600w, https:\/\/keluvo.com\/se\/wp-content\/uploads\/sites\/12\/2024\/11\/Magic-Foundation-Mushroom-Head-Air-Cushion-CC-Cream-Waterproof-Brighten-Foundation-Cream-Women-Base-Makeup-Face.jpg_-2-100x100.png 100w, https:\/\/keluvo.com\/se\/wp-content\/uploads\/sites\/12\/2024\/11\/Magic-Foundation-Mushroom-Head-Air-Cushion-CC-Cream-Waterproof-Brighten-Foundation-Cream-Women-Base-Makeup-Face.jpg_-2-50x50.png 50w\" sizes=\"(max-width: 1001px) 100vw, 1001px\" \/><\/p>\n<h2 style=\"text-align: center\"><strong>L\u00e5ngvarig Och Svettbest\u00e4ndig<\/strong><\/h2>\n<p style=\"text-align: center\">Den h\u00e4r foundationkr\u00e4men \u00e4r utformad f\u00f6r att sitta p\u00e5 plats hela dagen och motst\u00e5 svett och olja f\u00f6r att bibeh\u00e5lla en naturlig, icke-fet look. Den l\u00e4tta formulan g\u00f6r att din makeup k\u00e4nns fr\u00e4sch och bekv\u00e4m utan att du beh\u00f6ver b\u00e4ttra p\u00e5 den ofta.<\/p>\n<p><img decoding=\"async\" width=\"1001\" height=\"1001\" class=\"alignnone size-medium wp-image-3891 aligncenter\" src=\"https:\/\/keluvo.com\/template\/wp-content\/uploads\/sites\/5\/2024\/11\/Magic-Foundation-Mushroom-Head-Air-Cushion-CC-Cream-Waterproof-Brighten-Foundation-Cream-Women-Base-Makeup-Face.jpg_-3.png\" alt=\"\" srcset=\"https:\/\/keluvo.com\/se\/wp-content\/uploads\/sites\/12\/2024\/11\/Magic-Foundation-Mushroom-Head-Air-Cushion-CC-Cream-Waterproof-Brighten-Foundation-Cream-Women-Base-Makeup-Face.jpg_-3.png 1001w, https:\/\/keluvo.com\/se\/wp-content\/uploads\/sites\/12\/2024\/11\/Magic-Foundation-Mushroom-Head-Air-Cushion-CC-Cream-Waterproof-Brighten-Foundation-Cream-Women-Base-Makeup-Face.jpg_-3-300x300.png 300w, https:\/\/keluvo.com\/se\/wp-content\/uploads\/sites\/12\/2024\/11\/Magic-Foundation-Mushroom-Head-Air-Cushion-CC-Cream-Waterproof-Brighten-Foundation-Cream-Women-Base-Makeup-Face.jpg_-3-150x150.png 150w, https:\/\/keluvo.com\/se\/wp-content\/uploads\/sites\/12\/2024\/11\/Magic-Foundation-Mushroom-Head-Air-Cushion-CC-Cream-Waterproof-Brighten-Foundation-Cream-Women-Base-Makeup-Face.jpg_-3-768x768.png 768w, https:\/\/keluvo.com\/se\/wp-content\/uploads\/sites\/12\/2024\/11\/Magic-Foundation-Mushroom-Head-Air-Cushion-CC-Cream-Waterproof-Brighten-Foundation-Cream-Women-Base-Makeup-Face.jpg_-3-600x600.png 600w, https:\/\/keluvo.com\/se\/wp-content\/uploads\/sites\/12\/2024\/11\/Magic-Foundation-Mushroom-Head-Air-Cushion-CC-Cream-Waterproof-Brighten-Foundation-Cream-Women-Base-Makeup-Face.jpg_-3-100x100.png 100w, https:\/\/keluvo.com\/se\/wp-content\/uploads\/sites\/12\/2024\/11\/Magic-Foundation-Mushroom-Head-Air-Cushion-CC-Cream-Waterproof-Brighten-Foundation-Cream-Women-Base-Makeup-Face.jpg_-3-50x50.png 50w\" sizes=\"(max-width: 1001px) 100vw, 1001px\" \/><\/p>\n","protected":false},"excerpt":{"rendered":"<p>Smidig Och J\u00e4mn Applicering Foundationcremen inneh\u00e5ller en mjuk puderpuff med svamphuvud som expanderar n\u00e4r den \u00e4r fuktig, vilket ger en [&hellip;]<\/p>\n","protected":false},"featured_media":6959,"comment_status":"open","ping_status":"closed","template":"","meta":{"site-sidebar-layout":"default","site-content-layout":"","ast-site-content-layout":"default","site-content-style":"default","site-sidebar-style":"default","ast-global-header-display":"","ast-banner-title-visibility":"","ast-main-header-display":"","ast-hfb-above-header-display":"","ast-hfb-below-header-display":"","ast-hfb-mobile-header-display":"","site-post-title":"","ast-breadcrumbs-content":"","ast-featured-img":"","footer-sml-layout":"","theme-transparent-header-meta":"default","adv-header-id-meta":"","stick-header-meta":"","header-above-stick-meta":"","header-main-stick-meta":"","header-below-stick-meta":"","astra-migrate-meta-layouts":"set","ast-page-background-enabled":"default","ast-page-background-meta":{"desktop":{"background-color":"var(--ast-global-color-4)","background-image":"","background-repeat":"repeat","background-position":"center center","background-size":"auto","background-attachment":"scroll","background-type":"","background-media":"","overlay-type":"","overlay-color":"","overlay-opacity":"","overlay-gradient":""},"tablet":{"background-color":"","background-image":"","background-repeat":"repeat","background-position":"center center","background-size":"auto","background-attachment":"scroll","background-type":"","background-media":"","overlay-type":"","overlay-color":"","overlay-opacity":"","overlay-gradient":""},"mobile":{"background-color":"","background-image":"","background-repeat":"repeat","background-position":"center center","background-size":"auto","background-attachment":"scroll","background-type":"","background-media":"","overlay-type":"","overlay-color":"","overlay-opacity":"","overlay-gradient":""}},"ast-content-background-meta":{"desktop":{"background-color":"var(--ast-global-color-5)","background-image":"","background-repeat":"repeat","background-position":"center center","background-size":"auto","background-attachment":"scroll","background-type":"","background-media":"","overlay-type":"","overlay-color":"","overlay-opacity":"","overlay-gradient":""},"tablet":{"background-color":"var(--ast-global-color-5)","background-image":"","background-repeat":"repeat","background-position":"center center","background-size":"auto","background-attachment":"scroll","background-type":"","background-media":"","overlay-type":"","overlay-color":"","overlay-opacity":"","overlay-gradient":""},"mobile":{"background-color":"var(--ast-global-color-5)","background-image":"","background-repeat":"repeat","background-position":"center center","background-size":"auto","background-attachment":"scroll","background-type":"","background-media":"","overlay-type":"","overlay-color":"","overlay-opacity":"","overlay-gradient":""}}},"product_brand":[],"product_cat":[992],"product_tag":[],"class_list":{"0":"post-6963","1":"product","2":"type-product","3":"status-publish","4":"has-post-thumbnail","6":"product_cat-beauty-and-hygiene-products","7":"pa_iojvr8e7-elfenben","8":"pa_iojvr8e7-naturligt","9":"desktop-align-left","10":"tablet-align-left","11":"mobile-align-left","13":"first","14":"instock","15":"shipping-taxable","16":"purchasable","17":"product-type-variable"},"_links":{"self":[{"href":"https:\/\/keluvo.com\/se\/wp-json\/wp\/v2\/product\/6963","targetHints":{"allow":["GET"]}}],"collection":[{"href":"https:\/\/keluvo.com\/se\/wp-json\/wp\/v2\/product"}],"about":[{"href":"https:\/\/keluvo.com\/se\/wp-json\/wp\/v2\/types\/product"}],"replies":[{"embeddable":true,"href":"https:\/\/keluvo.com\/se\/wp-json\/wp\/v2\/comments?post=6963"}],"wp:featuredmedia":[{"embeddable":true,"href":"https:\/\/keluvo.com\/se\/wp-json\/wp\/v2\/media\/6959"}],"wp:attachment":[{"href":"https:\/\/keluvo.com\/se\/wp-json\/wp\/v2\/media?parent=6963"}],"wp:term":[{"taxonomy":"product_brand","embeddable":true,"href":"https:\/\/keluvo.com\/se\/wp-json\/wp\/v2\/product_brand?post=6963"},{"taxonomy":"product_cat","embeddable":true,"href":"https:\/\/keluvo.com\/se\/wp-json\/wp\/v2\/product_cat?post=6963"},{"taxonomy":"product_tag","embeddable":true,"href":"https:\/\/keluvo.com\/se\/wp-json\/wp\/v2\/product_tag?post=6963"}],"curies":[{"name":"wp","href":"https:\/\/api.w.org\/{rel}","templated":true}]}}