{"id":6924,"date":"2025-02-17T20:28:26","date_gmt":"2025-02-17T18:28:26","guid":{"rendered":"https:\/\/keluvo.com\/se\/product\/fluffiga-tecknade-strumpor\/"},"modified":"2025-09-05T10:55:44","modified_gmt":"2025-09-05T07:55:44","slug":"fluffiga-tecknade-strumpor","status":"publish","type":"product","link":"https:\/\/keluvo.com\/se\/product\/fluffiga-tecknade-strumpor\/","title":{"rendered":"Fluffiga tecknade strumpor"},"content":{"rendered":"<h2 style=\"text-align: center\"><strong>Mjukt Och Bekv\u00e4mt Material<\/strong><\/h2>\n<p style=\"text-align: center\">Fluffiga tecknade strumpor \u00e4r gjorda av mjuk bomull och korallfleece, vilket garanterar en mild k\u00e4nsla mot din hud. Materialet \u00e4r varmt, andas och perfekt f\u00f6r att h\u00e5lla dina f\u00f6tter mysiga under de kallare m\u00e5naderna. Njut av ultimat komfort oavsett om du kopplar av hemma eller sover.<\/p>\n<p><img decoding=\"async\" class=\"alignnone size-medium wp-image-4261 aligncenter\" src=\"https:\/\/keluvo.com\/template\/wp-content\/uploads\/sites\/5\/2024\/11\/Kawaii-Funny-Fluffy-Socks-Women-Cartoon-Pattern-Floor-Socks-Fleece-Sleep-Home-Snow-Stockings-Winter-Thickened.jpg_-1.png\" alt=\"\" \/><\/p>\n<h2 style=\"text-align: center\"><strong>S\u00f6ta Tecknade M\u00f6nster<\/strong><\/h2>\n<p style=\"text-align: center\">Dessa strumpor har s\u00f6ta tecknade m\u00f6nster som ger en lekfull touch till din outfit. De glada m\u00f6nstren g\u00f6r dem roliga att b\u00e4ra och perfekta f\u00f6r att lysa upp din inomhusgarderob. Perfekta f\u00f6r avkoppling eller som en omt\u00e4nksam present till n\u00e4ra och k\u00e4ra.<\/p>\n<p><img decoding=\"async\" class=\"alignnone size-medium wp-image-4260 aligncenter\" src=\"https:\/\/keluvo.com\/template\/wp-content\/uploads\/sites\/5\/2024\/11\/Kawaii-Funny-Fluffy-Socks-Women-Cartoon-Pattern-Floor-Socks-Fleece-Sleep-Home-Snow-Stockings-Winter-Thickened.jpg_-2.png\" alt=\"\" \/><\/p>\n<h2 style=\"text-align: center\"><strong>Passar Flera Storlekar<\/strong><\/h2>\n<p style=\"text-align: center\">Designade f\u00f6r EU-storlekarna 35-42 ger de fluffiga tecknade strumporna en \u00e5tsittande men \u00e4nd\u00e5 flexibel passform. Det t\u00f6jbara tyget g\u00f6r att de bekv\u00e4mt anpassar sig till olika fotformer, vilket g\u00f6r dem l\u00e4mpliga f\u00f6r de flesta kvinnor. H\u00e5ll dig varm och snygg hela vintern.<\/p>\n<p style=\"text-align: center\"><img decoding=\"async\" class=\"alignnone size-medium wp-image-4248\" src=\"https:\/\/keluvo.com\/template\/wp-content\/uploads\/sites\/5\/2024\/11\/3b6c8f5d-43fe-49ed-98da-e0cf448510bd.webp\" alt=\"\" \/><\/p>\n","protected":false},"excerpt":{"rendered":"<p>Mjukt Och Bekv\u00e4mt Material Fluffiga tecknade strumpor \u00e4r gjorda av mjuk bomull och korallfleece, vilket garanterar en mild k\u00e4nsla mot [&hellip;]<\/p>\n","protected":false},"featured_media":6920,"comment_status":"open","ping_status":"closed","template":"","meta":{"site-sidebar-layout":"default","site-content-layout":"","ast-site-content-layout":"default","site-content-style":"default","site-sidebar-style":"default","ast-global-header-display":"","ast-banner-title-visibility":"","ast-main-header-display":"","ast-hfb-above-header-display":"","ast-hfb-below-header-display":"","ast-hfb-mobile-header-display":"","site-post-title":"","ast-breadcrumbs-content":"","ast-featured-img":"","footer-sml-layout":"","theme-transparent-header-meta":"default","adv-header-id-meta":"","stick-header-meta":"","header-above-stick-meta":"","header-main-stick-meta":"","header-below-stick-meta":"","astra-migrate-meta-layouts":"set","ast-page-background-enabled":"default","ast-page-background-meta":{"desktop":{"background-color":"var(--ast-global-color-4)","background-image":"","background-repeat":"repeat","background-position":"center center","background-size":"auto","background-attachment":"scroll","background-type":"","background-media":"","overlay-type":"","overlay-color":"","overlay-opacity":"","overlay-gradient":""},"tablet":{"background-color":"","background-image":"","background-repeat":"repeat","background-position":"center center","background-size":"auto","background-attachment":"scroll","background-type":"","background-media":"","overlay-type":"","overlay-color":"","overlay-opacity":"","overlay-gradient":""},"mobile":{"background-color":"","background-image":"","background-repeat":"repeat","background-position":"center center","background-size":"auto","background-attachment":"scroll","background-type":"","background-media":"","overlay-type":"","overlay-color":"","overlay-opacity":"","overlay-gradient":""}},"ast-content-background-meta":{"desktop":{"background-color":"var(--ast-global-color-5)","background-image":"","background-repeat":"repeat","background-position":"center center","background-size":"auto","background-attachment":"scroll","background-type":"","background-media":"","overlay-type":"","overlay-color":"","overlay-opacity":"","overlay-gradient":""},"tablet":{"background-color":"var(--ast-global-color-5)","background-image":"","background-repeat":"repeat","background-position":"center center","background-size":"auto","background-attachment":"scroll","background-type":"","background-media":"","overlay-type":"","overlay-color":"","overlay-opacity":"","overlay-gradient":""},"mobile":{"background-color":"var(--ast-global-color-5)","background-image":"","background-repeat":"repeat","background-position":"center center","background-size":"auto","background-attachment":"scroll","background-type":"","background-media":"","overlay-type":"","overlay-color":"","overlay-opacity":"","overlay-gradient":""}}},"product_brand":[],"product_cat":[993],"product_tag":[],"class_list":{"0":"post-6924","1":"product","2":"type-product","3":"status-publish","4":"has-post-thumbnail","6":"product_cat-footwear-accessories","7":"pa_mfn2emqt-gra","8":"pa_mfn2emqt-gron","9":"pa_mfn2emqt-lila","10":"pa_mfn2emqt-marin","11":"pa_mfn2emqt-orange","12":"pa_mfn2emqt-rod","13":"pa_mfn2emqt-rosa","14":"pa_mfn2emqt-vit","15":"desktop-align-left","16":"tablet-align-left","17":"mobile-align-left","19":"first","20":"instock","21":"shipping-taxable","22":"purchasable","23":"product-type-variable"},"_links":{"self":[{"href":"https:\/\/keluvo.com\/se\/wp-json\/wp\/v2\/product\/6924","targetHints":{"allow":["GET"]}}],"collection":[{"href":"https:\/\/keluvo.com\/se\/wp-json\/wp\/v2\/product"}],"about":[{"href":"https:\/\/keluvo.com\/se\/wp-json\/wp\/v2\/types\/product"}],"replies":[{"embeddable":true,"href":"https:\/\/keluvo.com\/se\/wp-json\/wp\/v2\/comments?post=6924"}],"wp:featuredmedia":[{"embeddable":true,"href":"https:\/\/keluvo.com\/se\/wp-json\/wp\/v2\/media\/6920"}],"wp:attachment":[{"href":"https:\/\/keluvo.com\/se\/wp-json\/wp\/v2\/media?parent=6924"}],"wp:term":[{"taxonomy":"product_brand","embeddable":true,"href":"https:\/\/keluvo.com\/se\/wp-json\/wp\/v2\/product_brand?post=6924"},{"taxonomy":"product_cat","embeddable":true,"href":"https:\/\/keluvo.com\/se\/wp-json\/wp\/v2\/product_cat?post=6924"},{"taxonomy":"product_tag","embeddable":true,"href":"https:\/\/keluvo.com\/se\/wp-json\/wp\/v2\/product_tag?post=6924"}],"curies":[{"name":"wp","href":"https:\/\/api.w.org\/{rel}","templated":true}]}}