{"id":6911,"date":"2025-02-17T20:26:45","date_gmt":"2025-02-17T18:26:45","guid":{"rendered":"https:\/\/keluvo.com\/se\/product\/bordtennistranare\/"},"modified":"2025-02-17T20:26:59","modified_gmt":"2025-02-17T18:26:59","slug":"bordtennistranare","status":"publish","type":"product","link":"https:\/\/keluvo.com\/se\/product\/bordtennistranare\/","title":{"rendered":"Bordtennistr\u00e4nare"},"content":{"rendered":"<h2 style=\"text-align: center\"><strong>Tr\u00e4na Var Som Helst, N\u00e4r Som Helst<\/strong><\/h2>\n<p style=\"text-align: center\">Bordtennistr\u00e4naren \u00e4r utformad f\u00f6r att kunna anv\u00e4ndas utan ett s\u00e4rskilt bord. Dess b\u00e4rbara design g\u00f6r att du kan tr\u00e4na bordtennis var som helst, vilket g\u00f6r den bekv\u00e4m f\u00f6r solospel eller gruppaktiviteter.<\/p>\n<p><img decoding=\"async\" class=\"alignnone size-medium wp-image-5254 aligncenter\" src=\"https:\/\/keluvo.com\/template\/wp-content\/uploads\/sites\/5\/2024\/12\/7ac66271-d684-4c46-ba0d-498b7950c535.webp\" alt=\"\" \/><\/p>\n<h2 style=\"text-align: center\"><strong>Enkel Att Installera<\/strong><\/h2>\n<p style=\"text-align: center\">Med sin enkla installation kan bordtennistr\u00e4naren f\u00e4stas p\u00e5 olika plana ytor som v\u00e4ggar, kakel eller metall. Denna snabba och enkla installation s\u00e4kerst\u00e4ller att du kan b\u00f6rja tr\u00e4na p\u00e5 n\u00e5gra minuter, oavsett var du \u00e4r.<\/p>\n<p><img decoding=\"async\" class=\"alignnone size-medium wp-image-5257 aligncenter\" src=\"https:\/\/keluvo.com\/template\/wp-content\/uploads\/sites\/5\/2024\/12\/Sc6653613a7c7476db10ef6e24593d87bT.jpg_960x960q75.jpg_.webp\" \/><\/p>\n","protected":false},"excerpt":{"rendered":"<p>Tr\u00e4na Var Som Helst, N\u00e4r Som Helst Bordtennistr\u00e4naren \u00e4r utformad f\u00f6r att kunna anv\u00e4ndas utan ett s\u00e4rskilt bord. Dess b\u00e4rbara [&hellip;]<\/p>\n","protected":false},"featured_media":6907,"comment_status":"open","ping_status":"closed","template":"","meta":{"site-sidebar-layout":"default","site-content-layout":"","ast-site-content-layout":"default","site-content-style":"default","site-sidebar-style":"default","ast-global-header-display":"","ast-banner-title-visibility":"","ast-main-header-display":"","ast-hfb-above-header-display":"","ast-hfb-below-header-display":"","ast-hfb-mobile-header-display":"","site-post-title":"","ast-breadcrumbs-content":"","ast-featured-img":"","footer-sml-layout":"","theme-transparent-header-meta":"default","adv-header-id-meta":"","stick-header-meta":"","header-above-stick-meta":"","header-main-stick-meta":"","header-below-stick-meta":"","astra-migrate-meta-layouts":"set","ast-page-background-enabled":"default","ast-page-background-meta":{"desktop":{"background-color":"var(--ast-global-color-4)","background-image":"","background-repeat":"repeat","background-position":"center center","background-size":"auto","background-attachment":"scroll","background-type":"","background-media":"","overlay-type":"","overlay-color":"","overlay-opacity":"","overlay-gradient":""},"tablet":{"background-color":"","background-image":"","background-repeat":"repeat","background-position":"center center","background-size":"auto","background-attachment":"scroll","background-type":"","background-media":"","overlay-type":"","overlay-color":"","overlay-opacity":"","overlay-gradient":""},"mobile":{"background-color":"","background-image":"","background-repeat":"repeat","background-position":"center center","background-size":"auto","background-attachment":"scroll","background-type":"","background-media":"","overlay-type":"","overlay-color":"","overlay-opacity":"","overlay-gradient":""}},"ast-content-background-meta":{"desktop":{"background-color":"var(--ast-global-color-5)","background-image":"","background-repeat":"repeat","background-position":"center center","background-size":"auto","background-attachment":"scroll","background-type":"","background-media":"","overlay-type":"","overlay-color":"","overlay-opacity":"","overlay-gradient":""},"tablet":{"background-color":"var(--ast-global-color-5)","background-image":"","background-repeat":"repeat","background-position":"center center","background-size":"auto","background-attachment":"scroll","background-type":"","background-media":"","overlay-type":"","overlay-color":"","overlay-opacity":"","overlay-gradient":""},"mobile":{"background-color":"var(--ast-global-color-5)","background-image":"","background-repeat":"repeat","background-position":"center center","background-size":"auto","background-attachment":"scroll","background-type":"","background-media":"","overlay-type":"","overlay-color":"","overlay-opacity":"","overlay-gradient":""}}},"product_brand":[],"product_cat":[990],"product_tag":[],"class_list":{"0":"post-6911","1":"product","2":"type-product","3":"status-publish","4":"has-post-thumbnail","6":"product_cat-toys-childrens-and-baby-products","7":"pa_bf2h0vlu-1575","8":"pa_bf2h0vlu-1576","9":"pa_yxkovus5-groda","10":"pa_yxkovus5-kanin","11":"desktop-align-left","12":"tablet-align-left","13":"mobile-align-left","15":"first","16":"instock","17":"shipping-taxable","18":"purchasable","19":"product-type-variable"},"_links":{"self":[{"href":"https:\/\/keluvo.com\/se\/wp-json\/wp\/v2\/product\/6911","targetHints":{"allow":["GET"]}}],"collection":[{"href":"https:\/\/keluvo.com\/se\/wp-json\/wp\/v2\/product"}],"about":[{"href":"https:\/\/keluvo.com\/se\/wp-json\/wp\/v2\/types\/product"}],"replies":[{"embeddable":true,"href":"https:\/\/keluvo.com\/se\/wp-json\/wp\/v2\/comments?post=6911"}],"wp:featuredmedia":[{"embeddable":true,"href":"https:\/\/keluvo.com\/se\/wp-json\/wp\/v2\/media\/6907"}],"wp:attachment":[{"href":"https:\/\/keluvo.com\/se\/wp-json\/wp\/v2\/media?parent=6911"}],"wp:term":[{"taxonomy":"product_brand","embeddable":true,"href":"https:\/\/keluvo.com\/se\/wp-json\/wp\/v2\/product_brand?post=6911"},{"taxonomy":"product_cat","embeddable":true,"href":"https:\/\/keluvo.com\/se\/wp-json\/wp\/v2\/product_cat?post=6911"},{"taxonomy":"product_tag","embeddable":true,"href":"https:\/\/keluvo.com\/se\/wp-json\/wp\/v2\/product_tag?post=6911"}],"curies":[{"name":"wp","href":"https:\/\/api.w.org\/{rel}","templated":true}]}}