{"id":6893,"date":"2025-02-17T20:25:17","date_gmt":"2025-02-17T18:25:17","guid":{"rendered":"https:\/\/keluvo.com\/se\/product\/led-ljus-for-bon\/"},"modified":"2025-02-17T20:25:35","modified_gmt":"2025-02-17T18:25:35","slug":"led-ljus-for-bon","status":"publish","type":"product","link":"https:\/\/keluvo.com\/se\/product\/led-ljus-for-bon\/","title":{"rendered":"LED-ljus f\u00f6r b\u00f6n"},"content":{"rendered":"<h2 style=\"text-align: center\"><strong>S\u00e4kert Flaml\u00f6st Ljus<\/strong><\/h2>\n<p style=\"text-align: center\">LED-ljuset ger en flimrande ljuseffekt utan risken f\u00f6r en \u00f6ppen l\u00e5ga. Detta g\u00f6r det s\u00e4kert f\u00f6r familjer, husdjur och alla inomhusmilj\u00f6er, vilket ger dig sinnesfrid medan du njuter av en andaktsfull atmosf\u00e4r.<\/p>\n<p><img decoding=\"async\" class=\"alignnone size-medium wp-image-5465 aligncenter\" src=\"https:\/\/keluvo.com\/template\/wp-content\/uploads\/sites\/5\/2024\/12\/S96cecb2f8a54474fbdcc64dee1f59f97Z.jpg_960x960q75.jpg_.webp\" \/><\/p>\n<h2 style=\"text-align: center\"><strong>Vacker Religi\u00f6s Dekoration<\/strong><\/h2>\n<p style=\"text-align: center\">Med en detaljerad dekal med Jesus eller jungfru Maria f\u00f6rb\u00e4ttrar LED-b\u00f6nljuset den andliga atmosf\u00e4ren i alla utrymmen. Det \u00e4r perfekt f\u00f6r altare i hemmet, kyrkor eller speciella ceremonier, och ger en touch av h\u00e4ngivenhet och sk\u00f6nhet.<\/p>\n<p style=\"text-align: center\"><img decoding=\"async\" class=\"alignnone size-medium wp-image-5461\" src=\"https:\/\/keluvo.com\/template\/wp-content\/uploads\/sites\/5\/2024\/12\/S42d3f870295841d6ab079388b0b086d1d.jpg_960x960q75.jpg_.webp\" \/><\/p>\n","protected":false},"excerpt":{"rendered":"<p>S\u00e4kert Flaml\u00f6st Ljus LED-ljuset ger en flimrande ljuseffekt utan risken f\u00f6r en \u00f6ppen l\u00e5ga. Detta g\u00f6r det s\u00e4kert f\u00f6r familjer, [&hellip;]<\/p>\n","protected":false},"featured_media":6889,"comment_status":"open","ping_status":"closed","template":"","meta":{"site-sidebar-layout":"default","site-content-layout":"","ast-site-content-layout":"default","site-content-style":"default","site-sidebar-style":"default","ast-global-header-display":"","ast-banner-title-visibility":"","ast-main-header-display":"","ast-hfb-above-header-display":"","ast-hfb-below-header-display":"","ast-hfb-mobile-header-display":"","site-post-title":"","ast-breadcrumbs-content":"","ast-featured-img":"","footer-sml-layout":"","theme-transparent-header-meta":"default","adv-header-id-meta":"","stick-header-meta":"","header-above-stick-meta":"","header-main-stick-meta":"","header-below-stick-meta":"","astra-migrate-meta-layouts":"set","ast-page-background-enabled":"default","ast-page-background-meta":{"desktop":{"background-color":"var(--ast-global-color-4)","background-image":"","background-repeat":"repeat","background-position":"center center","background-size":"auto","background-attachment":"scroll","background-type":"","background-media":"","overlay-type":"","overlay-color":"","overlay-opacity":"","overlay-gradient":""},"tablet":{"background-color":"","background-image":"","background-repeat":"repeat","background-position":"center center","background-size":"auto","background-attachment":"scroll","background-type":"","background-media":"","overlay-type":"","overlay-color":"","overlay-opacity":"","overlay-gradient":""},"mobile":{"background-color":"","background-image":"","background-repeat":"repeat","background-position":"center center","background-size":"auto","background-attachment":"scroll","background-type":"","background-media":"","overlay-type":"","overlay-color":"","overlay-opacity":"","overlay-gradient":""}},"ast-content-background-meta":{"desktop":{"background-color":"var(--ast-global-color-5)","background-image":"","background-repeat":"repeat","background-position":"center center","background-size":"auto","background-attachment":"scroll","background-type":"","background-media":"","overlay-type":"","overlay-color":"","overlay-opacity":"","overlay-gradient":""},"tablet":{"background-color":"var(--ast-global-color-5)","background-image":"","background-repeat":"repeat","background-position":"center center","background-size":"auto","background-attachment":"scroll","background-type":"","background-media":"","overlay-type":"","overlay-color":"","overlay-opacity":"","overlay-gradient":""},"mobile":{"background-color":"var(--ast-global-color-5)","background-image":"","background-repeat":"repeat","background-position":"center center","background-size":"auto","background-attachment":"scroll","background-type":"","background-media":"","overlay-type":"","overlay-color":"","overlay-opacity":"","overlay-gradient":""}}},"product_brand":[],"product_cat":[1001],"product_tag":[],"class_list":{"0":"post-6893","1":"product","2":"type-product","3":"status-publish","4":"has-post-thumbnail","6":"product_cat-household-goods","7":"pa_59yp1luc-a","8":"pa_59yp1luc-b","9":"pa_59yp1luc-c","10":"pa_59yp1luc-d","11":"pa_59yp1luc-e","12":"desktop-align-left","13":"tablet-align-left","14":"mobile-align-left","16":"first","17":"instock","18":"shipping-taxable","19":"purchasable","20":"product-type-variable"},"_links":{"self":[{"href":"https:\/\/keluvo.com\/se\/wp-json\/wp\/v2\/product\/6893","targetHints":{"allow":["GET"]}}],"collection":[{"href":"https:\/\/keluvo.com\/se\/wp-json\/wp\/v2\/product"}],"about":[{"href":"https:\/\/keluvo.com\/se\/wp-json\/wp\/v2\/types\/product"}],"replies":[{"embeddable":true,"href":"https:\/\/keluvo.com\/se\/wp-json\/wp\/v2\/comments?post=6893"}],"wp:featuredmedia":[{"embeddable":true,"href":"https:\/\/keluvo.com\/se\/wp-json\/wp\/v2\/media\/6889"}],"wp:attachment":[{"href":"https:\/\/keluvo.com\/se\/wp-json\/wp\/v2\/media?parent=6893"}],"wp:term":[{"taxonomy":"product_brand","embeddable":true,"href":"https:\/\/keluvo.com\/se\/wp-json\/wp\/v2\/product_brand?post=6893"},{"taxonomy":"product_cat","embeddable":true,"href":"https:\/\/keluvo.com\/se\/wp-json\/wp\/v2\/product_cat?post=6893"},{"taxonomy":"product_tag","embeddable":true,"href":"https:\/\/keluvo.com\/se\/wp-json\/wp\/v2\/product_tag?post=6893"}],"curies":[{"name":"wp","href":"https:\/\/api.w.org\/{rel}","templated":true}]}}