{"id":6860,"date":"2025-02-16T20:11:39","date_gmt":"2025-02-16T18:11:39","guid":{"rendered":"https:\/\/keluvo.com\/se\/product\/kosmetisk-vaska\/"},"modified":"2025-02-16T20:11:55","modified_gmt":"2025-02-16T18:11:55","slug":"kosmetisk-vaska","status":"publish","type":"product","link":"https:\/\/keluvo.com\/se\/product\/kosmetisk-vaska\/","title":{"rendered":"Kosmetisk v\u00e4ska"},"content":{"rendered":"<h2 style=\"text-align: center\"><strong>Snygg Och Unik Design<\/strong><\/h2>\n<p style=\"text-align: center\">Kosmetikv\u00e4skan har ett geometriskt sj\u00e4lvlysande m\u00f6nster som \u00e4ndrar f\u00e4rg i olika ljus, vilket skapar ett snyggt och i\u00f6gonfallande utseende. Denna moderna design g\u00f6r den perfekt f\u00f6r alla tillf\u00e4llen, oavsett om du reser eller organiserar din makeup hemma. Den kombinerar praktiska egenskaper med mode f\u00f6r att passa dina dagliga behov.<\/p>\n<p><img fetchpriority=\"high\" decoding=\"async\" width=\"600\" height=\"600\" class=\"alignnone size-medium wp-image-3572 aligncenter\" src=\"https:\/\/keluvo.com\/template\/wp-content\/uploads\/sites\/5\/2024\/11\/7cefce6c-026d-408b-8f9a-7c1b3acd996f.webp\" alt=\"\" srcset=\"https:\/\/keluvo.com\/se\/wp-content\/uploads\/sites\/12\/2024\/11\/7cefce6c-026d-408b-8f9a-7c1b3acd996f.webp 600w, https:\/\/keluvo.com\/se\/wp-content\/uploads\/sites\/12\/2024\/11\/7cefce6c-026d-408b-8f9a-7c1b3acd996f-300x300.webp 300w, https:\/\/keluvo.com\/se\/wp-content\/uploads\/sites\/12\/2024\/11\/7cefce6c-026d-408b-8f9a-7c1b3acd996f-150x150.webp 150w, https:\/\/keluvo.com\/se\/wp-content\/uploads\/sites\/12\/2024\/11\/7cefce6c-026d-408b-8f9a-7c1b3acd996f-100x100.webp 100w, https:\/\/keluvo.com\/se\/wp-content\/uploads\/sites\/12\/2024\/11\/7cefce6c-026d-408b-8f9a-7c1b3acd996f-50x50.webp 50w\" sizes=\"(max-width: 600px) 100vw, 600px\" \/><\/p>\n<h2 style=\"text-align: center\"><strong>Rymlig Och Kompakt<\/strong><\/h2>\n<p style=\"text-align: center\">Med m\u00e5tten 22x11x11 cm erbjuder kosmetikv\u00e4skan gott om plats f\u00f6r dina sminkprylar, nycklar, telefon med mera. Trots sin stora kapacitet \u00e4r den tillr\u00e4ckligt kompakt f\u00f6r att f\u00e5 plats i handv\u00e4skan eller bagaget, vilket g\u00f6r den till en utm\u00e4rkt reskamrat.<\/p>\n<p><img decoding=\"async\" width=\"800\" height=\"800\" class=\"alignnone size-medium wp-image-3580 aligncenter\" src=\"https:\/\/keluvo.com\/template\/wp-content\/uploads\/sites\/5\/2024\/11\/New-Geometric-Luminous-Women-Cosmetic-Bag-Organizer-Zipper-Makeup-Ladies-Folding-Cosmetic-Noctilucent-Pouch-Travel-Make.jpg_.png\" alt=\"\" srcset=\"https:\/\/keluvo.com\/se\/wp-content\/uploads\/sites\/12\/2024\/11\/New-Geometric-Luminous-Women-Cosmetic-Bag-Organizer-Zipper-Makeup-Ladies-Folding-Cosmetic-Noctilucent-Pouch-Travel-Make.jpg_.png 800w, https:\/\/keluvo.com\/se\/wp-content\/uploads\/sites\/12\/2024\/11\/New-Geometric-Luminous-Women-Cosmetic-Bag-Organizer-Zipper-Makeup-Ladies-Folding-Cosmetic-Noctilucent-Pouch-Travel-Make.jpg_-300x300.png 300w, https:\/\/keluvo.com\/se\/wp-content\/uploads\/sites\/12\/2024\/11\/New-Geometric-Luminous-Women-Cosmetic-Bag-Organizer-Zipper-Makeup-Ladies-Folding-Cosmetic-Noctilucent-Pouch-Travel-Make.jpg_-150x150.png 150w, https:\/\/keluvo.com\/se\/wp-content\/uploads\/sites\/12\/2024\/11\/New-Geometric-Luminous-Women-Cosmetic-Bag-Organizer-Zipper-Makeup-Ladies-Folding-Cosmetic-Noctilucent-Pouch-Travel-Make.jpg_-768x768.png 768w, https:\/\/keluvo.com\/se\/wp-content\/uploads\/sites\/12\/2024\/11\/New-Geometric-Luminous-Women-Cosmetic-Bag-Organizer-Zipper-Makeup-Ladies-Folding-Cosmetic-Noctilucent-Pouch-Travel-Make.jpg_-600x600.png 600w, https:\/\/keluvo.com\/se\/wp-content\/uploads\/sites\/12\/2024\/11\/New-Geometric-Luminous-Women-Cosmetic-Bag-Organizer-Zipper-Makeup-Ladies-Folding-Cosmetic-Noctilucent-Pouch-Travel-Make.jpg_-100x100.png 100w, https:\/\/keluvo.com\/se\/wp-content\/uploads\/sites\/12\/2024\/11\/New-Geometric-Luminous-Women-Cosmetic-Bag-Organizer-Zipper-Makeup-Ladies-Folding-Cosmetic-Noctilucent-Pouch-Travel-Make.jpg_-50x50.png 50w\" sizes=\"(max-width: 800px) 100vw, 800px\" \/><\/p>\n","protected":false},"excerpt":{"rendered":"<p>Snygg Och Unik Design Kosmetikv\u00e4skan har ett geometriskt sj\u00e4lvlysande m\u00f6nster som \u00e4ndrar f\u00e4rg i olika ljus, vilket skapar ett snyggt [&hellip;]<\/p>\n","protected":false},"featured_media":6856,"comment_status":"open","ping_status":"closed","template":"","meta":{"site-sidebar-layout":"default","site-content-layout":"","ast-site-content-layout":"default","site-content-style":"default","site-sidebar-style":"default","ast-global-header-display":"","ast-banner-title-visibility":"","ast-main-header-display":"","ast-hfb-above-header-display":"","ast-hfb-below-header-display":"","ast-hfb-mobile-header-display":"","site-post-title":"","ast-breadcrumbs-content":"","ast-featured-img":"","footer-sml-layout":"","theme-transparent-header-meta":"default","adv-header-id-meta":"","stick-header-meta":"","header-above-stick-meta":"","header-main-stick-meta":"","header-below-stick-meta":"","astra-migrate-meta-layouts":"set","ast-page-background-enabled":"default","ast-page-background-meta":{"desktop":{"background-color":"var(--ast-global-color-4)","background-image":"","background-repeat":"repeat","background-position":"center center","background-size":"auto","background-attachment":"scroll","background-type":"","background-media":"","overlay-type":"","overlay-color":"","overlay-opacity":"","overlay-gradient":""},"tablet":{"background-color":"","background-image":"","background-repeat":"repeat","background-position":"center center","background-size":"auto","background-attachment":"scroll","background-type":"","background-media":"","overlay-type":"","overlay-color":"","overlay-opacity":"","overlay-gradient":""},"mobile":{"background-color":"","background-image":"","background-repeat":"repeat","background-position":"center center","background-size":"auto","background-attachment":"scroll","background-type":"","background-media":"","overlay-type":"","overlay-color":"","overlay-opacity":"","overlay-gradient":""}},"ast-content-background-meta":{"desktop":{"background-color":"var(--ast-global-color-5)","background-image":"","background-repeat":"repeat","background-position":"center center","background-size":"auto","background-attachment":"scroll","background-type":"","background-media":"","overlay-type":"","overlay-color":"","overlay-opacity":"","overlay-gradient":""},"tablet":{"background-color":"var(--ast-global-color-5)","background-image":"","background-repeat":"repeat","background-position":"center center","background-size":"auto","background-attachment":"scroll","background-type":"","background-media":"","overlay-type":"","overlay-color":"","overlay-opacity":"","overlay-gradient":""},"mobile":{"background-color":"var(--ast-global-color-5)","background-image":"","background-repeat":"repeat","background-position":"center center","background-size":"auto","background-attachment":"scroll","background-type":"","background-media":"","overlay-type":"","overlay-color":"","overlay-opacity":"","overlay-gradient":""}}},"product_brand":[],"product_cat":[993],"product_tag":[],"class_list":{"0":"post-6860","1":"product","2":"type-product","3":"status-publish","4":"has-post-thumbnail","6":"product_cat-footwear-accessories","7":"pa_gykzpigi-bla","8":"pa_gykzpigi-lysande","9":"pa_gykzpigi-rod","10":"pa_gykzpigi-svart","11":"pa_gykzpigi-vit","12":"desktop-align-left","13":"tablet-align-left","14":"mobile-align-left","16":"first","17":"instock","18":"shipping-taxable","19":"purchasable","20":"product-type-variable"},"_links":{"self":[{"href":"https:\/\/keluvo.com\/se\/wp-json\/wp\/v2\/product\/6860","targetHints":{"allow":["GET"]}}],"collection":[{"href":"https:\/\/keluvo.com\/se\/wp-json\/wp\/v2\/product"}],"about":[{"href":"https:\/\/keluvo.com\/se\/wp-json\/wp\/v2\/types\/product"}],"replies":[{"embeddable":true,"href":"https:\/\/keluvo.com\/se\/wp-json\/wp\/v2\/comments?post=6860"}],"wp:featuredmedia":[{"embeddable":true,"href":"https:\/\/keluvo.com\/se\/wp-json\/wp\/v2\/media\/6856"}],"wp:attachment":[{"href":"https:\/\/keluvo.com\/se\/wp-json\/wp\/v2\/media?parent=6860"}],"wp:term":[{"taxonomy":"product_brand","embeddable":true,"href":"https:\/\/keluvo.com\/se\/wp-json\/wp\/v2\/product_brand?post=6860"},{"taxonomy":"product_cat","embeddable":true,"href":"https:\/\/keluvo.com\/se\/wp-json\/wp\/v2\/product_cat?post=6860"},{"taxonomy":"product_tag","embeddable":true,"href":"https:\/\/keluvo.com\/se\/wp-json\/wp\/v2\/product_tag?post=6860"}],"curies":[{"name":"wp","href":"https:\/\/api.w.org\/{rel}","templated":true}]}}