{"id":6827,"date":"2025-02-16T20:06:00","date_gmt":"2025-02-16T18:06:00","guid":{"rendered":"https:\/\/keluvo.com\/se\/product\/rund-led-vagglampa\/"},"modified":"2025-02-16T20:06:21","modified_gmt":"2025-02-16T18:06:21","slug":"rund-led-vagglampa","status":"publish","type":"product","link":"https:\/\/keluvo.com\/se\/product\/rund-led-vagglampa\/","title":{"rendered":"Rund LED-v\u00e4gglampa"},"content":{"rendered":"<h2 style=\"text-align: center\"><strong>M\u00e5ngsidiga Belysningsalternativ<\/strong><\/h2>\n<p style=\"text-align: center\">Den runda LED-v\u00e4gglampan erbjuder tre olika ljusf\u00e4rger f\u00f6r att passa alla st\u00e4mningar och milj\u00f6er. V\u00e4lj mellan varmvit, neutral eller kallvit belysning genom att helt enkelt vrida p\u00e5 v\u00e4ggbrytaren. Den anpassningsbara belysningen g\u00f6r den idealisk f\u00f6r olika utrymmen, fr\u00e5n mysiga sovrum till ljusa korridorer. Lampan \u00e4r 13,5 cm i diameter.<\/p>\n<p style=\"text-align: center\"><img fetchpriority=\"high\" decoding=\"async\" width=\"760\" height=\"760\" class=\"alignnone size-medium wp-image-2541\" src=\"https:\/\/keluvo.com\/template\/wp-content\/uploads\/sites\/5\/2024\/11\/80446ceb-bf86-41d4-907d-c13de65fd598.webp\" alt=\"\" srcset=\"https:\/\/keluvo.com\/se\/wp-content\/uploads\/sites\/12\/2024\/11\/80446ceb-bf86-41d4-907d-c13de65fd598.webp 760w, https:\/\/keluvo.com\/se\/wp-content\/uploads\/sites\/12\/2024\/11\/80446ceb-bf86-41d4-907d-c13de65fd598-300x300.webp 300w, https:\/\/keluvo.com\/se\/wp-content\/uploads\/sites\/12\/2024\/11\/80446ceb-bf86-41d4-907d-c13de65fd598-150x150.webp 150w, https:\/\/keluvo.com\/se\/wp-content\/uploads\/sites\/12\/2024\/11\/80446ceb-bf86-41d4-907d-c13de65fd598-600x600.webp 600w, https:\/\/keluvo.com\/se\/wp-content\/uploads\/sites\/12\/2024\/11\/80446ceb-bf86-41d4-907d-c13de65fd598-100x100.webp 100w, https:\/\/keluvo.com\/se\/wp-content\/uploads\/sites\/12\/2024\/11\/80446ceb-bf86-41d4-907d-c13de65fd598-50x50.webp 50w\" sizes=\"(max-width: 760px) 100vw, 760px\" \/><\/p>\n<h2 style=\"text-align: center\"><strong>Modern Och Elegant Design<\/strong><\/h2>\n<p style=\"text-align: center\">Designad med en elegant, rund form och glasfinish, ger den runda LED-v\u00e4gglampan en touch av modern elegans till alla rum. Dess enkla men eleganta utseende f\u00f6rh\u00f6jer din heminredning och g\u00f6r den perfekt f\u00f6r vardagsrum, korridorer och badrum. Denna lampa sm\u00e4lter enkelt in i alla inredningsstilar, fr\u00e5n modern till minimalistisk.<\/p>\n<p><img decoding=\"async\" width=\"800\" height=\"645\" class=\"size-medium wp-image-2758 aligncenter\" src=\"https:\/\/keluvo.com\/template\/wp-content\/uploads\/sites\/5\/2024\/11\/main-image-51.jpeg\" alt=\"\" srcset=\"https:\/\/keluvo.com\/se\/wp-content\/uploads\/sites\/12\/2024\/11\/main-image-51.jpeg 800w, https:\/\/keluvo.com\/se\/wp-content\/uploads\/sites\/12\/2024\/11\/main-image-51-300x242.jpeg 300w, https:\/\/keluvo.com\/se\/wp-content\/uploads\/sites\/12\/2024\/11\/main-image-51-768x619.jpeg 768w, https:\/\/keluvo.com\/se\/wp-content\/uploads\/sites\/12\/2024\/11\/main-image-51-600x484.jpeg 600w\" sizes=\"(max-width: 800px) 100vw, 800px\" \/><\/p>\n","protected":false},"excerpt":{"rendered":"<p>M\u00e5ngsidiga Belysningsalternativ Den runda LED-v\u00e4gglampan erbjuder tre olika ljusf\u00e4rger f\u00f6r att passa alla st\u00e4mningar och milj\u00f6er. V\u00e4lj mellan varmvit, neutral [&hellip;]<\/p>\n","protected":false},"featured_media":6823,"comment_status":"open","ping_status":"closed","template":"","meta":{"site-sidebar-layout":"default","site-content-layout":"","ast-site-content-layout":"default","site-content-style":"default","site-sidebar-style":"default","ast-global-header-display":"","ast-banner-title-visibility":"","ast-main-header-display":"","ast-hfb-above-header-display":"","ast-hfb-below-header-display":"","ast-hfb-mobile-header-display":"","site-post-title":"","ast-breadcrumbs-content":"","ast-featured-img":"","footer-sml-layout":"","theme-transparent-header-meta":"default","adv-header-id-meta":"","stick-header-meta":"","header-above-stick-meta":"","header-main-stick-meta":"","header-below-stick-meta":"","astra-migrate-meta-layouts":"set","ast-page-background-enabled":"default","ast-page-background-meta":{"desktop":{"background-color":"var(--ast-global-color-4)","background-image":"","background-repeat":"repeat","background-position":"center center","background-size":"auto","background-attachment":"scroll","background-type":"","background-media":"","overlay-type":"","overlay-color":"","overlay-opacity":"","overlay-gradient":""},"tablet":{"background-color":"","background-image":"","background-repeat":"repeat","background-position":"center center","background-size":"auto","background-attachment":"scroll","background-type":"","background-media":"","overlay-type":"","overlay-color":"","overlay-opacity":"","overlay-gradient":""},"mobile":{"background-color":"","background-image":"","background-repeat":"repeat","background-position":"center center","background-size":"auto","background-attachment":"scroll","background-type":"","background-media":"","overlay-type":"","overlay-color":"","overlay-opacity":"","overlay-gradient":""}},"ast-content-background-meta":{"desktop":{"background-color":"var(--ast-global-color-5)","background-image":"","background-repeat":"repeat","background-position":"center center","background-size":"auto","background-attachment":"scroll","background-type":"","background-media":"","overlay-type":"","overlay-color":"","overlay-opacity":"","overlay-gradient":""},"tablet":{"background-color":"var(--ast-global-color-5)","background-image":"","background-repeat":"repeat","background-position":"center center","background-size":"auto","background-attachment":"scroll","background-type":"","background-media":"","overlay-type":"","overlay-color":"","overlay-opacity":"","overlay-gradient":""},"mobile":{"background-color":"var(--ast-global-color-5)","background-image":"","background-repeat":"repeat","background-position":"center center","background-size":"auto","background-attachment":"scroll","background-type":"","background-media":"","overlay-type":"","overlay-color":"","overlay-opacity":"","overlay-gradient":""}}},"product_brand":[],"product_cat":[1001],"product_tag":[],"class_list":{"0":"post-6827","1":"product","2":"type-product","3":"status-publish","4":"has-post-thumbnail","6":"product_cat-household-goods","7":"pa_1nybs5nc-gra","8":"pa_1nybs5nc-orange","9":"pa_1nybs5nc-svart","10":"pa_1nybs5nc-vagig-gra","11":"pa_1nybs5nc-vagig-orange","12":"pa_1nybs5nc-vagig-vit","13":"pa_1nybs5nc-vit","14":"desktop-align-left","15":"tablet-align-left","16":"mobile-align-left","18":"first","19":"instock","20":"shipping-taxable","21":"purchasable","22":"product-type-variable"},"_links":{"self":[{"href":"https:\/\/keluvo.com\/se\/wp-json\/wp\/v2\/product\/6827","targetHints":{"allow":["GET"]}}],"collection":[{"href":"https:\/\/keluvo.com\/se\/wp-json\/wp\/v2\/product"}],"about":[{"href":"https:\/\/keluvo.com\/se\/wp-json\/wp\/v2\/types\/product"}],"replies":[{"embeddable":true,"href":"https:\/\/keluvo.com\/se\/wp-json\/wp\/v2\/comments?post=6827"}],"wp:featuredmedia":[{"embeddable":true,"href":"https:\/\/keluvo.com\/se\/wp-json\/wp\/v2\/media\/6823"}],"wp:attachment":[{"href":"https:\/\/keluvo.com\/se\/wp-json\/wp\/v2\/media?parent=6827"}],"wp:term":[{"taxonomy":"product_brand","embeddable":true,"href":"https:\/\/keluvo.com\/se\/wp-json\/wp\/v2\/product_brand?post=6827"},{"taxonomy":"product_cat","embeddable":true,"href":"https:\/\/keluvo.com\/se\/wp-json\/wp\/v2\/product_cat?post=6827"},{"taxonomy":"product_tag","embeddable":true,"href":"https:\/\/keluvo.com\/se\/wp-json\/wp\/v2\/product_tag?post=6827"}],"curies":[{"name":"wp","href":"https:\/\/api.w.org\/{rel}","templated":true}]}}