{"id":6805,"date":"2025-02-16T20:03:21","date_gmt":"2025-02-16T18:03:21","guid":{"rendered":"https:\/\/keluvo.com\/se\/product\/resemugg-for-kaffe\/"},"modified":"2025-02-16T20:03:39","modified_gmt":"2025-02-16T18:03:39","slug":"resemugg-for-kaffe","status":"publish","type":"product","link":"https:\/\/keluvo.com\/se\/product\/resemugg-for-kaffe\/","title":{"rendered":"Resemugg f\u00f6r kaffe"},"content":{"rendered":"<h2 style=\"text-align: center\"><strong>H\u00e5ller Drycker Varmar Eller Kalla<\/strong><\/h2>\n<p style=\"text-align: center\">Resekaffemuggen \u00e4r utformad med dubbelv\u00e4ggig vakuumisolering f\u00f6r att bibeh\u00e5lla dryckens temperatur. Oavsett om du vill h\u00e5lla kaffet varmt eller isteet kallt, ser den till att drycken h\u00e5ller perfekt temperatur i flera timmar. Perfekt f\u00f6r hektiska morgnar eller l\u00e5nga resor.<\/p>\n<p><img decoding=\"async\" class=\"alignnone size-medium wp-image-4713 aligncenter\" src=\"https:\/\/keluvo.com\/template\/wp-content\/uploads\/sites\/5\/2024\/12\/Sc52f0b2dfad74145a68c4812ca30b2c77.webp\" alt=\"\" \/><\/p>\n<h2 style=\"text-align: center\"><strong>H\u00e5llbar Och B\u00e4rbar Design<\/strong><\/h2>\n<p style=\"text-align: center\">Tillverkad av h\u00f6gkvalitativt rostfritt st\u00e5l \u00e4r resekaffemuggen byggd f\u00f6r att h\u00e5lla. Den robusta konstruktionen \u00e4r motst\u00e5ndskraftig mot rost och repor, vilket g\u00f6r den perfekt f\u00f6r daglig anv\u00e4ndning eller utomhus\u00e4ventyr. Den l\u00e4tta designen och det bekv\u00e4ma handtaget g\u00f6r den enkel att b\u00e4ra med sig \u00f6verallt.<\/p>\n<p style=\"text-align: center\"><img decoding=\"async\" class=\"alignnone size-medium wp-image-4704\" src=\"https:\/\/keluvo.com\/template\/wp-content\/uploads\/sites\/5\/2024\/12\/Se9f8f0be61064466820cd9102cffa73ca.webp\" alt=\"\" \/><\/p>\n","protected":false},"excerpt":{"rendered":"<p>H\u00e5ller Drycker Varmar Eller Kalla Resekaffemuggen \u00e4r utformad med dubbelv\u00e4ggig vakuumisolering f\u00f6r att bibeh\u00e5lla dryckens temperatur. Oavsett om du vill [&hellip;]<\/p>\n","protected":false},"featured_media":6801,"comment_status":"open","ping_status":"closed","template":"","meta":{"site-sidebar-layout":"default","site-content-layout":"","ast-site-content-layout":"default","site-content-style":"default","site-sidebar-style":"default","ast-global-header-display":"","ast-banner-title-visibility":"","ast-main-header-display":"","ast-hfb-above-header-display":"","ast-hfb-below-header-display":"","ast-hfb-mobile-header-display":"","site-post-title":"","ast-breadcrumbs-content":"","ast-featured-img":"","footer-sml-layout":"","theme-transparent-header-meta":"default","adv-header-id-meta":"","stick-header-meta":"","header-above-stick-meta":"","header-main-stick-meta":"","header-below-stick-meta":"","astra-migrate-meta-layouts":"set","ast-page-background-enabled":"default","ast-page-background-meta":{"desktop":{"background-color":"var(--ast-global-color-4)","background-image":"","background-repeat":"repeat","background-position":"center center","background-size":"auto","background-attachment":"scroll","background-type":"","background-media":"","overlay-type":"","overlay-color":"","overlay-opacity":"","overlay-gradient":""},"tablet":{"background-color":"","background-image":"","background-repeat":"repeat","background-position":"center center","background-size":"auto","background-attachment":"scroll","background-type":"","background-media":"","overlay-type":"","overlay-color":"","overlay-opacity":"","overlay-gradient":""},"mobile":{"background-color":"","background-image":"","background-repeat":"repeat","background-position":"center center","background-size":"auto","background-attachment":"scroll","background-type":"","background-media":"","overlay-type":"","overlay-color":"","overlay-opacity":"","overlay-gradient":""}},"ast-content-background-meta":{"desktop":{"background-color":"var(--ast-global-color-5)","background-image":"","background-repeat":"repeat","background-position":"center center","background-size":"auto","background-attachment":"scroll","background-type":"","background-media":"","overlay-type":"","overlay-color":"","overlay-opacity":"","overlay-gradient":""},"tablet":{"background-color":"var(--ast-global-color-5)","background-image":"","background-repeat":"repeat","background-position":"center center","background-size":"auto","background-attachment":"scroll","background-type":"","background-media":"","overlay-type":"","overlay-color":"","overlay-opacity":"","overlay-gradient":""},"mobile":{"background-color":"var(--ast-global-color-5)","background-image":"","background-repeat":"repeat","background-position":"center center","background-size":"auto","background-attachment":"scroll","background-type":"","background-media":"","overlay-type":"","overlay-color":"","overlay-opacity":"","overlay-gradient":""}}},"product_brand":[],"product_cat":[1000],"product_tag":[],"class_list":{"0":"post-6805","1":"product","2":"type-product","3":"status-publish","4":"has-post-thumbnail","6":"product_cat-hiking-camping-and-leisure-goods","7":"pa_afxjtisf-bla","8":"pa_afxjtisf-gra","9":"pa_afxjtisf-gron","10":"pa_afxjtisf-lila","11":"pa_afxjtisf-orange","12":"pa_afxjtisf-rosa","13":"pa_afxjtisf-svart","14":"pa_afxjtisf-vit","15":"desktop-align-left","16":"tablet-align-left","17":"mobile-align-left","19":"first","20":"instock","21":"shipping-taxable","22":"purchasable","23":"product-type-variable"},"_links":{"self":[{"href":"https:\/\/keluvo.com\/se\/wp-json\/wp\/v2\/product\/6805","targetHints":{"allow":["GET"]}}],"collection":[{"href":"https:\/\/keluvo.com\/se\/wp-json\/wp\/v2\/product"}],"about":[{"href":"https:\/\/keluvo.com\/se\/wp-json\/wp\/v2\/types\/product"}],"replies":[{"embeddable":true,"href":"https:\/\/keluvo.com\/se\/wp-json\/wp\/v2\/comments?post=6805"}],"wp:featuredmedia":[{"embeddable":true,"href":"https:\/\/keluvo.com\/se\/wp-json\/wp\/v2\/media\/6801"}],"wp:attachment":[{"href":"https:\/\/keluvo.com\/se\/wp-json\/wp\/v2\/media?parent=6805"}],"wp:term":[{"taxonomy":"product_brand","embeddable":true,"href":"https:\/\/keluvo.com\/se\/wp-json\/wp\/v2\/product_brand?post=6805"},{"taxonomy":"product_cat","embeddable":true,"href":"https:\/\/keluvo.com\/se\/wp-json\/wp\/v2\/product_cat?post=6805"},{"taxonomy":"product_tag","embeddable":true,"href":"https:\/\/keluvo.com\/se\/wp-json\/wp\/v2\/product_tag?post=6805"}],"curies":[{"name":"wp","href":"https:\/\/api.w.org\/{rel}","templated":true}]}}