{"id":6798,"date":"2025-02-16T19:59:47","date_gmt":"2025-02-16T17:59:47","guid":{"rendered":"https:\/\/keluvo.com\/se\/product\/laserprojektor-for-jul\/"},"modified":"2025-02-16T19:59:52","modified_gmt":"2025-02-16T17:59:52","slug":"laserprojektor-for-jul","status":"publish","type":"product","link":"https:\/\/keluvo.com\/se\/product\/laserprojektor-for-jul\/","title":{"rendered":"Laserprojektor f\u00f6r jul"},"content":{"rendered":"<h2 style=\"text-align: center\"><strong>Levande Stj\u00e4rnhimmelm\u00f6nster<\/strong><\/h2>\n<p style=\"text-align: center\">Jullaserprojektorn skapar vackra r\u00f6da och gr\u00f6na stj\u00e4rnhimmelm\u00f6nster, perfekta f\u00f6r att ge en festlig touch till alla utrymmen. De ljusa och klara projektionerna f\u00f6rb\u00e4ttrar st\u00e4mningen f\u00f6r firandet, oavsett om de anv\u00e4nds inomhus eller utomhus. Ta enkelt med dig julmagin till din tr\u00e4dg\u00e5rd, ditt vardagsrum eller din festlokal.<\/p>\n<p><img decoding=\"async\" class=\"alignnone size-medium wp-image-4288 aligncenter\" src=\"https:\/\/keluvo.com\/template\/wp-content\/uploads\/sites\/5\/2024\/11\/S939ad16cb5d84a32a9c1988142f54598d.jpg\" alt=\"\" \/><\/p>\n<h2 style=\"text-align: center\"><strong>Slitstark Och Vattent\u00e4t Design<\/strong><\/h2>\n<p style=\"text-align: center\">Tillverkad med en vattent\u00e4t IP65-klassning \u00e4r julens laserprojektor byggd f\u00f6r att klara utomhusf\u00f6rh\u00e5llanden. Dess h\u00e5llbara plasth\u00f6lje skyddar mot regn och fukt, vilket g\u00f6r den idealisk f\u00f6r anv\u00e4ndning \u00e5ret runt. Njut av p\u00e5litlig prestanda i tr\u00e4dg\u00e5rdar, uteplatser och andra utomhusutrymmen.<\/p>\n<p><img decoding=\"async\" class=\"alignnone size-medium wp-image-4279 aligncenter\" src=\"https:\/\/keluvo.com\/template\/wp-content\/uploads\/sites\/5\/2024\/11\/123b060b-79a3-452b-9ae0-17191a6c6915.webp\" alt=\"\" \/><\/p>\n","protected":false},"excerpt":{"rendered":"<p>Levande Stj\u00e4rnhimmelm\u00f6nster Jullaserprojektorn skapar vackra r\u00f6da och gr\u00f6na stj\u00e4rnhimmelm\u00f6nster, perfekta f\u00f6r att ge en festlig touch till alla utrymmen. De [&hellip;]<\/p>\n","protected":false},"featured_media":6794,"comment_status":"open","ping_status":"closed","template":"","meta":{"site-sidebar-layout":"default","site-content-layout":"","ast-site-content-layout":"default","site-content-style":"default","site-sidebar-style":"default","ast-global-header-display":"","ast-banner-title-visibility":"","ast-main-header-display":"","ast-hfb-above-header-display":"","ast-hfb-below-header-display":"","ast-hfb-mobile-header-display":"","site-post-title":"","ast-breadcrumbs-content":"","ast-featured-img":"","footer-sml-layout":"","theme-transparent-header-meta":"default","adv-header-id-meta":"","stick-header-meta":"","header-above-stick-meta":"","header-main-stick-meta":"","header-below-stick-meta":"","astra-migrate-meta-layouts":"set","ast-page-background-enabled":"default","ast-page-background-meta":{"desktop":{"background-color":"var(--ast-global-color-4)","background-image":"","background-repeat":"repeat","background-position":"center center","background-size":"auto","background-attachment":"scroll","background-type":"","background-media":"","overlay-type":"","overlay-color":"","overlay-opacity":"","overlay-gradient":""},"tablet":{"background-color":"","background-image":"","background-repeat":"repeat","background-position":"center center","background-size":"auto","background-attachment":"scroll","background-type":"","background-media":"","overlay-type":"","overlay-color":"","overlay-opacity":"","overlay-gradient":""},"mobile":{"background-color":"","background-image":"","background-repeat":"repeat","background-position":"center center","background-size":"auto","background-attachment":"scroll","background-type":"","background-media":"","overlay-type":"","overlay-color":"","overlay-opacity":"","overlay-gradient":""}},"ast-content-background-meta":{"desktop":{"background-color":"var(--ast-global-color-5)","background-image":"","background-repeat":"repeat","background-position":"center center","background-size":"auto","background-attachment":"scroll","background-type":"","background-media":"","overlay-type":"","overlay-color":"","overlay-opacity":"","overlay-gradient":""},"tablet":{"background-color":"var(--ast-global-color-5)","background-image":"","background-repeat":"repeat","background-position":"center center","background-size":"auto","background-attachment":"scroll","background-type":"","background-media":"","overlay-type":"","overlay-color":"","overlay-opacity":"","overlay-gradient":""},"mobile":{"background-color":"var(--ast-global-color-5)","background-image":"","background-repeat":"repeat","background-position":"center center","background-size":"auto","background-attachment":"scroll","background-type":"","background-media":"","overlay-type":"","overlay-color":"","overlay-opacity":"","overlay-gradient":""}}},"product_brand":[],"product_cat":[1001],"product_tag":[],"class_list":{"0":"post-6798","1":"product","2":"type-product","3":"status-publish","4":"has-post-thumbnail","6":"product_cat-household-goods","7":"desktop-align-left","8":"tablet-align-left","9":"mobile-align-left","11":"first","12":"instock","13":"shipping-taxable","14":"purchasable","15":"product-type-simple"},"_links":{"self":[{"href":"https:\/\/keluvo.com\/se\/wp-json\/wp\/v2\/product\/6798","targetHints":{"allow":["GET"]}}],"collection":[{"href":"https:\/\/keluvo.com\/se\/wp-json\/wp\/v2\/product"}],"about":[{"href":"https:\/\/keluvo.com\/se\/wp-json\/wp\/v2\/types\/product"}],"replies":[{"embeddable":true,"href":"https:\/\/keluvo.com\/se\/wp-json\/wp\/v2\/comments?post=6798"}],"wp:featuredmedia":[{"embeddable":true,"href":"https:\/\/keluvo.com\/se\/wp-json\/wp\/v2\/media\/6794"}],"wp:attachment":[{"href":"https:\/\/keluvo.com\/se\/wp-json\/wp\/v2\/media?parent=6798"}],"wp:term":[{"taxonomy":"product_brand","embeddable":true,"href":"https:\/\/keluvo.com\/se\/wp-json\/wp\/v2\/product_brand?post=6798"},{"taxonomy":"product_cat","embeddable":true,"href":"https:\/\/keluvo.com\/se\/wp-json\/wp\/v2\/product_cat?post=6798"},{"taxonomy":"product_tag","embeddable":true,"href":"https:\/\/keluvo.com\/se\/wp-json\/wp\/v2\/product_tag?post=6798"}],"curies":[{"name":"wp","href":"https:\/\/api.w.org\/{rel}","templated":true}]}}