{"id":6723,"date":"2025-02-15T23:01:35","date_gmt":"2025-02-15T21:01:35","guid":{"rendered":"https:\/\/keluvo.com\/se\/product\/bh-med-stangning-framtill\/"},"modified":"2025-08-15T15:37:30","modified_gmt":"2025-08-15T13:37:30","slug":"bh-med-stangning-framtill","status":"publish","type":"product","link":"https:\/\/keluvo.com\/se\/product\/bh-med-stangning-framtill\/","title":{"rendered":"BH med st\u00e4ngning framtill"},"content":{"rendered":"<h2 style=\"text-align: center\"><strong>Bekv\u00e4m Och Tr\u00e5dl\u00f6s Design<\/strong><\/h2>\n<p style=\"text-align: center\">Bh:n med st\u00e4ngning framtill har en tr\u00e5dl\u00f6s design som ger komfort och st\u00f6d hela dagen. Den \u00e4r tillverkad av en blandning av 88% nylon och 12% spandex och har en mjuk, andningsbar passform som k\u00e4nns skonsam mot huden. Den \u00e4r perfekt f\u00f6r vardagsbruk och ger r\u00f6relsefrihet utan att kompromissa med stilen.<\/p>\n<p><img decoding=\"async\" class=\"alignnone size-medium wp-image-4769 aligncenter\" src=\"https:\/\/keluvo.com\/template\/wp-content\/uploads\/sites\/5\/2024\/12\/S23c8a8d59aad4f4da32557b24ba93a68F.webp\" alt=\"\" \/><\/p>\n<h2 style=\"text-align: center\"><strong>Elegant Spets Och Utsk\u00e4rningsdetaljer<\/strong><\/h2>\n<p style=\"text-align: center\">Med en vacker spetsdesign och snygga utsk\u00e4rningar ger den fr\u00e4mre bh:n en touch av elegans till din underkl\u00e4deskollektion. Det ultratunna tyget som andas ger en l\u00e4tt k\u00e4nsla, vilket g\u00f6r den b\u00e5de funktionell och modern. Den finns i en rad olika f\u00e4rger och kompletterar alla outfits.<\/p>\n<p><img decoding=\"async\" class=\"alignnone size-medium wp-image-4771 aligncenter\" src=\"https:\/\/keluvo.com\/template\/wp-content\/uploads\/sites\/5\/2024\/12\/S391ba4ea4e64417b94c5199425957eb5H.webp\" alt=\"\" \/><\/p>\n","protected":false},"excerpt":{"rendered":"<p>Bekv\u00e4m Och Tr\u00e5dl\u00f6s Design Bh:n med st\u00e4ngning framtill har en tr\u00e5dl\u00f6s design som ger komfort och st\u00f6d hela dagen. Den [&hellip;]<\/p>\n","protected":false},"featured_media":6719,"comment_status":"open","ping_status":"closed","template":"","meta":{"site-sidebar-layout":"default","site-content-layout":"","ast-site-content-layout":"default","site-content-style":"default","site-sidebar-style":"default","ast-global-header-display":"","ast-banner-title-visibility":"","ast-main-header-display":"","ast-hfb-above-header-display":"","ast-hfb-below-header-display":"","ast-hfb-mobile-header-display":"","site-post-title":"","ast-breadcrumbs-content":"","ast-featured-img":"","footer-sml-layout":"","theme-transparent-header-meta":"default","adv-header-id-meta":"","stick-header-meta":"","header-above-stick-meta":"","header-main-stick-meta":"","header-below-stick-meta":"","astra-migrate-meta-layouts":"set","ast-page-background-enabled":"default","ast-page-background-meta":{"desktop":{"background-color":"var(--ast-global-color-4)","background-image":"","background-repeat":"repeat","background-position":"center center","background-size":"auto","background-attachment":"scroll","background-type":"","background-media":"","overlay-type":"","overlay-color":"","overlay-opacity":"","overlay-gradient":""},"tablet":{"background-color":"","background-image":"","background-repeat":"repeat","background-position":"center center","background-size":"auto","background-attachment":"scroll","background-type":"","background-media":"","overlay-type":"","overlay-color":"","overlay-opacity":"","overlay-gradient":""},"mobile":{"background-color":"","background-image":"","background-repeat":"repeat","background-position":"center center","background-size":"auto","background-attachment":"scroll","background-type":"","background-media":"","overlay-type":"","overlay-color":"","overlay-opacity":"","overlay-gradient":""}},"ast-content-background-meta":{"desktop":{"background-color":"var(--ast-global-color-5)","background-image":"","background-repeat":"repeat","background-position":"center center","background-size":"auto","background-attachment":"scroll","background-type":"","background-media":"","overlay-type":"","overlay-color":"","overlay-opacity":"","overlay-gradient":""},"tablet":{"background-color":"var(--ast-global-color-5)","background-image":"","background-repeat":"repeat","background-position":"center center","background-size":"auto","background-attachment":"scroll","background-type":"","background-media":"","overlay-type":"","overlay-color":"","overlay-opacity":"","overlay-gradient":""},"mobile":{"background-color":"var(--ast-global-color-5)","background-image":"","background-repeat":"repeat","background-position":"center center","background-size":"auto","background-attachment":"scroll","background-type":"","background-media":"","overlay-type":"","overlay-color":"","overlay-opacity":"","overlay-gradient":""}}},"product_brand":[],"product_cat":[993],"product_tag":[],"class_list":{"0":"post-6723","1":"product","2":"type-product","3":"status-publish","4":"has-post-thumbnail","6":"product_cat-footwear-accessories","7":"pa_0h22nafe-s","8":"pa_0h22nafe-m","9":"pa_0h22nafe-l","10":"pa_0h22nafe-xl","11":"pa_txy65ko7-bla","12":"pa_txy65ko7-hud","13":"pa_txy65ko7-lila","14":"pa_txy65ko7-rod","15":"pa_txy65ko7-svart","16":"pa_txy65ko7-vit","17":"desktop-align-left","18":"tablet-align-left","19":"mobile-align-left","21":"first","22":"instock","23":"shipping-taxable","24":"purchasable","25":"product-type-variable","26":"has-default-attributes"},"_links":{"self":[{"href":"https:\/\/keluvo.com\/se\/wp-json\/wp\/v2\/product\/6723","targetHints":{"allow":["GET"]}}],"collection":[{"href":"https:\/\/keluvo.com\/se\/wp-json\/wp\/v2\/product"}],"about":[{"href":"https:\/\/keluvo.com\/se\/wp-json\/wp\/v2\/types\/product"}],"replies":[{"embeddable":true,"href":"https:\/\/keluvo.com\/se\/wp-json\/wp\/v2\/comments?post=6723"}],"wp:featuredmedia":[{"embeddable":true,"href":"https:\/\/keluvo.com\/se\/wp-json\/wp\/v2\/media\/6719"}],"wp:attachment":[{"href":"https:\/\/keluvo.com\/se\/wp-json\/wp\/v2\/media?parent=6723"}],"wp:term":[{"taxonomy":"product_brand","embeddable":true,"href":"https:\/\/keluvo.com\/se\/wp-json\/wp\/v2\/product_brand?post=6723"},{"taxonomy":"product_cat","embeddable":true,"href":"https:\/\/keluvo.com\/se\/wp-json\/wp\/v2\/product_cat?post=6723"},{"taxonomy":"product_tag","embeddable":true,"href":"https:\/\/keluvo.com\/se\/wp-json\/wp\/v2\/product_tag?post=6723"}],"curies":[{"name":"wp","href":"https:\/\/api.w.org\/{rel}","templated":true}]}}