{"id":6692,"date":"2025-02-15T22:59:02","date_gmt":"2025-02-15T20:59:02","guid":{"rendered":"https:\/\/keluvo.com\/se\/product\/nageltrimmer-for-barn\/"},"modified":"2025-03-15T13:09:29","modified_gmt":"2025-03-15T11:09:29","slug":"nageltrimmer-for-barn","status":"publish","type":"product","link":"https:\/\/keluvo.com\/se\/product\/nageltrimmer-for-barn\/","title":{"rendered":"Nageltrimmer f\u00f6r barn"},"content":{"rendered":"<h2 style=\"text-align: center;\"><strong>Skonsam Och S\u00e4ker F\u00f6r Sp\u00e4dbarn<\/strong><\/h2>\n<p style=\"text-align: center;\">Den elektriska nageltrimmern f\u00f6r sp\u00e4dbarn \u00e4r speciellt utformad f\u00f6r att trimma och polera k\u00e4nsliga naglar p\u00e5 ett s\u00e4kert s\u00e4tt. Dess mjuka sliphuvuden f\u00f6rhindrar sk\u00e4rs\u00e5r och skador, vilket g\u00f6r den tillr\u00e4ckligt skonsam f\u00f6r nyf\u00f6dda och sm\u00e5barn. Du kan tryggt anv\u00e4nda detta verktyg f\u00f6r att underh\u00e5lla ditt barns naglar utan oro.<\/p>\n<p><img decoding=\"async\" class=\"alignnone size-medium wp-image-4084 aligncenter\" src=\"https:\/\/keluvo.com\/template\/wp-content\/uploads\/sites\/5\/2024\/11\/Sb1b7b685e2a1434db32659c04657b4e8N.jpg\" alt=\"\" \/><\/p>\n<h2 style=\"text-align: center;\"><strong>Kompakt Och L\u00e4ttanv\u00e4nd<\/strong><\/h2>\n<p style=\"text-align: center;\">Den h\u00e4r elektriska nageltrimmern f\u00f6r barn \u00e4r l\u00e4tt och passar bekv\u00e4mt i handen f\u00f6r exakt kontroll. Den drivs med ett enda AA-batteri (ing\u00e5r ej), vilket g\u00f6r den l\u00e4tt att b\u00e4ra med sig. Dess kompakta storlek g\u00f6r den idealisk f\u00f6r anv\u00e4ndning hemma eller p\u00e5 resan.<\/p>\n<p><img decoding=\"async\" class=\"alignnone size-medium wp-image-4082 aligncenter\" src=\"https:\/\/keluvo.com\/template\/wp-content\/uploads\/sites\/5\/2024\/11\/S6bd073f9520a4380a2ffea5050f09ba14.jpg\" alt=\"\" \/><\/p>\n","protected":false},"excerpt":{"rendered":"<p>Skonsam Och S\u00e4ker F\u00f6r Sp\u00e4dbarn Den elektriska nageltrimmern f\u00f6r sp\u00e4dbarn \u00e4r speciellt utformad f\u00f6r att trimma och polera k\u00e4nsliga naglar [&hellip;]<\/p>\n","protected":false},"featured_media":6688,"comment_status":"open","ping_status":"closed","template":"","meta":{"site-sidebar-layout":"default","site-content-layout":"","ast-site-content-layout":"default","site-content-style":"default","site-sidebar-style":"default","ast-global-header-display":"","ast-banner-title-visibility":"","ast-main-header-display":"","ast-hfb-above-header-display":"","ast-hfb-below-header-display":"","ast-hfb-mobile-header-display":"","site-post-title":"","ast-breadcrumbs-content":"","ast-featured-img":"","footer-sml-layout":"","theme-transparent-header-meta":"default","adv-header-id-meta":"","stick-header-meta":"","header-above-stick-meta":"","header-main-stick-meta":"","header-below-stick-meta":"","astra-migrate-meta-layouts":"set","ast-page-background-enabled":"default","ast-page-background-meta":{"desktop":{"background-color":"var(--ast-global-color-4)","background-image":"","background-repeat":"repeat","background-position":"center center","background-size":"auto","background-attachment":"scroll","background-type":"","background-media":"","overlay-type":"","overlay-color":"","overlay-opacity":"","overlay-gradient":""},"tablet":{"background-color":"","background-image":"","background-repeat":"repeat","background-position":"center center","background-size":"auto","background-attachment":"scroll","background-type":"","background-media":"","overlay-type":"","overlay-color":"","overlay-opacity":"","overlay-gradient":""},"mobile":{"background-color":"","background-image":"","background-repeat":"repeat","background-position":"center center","background-size":"auto","background-attachment":"scroll","background-type":"","background-media":"","overlay-type":"","overlay-color":"","overlay-opacity":"","overlay-gradient":""}},"ast-content-background-meta":{"desktop":{"background-color":"var(--ast-global-color-5)","background-image":"","background-repeat":"repeat","background-position":"center center","background-size":"auto","background-attachment":"scroll","background-type":"","background-media":"","overlay-type":"","overlay-color":"","overlay-opacity":"","overlay-gradient":""},"tablet":{"background-color":"var(--ast-global-color-5)","background-image":"","background-repeat":"repeat","background-position":"center center","background-size":"auto","background-attachment":"scroll","background-type":"","background-media":"","overlay-type":"","overlay-color":"","overlay-opacity":"","overlay-gradient":""},"mobile":{"background-color":"var(--ast-global-color-5)","background-image":"","background-repeat":"repeat","background-position":"center center","background-size":"auto","background-attachment":"scroll","background-type":"","background-media":"","overlay-type":"","overlay-color":"","overlay-opacity":"","overlay-gradient":""}}},"product_brand":[],"product_cat":[990],"product_tag":[],"class_list":{"0":"post-6692","1":"product","2":"type-product","3":"status-publish","4":"has-post-thumbnail","6":"product_cat-toys-childrens-and-baby-products","7":"pa_j9rw4lyk-bla","8":"pa_j9rw4lyk-gul","9":"pa_j9rw4lyk-orange","10":"pa_j9rw4lyk-rosa","11":"pa_j9rw4lyk-vit","12":"desktop-align-left","13":"tablet-align-left","14":"mobile-align-left","16":"first","17":"instock","18":"shipping-taxable","19":"purchasable","20":"product-type-variable"},"_links":{"self":[{"href":"https:\/\/keluvo.com\/se\/wp-json\/wp\/v2\/product\/6692","targetHints":{"allow":["GET"]}}],"collection":[{"href":"https:\/\/keluvo.com\/se\/wp-json\/wp\/v2\/product"}],"about":[{"href":"https:\/\/keluvo.com\/se\/wp-json\/wp\/v2\/types\/product"}],"replies":[{"embeddable":true,"href":"https:\/\/keluvo.com\/se\/wp-json\/wp\/v2\/comments?post=6692"}],"wp:featuredmedia":[{"embeddable":true,"href":"https:\/\/keluvo.com\/se\/wp-json\/wp\/v2\/media\/6688"}],"wp:attachment":[{"href":"https:\/\/keluvo.com\/se\/wp-json\/wp\/v2\/media?parent=6692"}],"wp:term":[{"taxonomy":"product_brand","embeddable":true,"href":"https:\/\/keluvo.com\/se\/wp-json\/wp\/v2\/product_brand?post=6692"},{"taxonomy":"product_cat","embeddable":true,"href":"https:\/\/keluvo.com\/se\/wp-json\/wp\/v2\/product_cat?post=6692"},{"taxonomy":"product_tag","embeddable":true,"href":"https:\/\/keluvo.com\/se\/wp-json\/wp\/v2\/product_tag?post=6692"}],"curies":[{"name":"wp","href":"https:\/\/api.w.org\/{rel}","templated":true}]}}